{"id":6413,"date":"2020-11-21T09:56:31","date_gmt":"2020-11-21T09:56:31","guid":{"rendered":"https:\/\/estudiar.vamtam.com\/?page_id=6413"},"modified":"2026-01-21T06:21:49","modified_gmt":"2026-01-21T05:21:49","slug":"skolne","status":"publish","type":"page","link":"https:\/\/www.dahora.cz\/de\/skolne\/","title":{"rendered":"Studiengeb\u00fchren"},"content":{"rendered":"<div data-elementor-type=\"wp-page\" data-elementor-id=\"6413\" class=\"elementor elementor-6413\" data-elementor-post-type=\"page\">\n\t\t\t\t\t\t<section class=\"elementor-section elementor-top-section elementor-element elementor-element-8595a40 elementor-section-height-min-height elementor-section-boxed elementor-section-height-default elementor-section-items-middle\" data-id=\"8595a40\" data-element_type=\"section\" data-e-type=\"section\" data-settings=\"{&quot;background_background&quot;:&quot;classic&quot;}\">\n\t\t\t\t\t\t\t<div class=\"elementor-background-overlay\"><\/div>\n\t\t\t\t\t\t\t<div class=\"elementor-container elementor-column-gap-default\">\n\t\t\t\t\t<div class=\"elementor-column elementor-col-100 elementor-top-column elementor-element elementor-element-610e8249\" data-id=\"610e8249\" data-element_type=\"column\" data-e-type=\"column\" data-settings=\"{&quot;background_background&quot;:&quot;classic&quot;}\">\n\t\t\t<div class=\"elementor-widget-wrap\">\n\t\t\t\t\t\t\t<\/div>\n\t\t<\/div>\n\t\t\t\t\t<\/div>\n\t\t<\/section>\n\t\t\t\t<section class=\"elementor-section elementor-top-section elementor-element elementor-element-d1f3abe elementor-section-boxed elementor-section-height-default elementor-section-height-default\" data-id=\"d1f3abe\" data-element_type=\"section\" data-e-type=\"section\">\n\t\t\t\t\t\t<div class=\"elementor-container elementor-column-gap-no\">\n\t\t\t\t\t<div class=\"elementor-column elementor-col-50 elementor-top-column elementor-element elementor-element-b6d9d67 animated-fast elementor-invisible\" data-id=\"b6d9d67\" data-element_type=\"column\" data-e-type=\"column\" data-settings=\"{&quot;background_background&quot;:&quot;classic&quot;,&quot;animation&quot;:&quot;fadeIn&quot;,&quot;animation_delay&quot;:100,&quot;animation_tablet&quot;:&quot;none&quot;,&quot;animation_mobile&quot;:&quot;none&quot;}\">\n\t\t\t<div class=\"elementor-widget-wrap elementor-element-populated\">\n\t\t\t\t\t\t<div class=\"elementor-element elementor-element-9081e9b elementor-widget elementor-widget-text-editor\" data-id=\"9081e9b\" data-element_type=\"widget\" data-e-type=\"widget\" data-widget_type=\"text-editor.default\">\n\t\t\t\t<div class=\"elementor-widget-container\">\n\t\t\t\t\t\t\t\t\t<p>Z\u00e1kladn\u00ed \u0161koln\u00e9 se hrad\u00ed pololetn\u011b. P\u0159i ro\u010dn\u00ed platb\u011b je 10% sleva, p\u0159i m\u011bs\u00ed\u010dn\u00edch spl\u00e1tk\u00e1ch cca 10% nav\u00fd\u0161en\u00ed. Uveden\u00e9 ceny ji\u017e zohled\u0148uj\u00ed nav\u00fd\u0161en\u00ed i slevu.<\/p>\t\t\t\t\t\t\t\t<\/div>\n\t\t\t\t<\/div>\n\t\t\t\t\t<\/div>\n\t\t<\/div>\n\t\t\t\t<div class=\"elementor-column elementor-col-50 elementor-top-column elementor-element elementor-element-608b5a1 elementor-hidden-desktop elementor-hidden-tablet elementor-hidden-phone\" data-id=\"608b5a1\" data-element_type=\"column\" data-e-type=\"column\">\n\t\t\t<div class=\"elementor-widget-wrap\">\n\t\t\t\t\t\t\t<\/div>\n\t\t<\/div>\n\t\t\t\t\t<\/div>\n\t\t<\/section>\n\t\t\t\t<section class=\"elementor-section elementor-top-section elementor-element elementor-element-7411b33 elementor-section-boxed elementor-section-height-default elementor-section-height-default\" data-id=\"7411b33\" data-element_type=\"section\" data-e-type=\"section\">\n\t\t\t\t\t\t<div class=\"elementor-container elementor-column-gap-default\">\n\t\t\t\t\t<div class=\"elementor-column elementor-col-100 elementor-top-column elementor-element elementor-element-9616fb6\" data-id=\"9616fb6\" data-element_type=\"column\" data-e-type=\"column\">\n\t\t\t<div class=\"elementor-widget-wrap elementor-element-populated\">\n\t\t\t\t\t\t<div class=\"elementor-element elementor-element-5ece669 elementor-widget elementor-widget-heading\" data-id=\"5ece669\" data-element_type=\"widget\" data-e-type=\"widget\" data-widget_type=\"heading.default\">\n\t\t\t\t<div class=\"elementor-widget-container\">\n\t\t\t\t\t<h2 class=\"elementor-heading-title elementor-size-default\">Studium v \u010desk\u00e9m jazyce (obor Obchodn\u00ed akademie a Lyceum)<\/h2>\t\t\t\t<\/div>\n\t\t\t\t<\/div>\n\t\t\t\t<div class=\"elementor-element elementor-element-f3bc241 elementor-widget elementor-widget-text-editor\" data-id=\"f3bc241\" data-element_type=\"widget\" data-e-type=\"widget\" data-widget_type=\"text-editor.default\">\n\t\t\t\t<div class=\"elementor-widget-container\">\n\t\t\t\t\t\t\t\t\t<p>Ro\u010dn\u011b: 1x 43.700 K\u010d<br \/>Pololetn\u011b: 2x 24.250 K\u010d<br \/>Na spl\u00e1tky: 10x 5.330 K\u010d\u00a0<\/p><p><em><b>VIP-Paket<\/b> na jeden rok: 47.000 K\u010d<\/em><\/p>\t\t\t\t\t\t\t\t<\/div>\n\t\t\t\t<\/div>\n\t\t\t\t<div class=\"elementor-element elementor-element-72d8ad7 elementor-widget elementor-widget-heading\" data-id=\"72d8ad7\" data-element_type=\"widget\" data-e-type=\"widget\" data-widget_type=\"heading.default\">\n\t\t\t\t<div class=\"elementor-widget-container\">\n\t\t\t\t\t<h2 class=\"elementor-heading-title elementor-size-default\">Studium v \u010desk\u00e9m a anglick\u00e9m jazyce (obor Obchodn\u00ed akademie a Lyceum + Business)<\/h2>\t\t\t\t<\/div>\n\t\t\t\t<\/div>\n\t\t\t\t<div class=\"elementor-element elementor-element-f2d8b1b elementor-widget elementor-widget-text-editor\" data-id=\"f2d8b1b\" data-element_type=\"widget\" data-e-type=\"widget\" data-widget_type=\"text-editor.default\">\n\t\t\t\t<div class=\"elementor-widget-container\">\n\t\t\t\t\t\t\t\t\t<p>Ro\u010dn\u011b: 1x 99.650 K\u010d<br \/>Pololetn\u011b: 2x 55.350 K\u010d<br \/>Na spl\u00e1tky: prvn\u00ed spl\u00e1tka &#8211; 1x 20.000 K\u010d, dal\u0161\u00ed spl\u00e1tky &#8211; 9x 11.300 K\u010d<\/p><p><em><b>Extended studium<\/b> na jeden rok (nav\u00fd\u0161en\u00fd po\u010det vyu\u010dovac\u00edch hodin v AJ): 20.000 K\u010d<\/em><\/p><p><em><b>VIP-Paket<\/b> na jeden rok: 47.000 K\u010d<\/em><\/p>\t\t\t\t\t\t\t\t<\/div>\n\t\t\t\t<\/div>\n\t\t\t\t<div class=\"elementor-element elementor-element-a6c1d82 elementor-widget elementor-widget-heading\" data-id=\"a6c1d82\" data-element_type=\"widget\" data-e-type=\"widget\" data-widget_type=\"heading.default\">\n\t\t\t\t<div class=\"elementor-widget-container\">\n\t\t\t\t\t<h2 class=\"elementor-heading-title elementor-size-default\">Studium v anglick\u00e9m jazyce (obor Business)<\/h2>\t\t\t\t<\/div>\n\t\t\t\t<\/div>\n\t\t\t\t<div class=\"elementor-element elementor-element-0210281 elementor-widget elementor-widget-text-editor\" data-id=\"0210281\" data-element_type=\"widget\" data-e-type=\"widget\" data-widget_type=\"text-editor.default\">\n\t\t\t\t<div class=\"elementor-widget-container\">\n\t\t\t\t\t\t\t\t\t<p>Ro\u010dn\u011b \u2013 1x 194.950 K\u010d<br \/>Pololetn\u011b \u2013 2x 108.450 K\u010d<br \/>Na spl\u00e1tky \u2013 prvn\u00ed spl\u00e1tka: 1x 44.000 K\u010d, dal\u0161\u00ed spl\u00e1tky: 9x 21.600 K\u010d<\/p><p><em><b>VIP-Paket\u00a0<\/b>na jeden rok \u2013 47.000 K\u010d<\/em><\/p>\t\t\t\t\t\t\t\t<\/div>\n\t\t\t\t<\/div>\n\t\t\t\t<div class=\"elementor-element elementor-element-57f656f elementor-align-left elementor-mobile-align-left elementor-widget elementor-widget-button\" data-id=\"57f656f\" data-element_type=\"widget\" data-e-type=\"widget\" data-widget_type=\"button.default\">\n\t\t\t\t<div class=\"elementor-widget-container\">\n\t\t\t\t\t\t\t\t\t<div class=\"elementor-button-wrapper\">\n\t\t\t\t\t<a class=\"elementor-button elementor-button-link elementor-size-xs\" href=\"https:\/\/www.dahora.cz\/de\/kontaktni-formular\/\">\n\t\t\t\t\t\t<span class=\"elementor-button-content-wrapper\">\n\t\t\t\t\t\t\t\t\t<span class=\"elementor-button-text\">SICH NACH DEN STUDIENGEB\u00dcHREN ERKUNDIGEN<\/span>\n\t\t\t\t\t<\/span>\n\t\t\t\t\t<\/a>\n\t\t\t\t<\/div>\n\t\t\t\t\t\t\t\t<\/div>\n\t\t\t\t<\/div>\n\t\t\t\t\t<\/div>\n\t\t<\/div>\n\t\t\t\t\t<\/div>\n\t\t<\/section>\n\t\t\t\t<section class=\"elementor-section elementor-top-section elementor-element elementor-element-028b9dc elementor-section-boxed elementor-section-height-default elementor-section-height-default\" data-id=\"028b9dc\" data-element_type=\"section\" data-e-type=\"section\">\n\t\t\t\t\t\t<div class=\"elementor-container elementor-column-gap-default\">\n\t\t\t\t\t<div class=\"elementor-column elementor-col-100 elementor-top-column elementor-element elementor-element-6d8f3a2\" data-id=\"6d8f3a2\" data-element_type=\"column\" data-e-type=\"column\">\n\t\t\t<div class=\"elementor-widget-wrap elementor-element-populated\">\n\t\t\t\t\t\t<div class=\"elementor-element elementor-element-73cf1ce elementor-widget elementor-widget-heading\" data-id=\"73cf1ce\" data-element_type=\"widget\" data-e-type=\"widget\" data-widget_type=\"heading.default\">\n\t\t\t\t<div class=\"elementor-widget-container\">\n\t\t\t\t\t<h3 class=\"elementor-heading-title elementor-size-default\"><i>VIP-Paket<\/i><\/h3>\t\t\t\t<\/div>\n\t\t\t\t<\/div>\n\t\t\t\t<div class=\"elementor-element elementor-element-2086747 elementor-widget elementor-widget-text-editor\" data-id=\"2086747\" data-element_type=\"widget\" data-e-type=\"widget\" data-widget_type=\"text-editor.default\">\n\t\t\t\t<div class=\"elementor-widget-container\">\n\t\t\t\t\t\t\t\t\t<p style=\"font-style: normal; font-variant-ligatures: normal; font-variant-caps: normal; font-weight: 400; font-size: 18px; font-family: Inter, sans-serif;\"><em>Enth\u00e4lt:<\/em><\/p><p style=\"font-style: normal; font-variant-ligatures: normal; font-variant-caps: normal; font-weight: 400; font-size: 18px; font-family: Inter, sans-serif;\"><em>- Teilnahme an einem der w\u00f6chentlichen Ausfl\u00fcge ins Ausland oder an einer Sportveranstaltung ohne zus\u00e4tzliche Kosten<br \/>extra (Skitraining, Skilanglauf, Wasser...)<\/em><br \/><em>- Lehrb\u00fccher<\/em><br \/><em>- Internationale Englischsprachpr\u00fcfung auf ausgew\u00e4hlten Niveaus<\/em><br \/><em>- Internationale Pr\u00fcfung f\u00fcr IT-Kenntnisse, z. B. ECDL-Pr\u00fcfung - mehrere Module zur Auswahl<br \/>Studenten<\/em><br \/><em>- Wahlf\u00e4cher mit mehr als 29 Stunden pro Woche, zus\u00e4tzliche Zahlungen f\u00fcr Wahlf\u00e4cher<\/em><br \/><em>- Multisport<\/em><br \/><em>- zus\u00e4tzliche individuelle Beratung<\/em><br \/><em><span style=\"font-variant-ligatures: normal; font-variant-caps: normal; font-weight: 400; font-size: 18px; font-family: Inter, sans-serif;\">- individuelle Beratung durch einen Schulpsychologen zus\u00e4tzlich<br \/><\/span><span style=\"font-variant-ligatures: normal; font-variant-caps: normal; font-weight: 400; font-size: 18px; font-family: Inter, sans-serif;\">- Schul-Sweatshirt Ihrer Wahl<\/span><\/em><\/p><p style=\"font-style: normal; font-variant-ligatures: normal; font-variant-caps: normal; font-weight: 400; font-size: 18px; font-family: Inter, sans-serif;\"><em><span style=\"font-weight: bold;\">Vol\u00ed se v\u017edy na jeden rok v cen\u011b 47.000 K\u010d.<\/span><\/em><\/p>\t\t\t\t\t\t\t\t<\/div>\n\t\t\t\t<\/div>\n\t\t\t\t\t<\/div>\n\t\t<\/div>\n\t\t\t\t\t<\/div>\n\t\t<\/section>\n\t\t\t\t<section class=\"elementor-section elementor-top-section elementor-element elementor-element-693f29f elementor-section-boxed elementor-section-height-default elementor-section-height-default\" data-id=\"693f29f\" data-element_type=\"section\" data-e-type=\"section\">\n\t\t\t\t\t\t<div class=\"elementor-container elementor-column-gap-default\">\n\t\t\t\t\t<div class=\"elementor-column elementor-col-100 elementor-top-column elementor-element elementor-element-9f82060\" data-id=\"9f82060\" data-element_type=\"column\" data-e-type=\"column\">\n\t\t\t<div class=\"elementor-widget-wrap elementor-element-populated\">\n\t\t\t\t\t\t<div class=\"elementor-element elementor-element-b74498c elementor-widget elementor-widget-heading\" data-id=\"b74498c\" data-element_type=\"widget\" data-e-type=\"widget\" data-widget_type=\"heading.default\">\n\t\t\t\t<div class=\"elementor-widget-container\">\n\t\t\t\t\t<h3 class=\"elementor-heading-title elementor-size-default\">Platebn\u00ed podm\u00ednky<\/h3>\t\t\t\t<\/div>\n\t\t\t\t<\/div>\n\t\t\t\t<div class=\"elementor-element elementor-element-59c1715 elementor-widget elementor-widget-heading\" data-id=\"59c1715\" data-element_type=\"widget\" data-e-type=\"widget\" data-widget_type=\"heading.default\">\n\t\t\t\t<div class=\"elementor-widget-container\">\n\t\t\t\t\t<h4 class=\"elementor-heading-title elementor-size-default\">R\u00fcckzahlungsbedingungen:<\/h4>\t\t\t\t<\/div>\n\t\t\t\t<\/div>\n\t\t\t\t\t<\/div>\n\t\t<\/div>\n\t\t\t\t\t<\/div>\n\t\t<\/section>\n\t\t\t\t<section class=\"elementor-section elementor-top-section elementor-element elementor-element-b82737c elementor-section-boxed elementor-section-height-default elementor-section-height-default\" data-id=\"b82737c\" data-element_type=\"section\" data-e-type=\"section\">\n\t\t\t\t\t\t<div class=\"elementor-container elementor-column-gap-default\">\n\t\t\t\t\t<div class=\"elementor-column elementor-col-100 elementor-top-column elementor-element elementor-element-3747b34\" data-id=\"3747b34\" data-element_type=\"column\" data-e-type=\"column\">\n\t\t\t<div class=\"elementor-widget-wrap elementor-element-populated\">\n\t\t\t\t\t\t<div class=\"elementor-element elementor-element-4c86078 elementor-widget elementor-widget-text-editor\" data-id=\"4c86078\" data-element_type=\"widget\" data-e-type=\"widget\" data-widget_type=\"text-editor.default\">\n\t\t\t\t<div class=\"elementor-widget-container\">\n\t\t\t\t\t\t\t\t\t<p>f\u00fcr das ganze Jahr im Voraus: bis zum 15. Juni des vorhergehenden Schuljahres\u00a0<br \/><br \/>halbj\u00e4hrlich: bis zum 15. Juni und 15. Januar<br \/><br \/>in Teilbetr\u00e4gen: bis zum 15. Juni, 15. September, 15. Oktober, 15. November, 15. November, 15. Dezember, 15. Januar, 15. Februar, 15. M\u00e4rz, 15. April, 15. Mai<\/p>\t\t\t\t\t\t\t\t<\/div>\n\t\t\t\t<\/div>\n\t\t\t\t\t<\/div>\n\t\t<\/div>\n\t\t\t\t\t<\/div>\n\t\t<\/section>\n\t\t\t\t<section class=\"elementor-section elementor-top-section elementor-element elementor-element-0ca4482 elementor-section-boxed elementor-section-height-default elementor-section-height-default\" data-id=\"0ca4482\" data-element_type=\"section\" data-e-type=\"section\">\n\t\t\t\t\t\t<div class=\"elementor-container elementor-column-gap-default\">\n\t\t\t\t\t<div class=\"elementor-column elementor-col-100 elementor-top-column elementor-element elementor-element-9215475\" data-id=\"9215475\" data-element_type=\"column\" data-e-type=\"column\">\n\t\t\t<div class=\"elementor-widget-wrap elementor-element-populated\">\n\t\t\t\t\t\t<div class=\"elementor-element elementor-element-94edd01 elementor-widget elementor-widget-heading\" data-id=\"94edd01\" data-element_type=\"widget\" data-e-type=\"widget\" data-widget_type=\"heading.default\">\n\t\t\t\t<div class=\"elementor-widget-container\">\n\t\t\t\t\t<h4 class=\"elementor-heading-title elementor-size-default\">F\u00fcr alle Arten von Studien:<\/h4>\t\t\t\t<\/div>\n\t\t\t\t<\/div>\n\t\t\t\t\t<\/div>\n\t\t<\/div>\n\t\t\t\t\t<\/div>\n\t\t<\/section>\n\t\t\t\t<section class=\"elementor-section elementor-top-section elementor-element elementor-element-125d599 elementor-section-boxed elementor-section-height-default elementor-section-height-default\" data-id=\"125d599\" data-element_type=\"section\" data-e-type=\"section\">\n\t\t\t\t\t\t<div class=\"elementor-container elementor-column-gap-default\">\n\t\t\t\t\t<div class=\"elementor-column elementor-col-100 elementor-top-column elementor-element elementor-element-d114446\" data-id=\"d114446\" data-element_type=\"column\" data-e-type=\"column\">\n\t\t\t<div class=\"elementor-widget-wrap elementor-element-populated\">\n\t\t\t\t\t\t<div class=\"elementor-element elementor-element-78fb877 elementor-widget elementor-widget-text-editor\" data-id=\"78fb877\" data-element_type=\"widget\" data-e-type=\"widget\" data-widget_type=\"text-editor.default\">\n\t\t\t\t<div class=\"elementor-widget-container\">\n\t\t\t\t\t\t\t\t\t<p>Bei Nichteinhaltung des Zahlungstermins erhebt die Schule Zinsen gem\u00e4\u00df den geltenden Rechtsvorschriften. Die Schule hat das Recht, einen Sch\u00fcler wegen Nichtbezahlung des Schulgeldes von der Schule auszuschlie\u00dfen.<\/p>\t\t\t\t\t\t\t\t<\/div>\n\t\t\t\t<\/div>\n\t\t\t\t\t<\/div>\n\t\t<\/div>\n\t\t\t\t\t<\/div>\n\t\t<\/section>\n\t\t\t\t<section class=\"elementor-section elementor-top-section elementor-element elementor-element-4513f18 elementor-section-boxed elementor-section-height-default elementor-section-height-default\" data-id=\"4513f18\" data-element_type=\"section\" data-e-type=\"section\">\n\t\t\t\t\t\t<div class=\"elementor-container elementor-column-gap-default\">\n\t\t\t\t\t<div class=\"elementor-column elementor-col-100 elementor-top-column elementor-element elementor-element-bc840f9\" data-id=\"bc840f9\" data-element_type=\"column\" data-e-type=\"column\">\n\t\t\t<div class=\"elementor-widget-wrap elementor-element-populated\">\n\t\t\t\t\t\t<div class=\"elementor-element elementor-element-d19ece5 elementor-widget elementor-widget-heading\" data-id=\"d19ece5\" data-element_type=\"widget\" data-e-type=\"widget\" data-widget_type=\"heading.default\">\n\t\t\t\t<div class=\"elementor-widget-container\">\n\t\t\t\t\t<h4 class=\"elementor-heading-title elementor-size-default\">Das variable Symbol ist die Geburtsnummer oder das Geburtsdatum, die Nachricht an den Empf\u00e4nger wird mit vollem Namen angegeben.\nNamen des Sch\u00fclers.<\/h4>\t\t\t\t<\/div>\n\t\t\t\t<\/div>\n\t\t\t\t\t<\/div>\n\t\t<\/div>\n\t\t\t\t\t<\/div>\n\t\t<\/section>\n\t\t\t\t<section class=\"elementor-section elementor-top-section elementor-element elementor-element-53657c4 elementor-section-boxed elementor-section-height-default elementor-section-height-default\" data-id=\"53657c4\" data-element_type=\"section\" data-e-type=\"section\">\n\t\t\t\t\t\t<div class=\"elementor-container elementor-column-gap-default\">\n\t\t\t\t\t<div class=\"elementor-column elementor-col-100 elementor-top-column elementor-element elementor-element-5d49632\" data-id=\"5d49632\" data-element_type=\"column\" data-e-type=\"column\">\n\t\t\t<div class=\"elementor-widget-wrap elementor-element-populated\">\n\t\t\t\t\t\t<div class=\"elementor-element elementor-element-e1537fd elementor-widget elementor-widget-heading\" data-id=\"e1537fd\" data-element_type=\"widget\" data-e-type=\"widget\" data-widget_type=\"heading.default\">\n\t\t\t\t<div class=\"elementor-widget-container\">\n\t\t\t\t\t<h4 class=\"elementor-heading-title elementor-size-default\">Kontonummern:<\/h4>\t\t\t\t<\/div>\n\t\t\t\t<\/div>\n\t\t\t\t\t<\/div>\n\t\t<\/div>\n\t\t\t\t\t<\/div>\n\t\t<\/section>\n\t\t\t\t<section class=\"elementor-section elementor-top-section elementor-element elementor-element-558f490 elementor-section-boxed elementor-section-height-default elementor-section-height-default\" data-id=\"558f490\" data-element_type=\"section\" data-e-type=\"section\">\n\t\t\t\t\t\t<div class=\"elementor-container elementor-column-gap-default\">\n\t\t\t\t\t<div class=\"elementor-column elementor-col-100 elementor-top-column elementor-element elementor-element-2c7b9af\" data-id=\"2c7b9af\" data-element_type=\"column\" data-e-type=\"column\">\n\t\t\t<div class=\"elementor-widget-wrap elementor-element-populated\">\n\t\t\t\t\t\t<div class=\"elementor-element elementor-element-02248ef elementor-widget elementor-widget-text-editor\" data-id=\"02248ef\" data-element_type=\"widget\" data-e-type=\"widget\" data-widget_type=\"text-editor.default\">\n\t\t\t\t<div class=\"elementor-widget-container\">\n\t\t\t\t\t\t\t\t\t<p><strong>Hlavn\u00ed \u010d\u00edslo \u00fa\u010dtu:<\/strong> 2802337034\/2010<br \/><strong>\u010c\u00edslo \u00fa\u010dtu pro platbu ob\u011bd\u016f:<\/strong> 2702916178\/2010<\/p><p><strong>Zahlungen aus dem Ausland in CZK:<\/strong><br \/>Name und Anschrift der Bank: Fio banka, a.s., V Celnici 1028\/10, 11721 Prag 1<br \/>Name des Kontos: Digital Academy - Obchodn\u00ed akademie, s.r.o.<br \/>IBAN: CZ83 2010 0000 0028 0233 7034, BIC: FIOBCZPPXXX<\/p><p><strong>Zahlungen aus dem Ausland in EUR:<\/strong><br \/>Name und Anschrift der Bank: Fio banka, a.s., V Celnici 1028\/10, 11721 Prag 1<br \/>IBAN: CZ42 2010 0000 0027 0307 0979<br \/>BIC\/SWIFT: FIOBCZPPXXX<\/p><p>EUR-Wechselkurs gem\u00e4\u00df der f\u00fcr den jeweiligen Tag g\u00fcltigen CNB-Wechselkursliste.<\/p>\t\t\t\t\t\t\t\t<\/div>\n\t\t\t\t<\/div>\n\t\t\t\t\t<\/div>\n\t\t<\/div>\n\t\t\t\t\t<\/div>\n\t\t<\/section>\n\t\t\t\t<section class=\"elementor-section elementor-top-section elementor-element elementor-element-415d152 elementor-section-boxed elementor-section-height-default elementor-section-height-default\" data-id=\"415d152\" data-element_type=\"section\" data-e-type=\"section\">\n\t\t\t\t\t\t<div class=\"elementor-container elementor-column-gap-default\">\n\t\t\t\t\t<div class=\"elementor-column elementor-col-100 elementor-top-column elementor-element elementor-element-618844c\" data-id=\"618844c\" data-element_type=\"column\" data-e-type=\"column\">\n\t\t\t<div class=\"elementor-widget-wrap elementor-element-populated\">\n\t\t\t\t\t\t<div class=\"elementor-element elementor-element-dee0c13 elementor-align-left elementor-mobile-align-left elementor-widget elementor-widget-button\" data-id=\"dee0c13\" data-element_type=\"widget\" data-e-type=\"widget\" data-widget_type=\"button.default\">\n\t\t\t\t<div class=\"elementor-widget-container\">\n\t\t\t\t\t\t\t\t\t<div class=\"elementor-button-wrapper\">\n\t\t\t\t\t<a class=\"elementor-button elementor-button-link elementor-size-xs\" href=\"https:\/\/www.dahora.cz\/wp-content\/uploads\/2026\/01\/cenik-skolneho-pro-skolni-rok-2026-2027.pdf\" target=\"_blank\">\n\t\t\t\t\t\t<span class=\"elementor-button-content-wrapper\">\n\t\t\t\t\t\t\t\t\t<span class=\"elementor-button-text\">CEN\u00cdK \u0160KOLN\u00c9HO KE STA\u017dEN\u00cd<\/span>\n\t\t\t\t\t<\/span>\n\t\t\t\t\t<\/a>\n\t\t\t\t<\/div>\n\t\t\t\t\t\t\t\t<\/div>\n\t\t\t\t<\/div>\n\t\t\t\t\t<\/div>\n\t\t<\/div>\n\t\t\t\t\t<\/div>\n\t\t<\/section>\n\t\t\t\t<\/div>","protected":false},"excerpt":{"rendered":"<p>Z\u00e1kladn\u00ed \u0161koln\u00e9 se hrad\u00ed pololetn\u011b. P\u0159i ro\u010dn\u00ed platb\u011b je 10% sleva, p\u0159i m\u011bs\u00ed\u010dn\u00edch spl\u00e1tk\u00e1ch cca 10% nav\u00fd\u0161en\u00ed. Uveden\u00e9 ceny ji\u017e zohled\u0148uj\u00ed nav\u00fd\u0161en\u00ed i slevu. Studium v \u010desk\u00e9m jazyce (obor Obchodn\u00ed akademie a Lyceum) Ro\u010dn\u011b: 1x 43.700 K\u010dPololetn\u011b: 2x 24.250 K\u010dNa spl\u00e1tky: 10x 5.330 K\u010d\u00a0 VIP bal\u00ed\u010dek na jeden rok: 47.000 K\u010d Studium v \u010desk\u00e9m a&#8230;<\/p>","protected":false},"author":1,"featured_media":0,"parent":0,"menu_order":0,"comment_status":"closed","ping_status":"closed","template":"","meta":{"footnotes":""},"class_list":["post-6413","page","type-page","status-publish","hentry"],"aioseo_notices":[],"_links":{"self":[{"href":"https:\/\/www.dahora.cz\/de\/wp-json\/wp\/v2\/pages\/6413","targetHints":{"allow":["GET"]}}],"collection":[{"href":"https:\/\/www.dahora.cz\/de\/wp-json\/wp\/v2\/pages"}],"about":[{"href":"https:\/\/www.dahora.cz\/de\/wp-json\/wp\/v2\/types\/page"}],"author":[{"embeddable":true,"href":"https:\/\/www.dahora.cz\/de\/wp-json\/wp\/v2\/users\/1"}],"replies":[{"embeddable":true,"href":"https:\/\/www.dahora.cz\/de\/wp-json\/wp\/v2\/comments?post=6413"}],"version-history":[{"count":0,"href":"https:\/\/www.dahora.cz\/de\/wp-json\/wp\/v2\/pages\/6413\/revisions"}],"wp:attachment":[{"href":"https:\/\/www.dahora.cz\/de\/wp-json\/wp\/v2\/media?parent=6413"}],"curies":[{"name":"wp","href":"https:\/\/api.w.org\/{rel}","templated":true}]}}