{"id":6425,"date":"2020-11-21T10:00:11","date_gmt":"2020-11-21T09:00:11","guid":{"rendered":"https:\/\/estudiar.vamtam.com\/?page_id=6425"},"modified":"2026-01-13T14:21:55","modified_gmt":"2026-01-13T13:21:55","slug":"cestina-pro-cizince","status":"publish","type":"page","link":"https:\/\/www.dahora.cz\/de\/cestina-pro-cizince\/","title":{"rendered":"Tschechisch f\u00fcr Ausl\u00e4nder"},"content":{"rendered":"<div data-elementor-type=\"wp-page\" data-elementor-id=\"6425\" class=\"elementor elementor-6425\" data-elementor-post-type=\"page\">\n\t\t\t\t\t\t<section class=\"elementor-section elementor-top-section elementor-element elementor-element-b7a6036 elementor-section-height-min-height elementor-section-boxed elementor-section-height-default elementor-section-items-middle\" data-id=\"b7a6036\" data-element_type=\"section\" data-e-type=\"section\" data-settings=\"{&quot;background_background&quot;:&quot;classic&quot;}\">\n\t\t\t\t\t\t\t<div class=\"elementor-background-overlay\"><\/div>\n\t\t\t\t\t\t\t<div class=\"elementor-container elementor-column-gap-default\">\n\t\t\t\t\t<div class=\"elementor-column elementor-col-100 elementor-top-column elementor-element elementor-element-2c4c3a6\" data-id=\"2c4c3a6\" data-element_type=\"column\" data-e-type=\"column\" data-settings=\"{&quot;background_background&quot;:&quot;classic&quot;}\">\n\t\t\t<div class=\"elementor-widget-wrap\">\n\t\t\t\t\t\t\t<\/div>\n\t\t<\/div>\n\t\t\t\t\t<\/div>\n\t\t<\/section>\n\t\t\t\t<section class=\"elementor-section elementor-top-section elementor-element elementor-element-e7904e3 elementor-section-boxed elementor-section-height-default elementor-section-height-default\" data-id=\"e7904e3\" data-element_type=\"section\" data-e-type=\"section\">\n\t\t\t\t\t\t<div class=\"elementor-container elementor-column-gap-no\">\n\t\t\t\t\t<div class=\"elementor-column elementor-col-50 elementor-top-column elementor-element elementor-element-a8e0513 animated-fast elementor-invisible\" data-id=\"a8e0513\" data-element_type=\"column\" data-e-type=\"column\" data-settings=\"{&quot;background_background&quot;:&quot;classic&quot;,&quot;animation&quot;:&quot;fadeIn&quot;,&quot;animation_tablet&quot;:&quot;none&quot;,&quot;animation_mobile&quot;:&quot;none&quot;,&quot;animation_delay&quot;:100}\">\n\t\t\t<div class=\"elementor-widget-wrap elementor-element-populated\">\n\t\t\t\t\t\t\t<\/div>\n\t\t<\/div>\n\t\t\t\t<div class=\"elementor-column elementor-col-50 elementor-top-column elementor-element elementor-element-a2905a5 elementor-hidden-desktop elementor-hidden-tablet elementor-hidden-phone\" data-id=\"a2905a5\" data-element_type=\"column\" data-e-type=\"column\">\n\t\t\t<div class=\"elementor-widget-wrap\">\n\t\t\t\t\t\t\t<\/div>\n\t\t<\/div>\n\t\t\t\t\t<\/div>\n\t\t<\/section>\n\t\t\t\t<section class=\"elementor-section elementor-top-section elementor-element elementor-element-2c6189f elementor-section-boxed elementor-section-height-default elementor-section-height-default\" data-id=\"2c6189f\" data-element_type=\"section\" data-e-type=\"section\">\n\t\t\t\t\t\t<div class=\"elementor-container elementor-column-gap-default\">\n\t\t\t\t\t<div class=\"elementor-column elementor-col-100 elementor-top-column elementor-element elementor-element-1de4981\" data-id=\"1de4981\" data-element_type=\"column\" data-e-type=\"column\">\n\t\t\t<div class=\"elementor-widget-wrap elementor-element-populated\">\n\t\t\t\t\t\t<div class=\"elementor-element elementor-element-a9be81c elementor-widget elementor-widget-heading\" data-id=\"a9be81c\" data-element_type=\"widget\" data-e-type=\"widget\" data-widget_type=\"heading.default\">\n\t\t\t\t<div class=\"elementor-widget-container\">\n\t\t\t\t\t<h2 class=\"elementor-heading-title elementor-size-default\">Nov\u00e9 term\u00edny kurz\u016f budou brzy up\u0159esn\u011bny<\/h2>\t\t\t\t<\/div>\n\t\t\t\t<\/div>\n\t\t\t\t<div class=\"elementor-element elementor-element-aa1a8d3 elementor-widget elementor-widget-text-editor\" data-id=\"aa1a8d3\" data-element_type=\"widget\" data-e-type=\"widget\" data-widget_type=\"text-editor.default\">\n\t\t\t\t<div class=\"elementor-widget-container\">\n\t\t\t\t\t\t\t\t\t<p>Die Kurse laufen ab Mai, die Bezahlung erfolgt \u00fcber Stiftungen und Arbeits\u00e4mter. Der Unterricht findet in den R\u00e4umlichkeiten der Schule in Kutn\u00e1 Hora oder in anderen R\u00e4umlichkeiten je nach Anfrage in Gruppen von maximal 15 Sch\u00fclern statt. Kapazit\u00e4ten nach vorheriger Absprache. Es besteht die M\u00f6glichkeit, einen Babysitter zu organisieren.<\/p><ul><li>Kostenfrei \u00fcber die Staatsanwaltschaft oder als Selbstzahler<\/li><li>Mindestteilnehmerzahl 6 Personen<\/li><\/ul><div>\u00a0<\/div><ol><li><strong>Grundkurs Modul M1 (60 Std.)<\/strong><ul><li>3 mal pro Woche (Di, Do, Sa), ab 16:00<\/li><li>Preis: 7.900,- CZK oder kostenlos \u00fcber das \u00daP<\/li><\/ul><\/li><\/ol><div>\u00a0<\/div><ol start=\"2\"><li><strong>Aufbaukurs Modul M2 (120h)<\/strong><ul><li>3 mal pro Woche (Di, Do, Sa), ab 16:00<\/li><li>Preis: 15.500,- CZK oder kostenlos \u00fcber das \u00daP<\/li><\/ul><\/li><\/ol><div>\u00a0<\/div><p><a href=\"https:\/\/www.dahora.cz\/wp-content\/uploads\/2024\/07\/prihlaska-kurz-cestina-pro-cizince.pdf\" target=\"_blank\" rel=\"noopener\"><strong>BEWERBUNGSFORMULAR ZUM DOWNLOAD HIER<\/strong><\/a><\/p>\t\t\t\t\t\t\t\t<\/div>\n\t\t\t\t<\/div>\n\t\t\t\t<div class=\"elementor-element elementor-element-139a1f4 elementor-align-left elementor-mobile-align-left elementor-widget elementor-widget-button\" data-id=\"139a1f4\" data-element_type=\"widget\" data-e-type=\"widget\" data-widget_type=\"button.default\">\n\t\t\t\t<div class=\"elementor-widget-container\">\n\t\t\t\t\t\t\t\t\t<div class=\"elementor-button-wrapper\">\n\t\t\t\t\t<a class=\"elementor-button elementor-button-link elementor-size-xs\" href=\"https:\/\/www.dahora.cz\/de\/kontaktni-formular\/\">\n\t\t\t\t\t\t<span class=\"elementor-button-content-wrapper\">\n\t\t\t\t\t\t\t\t\t<span class=\"elementor-button-text\">SENDEN SIE UNS EINE ANFRAGE<\/span>\n\t\t\t\t\t<\/span>\n\t\t\t\t\t<\/a>\n\t\t\t\t<\/div>\n\t\t\t\t\t\t\t\t<\/div>\n\t\t\t\t<\/div>\n\t\t\t\t\t<\/div>\n\t\t<\/div>\n\t\t\t\t\t<\/div>\n\t\t<\/section>\n\t\t\t\t<\/div>","protected":false},"excerpt":{"rendered":"<p>Nov\u00e9 term\u00edny kurz\u016f budou brzy up\u0159esn\u011bny Kurzy budou prob\u00edhat od kv\u011btna, platba kurz\u016f p\u0159es nadace a \u00fa\u0159ady pr\u00e1ce. V\u00fduka prob\u00edh\u00e1 v prostor\u00e1ch \u0161koly v Kutn\u00e9 Ho\u0159e nebo v jin\u00fdch prostor\u00e1ch dle po\u017eadavku ve skupink\u00e1ch po maxim\u00e1ln\u011b 15ti studentech. Kapacity dle dohody p\u0159edem. Mo\u017enost zaji\u0161t\u011bn\u00ed hl\u00edd\u00e1n\u00ed d\u011bt\u00ed. Zdarma p\u0159es \u00daP nebo jako samopl\u00e1tce Minim\u00e1ln\u00ed \u00fa\u010dast 6&#8230;<\/p>","protected":false},"author":4,"featured_media":0,"parent":0,"menu_order":0,"comment_status":"closed","ping_status":"closed","template":"","meta":{"footnotes":""},"class_list":["post-6425","page","type-page","status-publish","hentry"],"aioseo_notices":[],"_links":{"self":[{"href":"https:\/\/www.dahora.cz\/de\/wp-json\/wp\/v2\/pages\/6425","targetHints":{"allow":["GET"]}}],"collection":[{"href":"https:\/\/www.dahora.cz\/de\/wp-json\/wp\/v2\/pages"}],"about":[{"href":"https:\/\/www.dahora.cz\/de\/wp-json\/wp\/v2\/types\/page"}],"author":[{"embeddable":true,"href":"https:\/\/www.dahora.cz\/de\/wp-json\/wp\/v2\/users\/4"}],"replies":[{"embeddable":true,"href":"https:\/\/www.dahora.cz\/de\/wp-json\/wp\/v2\/comments?post=6425"}],"version-history":[{"count":0,"href":"https:\/\/www.dahora.cz\/de\/wp-json\/wp\/v2\/pages\/6425\/revisions"}],"wp:attachment":[{"href":"https:\/\/www.dahora.cz\/de\/wp-json\/wp\/v2\/media?parent=6425"}],"curies":[{"name":"wp","href":"https:\/\/api.w.org\/{rel}","templated":true}]}}