{"id":9801,"date":"2020-12-21T13:44:12","date_gmt":"2020-12-21T13:44:12","guid":{"rendered":"https:\/\/estudiar.vamtam.com\/?page_id=9801"},"modified":"2026-01-08T13:52:10","modified_gmt":"2026-01-08T12:52:10","slug":"prihlaska-ke-studiu","status":"publish","type":"page","link":"https:\/\/www.dahora.cz\/de\/prihlaska-ke-studiu\/","title":{"rendered":"Bewerbung zum Studium"},"content":{"rendered":"<div data-elementor-type=\"wp-page\" data-elementor-id=\"9801\" class=\"elementor elementor-9801\" data-elementor-post-type=\"page\">\n\t\t\t\t\t\t<section class=\"elementor-section elementor-top-section elementor-element elementor-element-214f044 elementor-section-height-min-height elementor-section-boxed elementor-section-height-default elementor-section-items-middle\" data-id=\"214f044\" data-element_type=\"section\" data-e-type=\"section\" data-settings=\"{&quot;background_background&quot;:&quot;classic&quot;}\">\n\t\t\t\t\t\t\t<div class=\"elementor-background-overlay\"><\/div>\n\t\t\t\t\t\t\t<div class=\"elementor-container elementor-column-gap-default\">\n\t\t\t\t\t<div class=\"elementor-column elementor-col-100 elementor-top-column elementor-element elementor-element-e0139af\" data-id=\"e0139af\" data-element_type=\"column\" data-e-type=\"column\" data-settings=\"{&quot;background_background&quot;:&quot;classic&quot;}\">\n\t\t\t<div class=\"elementor-widget-wrap\">\n\t\t\t\t\t\t\t<\/div>\n\t\t<\/div>\n\t\t\t\t\t<\/div>\n\t\t<\/section>\n\t\t\t\t<section class=\"elementor-section elementor-top-section elementor-element elementor-element-0cd2b90 elementor-section-boxed elementor-section-height-default elementor-section-height-default\" data-id=\"0cd2b90\" data-element_type=\"section\" data-e-type=\"section\">\n\t\t\t\t\t\t<div class=\"elementor-container elementor-column-gap-no\">\n\t\t\t\t\t<div class=\"elementor-column elementor-col-50 elementor-top-column elementor-element elementor-element-f748e52 animated-fast elementor-invisible\" data-id=\"f748e52\" data-element_type=\"column\" data-e-type=\"column\" data-settings=\"{&quot;background_background&quot;:&quot;classic&quot;,&quot;animation&quot;:&quot;fadeIn&quot;,&quot;animation_tablet&quot;:&quot;none&quot;,&quot;animation_mobile&quot;:&quot;none&quot;,&quot;animation_delay&quot;:100}\">\n\t\t\t<div class=\"elementor-widget-wrap elementor-element-populated\">\n\t\t\t\t\t\t<div class=\"elementor-element elementor-element-5ed4c34 elementor-widget__width-auto elementor-widget-tablet__width-auto elementor-widget-mobile__width-inherit elementor-widget elementor-widget-heading\" data-id=\"5ed4c34\" data-element_type=\"widget\" data-e-type=\"widget\" data-widget_type=\"heading.heading_charityfy\">\n\t\t\t\t<div class=\"elementor-widget-container\">\n\t\t\t\t\t<h1 class=\"elementor-heading-title elementor-size-default\">Bewerbung zum Studium<\/h1>\t\t\t\t<\/div>\n\t\t\t\t<\/div>\n\t\t\t\t<div class=\"elementor-element elementor-element-82c2465 elementor-widget elementor-widget-text-editor\" data-id=\"82c2465\" data-element_type=\"widget\" data-e-type=\"widget\" data-widget_type=\"text-editor.default\">\n\t\t\t\t<div class=\"elementor-widget-container\">\n\t\t\t\t\t\t\t\t\t<p>M\u00f6chten Sie bei uns studieren? Es ist ganz einfach.<\/p><p>Laden Sie das Antragsformular herunter, f\u00fcllen Sie es aus und senden Sie es an <a href=\"mailto:info@dahora.cz\">info@dahora.cz<\/a> oder an die Digitale Akademie Kutn\u00e1 Hora, Pod \u0160kolou 167, 284 01 Kutn\u00e1 Hora - Mal\u00edn.<\/p><p><span style=\"font-family: Inter, sans-serif; font-size: 18px; font-style: normal; font-variant-ligatures: normal; font-variant-caps: normal; font-weight: 400;\">Papierantr\u00e4ge k\u00f6nnen auch pers\u00f6nlich in der Studienabteilung der Schule von Montag bis Freitag zwischen 9:00 und 14:00 Uhr eingereicht werden.<\/span><\/p><p>Bitte beachten Sie, dass es nicht m\u00f6glich ist, Bewerbungen auf beiden Wegen gleichzeitig einzureichen, d.h. \u00fcber DIPSY und in Papierform.<\/p><p>P\u0159ihl\u00e1\u0161ky ke studiu oboru Business se nepod\u00e1vaj\u00ed p\u0159es syst\u00e9m DIPSY.\u00a0<\/p>\t\t\t\t\t\t\t\t<\/div>\n\t\t\t\t<\/div>\n\t\t\t\t\t<\/div>\n\t\t<\/div>\n\t\t\t\t<div class=\"elementor-column elementor-col-50 elementor-top-column elementor-element elementor-element-040299f animated-fast elementor-invisible\" data-id=\"040299f\" data-element_type=\"column\" data-e-type=\"column\" data-settings=\"{&quot;background_background&quot;:&quot;classic&quot;,&quot;animation&quot;:&quot;fadeIn&quot;,&quot;animation_tablet&quot;:&quot;none&quot;,&quot;animation_mobile&quot;:&quot;none&quot;,&quot;animation_delay&quot;:100}\">\n\t\t\t<div class=\"elementor-widget-wrap elementor-element-populated\">\n\t\t\t\t\t\t<div class=\"elementor-element elementor-element-b166e1f elementor-align-left elementor-mobile-align-left elementor-widget elementor-widget-button\" data-id=\"b166e1f\" data-element_type=\"widget\" data-e-type=\"widget\" data-widget_type=\"button.default\">\n\t\t\t\t<div class=\"elementor-widget-container\">\n\t\t\t\t\t\t\t\t\t<div class=\"elementor-button-wrapper\">\n\t\t\t\t\t<a class=\"elementor-button elementor-button-link elementor-size-sm\" href=\"https:\/\/www.dahora.cz\/wp-content\/uploads\/2026\/01\/prihlaska-ke-studiu-oboru-obchodni-akademie-1.xlsx\" target=\"_blank\" id=\"button-track-download-application-cs-en\">\n\t\t\t\t\t\t<span class=\"elementor-button-content-wrapper\">\n\t\t\t\t\t\t\t\t\t<span class=\"elementor-button-text\">St\u00e1hnout p\u0159ihl\u00e1\u0161ku ke studiu oboru OBCHODN\u00cd AKADEMIE<\/span>\n\t\t\t\t\t<\/span>\n\t\t\t\t\t<\/a>\n\t\t\t\t<\/div>\n\t\t\t\t\t\t\t\t<\/div>\n\t\t\t\t<\/div>\n\t\t\t\t<div class=\"elementor-element elementor-element-7667f2e elementor-align-left elementor-mobile-align-left elementor-widget elementor-widget-button\" data-id=\"7667f2e\" data-element_type=\"widget\" data-e-type=\"widget\" data-widget_type=\"button.default\">\n\t\t\t\t<div class=\"elementor-widget-container\">\n\t\t\t\t\t\t\t\t\t<div class=\"elementor-button-wrapper\">\n\t\t\t\t\t<a class=\"elementor-button elementor-button-link elementor-size-sm\" href=\"https:\/\/www.dahora.cz\/wp-content\/uploads\/2026\/01\/prihlaska-ke-studiu-oboru-lyceum-1.xlsx\" target=\"_blank\" id=\"button-track-download-application-cs-en\">\n\t\t\t\t\t\t<span class=\"elementor-button-content-wrapper\">\n\t\t\t\t\t\t\t\t\t<span class=\"elementor-button-text\">St\u00e1hnout p\u0159ihl\u00e1\u0161ku ke studiu oboru LYCEUM se zam\u011b\u0159en\u00edm business<\/span>\n\t\t\t\t\t<\/span>\n\t\t\t\t\t<\/a>\n\t\t\t\t<\/div>\n\t\t\t\t\t\t\t\t<\/div>\n\t\t\t\t<\/div>\n\t\t\t\t<div class=\"elementor-element elementor-element-dd5b71b elementor-align-left elementor-mobile-align-left elementor-widget elementor-widget-button\" data-id=\"dd5b71b\" data-element_type=\"widget\" data-e-type=\"widget\" data-widget_type=\"button.default\">\n\t\t\t\t<div class=\"elementor-widget-container\">\n\t\t\t\t\t\t\t\t\t<div class=\"elementor-button-wrapper\">\n\t\t\t\t\t<a class=\"elementor-button elementor-button-link elementor-size-sm\" href=\"https:\/\/www.dahora.cz\/wp-content\/uploads\/2026\/01\/prihlaska-ke-studiu-anglicke-skoly.docx\" target=\"_blank\" id=\"button-track-download-application-en\">\n\t\t\t\t\t\t<span class=\"elementor-button-content-wrapper\">\n\t\t\t\t\t\t\t\t\t<span class=\"elementor-button-text\">St\u00e1hnout p\u0159ihl\u00e1\u0161ku ke studiu oboru BUSINESS<\/span>\n\t\t\t\t\t<\/span>\n\t\t\t\t\t<\/a>\n\t\t\t\t<\/div>\n\t\t\t\t\t\t\t\t<\/div>\n\t\t\t\t<\/div>\n\t\t\t\t\t<\/div>\n\t\t<\/div>\n\t\t\t\t\t<\/div>\n\t\t<\/section>\n\t\t\t\t<\/div>","protected":false},"excerpt":{"rendered":"<p>Bewerbung zum Studium Sie m\u00f6chten bei uns studieren? Das ist ganz einfach. Laden Sie das Bewerbungsformular herunter, f\u00fcllen Sie es aus und schicken Sie es an info@dahora.cz oder an Digital Academy Kutn\u00e1 Hora, Pod \u0160kolou 167, 284 01 Kutn\u00e1 Hora - Mal\u00edn. Papierbewerbungen k\u00f6nnen auch pers\u00f6nlich in der Studienabteilung der Schule von Montag bis Freitag um 9:00 Uhr abgegeben werden...<\/p>","protected":false},"author":1,"featured_media":0,"parent":0,"menu_order":0,"comment_status":"closed","ping_status":"closed","template":"","meta":{"footnotes":""},"class_list":["post-9801","page","type-page","status-publish","hentry"],"aioseo_notices":[],"_links":{"self":[{"href":"https:\/\/www.dahora.cz\/de\/wp-json\/wp\/v2\/pages\/9801","targetHints":{"allow":["GET"]}}],"collection":[{"href":"https:\/\/www.dahora.cz\/de\/wp-json\/wp\/v2\/pages"}],"about":[{"href":"https:\/\/www.dahora.cz\/de\/wp-json\/wp\/v2\/types\/page"}],"author":[{"embeddable":true,"href":"https:\/\/www.dahora.cz\/de\/wp-json\/wp\/v2\/users\/1"}],"replies":[{"embeddable":true,"href":"https:\/\/www.dahora.cz\/de\/wp-json\/wp\/v2\/comments?post=9801"}],"version-history":[{"count":0,"href":"https:\/\/www.dahora.cz\/de\/wp-json\/wp\/v2\/pages\/9801\/revisions"}],"wp:attachment":[{"href":"https:\/\/www.dahora.cz\/de\/wp-json\/wp\/v2\/media?parent=9801"}],"curies":[{"name":"wp","href":"https:\/\/api.w.org\/{rel}","templated":true}]}}