{"id":993511,"date":"2024-02-24T12:11:41","date_gmt":"2024-02-24T11:11:41","guid":{"rendered":"https:\/\/www.dahora.cz\/?page_id=993511"},"modified":"2025-03-18T06:54:19","modified_gmt":"2025-03-18T05:54:19","slug":"kurz-spanelstiny-pro-zacatecniky","status":"publish","type":"page","link":"https:\/\/www.dahora.cz\/de\/kurz-spanelstiny-pro-zacatecniky\/","title":{"rendered":"Spanischkurs f\u00fcr Anf\u00e4nger"},"content":{"rendered":"<div data-elementor-type=\"wp-page\" data-elementor-id=\"993511\" class=\"elementor elementor-993511\" data-elementor-post-type=\"page\">\n\t\t\t\t\t\t<section class=\"elementor-section elementor-top-section elementor-element elementor-element-372beb9 elementor-section-height-min-height elementor-section-boxed elementor-section-height-default elementor-section-items-middle\" data-id=\"372beb9\" data-element_type=\"section\" data-e-type=\"section\" data-settings=\"{&quot;background_background&quot;:&quot;classic&quot;}\">\n\t\t\t\t\t\t\t<div class=\"elementor-background-overlay\"><\/div>\n\t\t\t\t\t\t\t<div class=\"elementor-container elementor-column-gap-default\">\n\t\t\t\t\t<div class=\"elementor-column elementor-col-100 elementor-top-column elementor-element elementor-element-cb619cf\" data-id=\"cb619cf\" data-element_type=\"column\" data-e-type=\"column\" data-settings=\"{&quot;background_background&quot;:&quot;classic&quot;}\">\n\t\t\t<div class=\"elementor-widget-wrap\">\n\t\t\t\t\t\t\t<\/div>\n\t\t<\/div>\n\t\t\t\t\t<\/div>\n\t\t<\/section>\n\t\t\t\t<section class=\"elementor-section elementor-top-section elementor-element elementor-element-49e6790 elementor-section-boxed elementor-section-height-default elementor-section-height-default\" data-id=\"49e6790\" data-element_type=\"section\" data-e-type=\"section\">\n\t\t\t\t\t\t<div class=\"elementor-container elementor-column-gap-no\">\n\t\t\t\t\t<div class=\"elementor-column elementor-col-50 elementor-top-column elementor-element elementor-element-aebc5bc animated-fast elementor-invisible\" data-id=\"aebc5bc\" data-element_type=\"column\" data-e-type=\"column\" data-settings=\"{&quot;background_background&quot;:&quot;classic&quot;,&quot;animation&quot;:&quot;fadeIn&quot;,&quot;animation_tablet&quot;:&quot;none&quot;,&quot;animation_mobile&quot;:&quot;none&quot;,&quot;animation_delay&quot;:100}\">\n\t\t\t<div class=\"elementor-widget-wrap elementor-element-populated\">\n\t\t\t\t\t\t\t<\/div>\n\t\t<\/div>\n\t\t\t\t<div class=\"elementor-column elementor-col-50 elementor-top-column elementor-element elementor-element-9be16ab elementor-hidden-desktop elementor-hidden-tablet elementor-hidden-phone\" data-id=\"9be16ab\" data-element_type=\"column\" data-e-type=\"column\">\n\t\t\t<div class=\"elementor-widget-wrap\">\n\t\t\t\t\t\t\t<\/div>\n\t\t<\/div>\n\t\t\t\t\t<\/div>\n\t\t<\/section>\n\t\t\t\t<section class=\"elementor-section elementor-top-section elementor-element elementor-element-ec085b2 elementor-section-boxed elementor-section-height-default elementor-section-height-default\" data-id=\"ec085b2\" data-element_type=\"section\" data-e-type=\"section\">\n\t\t\t\t\t\t<div class=\"elementor-container elementor-column-gap-default\">\n\t\t\t\t\t<div class=\"elementor-column elementor-col-100 elementor-top-column elementor-element elementor-element-e11e785\" data-id=\"e11e785\" data-element_type=\"column\" data-e-type=\"column\">\n\t\t\t<div class=\"elementor-widget-wrap elementor-element-populated\">\n\t\t\t\t\t\t<div class=\"elementor-element elementor-element-a1edb15 elementor-widget elementor-widget-text-editor\" data-id=\"a1edb15\" data-element_type=\"widget\" data-e-type=\"widget\" data-widget_type=\"text-editor.default\">\n\t\t\t\t<div class=\"elementor-widget-container\">\n\t\t\t\t\t\t\t\t\t<ul><li>Ganzj\u00e4hriger Spanisch-Sprachkurs f\u00fcr <strong>Anf\u00e4nger<\/strong><\/li><li>Mindestteilnehmerzahl 4 Personen<\/li><li><strong>Datum des Kurses wird noch festgelegt<\/strong><\/li><li>Der Spanischkurs f\u00fcr Anf\u00e4nger findet jedes Jahr statt. <strong>Montag ab 18:00 Uhr<\/strong><\/li><\/ul><ol><li>Der Kurs steht eingeschriebenen Studenten offen, die bereits bezahlt haben:<\/li><\/ol><ul><li>Kursgeb\u00fchr: 3.800,- CZK<\/li><\/ul><p><i>(Die Kursgeb\u00fchren sind auf das Schulkonto Nr. 2802337034\/2010 zu \u00fcberweisen. Bitte geben Sie als variables Symbol Ihre Geburtsnummer oder Ihr Geburtsdatum an).<\/i><\/p><ol start=\"2\"><li>Der Kurs findet im Schulgeb\u00e4ude statt <strong>Digital Academy - Business Academy, s.r.o., Pod \u0160kolou 167, Kutn\u00e1 Hora - Mal\u00edn<\/strong>.<\/li><li>Im Falle eines R\u00fccktritts wird die Kursgeb\u00fchr nicht zur\u00fcckerstattet. Die Schule akzeptiert jedoch einen Ersatzteilnehmer, der von dem urspr\u00fcnglich angemeldeten Teilnehmer geschickt wird, bevor dieser sich f\u00fcr den Kurs einschreibt.<\/li><\/ol><p><a href=\"https:\/\/www.dahora.cz\/wp-content\/uploads\/2025\/03\/celorocni-jazykove-kurzy-2025.pdf\" target=\"_blank\" rel=\"noopener\"><strong>BEWERBUNGSFORMULAR ZUM DOWNLOAD HIER<\/strong><\/a><\/p>\t\t\t\t\t\t\t\t<\/div>\n\t\t\t\t<\/div>\n\t\t\t\t<div class=\"elementor-element elementor-element-e523ff4 elementor-align-left elementor-mobile-align-left elementor-widget elementor-widget-button\" data-id=\"e523ff4\" data-element_type=\"widget\" data-e-type=\"widget\" data-widget_type=\"button.default\">\n\t\t\t\t<div class=\"elementor-widget-container\">\n\t\t\t\t\t\t\t\t\t<div class=\"elementor-button-wrapper\">\n\t\t\t\t\t<a class=\"elementor-button elementor-button-link elementor-size-xs\" href=\"https:\/\/www.dahora.cz\/de\/kontaktni-formular\/\">\n\t\t\t\t\t\t<span class=\"elementor-button-content-wrapper\">\n\t\t\t\t\t\t\t\t\t<span class=\"elementor-button-text\">KONTAKT US<\/span>\n\t\t\t\t\t<\/span>\n\t\t\t\t\t<\/a>\n\t\t\t\t<\/div>\n\t\t\t\t\t\t\t\t<\/div>\n\t\t\t\t<\/div>\n\t\t\t\t\t<\/div>\n\t\t<\/div>\n\t\t\t\t\t<\/div>\n\t\t<\/section>\n\t\t\t\t<\/div>","protected":false},"excerpt":{"rendered":"<p>Ganzj\u00e4hriger Spanischkurs f\u00fcr Anf\u00e4nger Mindestteilnehmerzahl 4 Personen Kurstermin wird noch festgelegt Der Spanischkurs f\u00fcr Anf\u00e4nger findet jeden Montag ab 18:00 Uhr statt. Der Kurs ist offen f\u00fcr angemeldete Studenten, die Folgendes bezahlt haben: Kursgeb\u00fchr: 3.800,- CZK (die Kursgeb\u00fchr wird auf das Schulkonto Nr. 2802337034\/2010 \u00fcberwiesen. Bitte geben Sie als variables Zeichen Ihre Geburtsnummer oder Ihr Geburtsdatum an). Der Kurs findet statt...<\/p>","protected":false},"author":4,"featured_media":0,"parent":0,"menu_order":0,"comment_status":"closed","ping_status":"closed","template":"","meta":{"footnotes":""},"class_list":["post-993511","page","type-page","status-publish","hentry"],"aioseo_notices":[],"_links":{"self":[{"href":"https:\/\/www.dahora.cz\/de\/wp-json\/wp\/v2\/pages\/993511","targetHints":{"allow":["GET"]}}],"collection":[{"href":"https:\/\/www.dahora.cz\/de\/wp-json\/wp\/v2\/pages"}],"about":[{"href":"https:\/\/www.dahora.cz\/de\/wp-json\/wp\/v2\/types\/page"}],"author":[{"embeddable":true,"href":"https:\/\/www.dahora.cz\/de\/wp-json\/wp\/v2\/users\/4"}],"replies":[{"embeddable":true,"href":"https:\/\/www.dahora.cz\/de\/wp-json\/wp\/v2\/comments?post=993511"}],"version-history":[{"count":0,"href":"https:\/\/www.dahora.cz\/de\/wp-json\/wp\/v2\/pages\/993511\/revisions"}],"wp:attachment":[{"href":"https:\/\/www.dahora.cz\/de\/wp-json\/wp\/v2\/media?parent=993511"}],"curies":[{"name":"wp","href":"https:\/\/api.w.org\/{rel}","templated":true}]}}