{"id":993617,"date":"2024-02-24T13:57:52","date_gmt":"2024-02-24T12:57:52","guid":{"rendered":"https:\/\/www.dahora.cz\/?page_id=993617"},"modified":"2026-03-12T18:14:36","modified_gmt":"2026-03-12T17:14:36","slug":"stan-se-na-den-stredoskolakem","status":"publish","type":"page","link":"https:\/\/www.dahora.cz\/de\/stan-se-na-den-stredoskolakem\/","title":{"rendered":"Werden Sie f\u00fcr einen Tag zum Highschool-Sch\u00fcler"},"content":{"rendered":"<div data-elementor-type=\"wp-page\" data-elementor-id=\"993617\" class=\"elementor elementor-993617\" data-elementor-post-type=\"page\">\n\t\t\t\t\t\t<section class=\"elementor-section elementor-top-section elementor-element elementor-element-392117a elementor-section-height-min-height elementor-section-boxed elementor-section-height-default elementor-section-items-middle\" data-id=\"392117a\" data-element_type=\"section\" data-e-type=\"section\" data-settings=\"{&quot;background_background&quot;:&quot;classic&quot;}\">\n\t\t\t\t\t\t\t<div class=\"elementor-background-overlay\"><\/div>\n\t\t\t\t\t\t\t<div class=\"elementor-container elementor-column-gap-default\">\n\t\t\t\t\t<div class=\"elementor-column elementor-col-100 elementor-top-column elementor-element elementor-element-7b386dc\" data-id=\"7b386dc\" data-element_type=\"column\" data-e-type=\"column\" data-settings=\"{&quot;background_background&quot;:&quot;classic&quot;}\">\n\t\t\t<div class=\"elementor-widget-wrap\">\n\t\t\t\t\t\t\t<\/div>\n\t\t<\/div>\n\t\t\t\t\t<\/div>\n\t\t<\/section>\n\t\t\t\t<section class=\"elementor-section elementor-top-section elementor-element elementor-element-e9f771e elementor-section-boxed elementor-section-height-default elementor-section-height-default\" data-id=\"e9f771e\" data-element_type=\"section\" data-e-type=\"section\">\n\t\t\t\t\t\t<div class=\"elementor-container elementor-column-gap-no\">\n\t\t\t\t\t<div class=\"elementor-column elementor-col-50 elementor-top-column elementor-element elementor-element-4755ed9 animated-fast elementor-invisible\" data-id=\"4755ed9\" data-element_type=\"column\" data-e-type=\"column\" data-settings=\"{&quot;background_background&quot;:&quot;classic&quot;,&quot;animation&quot;:&quot;fadeIn&quot;,&quot;animation_tablet&quot;:&quot;none&quot;,&quot;animation_mobile&quot;:&quot;none&quot;,&quot;animation_delay&quot;:100}\">\n\t\t\t<div class=\"elementor-widget-wrap elementor-element-populated\">\n\t\t\t\t\t\t\t<\/div>\n\t\t<\/div>\n\t\t\t\t<div class=\"elementor-column elementor-col-50 elementor-top-column elementor-element elementor-element-cf69a5c elementor-hidden-desktop elementor-hidden-tablet elementor-hidden-phone\" data-id=\"cf69a5c\" data-element_type=\"column\" data-e-type=\"column\">\n\t\t\t<div class=\"elementor-widget-wrap\">\n\t\t\t\t\t\t\t<\/div>\n\t\t<\/div>\n\t\t\t\t\t<\/div>\n\t\t<\/section>\n\t\t\t\t<section class=\"elementor-section elementor-top-section elementor-element elementor-element-4face17 elementor-section-boxed elementor-section-height-default elementor-section-height-default\" data-id=\"4face17\" data-element_type=\"section\" data-e-type=\"section\">\n\t\t\t\t\t\t<div class=\"elementor-container elementor-column-gap-default\">\n\t\t\t\t\t<div class=\"elementor-column elementor-col-100 elementor-top-column elementor-element elementor-element-0889e76\" data-id=\"0889e76\" data-element_type=\"column\" data-e-type=\"column\">\n\t\t\t<div class=\"elementor-widget-wrap elementor-element-populated\">\n\t\t\t\t\t\t<div class=\"elementor-element elementor-element-5b7ed63 elementor-widget__width-initial elementor-widget elementor-widget-text-editor\" data-id=\"5b7ed63\" data-element_type=\"widget\" data-e-type=\"widget\" data-widget_type=\"text-editor.default\">\n\t\t\t\t<div class=\"elementor-widget-container\">\n\t\t\t\t\t\t\t\t\t<p>Kommen Sie und sehen Sie sich an, wie der Unterricht gestaltet wird.<\/p><p><span style=\"letter-spacing: var(--vamtam-primary-font-letter-spacing-desktop,normal); text-transform: var(--vamtam-primary-font-transform,none);\">Dank der Veranstaltung k\u00f6nnen Sie selbst sehen und erleben, wie ein normaler Schultag eines Sch\u00fclers an unserer Schule aussieht.<\/span><\/p><p><span style=\"letter-spacing: var(--vamtam-primary-font-letter-spacing-desktop,normal); text-transform: var(--vamtam-primary-font-transform,none);\">\u00a0<\/span><\/p><p style=\"font-style: normal; font-variant-ligatures: normal; font-variant-caps: normal; font-weight: 400; font-size: 18px; font-family: Inter, sans-serif;\"><span style=\"letter-spacing: var(--vamtam-primary-font-letter-spacing-desktop,normal); text-transform: var(--vamtam-primary-font-transform,none);\"><span style=\"font-weight: bold;\">TERM\u00cdN AKCE STA\u0147 SE NA DEN ST\u0158EDO\u0160KOL\u00c1KEM:<\/span><\/span><\/p><p><strong>pond\u011bl\u00ed 7. prosince 2026<\/strong><\/p><p><strong>\u00fater\u00fd 8. prosince 2026<\/strong><\/p><p><strong>pond\u011bl\u00ed 11. ledna 2027<\/strong><\/p><p><strong>\u00fater\u00fd 12. ledna 2027<\/strong><\/p><p style=\"font-style: normal; font-variant-ligatures: normal; font-variant-caps: normal; font-weight: 400; font-size: 18px; font-family: Inter, sans-serif;\"><span style=\"letter-spacing: var(--vamtam-primary-font-letter-spacing-desktop,normal); text-transform: var(--vamtam-primary-font-transform,none);\"><span style=\"font-weight: bold;\">\u00a0<\/span><\/span><\/p><p>Sie k\u00f6nnen Ihren Termin buchen, indem Sie sich per E-Mail an die Studienabteilung wenden: <a href=\"mailto:michaela.vackova@dahora.cz\" target=\"_blank\" rel=\"noopener\">michaela.vackova@dahora.cz<\/a>\u00a0oder wir sind jederzeit nach telefonischer Vereinbarung unter Tel.: 737 080 807 erreichbar.\u00a0<\/p><p>Wir freuen uns auf Ihren Besuch.<\/p>\t\t\t\t\t\t\t\t<\/div>\n\t\t\t\t<\/div>\n\t\t\t\t\t<\/div>\n\t\t<\/div>\n\t\t\t\t\t<\/div>\n\t\t<\/section>\n\t\t\t\t<\/div>","protected":false},"excerpt":{"rendered":"<p>P\u0159ij\u010fte se pod\u00edvat, jak prob\u00edh\u00e1 v\u00fduka. D\u00edky akci se pod\u00edv\u00e1te a na vlastn\u00ed k\u016f\u017ei za\u017eijete, jak vypad\u00e1 b\u011b\u017en\u00fd \u0161koln\u00ed den st\u0159edo\u0161kol\u00e1ka na na\u0161\u00ed \u0161kole. \u00a0 TERM\u00cdN AKCE STA\u0147 SE NA DEN ST\u0158EDO\u0160KOL\u00c1KEM: pond\u011bl\u00ed 7. prosince 2026 \u00fater\u00fd 8. prosince 2026 pond\u011bl\u00ed 11. ledna 2027 \u00fater\u00fd 12. ledna 2027 \u00a0 Sv\u016fj term\u00edn si zarezervujte na studijn\u00edm&#8230;<\/p>","protected":false},"author":4,"featured_media":0,"parent":0,"menu_order":0,"comment_status":"closed","ping_status":"closed","template":"","meta":{"footnotes":""},"class_list":["post-993617","page","type-page","status-publish","hentry"],"aioseo_notices":[],"_links":{"self":[{"href":"https:\/\/www.dahora.cz\/de\/wp-json\/wp\/v2\/pages\/993617","targetHints":{"allow":["GET"]}}],"collection":[{"href":"https:\/\/www.dahora.cz\/de\/wp-json\/wp\/v2\/pages"}],"about":[{"href":"https:\/\/www.dahora.cz\/de\/wp-json\/wp\/v2\/types\/page"}],"author":[{"embeddable":true,"href":"https:\/\/www.dahora.cz\/de\/wp-json\/wp\/v2\/users\/4"}],"replies":[{"embeddable":true,"href":"https:\/\/www.dahora.cz\/de\/wp-json\/wp\/v2\/comments?post=993617"}],"version-history":[{"count":0,"href":"https:\/\/www.dahora.cz\/de\/wp-json\/wp\/v2\/pages\/993617\/revisions"}],"wp:attachment":[{"href":"https:\/\/www.dahora.cz\/de\/wp-json\/wp\/v2\/media?parent=993617"}],"curies":[{"name":"wp","href":"https:\/\/api.w.org\/{rel}","templated":true}]}}