{"id":993640,"date":"2024-02-24T14:14:14","date_gmt":"2024-02-24T13:14:14","guid":{"rendered":"https:\/\/www.dahora.cz\/?page_id=993640"},"modified":"2026-02-02T13:41:09","modified_gmt":"2026-02-02T12:41:09","slug":"zakladni-informace","status":"publish","type":"page","link":"https:\/\/www.dahora.cz\/de\/zakladni-informace\/","title":{"rendered":"Grundlegende Informationen"},"content":{"rendered":"\t\t<div data-elementor-type=\"wp-page\" data-elementor-id=\"993640\" class=\"elementor elementor-993640\" data-elementor-post-type=\"page\">\n\t\t\t\t\t\t<section class=\"elementor-section elementor-top-section elementor-element elementor-element-76226c4 elementor-section-height-min-height elementor-section-boxed elementor-section-height-default elementor-section-items-middle\" data-id=\"76226c4\" data-element_type=\"section\" data-e-type=\"section\" data-settings=\"{&quot;background_background&quot;:&quot;classic&quot;}\">\n\t\t\t\t\t\t\t<div class=\"elementor-background-overlay\"><\/div>\n\t\t\t\t\t\t\t<div class=\"elementor-container elementor-column-gap-default\">\n\t\t\t\t\t<div class=\"elementor-column elementor-col-100 elementor-top-column elementor-element elementor-element-c4915df\" data-id=\"c4915df\" data-element_type=\"column\" data-e-type=\"column\" data-settings=\"{&quot;background_background&quot;:&quot;classic&quot;}\">\n\t\t\t<div class=\"elementor-widget-wrap\">\n\t\t\t\t\t\t\t<\/div>\n\t\t<\/div>\n\t\t\t\t\t<\/div>\n\t\t<\/section>\n\t\t\t\t<section class=\"elementor-section elementor-top-section elementor-element elementor-element-12d9116 elementor-section-boxed elementor-section-height-default elementor-section-height-default\" data-id=\"12d9116\" data-element_type=\"section\" data-e-type=\"section\">\n\t\t\t\t\t\t<div class=\"elementor-container elementor-column-gap-no\">\n\t\t\t\t\t<div class=\"elementor-column elementor-col-50 elementor-top-column elementor-element elementor-element-d01e494 animated-fast elementor-invisible\" data-id=\"d01e494\" data-element_type=\"column\" data-e-type=\"column\" data-settings=\"{&quot;background_background&quot;:&quot;classic&quot;,&quot;animation&quot;:&quot;fadeIn&quot;,&quot;animation_tablet&quot;:&quot;none&quot;,&quot;animation_mobile&quot;:&quot;none&quot;,&quot;animation_delay&quot;:100}\">\n\t\t\t<div class=\"elementor-widget-wrap elementor-element-populated\">\n\t\t\t\t\t\t\t<\/div>\n\t\t<\/div>\n\t\t\t\t<div class=\"elementor-column elementor-col-50 elementor-top-column elementor-element elementor-element-ebc4df8 elementor-hidden-desktop elementor-hidden-tablet elementor-hidden-phone\" data-id=\"ebc4df8\" data-element_type=\"column\" data-e-type=\"column\">\n\t\t\t<div class=\"elementor-widget-wrap\">\n\t\t\t\t\t\t\t<\/div>\n\t\t<\/div>\n\t\t\t\t\t<\/div>\n\t\t<\/section>\n\t\t\t\t<section class=\"elementor-section elementor-top-section elementor-element elementor-element-93c7718 elementor-section-boxed elementor-section-height-default elementor-section-height-default\" data-id=\"93c7718\" data-element_type=\"section\" data-e-type=\"section\">\n\t\t\t\t\t\t<div class=\"elementor-container elementor-column-gap-default\">\n\t\t\t\t\t<div class=\"elementor-column elementor-col-100 elementor-top-column elementor-element elementor-element-05b1e08\" data-id=\"05b1e08\" data-element_type=\"column\" data-e-type=\"column\">\n\t\t\t<div class=\"elementor-widget-wrap elementor-element-populated\">\n\t\t\t\t\t\t<div class=\"elementor-element elementor-element-3845f93 elementor-widget elementor-widget-heading\" data-id=\"3845f93\" data-element_type=\"widget\" data-e-type=\"widget\" data-widget_type=\"heading.default\">\n\t\t\t\t<div class=\"elementor-widget-container\">\n\t\t\t\t\t<h2 class=\"elementor-heading-title elementor-size-default\">Pomozte sv\u00fdm d\u011btem z\u00edskat skv\u011blou pr\u00e1ci d\u00edky kvalitn\u00edmu vzd\u011bl\u00e1n\u00ed.  <\/h2>\t\t\t\t<\/div>\n\t\t\t\t<\/div>\n\t\t\t\t\t<\/div>\n\t\t<\/div>\n\t\t\t\t\t<\/div>\n\t\t<\/section>\n\t\t\t\t<section class=\"elementor-section elementor-top-section elementor-element elementor-element-7852f6f elementor-section-boxed elementor-section-height-default elementor-section-height-default\" data-id=\"7852f6f\" data-element_type=\"section\" data-e-type=\"section\">\n\t\t\t\t\t\t<div class=\"elementor-container elementor-column-gap-no\">\n\t\t\t\t\t<div class=\"elementor-column elementor-col-100 elementor-top-column elementor-element elementor-element-46ad01a\" data-id=\"46ad01a\" data-element_type=\"column\" data-e-type=\"column\">\n\t\t\t<div class=\"elementor-widget-wrap elementor-element-populated\">\n\t\t\t\t\t\t<div class=\"elementor-element elementor-element-4e2e52e elementor-widget elementor-widget-text-editor\" data-id=\"4e2e52e\" data-element_type=\"widget\" data-e-type=\"widget\" data-widget_type=\"text-editor.default\">\n\t\t\t\t<div class=\"elementor-widget-container\">\n\t\t\t\t\t\t\t\t\t<p><span data-contrast=\"none\">Domluvit se ciz\u00edm jazykem je dnes ji\u017e b\u011b\u017en\u00e9. Maturita z jednoho ciz\u00edho jazyka je samoz\u0159ejmost\u00ed. Jen patn\u00e1ct procent maturant\u016f se v\u0161ak m\u016f\u017ee pochlubit i anglickou mezin\u00e1rodn\u00ed maturitou, kter\u00e1 d\u00e1v\u00e1 student\u016fm z\u00e1sadn\u00ed v\u00fdhodu na \u010desk\u00e9m i zahrani\u010dn\u00edm trhu pr\u00e1ce.<\/span><span data-ccp-props=\"{&quot;335557856&quot;:16777215}\">\u00a0<\/span><\/p><p><span data-contrast=\"none\">Mezi nejlep\u0161\u00edmi \u0161kolami, kde mohou studenti tuto maturitu z\u00edskat, vynik\u00e1 Digital Academy Obchodn\u00ed akademie &#8211; Kutn\u00e1 Hora. \u0160kola nab\u00edz\u00ed v\u00fduku vybran\u00fdch p\u0159edm\u011bt\u016f v anglick\u00e9m jazyce a <a href=\"https:\/\/www.dahora.cz\/anglicky-program\/\">studium oboru Business<\/a> dokonce pouze v angli\u010dtin\u011b. Pro z\u00edsk\u00e1n\u00ed \u201eanglick\u00e9 maturity\u201c studenti ji\u017e od prvn\u00edho ro\u010dn\u00edku skl\u00e1daj\u00ed jednotliv\u00e9 d\u00edl\u010d\u00ed zkou\u0161ky. Po jejich absolvov\u00e1n\u00ed obdr\u017e\u00ed mezin\u00e1rodn\u00ed anglickou maturitu s autorizac\u00ed od anglick\u00e9 centr\u00e1ly Pearson (Lond\u00fdn). Slo\u017een\u00edm vybran\u00fdch zkou\u0161ek nav\u00edc mohou snadno z\u00edskat i vy\u0161\u0161\u00ed \u00farove\u0148 Extended.<\/span><span data-ccp-props=\"{&quot;134233117&quot;:false,&quot;134233118&quot;:false,&quot;335557856&quot;:16777215,&quot;335559738&quot;:0,&quot;335559739&quot;:0}\">\u00a0<\/span><\/p>\t\t\t\t\t\t\t\t<\/div>\n\t\t\t\t<\/div>\n\t\t\t\t\t<\/div>\n\t\t<\/div>\n\t\t\t\t\t<\/div>\n\t\t<\/section>\n\t\t\t\t<section class=\"elementor-section elementor-top-section elementor-element elementor-element-93023e4 elementor-section-boxed elementor-section-height-default elementor-section-height-default\" data-id=\"93023e4\" data-element_type=\"section\" data-e-type=\"section\">\n\t\t\t\t\t\t<div class=\"elementor-container elementor-column-gap-default\">\n\t\t\t\t\t<div class=\"elementor-column elementor-col-100 elementor-top-column elementor-element elementor-element-5bcd478\" data-id=\"5bcd478\" data-element_type=\"column\" data-e-type=\"column\">\n\t\t\t<div class=\"elementor-widget-wrap elementor-element-populated\">\n\t\t\t\t\t\t<div class=\"elementor-element elementor-element-2ce4edc elementor-widget elementor-widget-heading\" data-id=\"2ce4edc\" data-element_type=\"widget\" data-e-type=\"widget\" data-widget_type=\"heading.default\">\n\t\t\t\t<div class=\"elementor-widget-container\">\n\t\t\t\t\t<h3 class=\"elementor-heading-title elementor-size-default\">V\u00fdhody studia na Digital Academy Obchodn\u00ed akademie - Kutn\u00e1 Hora  <\/h3>\t\t\t\t<\/div>\n\t\t\t\t<\/div>\n\t\t\t\t\t<\/div>\n\t\t<\/div>\n\t\t\t\t\t<\/div>\n\t\t<\/section>\n\t\t\t\t<section class=\"elementor-section elementor-top-section elementor-element elementor-element-6b2572a elementor-section-boxed elementor-section-height-default elementor-section-height-default\" data-id=\"6b2572a\" data-element_type=\"section\" data-e-type=\"section\">\n\t\t\t\t\t\t<div class=\"elementor-container elementor-column-gap-no\">\n\t\t\t\t\t<div class=\"elementor-column elementor-col-100 elementor-top-column elementor-element elementor-element-5c18bd6\" data-id=\"5c18bd6\" data-element_type=\"column\" data-e-type=\"column\">\n\t\t\t<div class=\"elementor-widget-wrap elementor-element-populated\">\n\t\t\t\t\t\t<div class=\"elementor-element elementor-element-ba86271 elementor-widget elementor-widget-text-editor\" data-id=\"ba86271\" data-element_type=\"widget\" data-e-type=\"widget\" data-widget_type=\"text-editor.default\">\n\t\t\t\t<div class=\"elementor-widget-container\">\n\t\t\t\t\t\t\t\t\t<p><span data-contrast=\"none\">Studium na \u0161kole p\u0159in\u00e1\u0161\u00ed student\u016fm mnoho v\u00fdhod:<\/span><span data-ccp-props=\"{&quot;134233117&quot;:false,&quot;134233118&quot;:false,&quot;335557856&quot;:16777215,&quot;335559738&quot;:0,&quot;335559739&quot;:0}\">\u00a0<\/span><\/p><ul><li data-leveltext=\"\uf0b7\" data-font=\"Symbol\" data-listid=\"1\" data-list-defn-props=\"{&quot;335552541&quot;:1,&quot;335559685&quot;:720,&quot;335559991&quot;:360,&quot;469769226&quot;:&quot;Symbol&quot;,&quot;469769242&quot;:[8226],&quot;469777803&quot;:&quot;left&quot;,&quot;469777804&quot;:&quot;\uf0b7&quot;,&quot;469777815&quot;:&quot;hybridMultilevel&quot;}\" aria-setsize=\"-1\" data-aria-posinset=\"1\" data-aria-level=\"1\"><span data-contrast=\"none\">Zahrani\u010dn\u00ed pobyty a st\u00e1\u017ee s programem ERASMUS+<\/span><span data-ccp-props=\"{&quot;134233117&quot;:false,&quot;134233118&quot;:false,&quot;335557856&quot;:16777215,&quot;335559738&quot;:0,&quot;335559739&quot;:0}\">\u00a0<\/span><\/li><\/ul><ul><li data-leveltext=\"\uf0b7\" data-font=\"Symbol\" data-listid=\"1\" data-list-defn-props=\"{&quot;335552541&quot;:1,&quot;335559685&quot;:720,&quot;335559991&quot;:360,&quot;469769226&quot;:&quot;Symbol&quot;,&quot;469769242&quot;:[8226],&quot;469777803&quot;:&quot;left&quot;,&quot;469777804&quot;:&quot;\uf0b7&quot;,&quot;469777815&quot;:&quot;hybridMultilevel&quot;}\" aria-setsize=\"-1\" data-aria-posinset=\"2\" data-aria-level=\"1\"><span data-contrast=\"none\">Prosp\u011bchov\u00e1 stipendia<\/span><span data-ccp-props=\"{&quot;134233117&quot;:false,&quot;134233118&quot;:false,&quot;335557856&quot;:16777215,&quot;335559738&quot;:0,&quot;335559739&quot;:0}\">\u00a0<\/span><\/li><\/ul><ul><li data-leveltext=\"\uf0b7\" data-font=\"Symbol\" data-listid=\"1\" data-list-defn-props=\"{&quot;335552541&quot;:1,&quot;335559685&quot;:720,&quot;335559991&quot;:360,&quot;469769226&quot;:&quot;Symbol&quot;,&quot;469769242&quot;:[8226],&quot;469777803&quot;:&quot;left&quot;,&quot;469777804&quot;:&quot;\uf0b7&quot;,&quot;469777815&quot;:&quot;hybridMultilevel&quot;}\" aria-setsize=\"-1\" data-aria-posinset=\"3\" data-aria-level=\"1\"><span data-contrast=\"none\">Denn\u00ed studium v \u010desko-anglick\u00e9m programu EXTENDED<\/span><span data-ccp-props=\"{&quot;134233117&quot;:false,&quot;134233118&quot;:false,&quot;335557856&quot;:16777215,&quot;335559738&quot;:0,&quot;335559739&quot;:0}\">\u00a0<\/span><\/li><\/ul><ul><li data-leveltext=\"\uf0b7\" data-font=\"Symbol\" data-listid=\"1\" data-list-defn-props=\"{&quot;335552541&quot;:1,&quot;335559685&quot;:720,&quot;335559991&quot;:360,&quot;469769226&quot;:&quot;Symbol&quot;,&quot;469769242&quot;:[8226],&quot;469777803&quot;:&quot;left&quot;,&quot;469777804&quot;:&quot;\uf0b7&quot;,&quot;469777815&quot;:&quot;hybridMultilevel&quot;}\" aria-setsize=\"-1\" data-aria-posinset=\"4\" data-aria-level=\"1\"><span data-contrast=\"none\">Bez p\u0159ij\u00edma\u010dek na anglick\u00e9 studium<\/span><span data-ccp-props=\"{&quot;134233117&quot;:false,&quot;134233118&quot;:false,&quot;335557856&quot;:16777215,&quot;335559738&quot;:0,&quot;335559739&quot;:0}\">\u00a0<\/span><\/li><\/ul><ul><li data-leveltext=\"\uf0b7\" data-font=\"Symbol\" data-listid=\"1\" data-list-defn-props=\"{&quot;335552541&quot;:1,&quot;335559685&quot;:720,&quot;335559991&quot;:360,&quot;469769226&quot;:&quot;Symbol&quot;,&quot;469769242&quot;:[8226],&quot;469777803&quot;:&quot;left&quot;,&quot;469777804&quot;:&quot;\uf0b7&quot;,&quot;469777815&quot;:&quot;hybridMultilevel&quot;}\" aria-setsize=\"-1\" data-aria-posinset=\"5\" data-aria-level=\"1\"><span data-contrast=\"none\">Mo\u017enost mezin\u00e1rodn\u00ed maturity<\/span><span data-ccp-props=\"{&quot;134233117&quot;:false,&quot;134233118&quot;:false,&quot;335557856&quot;:16777215,&quot;335559738&quot;:0,&quot;335559739&quot;:0}\">\u00a0<\/span><\/li><\/ul><div>\u00a0<\/div><div>A dal\u0161\u00ed v\u00fdhody? <a href=\"https:\/\/www.dahora.cz\/proc-studovat-na-nasi-skole\/\">Jsou jich spousty!<\/a><\/div>\t\t\t\t\t\t\t\t<\/div>\n\t\t\t\t<\/div>\n\t\t\t\t\t<\/div>\n\t\t<\/div>\n\t\t\t\t\t<\/div>\n\t\t<\/section>\n\t\t\t\t<section class=\"elementor-section elementor-top-section elementor-element elementor-element-e9e53d4 elementor-section-boxed elementor-section-height-default elementor-section-height-default\" data-id=\"e9e53d4\" data-element_type=\"section\" data-e-type=\"section\">\n\t\t\t\t\t\t<div class=\"elementor-container elementor-column-gap-no\">\n\t\t\t\t\t<div class=\"elementor-column elementor-col-100 elementor-top-column elementor-element elementor-element-c9ef7a2\" data-id=\"c9ef7a2\" data-element_type=\"column\" data-e-type=\"column\">\n\t\t\t<div class=\"elementor-widget-wrap elementor-element-populated\">\n\t\t\t\t\t\t<div class=\"elementor-element elementor-element-d7fa86a elementor-widget elementor-widget-text-editor\" data-id=\"d7fa86a\" data-element_type=\"widget\" data-e-type=\"widget\" data-widget_type=\"text-editor.default\">\n\t\t\t\t<div class=\"elementor-widget-container\">\n\t\t\t\t\t\t\t\t\t<p><span class=\"TextRun SCXW16811726 BCX0\" lang=\"CS-CZ\" xml:lang=\"CS-CZ\" data-contrast=\"none\"><span class=\"NormalTextRun SCXW16811726 BCX0\">Skv\u011blou sou\u010d\u00e1st\u00ed studia jsou v\u00fdm\u011bnn\u00e9 pobyty a praxe na zahrani\u010dn\u00edch st\u00e1\u017e\u00edch. Studenti \u010d\u00e1st roku \u017eij\u00ed, studuj\u00ed a pracuj\u00ed v p\u0159irozen\u00e9m prost\u0159ed\u00ed n\u011bkter\u00e9 ciz\u00ed zem\u011b, co\u017e jim umo\u017e\u0148uje perfektn\u011b procvi\u010dit jazyk a nav\u00e1zat v\u00fdborn\u00e9 kontakty pro sv\u016fj budouc\u00ed profesn\u00ed \u017eivot. Tyto aktivity jsou v\u011bt\u0161inou financov\u00e1ny formou v\u00fdm\u011bnn\u00fdch pobyt\u016f nebo s p<\/span><span class=\"NormalTextRun SCXW16811726 BCX0\">odporou programu Erasmus+, co\u017e znamen\u00e1, \u017ee studenti nesou jen malou \u010d\u00e1st n\u00e1klad\u016f nebo si dokonce vyd\u011blaj\u00ed.<\/span> <span class=\"NormalTextRun SCXW16811726 BCX0\">Mezi tradi\u010dn\u00ed zem\u011b, kam studenti jezd\u00ed na praxe a v\u00fdm\u011bnn\u00e9 pobyty, pat\u0159\u00ed Irsko, Anglie, N\u011bmecko, \u0160pan\u011blsko, It\u00e1lie, Holandsko<\/span><span class=\"NormalTextRun SCXW16811726 BCX0\">, Portugalsko <\/span><span class=\"NormalTextRun SCXW16811726 BCX0\">a Malta.<\/span><\/span><span class=\"EOP SCXW16811726 BCX0\" data-ccp-props=\"{&quot;134233117&quot;:false,&quot;134233118&quot;:false,&quot;335557856&quot;:16777215,&quot;335559738&quot;:0,&quot;335559739&quot;:0}\">\u00a0<\/span><\/p>\t\t\t\t\t\t\t\t<\/div>\n\t\t\t\t<\/div>\n\t\t\t\t\t<\/div>\n\t\t<\/div>\n\t\t\t\t\t<\/div>\n\t\t<\/section>\n\t\t\t\t<section class=\"elementor-section elementor-top-section elementor-element elementor-element-cdf9c50 elementor-section-boxed elementor-section-height-default elementor-section-height-default\" data-id=\"cdf9c50\" data-element_type=\"section\" data-e-type=\"section\">\n\t\t\t\t\t\t<div class=\"elementor-container elementor-column-gap-default\">\n\t\t\t\t\t<div class=\"elementor-column elementor-col-100 elementor-top-column elementor-element elementor-element-458aca2\" data-id=\"458aca2\" data-element_type=\"column\" data-e-type=\"column\">\n\t\t\t<div class=\"elementor-widget-wrap elementor-element-populated\">\n\t\t\t\t\t\t<div class=\"elementor-element elementor-element-e1aa10d elementor-widget elementor-widget-heading\" data-id=\"e1aa10d\" data-element_type=\"widget\" data-e-type=\"widget\" data-widget_type=\"heading.default\">\n\t\t\t\t<div class=\"elementor-widget-container\">\n\t\t\t\t\t<h3 class=\"elementor-heading-title elementor-size-default\">Motivace a nab\u00eddka voliteln\u00fdch p\u0159edm\u011bt\u016f <\/h3>\t\t\t\t<\/div>\n\t\t\t\t<\/div>\n\t\t\t\t\t<\/div>\n\t\t<\/div>\n\t\t\t\t\t<\/div>\n\t\t<\/section>\n\t\t\t\t<section class=\"elementor-section elementor-top-section elementor-element elementor-element-551d3e2 elementor-section-boxed elementor-section-height-default elementor-section-height-default\" data-id=\"551d3e2\" data-element_type=\"section\" data-e-type=\"section\">\n\t\t\t\t\t\t<div class=\"elementor-container elementor-column-gap-no\">\n\t\t\t\t\t<div class=\"elementor-column elementor-col-100 elementor-top-column elementor-element elementor-element-4628aff\" data-id=\"4628aff\" data-element_type=\"column\" data-e-type=\"column\">\n\t\t\t<div class=\"elementor-widget-wrap elementor-element-populated\">\n\t\t\t\t\t\t<div class=\"elementor-element elementor-element-8440d12 elementor-widget elementor-widget-text-editor\" data-id=\"8440d12\" data-element_type=\"widget\" data-e-type=\"widget\" data-widget_type=\"text-editor.default\">\n\t\t\t\t<div class=\"elementor-widget-container\">\n\t\t\t\t\t\t\t\t\t<p><span data-contrast=\"none\">Motivace ke studiu z\u00e1sadn\u011b vzr\u016fst\u00e1, kdy\u017e si studenti mohou vybrat p\u0159edm\u011bty podle sv\u00fdch z\u00e1jm\u016f. Tento p\u0159\u00edstup se na \u0161kole osv\u011bd\u010dil; t\u00e9m\u011b\u0159 polovinu p\u0159edm\u011bt\u016f si studenti vol\u00ed sami, co\u017e pozitivn\u011b ovliv\u0148uje jejich \u00fasp\u011b\u0161nost a oblibu studia. Ka\u017edoro\u010dn\u011b jsou v nab\u00eddce nov\u00e9 a aktu\u00e1ln\u00ed p\u0159edm\u011bty, jako jsou semin\u00e1\u0159e o um\u011bl\u00e9 inteligenci, fotografov\u00e1n\u00ed, pilates, t\u00fdmov\u00e9 pr\u00e1ce, osobn\u00ed finance \u010di hudebn\u00ed improvizace.<\/span><span data-ccp-props=\"{&quot;134233117&quot;:false,&quot;134233118&quot;:false,&quot;335557856&quot;:16777215,&quot;335559738&quot;:0,&quot;335559739&quot;:0}\">\u00a0<\/span><\/p>\t\t\t\t\t\t\t\t<\/div>\n\t\t\t\t<\/div>\n\t\t\t\t\t<\/div>\n\t\t<\/div>\n\t\t\t\t\t<\/div>\n\t\t<\/section>\n\t\t\t\t<section class=\"elementor-section elementor-top-section elementor-element elementor-element-20a60d0 elementor-section-boxed elementor-section-height-default elementor-section-height-default\" data-id=\"20a60d0\" data-element_type=\"section\" data-e-type=\"section\">\n\t\t\t\t\t\t<div class=\"elementor-container elementor-column-gap-default\">\n\t\t\t\t\t<div class=\"elementor-column elementor-col-100 elementor-top-column elementor-element elementor-element-1b73584\" data-id=\"1b73584\" data-element_type=\"column\" data-e-type=\"column\">\n\t\t\t<div class=\"elementor-widget-wrap elementor-element-populated\">\n\t\t\t\t\t\t<div class=\"elementor-element elementor-element-1e6f744 elementor-widget elementor-widget-heading\" data-id=\"1e6f744\" data-element_type=\"widget\" data-e-type=\"widget\" data-widget_type=\"heading.default\">\n\t\t\t\t<div class=\"elementor-widget-container\">\n\t\t\t\t\t<h3 class=\"elementor-heading-title elementor-size-default\">Modernizace \u0161koln\u00edho prost\u0159ed\u00ed a v\u00fduka v jurt\u011b <\/h3>\t\t\t\t<\/div>\n\t\t\t\t<\/div>\n\t\t\t\t\t<\/div>\n\t\t<\/div>\n\t\t\t\t\t<\/div>\n\t\t<\/section>\n\t\t\t\t<section class=\"elementor-section elementor-top-section elementor-element elementor-element-dfedfdd elementor-section-boxed elementor-section-height-default elementor-section-height-default\" data-id=\"dfedfdd\" data-element_type=\"section\" data-e-type=\"section\">\n\t\t\t\t\t\t<div class=\"elementor-container elementor-column-gap-no\">\n\t\t\t\t\t<div class=\"elementor-column elementor-col-100 elementor-top-column elementor-element elementor-element-5bd842a\" data-id=\"5bd842a\" data-element_type=\"column\" data-e-type=\"column\">\n\t\t\t<div class=\"elementor-widget-wrap elementor-element-populated\">\n\t\t\t\t\t\t<div class=\"elementor-element elementor-element-2b6acf5 elementor-widget elementor-widget-text-editor\" data-id=\"2b6acf5\" data-element_type=\"widget\" data-e-type=\"widget\" data-widget_type=\"text-editor.default\">\n\t\t\t\t<div class=\"elementor-widget-container\">\n\t\t\t\t\t\t\t\t\t<p><span lang=\"CS-CZ\" xml:lang=\"CS-CZ\" data-contrast=\"none\">D\u016fle\u017eitou roli v atraktivit\u011b studia hraj\u00ed tak\u00e9 pr\u016fb\u011b\u017en\u00e9 investice do modernizace studijn\u00edch prostor. V ned\u00e1vn\u00e9 dob\u011b prob\u00edhala v\u00fduka i v netradi\u010dn\u00edm a velmi obl\u00edben\u00e9m prostoru \u2013 evropsk\u00e9 jurt\u011b <\/span><a href=\"https:\/\/www.narava.cz\/\" target=\"_blank\" rel=\"noopener\"><span lang=\"CS-CZ\" xml:lang=\"CS-CZ\" data-contrast=\"none\"><span data-ccp-charstyle=\"Hyperlink\">Narava<\/span><\/span><\/a><span lang=\"CS-CZ\" xml:lang=\"CS-CZ\" data-contrast=\"none\">. Tento z\u00e1\u017eitek student\u016fm nab\u00edz\u00ed mo\u017enost u\u010dit se v inspirativn\u00edm a p\u0159\u00edrodn\u00edm prost\u0159ed\u00ed, kter\u00e9 podn\u011bcuje kreativitu a t\u00fdmovou spolupr\u00e1ci. \u0160kola se tak sna\u017e\u00ed nejen o kvalitn\u00ed vzd\u011bl\u00e1n\u00ed, ale tak\u00e9 o vytv\u00e1\u0159en\u00ed unik\u00e1tn\u00edch z\u00e1\u017eitk\u016f, kter\u00e9 mohou student\u016fm pomoci v jejich budouc\u00edm profesn\u00edm \u017eivot\u011b.<\/span><span data-ccp-props=\"{&quot;134233117&quot;:false,&quot;134233118&quot;:false,&quot;335551550&quot;:1,&quot;335551620&quot;:1,&quot;335557856&quot;:16777215,&quot;335559738&quot;:0,&quot;335559739&quot;:0}\">\u00a0<\/span><\/p><p><span data-ccp-props=\"{&quot;134233117&quot;:false,&quot;134233118&quot;:false,&quot;335551550&quot;:1,&quot;335551620&quot;:1,&quot;335557856&quot;:16777215,&quot;335559738&quot;:0,&quot;335559739&quot;:0}\"><span class=\"TextRun SCXW51362809 BCX0\" lang=\"CS-CZ\" xml:lang=\"CS-CZ\" data-contrast=\"none\"><span class=\"NormalTextRun SCXW51362809 BCX0\">Pokud hled\u00e1te \u0161kolu, kter\u00e1 Va\u0161im d\u011btem pom\u016f\u017ee z\u00edskat skv\u011blou pr\u00e1ci, nev\u00e1hejte a p\u0159ij\u010fte se pod\u00edvat na <a href=\"https:\/\/www.dahora.cz\/dny-otevrenych-dveri\/\">dny otev\u0159en\u00fdch dve\u0159\u00ed<\/a>.\u00a0<\/span><\/span><span class=\"TextRun SCXW51362809 BCX0\" lang=\"CS-CZ\" xml:lang=\"CS-CZ\" data-contrast=\"none\"><span class=\"NormalTextRun SCXW51362809 BCX0\">T<\/span><span class=\"NormalTextRun SCXW51362809 BCX0\">ato<\/span><span class=\"NormalTextRun SCXW51362809 BCX0\"> instituce nab\u00edz<\/span><span class=\"NormalTextRun SCXW51362809 BCX0\">\u00ed<\/span><span class=\"NormalTextRun SCXW51362809 BCX0\"> nejen kvalitn\u00ed vzd\u011bl\u00e1n\u00ed, ale tak\u00e9 skv\u011bl\u00e9 p\u0159\u00edle\u017eitosti pro osobn\u00ed a profesn\u00ed rozvoj.<\/span><\/span><span class=\"EOP SCXW51362809 BCX0\" data-ccp-props=\"{&quot;134233117&quot;:false,&quot;134233118&quot;:false,&quot;335557856&quot;:16777215,&quot;335559738&quot;:0,&quot;335559739&quot;:0}\">\u00a0<\/span><\/span><\/p>\t\t\t\t\t\t\t\t<\/div>\n\t\t\t\t<\/div>\n\t\t\t\t\t<\/div>\n\t\t<\/div>\n\t\t\t\t\t<\/div>\n\t\t<\/section>\n\t\t\t\t<\/div>\n\t\t","protected":false},"excerpt":{"rendered":"<p>Helfen Sie Ihren Kindern, mit einer guten Ausbildung einen guten Job zu bekommen. Eine Fremdsprache zu sprechen, ist heute allt\u00e4glich. Ein Diplom in einer Fremdsprache ist eine Selbstverst\u00e4ndlichkeit. Aber nur f\u00fcnfzehn Prozent der Schulabg\u00e4nger k\u00f6nnen auch ein englisches International Baccalaureate vorweisen, was den Sch\u00fclern einen gro\u00dfen Vorteil auf dem tschechischen und ausl\u00e4ndischen Arbeitsmarkt verschafft.  Zu den besten Schulen, an denen Sch\u00fcler diese Reifepr\u00fcfung ablegen k\u00f6nnen, geh\u00f6ren...<\/p>","protected":false},"author":4,"featured_media":0,"parent":0,"menu_order":0,"comment_status":"closed","ping_status":"closed","template":"","meta":{"footnotes":""},"class_list":["post-993640","page","type-page","status-publish","hentry"],"aioseo_notices":[],"_links":{"self":[{"href":"https:\/\/www.dahora.cz\/de\/wp-json\/wp\/v2\/pages\/993640","targetHints":{"allow":["GET"]}}],"collection":[{"href":"https:\/\/www.dahora.cz\/de\/wp-json\/wp\/v2\/pages"}],"about":[{"href":"https:\/\/www.dahora.cz\/de\/wp-json\/wp\/v2\/types\/page"}],"author":[{"embeddable":true,"href":"https:\/\/www.dahora.cz\/de\/wp-json\/wp\/v2\/users\/4"}],"replies":[{"embeddable":true,"href":"https:\/\/www.dahora.cz\/de\/wp-json\/wp\/v2\/comments?post=993640"}],"version-history":[{"count":0,"href":"https:\/\/www.dahora.cz\/de\/wp-json\/wp\/v2\/pages\/993640\/revisions"}],"wp:attachment":[{"href":"https:\/\/www.dahora.cz\/de\/wp-json\/wp\/v2\/media?parent=993640"}],"curies":[{"name":"wp","href":"https:\/\/api.w.org\/{rel}","templated":true}]}}