{"id":1004566,"date":"2025-12-15T10:56:11","date_gmt":"2025-12-15T09:56:11","guid":{"rendered":"https:\/\/www.dahora.cz\/?page_id=1004566"},"modified":"2025-12-15T11:46:49","modified_gmt":"2025-12-15T10:46:49","slug":"prijimacky-nanecisto-leden-2026","status":"publish","type":"page","link":"https:\/\/www.dahora.cz\/en\/prijimacky-nanecisto-leden-2026\/","title":{"rendered":"P\u0159ij\u00edma\u010dky nane\u010disto leden 2026"},"content":{"rendered":"<div data-elementor-type=\"wp-page\" data-elementor-id=\"1004566\" class=\"elementor elementor-1004566\" data-elementor-post-type=\"page\">\n\t\t\t\t\t\t<section class=\"elementor-section elementor-top-section elementor-element elementor-element-3ecc69c elementor-section-height-min-height elementor-section-boxed elementor-section-height-default elementor-section-items-middle\" data-id=\"3ecc69c\" data-element_type=\"section\" data-e-type=\"section\" data-settings=\"{&quot;background_background&quot;:&quot;classic&quot;}\">\n\t\t\t\t\t\t\t<div class=\"elementor-background-overlay\"><\/div>\n\t\t\t\t\t\t\t<div class=\"elementor-container elementor-column-gap-default\">\n\t\t\t\t\t<div class=\"elementor-column elementor-col-100 elementor-top-column elementor-element elementor-element-3e7e1d4\" data-id=\"3e7e1d4\" data-element_type=\"column\" data-e-type=\"column\" data-settings=\"{&quot;background_background&quot;:&quot;classic&quot;}\">\n\t\t\t<div class=\"elementor-widget-wrap\">\n\t\t\t\t\t\t\t<\/div>\n\t\t<\/div>\n\t\t\t\t\t<\/div>\n\t\t<\/section>\n\t\t\t\t<section class=\"elementor-section elementor-top-section elementor-element elementor-element-2eee139 elementor-section-boxed elementor-section-height-default elementor-section-height-default\" data-id=\"2eee139\" data-element_type=\"section\" data-e-type=\"section\">\n\t\t\t\t\t\t<div class=\"elementor-container elementor-column-gap-no\">\n\t\t\t\t\t<div class=\"elementor-column elementor-col-50 elementor-top-column elementor-element elementor-element-8d6c2cf animated-fast elementor-invisible\" data-id=\"8d6c2cf\" data-element_type=\"column\" data-e-type=\"column\" data-settings=\"{&quot;background_background&quot;:&quot;classic&quot;,&quot;animation&quot;:&quot;fadeIn&quot;,&quot;animation_tablet&quot;:&quot;none&quot;,&quot;animation_mobile&quot;:&quot;none&quot;,&quot;animation_delay&quot;:100}\">\n\t\t\t<div class=\"elementor-widget-wrap elementor-element-populated\">\n\t\t\t\t\t\t\t<\/div>\n\t\t<\/div>\n\t\t\t\t<div class=\"elementor-column elementor-col-50 elementor-top-column elementor-element elementor-element-4db8430 elementor-hidden-desktop elementor-hidden-tablet elementor-hidden-phone\" data-id=\"4db8430\" data-element_type=\"column\" data-e-type=\"column\">\n\t\t\t<div class=\"elementor-widget-wrap\">\n\t\t\t\t\t\t\t<\/div>\n\t\t<\/div>\n\t\t\t\t\t<\/div>\n\t\t<\/section>\n\t\t\t\t<section class=\"elementor-section elementor-top-section elementor-element elementor-element-5f26862 elementor-section-boxed elementor-section-height-default elementor-section-height-default\" data-id=\"5f26862\" data-element_type=\"section\" data-e-type=\"section\">\n\t\t\t\t\t\t<div class=\"elementor-container elementor-column-gap-default\">\n\t\t\t\t\t<div class=\"elementor-column elementor-col-100 elementor-top-column elementor-element elementor-element-f464dd5\" data-id=\"f464dd5\" data-element_type=\"column\" data-e-type=\"column\">\n\t\t\t<div class=\"elementor-widget-wrap elementor-element-populated\">\n\t\t\t\t\t\t<div class=\"elementor-element elementor-element-7cf039a elementor-widget elementor-widget-heading\" data-id=\"7cf039a\" data-element_type=\"widget\" data-e-type=\"widget\" data-widget_type=\"heading.default\">\n\t\t\t\t<div class=\"elementor-widget-container\">\n\t\t\t\t\t<h2 class=\"elementor-heading-title elementor-size-default\">Come and try the NANE\u010cISTO high school entrance exams in Czech language and literature and mathematics.<\/h2>\t\t\t\t<\/div>\n\t\t\t\t<\/div>\n\t\t\t\t\t<\/div>\n\t\t<\/div>\n\t\t\t\t\t<\/div>\n\t\t<\/section>\n\t\t\t\t<section class=\"elementor-section elementor-top-section elementor-element elementor-element-0c2d2ce elementor-section-boxed elementor-section-height-default elementor-section-height-default\" data-id=\"0c2d2ce\" data-element_type=\"section\" data-e-type=\"section\">\n\t\t\t\t\t\t<div class=\"elementor-container elementor-column-gap-no\">\n\t\t\t\t\t<div class=\"elementor-column elementor-col-100 elementor-top-column elementor-element elementor-element-fda497e\" data-id=\"fda497e\" data-element_type=\"column\" data-e-type=\"column\">\n\t\t\t<div class=\"elementor-widget-wrap elementor-element-populated\">\n\t\t\t\t\t\t<div class=\"elementor-element elementor-element-41a9f96 elementor-widget elementor-widget-text-editor\" data-id=\"41a9f96\" data-element_type=\"widget\" data-e-type=\"widget\" data-widget_type=\"text-editor.default\">\n\t\t\t\t<div class=\"elementor-widget-container\">\n\t\t\t\t\t\t\t\t\t<p style=\"font-style: normal; font-variant-ligatures: normal; font-variant-caps: normal; font-weight: 400; font-size: 18px; font-family: Inter, sans-serif;\">The mock entrance exams are always held on Saturdays.<\/p><p><span style=\"font-family: Inter, sans-serif; font-size: 18px; font-style: normal; font-variant-ligatures: normal; font-variant-caps: normal; font-weight: 400;\">Za\u010d\u00e1tek v 8:30, konec cca ve 13:00.<\/span><\/p>\t\t\t\t\t\t\t\t<\/div>\n\t\t\t\t<\/div>\n\t\t\t\t\t<\/div>\n\t\t<\/div>\n\t\t\t\t\t<\/div>\n\t\t<\/section>\n\t\t\t\t<section class=\"elementor-section elementor-top-section elementor-element elementor-element-a3edb8f elementor-section-boxed elementor-section-height-default elementor-section-height-default\" data-id=\"a3edb8f\" data-element_type=\"section\" data-e-type=\"section\">\n\t\t\t\t\t\t<div class=\"elementor-container elementor-column-gap-default\">\n\t\t\t\t\t<div class=\"elementor-column elementor-col-100 elementor-top-column elementor-element elementor-element-b1e5f11\" data-id=\"b1e5f11\" data-element_type=\"column\" data-e-type=\"column\">\n\t\t\t<div class=\"elementor-widget-wrap elementor-element-populated\">\n\t\t\t\t\t\t<div class=\"elementor-element elementor-element-d00cf58 elementor-widget elementor-widget-heading\" data-id=\"d00cf58\" data-element_type=\"widget\" data-e-type=\"widget\" data-widget_type=\"heading.default\">\n\t\t\t\t<div class=\"elementor-widget-container\">\n\t\t\t\t\t<h3 class=\"elementor-heading-title elementor-size-default\">Dates:<\/h3>\t\t\t\t<\/div>\n\t\t\t\t<\/div>\n\t\t\t\t\t<\/div>\n\t\t<\/div>\n\t\t\t\t\t<\/div>\n\t\t<\/section>\n\t\t\t\t<section class=\"elementor-section elementor-top-section elementor-element elementor-element-f5f1cf7 elementor-section-boxed elementor-section-height-default elementor-section-height-default\" data-id=\"f5f1cf7\" data-element_type=\"section\" data-e-type=\"section\">\n\t\t\t\t\t\t<div class=\"elementor-container elementor-column-gap-no\">\n\t\t\t\t\t<div class=\"elementor-column elementor-col-100 elementor-top-column elementor-element elementor-element-6470f01\" data-id=\"6470f01\" data-element_type=\"column\" data-e-type=\"column\">\n\t\t\t<div class=\"elementor-widget-wrap elementor-element-populated\">\n\t\t\t\t\t\t<div class=\"elementor-element elementor-element-de54d29 elementor-widget elementor-widget-text-editor\" data-id=\"de54d29\" data-element_type=\"widget\" data-e-type=\"widget\" data-widget_type=\"text-editor.default\">\n\t\t\t\t<div class=\"elementor-widget-container\">\n\t\t\t\t\t\t\t\t\t<p><\/p><p>Sobota <b>17. ledna 2026<\/b> a&nbsp;sobota <b>24. ledna 2026.<\/b><\/p>\n<p><b>&nbsp;<\/b><\/p>\n<p>Access to the school building from 8:00. At 8:30 the official start of writing. Results will be available the same day. Afterwards, a consultation with the teacher on the most common mistakes is possible.<\/p>\n<p>Interested parties can apply by e-mail <a href=\"mailto:michaela.vackova@dahora.cz\" target=\"_blank\" rel=\"noopener\">michaela.vackova@dahora.cz<\/a> or call 737 080 807.<\/p>\t\t\t\t\t\t\t\t<\/div>\n\t\t\t\t<\/div>\n\t\t\t\t<div class=\"elementor-element elementor-element-1cac990 elementor-align-left elementor-mobile-align-left elementor-widget elementor-widget-button\" data-id=\"1cac990\" data-element_type=\"widget\" data-e-type=\"widget\" data-widget_type=\"button.default\">\n\t\t\t\t<div class=\"elementor-widget-container\">\n\t\t\t\t\t\t\t\t\t<div class=\"elementor-button-wrapper\">\n\t\t\t\t\t<a class=\"elementor-button elementor-button-link elementor-size-sm\" href=\"https:\/\/shop.hustaskola.cz\/obchod\/produkt\/prijimaci-zkousky-nanecisto-da\/\" target=\"_blank\" id=\"button-track-download-application\">\n\t\t\t\t\t\t<span class=\"elementor-button-content-wrapper\">\n\t\t\t\t\t\t\t\t\t<span class=\"elementor-button-text\">OBJEDNAT P\u0158IJ\u00cdMA\u010cKY NANE\u010cISTO<\/span>\n\t\t\t\t\t<\/span>\n\t\t\t\t\t<\/a>\n\t\t\t\t<\/div>\n\t\t\t\t\t\t\t\t<\/div>\n\t\t\t\t<\/div>\n\t\t\t\t\t<\/div>\n\t\t<\/div>\n\t\t\t\t\t<\/div>\n\t\t<\/section>\n\t\t\t\t<section class=\"elementor-section elementor-top-section elementor-element elementor-element-9250fba elementor-section-boxed elementor-section-height-default elementor-section-height-default\" data-id=\"9250fba\" data-element_type=\"section\" data-e-type=\"section\">\n\t\t\t\t\t\t<div class=\"elementor-container elementor-column-gap-no\">\n\t\t\t\t\t<div class=\"elementor-column elementor-col-100 elementor-top-column elementor-element elementor-element-0ad5898\" data-id=\"0ad5898\" data-element_type=\"column\" data-e-type=\"column\">\n\t\t\t<div class=\"elementor-widget-wrap elementor-element-populated\">\n\t\t\t\t\t\t<div class=\"elementor-element elementor-element-8a8a4b9 elementor-widget elementor-widget-image\" data-id=\"8a8a4b9\" data-element_type=\"widget\" data-e-type=\"widget\" data-widget_type=\"image.default\">\n\t\t\t\t<div class=\"elementor-widget-container\">\n\t\t\t\t\t\t\t\t\t<div class=\"elementor-image\">\n\t\t\t\t\t\t\t\t\t\t\t\t\t\t\t\t\t\t\t\t\t<img fetchpriority=\"high\" decoding=\"async\" width=\"768\" height=\"768\" src=\"https:\/\/www.dahora.cz\/wp-content\/uploads\/2025\/12\/prijimacky-nanecisto-17-ledna-2026-768x768.avif\" class=\"attachment-medium_large size-medium_large wp-image-1004571\" alt=\"\" srcset=\"https:\/\/www.dahora.cz\/wp-content\/uploads\/2025\/12\/prijimacky-nanecisto-17-ledna-2026-768x768.avif 768w, https:\/\/www.dahora.cz\/wp-content\/uploads\/2025\/12\/prijimacky-nanecisto-17-ledna-2026-300x300.avif 300w, https:\/\/www.dahora.cz\/wp-content\/uploads\/2025\/12\/prijimacky-nanecisto-17-ledna-2026-1024x1024.avif 1024w, https:\/\/www.dahora.cz\/wp-content\/uploads\/2025\/12\/prijimacky-nanecisto-17-ledna-2026-150x150.avif 150w, https:\/\/www.dahora.cz\/wp-content\/uploads\/2025\/12\/prijimacky-nanecisto-17-ledna-2026-12x12.avif 12w, https:\/\/www.dahora.cz\/wp-content\/uploads\/2025\/12\/prijimacky-nanecisto-17-ledna-2026.avif 1080w\" sizes=\"(max-width: 768px) 100vw, 768px\" \/>\t\t\t\t\t\t\t\t\t\t\t\t\t\t\t\t\t\t\t\t\t\t\t\t<\/div>\n\t\t\t\t\t\t\t\t<\/div>\n\t\t\t\t<\/div>\n\t\t\t\t\t<\/div>\n\t\t<\/div>\n\t\t\t\t\t<\/div>\n\t\t<\/section>\n\t\t\t\t<section class=\"elementor-section elementor-top-section elementor-element elementor-element-93c9728 elementor-section-boxed elementor-section-height-default elementor-section-height-default\" data-id=\"93c9728\" data-element_type=\"section\" data-e-type=\"section\">\n\t\t\t\t\t\t<div class=\"elementor-container elementor-column-gap-default\">\n\t\t\t\t\t<div class=\"elementor-column elementor-col-100 elementor-top-column elementor-element elementor-element-7507f17\" data-id=\"7507f17\" data-element_type=\"column\" data-e-type=\"column\">\n\t\t\t<div class=\"elementor-widget-wrap\">\n\t\t\t\t\t\t\t<\/div>\n\t\t<\/div>\n\t\t\t\t\t<\/div>\n\t\t<\/section>\n\t\t\t\t<section class=\"elementor-section elementor-top-section elementor-element elementor-element-65aebc7 elementor-section-boxed elementor-section-height-default elementor-section-height-default\" data-id=\"65aebc7\" data-element_type=\"section\" data-e-type=\"section\">\n\t\t\t\t\t\t<div class=\"elementor-container elementor-column-gap-default\">\n\t\t\t\t\t<div class=\"elementor-column elementor-col-100 elementor-top-column elementor-element elementor-element-41d6941\" data-id=\"41d6941\" data-element_type=\"column\" data-e-type=\"column\">\n\t\t\t<div class=\"elementor-widget-wrap elementor-element-populated\">\n\t\t\t\t\t\t<div class=\"elementor-element elementor-element-694e149 elementor-widget elementor-widget-gallery\" data-id=\"694e149\" data-element_type=\"widget\" data-e-type=\"widget\" data-settings=\"{&quot;gallery_layout&quot;:&quot;justified&quot;,&quot;lazyload&quot;:&quot;yes&quot;,&quot;ideal_row_height&quot;:{&quot;unit&quot;:&quot;px&quot;,&quot;size&quot;:200,&quot;sizes&quot;:[]},&quot;ideal_row_height_tablet&quot;:{&quot;unit&quot;:&quot;px&quot;,&quot;size&quot;:150,&quot;sizes&quot;:[]},&quot;ideal_row_height_mobile&quot;:{&quot;unit&quot;:&quot;px&quot;,&quot;size&quot;:150,&quot;sizes&quot;:[]},&quot;gap&quot;:{&quot;unit&quot;:&quot;px&quot;,&quot;size&quot;:10,&quot;sizes&quot;:[]},&quot;gap_tablet&quot;:{&quot;unit&quot;:&quot;px&quot;,&quot;size&quot;:10,&quot;sizes&quot;:[]},&quot;gap_mobile&quot;:{&quot;unit&quot;:&quot;px&quot;,&quot;size&quot;:10,&quot;sizes&quot;:[]},&quot;link_to&quot;:&quot;file&quot;,&quot;overlay_background&quot;:&quot;yes&quot;,&quot;content_hover_animation&quot;:&quot;fade-in&quot;}\" data-widget_type=\"gallery.default\">\n\t\t\t\t<div class=\"elementor-widget-container\">\n\t\t\t\t\t\t\t<div class=\"elementor-gallery__container\">\n\t\t\t\t\t\t\t<a class=\"e-gallery-item elementor-gallery-item elementor-animated-content\" href=\"https:\/\/www.dahora.cz\/wp-content\/uploads\/2025\/11\/prijimacky-nanecisto-google-1200x1200px.avif\" data-elementor-open-lightbox=\"yes\" data-elementor-lightbox-slideshow=\"694e149\" data-e-action-hash=\"#elementor-action%3Aaction%3Dlightbox%26settings%3DeyJpZCI6MTAwNDQzNSwidXJsIjoiaHR0cHM6XC9cL3d3dy5kYWhvcmEuY3pcL3dwLWNvbnRlbnRcL3VwbG9hZHNcLzIwMjVcLzExXC9wcmlqaW1hY2t5LW5hbmVjaXN0by1nb29nbGUtMTIwMHgxMjAwcHguYXZpZiIsInNsaWRlc2hvdyI6IjY5NGUxNDkifQ%3D%3D\">\n\t\t\t\t\t<div class=\"e-gallery-image elementor-gallery-item__image\" data-thumbnail=\"https:\/\/www.dahora.cz\/wp-content\/uploads\/2025\/11\/prijimacky-nanecisto-google-1200x1200px-300x300.avif\" data-width=\"300\" data-height=\"300\" aria-label=\"\" role=\"img\" ><\/div>\n\t\t\t\t\t\t\t\t\t\t\t<div class=\"elementor-gallery-item__overlay\"><\/div>\n\t\t\t\t\t\t\t\t\t\t\t\t\t\t<\/a>\n\t\t\t\t\t\t\t<a class=\"e-gallery-item elementor-gallery-item elementor-animated-content\" href=\"https:\/\/www.dahora.cz\/wp-content\/uploads\/2025\/11\/prijimacky-nanecisto-google-1200x1200px-obrazek-01.avif\" data-elementor-open-lightbox=\"yes\" data-elementor-lightbox-slideshow=\"694e149\" data-e-action-hash=\"#elementor-action%3Aaction%3Dlightbox%26settings%3DeyJpZCI6MTAwNDQzNiwidXJsIjoiaHR0cHM6XC9cL3d3dy5kYWhvcmEuY3pcL3dwLWNvbnRlbnRcL3VwbG9hZHNcLzIwMjVcLzExXC9wcmlqaW1hY2t5LW5hbmVjaXN0by1nb29nbGUtMTIwMHgxMjAwcHgtb2JyYXplay0wMS5hdmlmIiwic2xpZGVzaG93IjoiNjk0ZTE0OSJ9\">\n\t\t\t\t\t<div class=\"e-gallery-image elementor-gallery-item__image\" data-thumbnail=\"https:\/\/www.dahora.cz\/wp-content\/uploads\/2025\/11\/prijimacky-nanecisto-google-1200x1200px-obrazek-01-300x300.avif\" data-width=\"300\" data-height=\"300\" aria-label=\"\" role=\"img\" ><\/div>\n\t\t\t\t\t\t\t\t\t\t\t<div class=\"elementor-gallery-item__overlay\"><\/div>\n\t\t\t\t\t\t\t\t\t\t\t\t\t\t<\/a>\n\t\t\t\t\t\t\t<a class=\"e-gallery-item elementor-gallery-item elementor-animated-content\" href=\"https:\/\/www.dahora.cz\/wp-content\/uploads\/2025\/11\/prijimacky-nanecisto-google-1200x1200px-obrazek-02.avif\" data-elementor-open-lightbox=\"yes\" data-elementor-lightbox-slideshow=\"694e149\" data-e-action-hash=\"#elementor-action%3Aaction%3Dlightbox%26settings%3DeyJpZCI6MTAwNDQzNywidXJsIjoiaHR0cHM6XC9cL3d3dy5kYWhvcmEuY3pcL3dwLWNvbnRlbnRcL3VwbG9hZHNcLzIwMjVcLzExXC9wcmlqaW1hY2t5LW5hbmVjaXN0by1nb29nbGUtMTIwMHgxMjAwcHgtb2JyYXplay0wMi5hdmlmIiwic2xpZGVzaG93IjoiNjk0ZTE0OSJ9\">\n\t\t\t\t\t<div class=\"e-gallery-image elementor-gallery-item__image\" data-thumbnail=\"https:\/\/www.dahora.cz\/wp-content\/uploads\/2025\/11\/prijimacky-nanecisto-google-1200x1200px-obrazek-02-300x300.avif\" data-width=\"300\" data-height=\"300\" aria-label=\"\" role=\"img\" ><\/div>\n\t\t\t\t\t\t\t\t\t\t\t<div class=\"elementor-gallery-item__overlay\"><\/div>\n\t\t\t\t\t\t\t\t\t\t\t\t\t\t<\/a>\n\t\t\t\t\t\t\t<a class=\"e-gallery-item elementor-gallery-item elementor-animated-content\" href=\"https:\/\/www.dahora.cz\/wp-content\/uploads\/2025\/11\/prijimacky-nanecisto-google-1200x1200px-obrazek-03.avif\" data-elementor-open-lightbox=\"yes\" data-elementor-lightbox-slideshow=\"694e149\" data-e-action-hash=\"#elementor-action%3Aaction%3Dlightbox%26settings%3DeyJpZCI6MTAwNDQzOCwidXJsIjoiaHR0cHM6XC9cL3d3dy5kYWhvcmEuY3pcL3dwLWNvbnRlbnRcL3VwbG9hZHNcLzIwMjVcLzExXC9wcmlqaW1hY2t5LW5hbmVjaXN0by1nb29nbGUtMTIwMHgxMjAwcHgtb2JyYXplay0wMy5hdmlmIiwic2xpZGVzaG93IjoiNjk0ZTE0OSJ9\">\n\t\t\t\t\t<div class=\"e-gallery-image elementor-gallery-item__image\" data-thumbnail=\"https:\/\/www.dahora.cz\/wp-content\/uploads\/2025\/11\/prijimacky-nanecisto-google-1200x1200px-obrazek-03-300x300.avif\" data-width=\"300\" data-height=\"300\" aria-label=\"\" role=\"img\" ><\/div>\n\t\t\t\t\t\t\t\t\t\t\t<div class=\"elementor-gallery-item__overlay\"><\/div>\n\t\t\t\t\t\t\t\t\t\t\t\t\t\t<\/a>\n\t\t\t\t\t<\/div>\n\t\t\t\t\t<\/div>\n\t\t\t\t<\/div>\n\t\t\t\t\t<\/div>\n\t\t<\/div>\n\t\t\t\t\t<\/div>\n\t\t<\/section>\n\t\t\t\t<\/div>","protected":false},"excerpt":{"rendered":"<p>P\u0159ij\u010fte si vyzkou\u0161et p\u0159ij\u00edmac\u00ed zkou\u0161ky na st\u0159edn\u00ed \u0161koly z \u010desk\u00e9ho jazyka a literatury a matematiky NANE\u010cISTO. P\u0159ij\u00edma\u010dky nane\u010disto prob\u00edhaj\u00ed v\u017edy o sobot\u00e1ch. Za\u010d\u00e1tek v 8:30, konec cca ve 13:00. Term\u00edny: Sobota 17. ledna 2026 a&nbsp;sobota 24. ledna 2026. &nbsp; Od 8:00 umo\u017en\u011bn vstup do budovy \u0161koly. V 8:30 ofici\u00e1ln\u00ed za\u010d\u00e1tek psan\u00ed. V\u00fdsledky budou k dispozici&#8230;<\/p>","protected":false},"author":4,"featured_media":0,"parent":0,"menu_order":0,"comment_status":"closed","ping_status":"closed","template":"","meta":{"footnotes":""},"class_list":["post-1004566","page","type-page","status-publish","hentry"],"aioseo_notices":[],"_links":{"self":[{"href":"https:\/\/www.dahora.cz\/en\/wp-json\/wp\/v2\/pages\/1004566","targetHints":{"allow":["GET"]}}],"collection":[{"href":"https:\/\/www.dahora.cz\/en\/wp-json\/wp\/v2\/pages"}],"about":[{"href":"https:\/\/www.dahora.cz\/en\/wp-json\/wp\/v2\/types\/page"}],"author":[{"embeddable":true,"href":"https:\/\/www.dahora.cz\/en\/wp-json\/wp\/v2\/users\/4"}],"replies":[{"embeddable":true,"href":"https:\/\/www.dahora.cz\/en\/wp-json\/wp\/v2\/comments?post=1004566"}],"version-history":[{"count":0,"href":"https:\/\/www.dahora.cz\/en\/wp-json\/wp\/v2\/pages\/1004566\/revisions"}],"wp:attachment":[{"href":"https:\/\/www.dahora.cz\/en\/wp-json\/wp\/v2\/media?parent=1004566"}],"curies":[{"name":"wp","href":"https:\/\/api.w.org\/{rel}","templated":true}]}}