{"id":1005875,"date":"2026-05-13T11:01:57","date_gmt":"2026-05-13T09:01:57","guid":{"rendered":"https:\/\/www.dahora.cz\/?page_id=1005875"},"modified":"2026-05-13T11:04:29","modified_gmt":"2026-05-13T09:04:29","slug":"druhe-kolo-prijimaci-rizeni-2026-2027","status":"publish","type":"page","link":"https:\/\/www.dahora.cz\/en\/druhe-kolo-prijimaci-rizeni-2026-2027\/","title":{"rendered":"Druh\u00e9 kolo p\u0159ij\u00edmac\u00edho \u0159\u00edzen\u00ed pro \u0161koln\u00ed rok 2026-2027"},"content":{"rendered":"<div data-elementor-type=\"wp-page\" data-elementor-id=\"1005875\" class=\"elementor elementor-1005875\" data-elementor-post-type=\"page\">\n\t\t\t\t\t\t<section class=\"elementor-section elementor-top-section elementor-element elementor-element-9cc2a47 elementor-section-height-min-height elementor-section-boxed elementor-section-height-default elementor-section-items-middle\" data-id=\"9cc2a47\" data-element_type=\"section\" data-e-type=\"section\" data-settings=\"{&quot;background_background&quot;:&quot;classic&quot;}\">\n\t\t\t\t\t\t\t<div class=\"elementor-background-overlay\"><\/div>\n\t\t\t\t\t\t\t<div class=\"elementor-container elementor-column-gap-default\">\n\t\t\t\t\t<div class=\"elementor-column elementor-col-100 elementor-top-column elementor-element elementor-element-a6531ba\" data-id=\"a6531ba\" data-element_type=\"column\" data-e-type=\"column\" data-settings=\"{&quot;background_background&quot;:&quot;classic&quot;}\">\n\t\t\t<div class=\"elementor-widget-wrap\">\n\t\t\t\t\t\t\t<\/div>\n\t\t<\/div>\n\t\t\t\t\t<\/div>\n\t\t<\/section>\n\t\t\t\t<section class=\"elementor-section elementor-top-section elementor-element elementor-element-398fb37 elementor-section-boxed elementor-section-height-default elementor-section-height-default\" data-id=\"398fb37\" data-element_type=\"section\" data-e-type=\"section\">\n\t\t\t\t\t\t<div class=\"elementor-container elementor-column-gap-no\">\n\t\t\t\t\t<div class=\"elementor-column elementor-col-50 elementor-top-column elementor-element elementor-element-ea7ef8f animated-fast elementor-invisible\" data-id=\"ea7ef8f\" data-element_type=\"column\" data-e-type=\"column\" data-settings=\"{&quot;background_background&quot;:&quot;classic&quot;,&quot;animation&quot;:&quot;fadeIn&quot;,&quot;animation_tablet&quot;:&quot;none&quot;,&quot;animation_mobile&quot;:&quot;none&quot;,&quot;animation_delay&quot;:100}\">\n\t\t\t<div class=\"elementor-widget-wrap elementor-element-populated\">\n\t\t\t\t\t\t\t<\/div>\n\t\t<\/div>\n\t\t\t\t<div class=\"elementor-column elementor-col-50 elementor-top-column elementor-element elementor-element-7f835e8 elementor-hidden-desktop elementor-hidden-tablet elementor-hidden-phone\" data-id=\"7f835e8\" data-element_type=\"column\" data-e-type=\"column\">\n\t\t\t<div class=\"elementor-widget-wrap\">\n\t\t\t\t\t\t\t<\/div>\n\t\t<\/div>\n\t\t\t\t\t<\/div>\n\t\t<\/section>\n\t\t\t\t<section class=\"elementor-section elementor-top-section elementor-element elementor-element-c8962aa elementor-section-boxed elementor-section-height-default elementor-section-height-default\" data-id=\"c8962aa\" data-element_type=\"section\" data-e-type=\"section\">\n\t\t\t\t\t\t<div class=\"elementor-container elementor-column-gap-default\">\n\t\t\t\t\t<div class=\"elementor-column elementor-col-100 elementor-top-column elementor-element elementor-element-e1ddaef\" data-id=\"e1ddaef\" data-element_type=\"column\" data-e-type=\"column\">\n\t\t\t<div class=\"elementor-widget-wrap elementor-element-populated\">\n\t\t\t\t\t\t<div class=\"elementor-element elementor-element-1efd360 elementor-widget elementor-widget-text-editor\" data-id=\"1efd360\" data-element_type=\"widget\" data-e-type=\"widget\" data-widget_type=\"text-editor.default\">\n\t\t\t\t<div class=\"elementor-widget-container\">\n\t\t\t\t\t\t\t\t\t<p>Na na\u0161\u00ed \u0161kole nab\u00edz\u00edme denn\u00ed studium ve t\u0159ech oborech:<\/p>\t\t\t\t\t\t\t\t<\/div>\n\t\t\t\t<\/div>\n\t\t\t\t\t<\/div>\n\t\t<\/div>\n\t\t\t\t\t<\/div>\n\t\t<\/section>\n\t\t\t\t<section class=\"elementor-section elementor-top-section elementor-element elementor-element-95a12c6 elementor-section-boxed elementor-section-height-default elementor-section-height-default\" data-id=\"95a12c6\" data-element_type=\"section\" data-e-type=\"section\">\n\t\t\t\t\t\t<div class=\"elementor-container elementor-column-gap-default\">\n\t\t\t\t\t<div class=\"elementor-column elementor-col-100 elementor-top-column elementor-element elementor-element-2f347ac\" data-id=\"2f347ac\" data-element_type=\"column\" data-e-type=\"column\">\n\t\t\t<div class=\"elementor-widget-wrap elementor-element-populated\">\n\t\t\t\t\t\t<div class=\"elementor-element elementor-element-c895426 elementor-widget elementor-widget-heading\" data-id=\"c895426\" data-element_type=\"widget\" data-e-type=\"widget\" data-widget_type=\"heading.default\">\n\t\t\t\t<div class=\"elementor-widget-container\">\n\t\t\t\t\t<h2 class=\"elementor-heading-title elementor-size-large\"><a href=\"https:\/\/www.dahora.cz\/en\/obor-obchodni-akademie\/\"><u>obor <span style=\", sans-serif;font-size: 29px;font-style: normal;font-weight: 700\">Obchodn\u00ed akademie (<\/span><\/u><span style=\", sans-serif;font-size: 29px;font-style: normal;font-weight: 700\"><u>63-41-M\/02)<\/u> <\/span><\/a><\/h2>\t\t\t\t<\/div>\n\t\t\t\t<\/div>\n\t\t\t\t\t<\/div>\n\t\t<\/div>\n\t\t\t\t\t<\/div>\n\t\t<\/section>\n\t\t\t\t<section class=\"elementor-section elementor-top-section elementor-element elementor-element-3f05f68 elementor-section-boxed elementor-section-height-default elementor-section-height-default\" data-id=\"3f05f68\" data-element_type=\"section\" data-e-type=\"section\">\n\t\t\t\t\t\t<div class=\"elementor-container elementor-column-gap-default\">\n\t\t\t\t\t<div class=\"elementor-column elementor-col-100 elementor-top-column elementor-element elementor-element-845c0df\" data-id=\"845c0df\" data-element_type=\"column\" data-e-type=\"column\">\n\t\t\t<div class=\"elementor-widget-wrap elementor-element-populated\">\n\t\t\t\t\t\t<div class=\"elementor-element elementor-element-3a2cb91 elementor-widget elementor-widget-text-editor\" data-id=\"3a2cb91\" data-element_type=\"widget\" data-e-type=\"widget\" data-widget_type=\"text-editor.default\">\n\t\t\t\t<div class=\"elementor-widget-container\">\n\t\t\t\t\t\t\t\t\t<p>\u2013 denn\u00ed studium v \u010desk\u00e9m jazyce nebo v \u010desk\u00e9m a anglick\u00e9m jazyce zakon\u010den\u00e9 \u010deskou maturitou<\/p><p>\u2013 jednotn\u00e9 p\u0159ij\u00edmac\u00ed zkou\u0161ky<\/p><p>\u2013 ve \u0161koln\u00edm roce 2026\/2027 bude otev\u0159ena jedna t\u0159\u00edda (26 \u017e\u00e1k\u016f)<\/p>\t\t\t\t\t\t\t\t<\/div>\n\t\t\t\t<\/div>\n\t\t\t\t\t<\/div>\n\t\t<\/div>\n\t\t\t\t\t<\/div>\n\t\t<\/section>\n\t\t\t\t<section class=\"elementor-section elementor-top-section elementor-element elementor-element-b593a4e elementor-section-boxed elementor-section-height-default elementor-section-height-default\" data-id=\"b593a4e\" data-element_type=\"section\" data-e-type=\"section\">\n\t\t\t\t\t\t<div class=\"elementor-container elementor-column-gap-default\">\n\t\t\t\t\t<div class=\"elementor-column elementor-col-100 elementor-top-column elementor-element elementor-element-77ad4e7\" data-id=\"77ad4e7\" data-element_type=\"column\" data-e-type=\"column\">\n\t\t\t<div class=\"elementor-widget-wrap elementor-element-populated\">\n\t\t\t\t\t\t<div class=\"elementor-element elementor-element-9297b03 elementor-widget elementor-widget-heading\" data-id=\"9297b03\" data-element_type=\"widget\" data-e-type=\"widget\" data-widget_type=\"heading.default\">\n\t\t\t\t<div class=\"elementor-widget-container\">\n\t\t\t\t\t<h2 class=\"elementor-heading-title elementor-size-large\"><a href=\"https:\/\/www.dahora.cz\/en\/obor-lyceum\/\"><u>obor Lyceum (78-42-M\/08)<\/u><\/a><\/h2>\t\t\t\t<\/div>\n\t\t\t\t<\/div>\n\t\t\t\t\t<\/div>\n\t\t<\/div>\n\t\t\t\t\t<\/div>\n\t\t<\/section>\n\t\t\t\t<section class=\"elementor-section elementor-top-section elementor-element elementor-element-e814fa9 elementor-section-boxed elementor-section-height-default elementor-section-height-default\" data-id=\"e814fa9\" data-element_type=\"section\" data-e-type=\"section\">\n\t\t\t\t\t\t<div class=\"elementor-container elementor-column-gap-default\">\n\t\t\t\t\t<div class=\"elementor-column elementor-col-100 elementor-top-column elementor-element elementor-element-ff5ba76\" data-id=\"ff5ba76\" data-element_type=\"column\" data-e-type=\"column\">\n\t\t\t<div class=\"elementor-widget-wrap elementor-element-populated\">\n\t\t\t\t\t\t<div class=\"elementor-element elementor-element-2db10fd elementor-widget elementor-widget-text-editor\" data-id=\"2db10fd\" data-element_type=\"widget\" data-e-type=\"widget\" data-widget_type=\"text-editor.default\">\n\t\t\t\t<div class=\"elementor-widget-container\">\n\t\t\t\t\t\t\t\t\t<p>\u2013 denn\u00ed studium v \u010desk\u00e9m jazyce nebo v \u010desk\u00e9m a anglick\u00e9m jazyce zakon\u010den\u00e9 mezin\u00e1rodn\u00ed anglickou maturitou<\/p><p>\u2013 jednotn\u00e9 p\u0159ij\u00edmac\u00ed zkou\u0161ky<\/p><p>\u2013 ve \u0161koln\u00edm roce 2026\/2027 bude otev\u0159ena jedna t\u0159\u00edda (26 \u017e\u00e1k\u016f)<\/p>\t\t\t\t\t\t\t\t<\/div>\n\t\t\t\t<\/div>\n\t\t\t\t\t<\/div>\n\t\t<\/div>\n\t\t\t\t\t<\/div>\n\t\t<\/section>\n\t\t\t\t<section class=\"elementor-section elementor-top-section elementor-element elementor-element-775e43e elementor-section-boxed elementor-section-height-default elementor-section-height-default\" data-id=\"775e43e\" data-element_type=\"section\" data-e-type=\"section\">\n\t\t\t\t\t\t<div class=\"elementor-container elementor-column-gap-default\">\n\t\t\t\t\t<div class=\"elementor-column elementor-col-100 elementor-top-column elementor-element elementor-element-1c89bd9\" data-id=\"1c89bd9\" data-element_type=\"column\" data-e-type=\"column\">\n\t\t\t<div class=\"elementor-widget-wrap elementor-element-populated\">\n\t\t\t\t\t\t<div class=\"elementor-element elementor-element-84ad33b elementor-widget elementor-widget-heading\" data-id=\"84ad33b\" data-element_type=\"widget\" data-e-type=\"widget\" data-widget_type=\"heading.default\">\n\t\t\t\t<div class=\"elementor-widget-container\">\n\t\t\t\t\t<h2 class=\"elementor-heading-title elementor-size-large\"><a href=\"https:\/\/www.dahora.cz\/en\/obor-business\/\"><u>obor Business (CZLC9 Business)<\/u><\/a><\/h2>\t\t\t\t<\/div>\n\t\t\t\t<\/div>\n\t\t\t\t\t<\/div>\n\t\t<\/div>\n\t\t\t\t\t<\/div>\n\t\t<\/section>\n\t\t\t\t<section class=\"elementor-section elementor-top-section elementor-element elementor-element-10bf6bb elementor-section-boxed elementor-section-height-default elementor-section-height-default\" data-id=\"10bf6bb\" data-element_type=\"section\" data-e-type=\"section\">\n\t\t\t\t\t\t<div class=\"elementor-container elementor-column-gap-default\">\n\t\t\t\t\t<div class=\"elementor-column elementor-col-100 elementor-top-column elementor-element elementor-element-77337b9\" data-id=\"77337b9\" data-element_type=\"column\" data-e-type=\"column\">\n\t\t\t<div class=\"elementor-widget-wrap elementor-element-populated\">\n\t\t\t\t\t\t<div class=\"elementor-element elementor-element-020740e elementor-widget elementor-widget-text-editor\" data-id=\"020740e\" data-element_type=\"widget\" data-e-type=\"widget\" data-widget_type=\"text-editor.default\">\n\t\t\t\t<div class=\"elementor-widget-container\">\n\t\t\t\t\t\t\t\t\t<p>\u2013 denn\u00ed studium v anglick\u00e9m jazyce zakon\u010den\u00e9 anglickou maturitou<\/p><p>\u2013 bez jednotn\u00fdch p\u0159ij\u00edmac\u00edch zkou\u0161ek<\/p><p>\u2013 ve \u0161koln\u00edm roce 2026\/2027 bude otev\u0159ena jedna t\u0159\u00edda (16 \u017e\u00e1k\u016f)<\/p>\t\t\t\t\t\t\t\t<\/div>\n\t\t\t\t<\/div>\n\t\t\t\t\t<\/div>\n\t\t<\/div>\n\t\t\t\t\t<\/div>\n\t\t<\/section>\n\t\t\t\t<\/div>","protected":false},"excerpt":{"rendered":"<p>Na na\u0161\u00ed \u0161kole nab\u00edz\u00edme denn\u00ed studium ve t\u0159ech oborech: obor Obchodn\u00ed akademie (63-41-M\/02) \u2013 denn\u00ed studium v \u010desk\u00e9m jazyce nebo v \u010desk\u00e9m a anglick\u00e9m jazyce zakon\u010den\u00e9 \u010deskou maturitou \u2013 jednotn\u00e9 p\u0159ij\u00edmac\u00ed zkou\u0161ky \u2013 ve \u0161koln\u00edm roce 2026\/2027 bude otev\u0159ena jedna t\u0159\u00edda (26 \u017e\u00e1k\u016f) obor Lyceum (78-42-M\/08) \u2013 denn\u00ed studium v \u010desk\u00e9m jazyce nebo v \u010desk\u00e9m&#8230;<\/p>","protected":false},"author":4,"featured_media":0,"parent":0,"menu_order":0,"comment_status":"closed","ping_status":"closed","template":"","meta":{"footnotes":""},"class_list":["post-1005875","page","type-page","status-publish","hentry"],"aioseo_notices":[],"_links":{"self":[{"href":"https:\/\/www.dahora.cz\/en\/wp-json\/wp\/v2\/pages\/1005875","targetHints":{"allow":["GET"]}}],"collection":[{"href":"https:\/\/www.dahora.cz\/en\/wp-json\/wp\/v2\/pages"}],"about":[{"href":"https:\/\/www.dahora.cz\/en\/wp-json\/wp\/v2\/types\/page"}],"author":[{"embeddable":true,"href":"https:\/\/www.dahora.cz\/en\/wp-json\/wp\/v2\/users\/4"}],"replies":[{"embeddable":true,"href":"https:\/\/www.dahora.cz\/en\/wp-json\/wp\/v2\/comments?post=1005875"}],"version-history":[{"count":4,"href":"https:\/\/www.dahora.cz\/en\/wp-json\/wp\/v2\/pages\/1005875\/revisions"}],"predecessor-version":[{"id":1005881,"href":"https:\/\/www.dahora.cz\/en\/wp-json\/wp\/v2\/pages\/1005875\/revisions\/1005881"}],"wp:attachment":[{"href":"https:\/\/www.dahora.cz\/en\/wp-json\/wp\/v2\/media?parent=1005875"}],"curies":[{"name":"wp","href":"https:\/\/api.w.org\/{rel}","templated":true}]}}