{"id":16311,"date":"2021-01-21T16:18:28","date_gmt":"2021-01-21T15:18:28","guid":{"rendered":"https:\/\/estudiar.vamtam.com\/?page_id=16311"},"modified":"2026-03-01T14:59:32","modified_gmt":"2026-03-01T13:59:32","slug":"prijimacky-nanecisto","status":"publish","type":"page","link":"https:\/\/www.dahora.cz\/en\/prijimacky-nanecisto\/","title":{"rendered":"Mock entrance exams"},"content":{"rendered":"<div data-elementor-type=\"wp-page\" data-elementor-id=\"16311\" class=\"elementor elementor-16311\" data-elementor-post-type=\"page\">\n\t\t\t\t\t\t<section class=\"elementor-section elementor-top-section elementor-element elementor-element-2368fa2d elementor-section-height-min-height elementor-section-boxed elementor-section-height-default elementor-section-items-middle\" data-id=\"2368fa2d\" data-element_type=\"section\" data-e-type=\"section\" data-settings=\"{&quot;background_background&quot;:&quot;classic&quot;}\">\n\t\t\t\t\t\t\t<div class=\"elementor-background-overlay\"><\/div>\n\t\t\t\t\t\t\t<div class=\"elementor-container elementor-column-gap-default\">\n\t\t\t\t\t<div class=\"elementor-column elementor-col-100 elementor-top-column elementor-element elementor-element-76720c5a\" data-id=\"76720c5a\" data-element_type=\"column\" data-e-type=\"column\" data-settings=\"{&quot;background_background&quot;:&quot;classic&quot;}\">\n\t\t\t<div class=\"elementor-widget-wrap\">\n\t\t\t\t\t\t\t<\/div>\n\t\t<\/div>\n\t\t\t\t\t<\/div>\n\t\t<\/section>\n\t\t\t\t<section class=\"elementor-section elementor-top-section elementor-element elementor-element-5ef9079b elementor-section-boxed elementor-section-height-default elementor-section-height-default\" data-id=\"5ef9079b\" data-element_type=\"section\" data-e-type=\"section\">\n\t\t\t\t\t\t<div class=\"elementor-container elementor-column-gap-no\">\n\t\t\t\t\t<div class=\"elementor-column elementor-col-50 elementor-top-column elementor-element elementor-element-e007c17 animated-fast elementor-invisible\" data-id=\"e007c17\" data-element_type=\"column\" data-e-type=\"column\" data-settings=\"{&quot;background_background&quot;:&quot;classic&quot;,&quot;animation&quot;:&quot;fadeIn&quot;,&quot;animation_tablet&quot;:&quot;none&quot;,&quot;animation_mobile&quot;:&quot;none&quot;,&quot;animation_delay&quot;:100}\">\n\t\t\t<div class=\"elementor-widget-wrap elementor-element-populated\">\n\t\t\t\t\t\t\t<\/div>\n\t\t<\/div>\n\t\t\t\t<div class=\"elementor-column elementor-col-50 elementor-top-column elementor-element elementor-element-6d618c23 elementor-hidden-desktop elementor-hidden-tablet elementor-hidden-phone\" data-id=\"6d618c23\" data-element_type=\"column\" data-e-type=\"column\">\n\t\t\t<div class=\"elementor-widget-wrap\">\n\t\t\t\t\t\t\t<\/div>\n\t\t<\/div>\n\t\t\t\t\t<\/div>\n\t\t<\/section>\n\t\t\t\t<section class=\"elementor-section elementor-top-section elementor-element elementor-element-7dd36368 elementor-section-boxed elementor-section-height-default elementor-section-height-default\" data-id=\"7dd36368\" data-element_type=\"section\" data-e-type=\"section\">\n\t\t\t\t\t\t<div class=\"elementor-container elementor-column-gap-no\">\n\t\t\t\t\t<div class=\"elementor-column elementor-col-100 elementor-top-column elementor-element elementor-element-53b75e22\" data-id=\"53b75e22\" data-element_type=\"column\" data-e-type=\"column\">\n\t\t\t<div class=\"elementor-widget-wrap elementor-element-populated\">\n\t\t\t\t\t\t<div class=\"elementor-element elementor-element-14a7790c elementor-widget elementor-widget-text-editor\" data-id=\"14a7790c\" data-element_type=\"widget\" data-e-type=\"widget\" data-widget_type=\"text-editor.default\">\n\t\t\t\t<div class=\"elementor-widget-container\">\n\t\t\t\t\t\t\t\t\t<p>Come and try the NANE\u010cISTO high school entrance exams in Czech language and literature and mathematics.<\/p><p>The mock entrance exams are always held on Saturdays.<\/p><p>Start at 8:30, end at about 13:00.<\/p><p><strong>Dates:<\/strong><\/p><ul><li>14. 3. 2026<\/li><li>21. 3. 2026<\/li><\/ul><p>Access to the school building from 8:00. At 8:30 the official start of writing. Results will be available the same day. Afterwards, a consultation with the teacher on the most common mistakes is possible.<\/p><p>Interested parties can apply by e-mail <a href=\"mailto:michaela.vackova@dahora.cz\" target=\"_blank\" rel=\"noopener\">michaela.vackova@dahora.cz<\/a> nebo na tel.: 737 080 807<\/p>\t\t\t\t\t\t\t\t<\/div>\n\t\t\t\t<\/div>\n\t\t\t\t<div class=\"elementor-element elementor-element-9909ef5 elementor-align-left elementor-mobile-align-left elementor-widget elementor-widget-button\" data-id=\"9909ef5\" data-element_type=\"widget\" data-e-type=\"widget\" data-widget_type=\"button.default\">\n\t\t\t\t<div class=\"elementor-widget-container\">\n\t\t\t\t\t\t\t\t\t<div class=\"elementor-button-wrapper\">\n\t\t\t\t\t<a class=\"elementor-button elementor-button-link elementor-size-sm\" href=\"https:\/\/shop.hustaskola.cz\/obchod\/produkt\/prijimaci-zkousky-nanecisto-da\/\" target=\"_blank\" id=\"button-track-download-application\">\n\t\t\t\t\t\t<span class=\"elementor-button-content-wrapper\">\n\t\t\t\t\t\t\t\t\t<span class=\"elementor-button-text\">ORDER A COURSE<\/span>\n\t\t\t\t\t<\/span>\n\t\t\t\t\t<\/a>\n\t\t\t\t<\/div>\n\t\t\t\t\t\t\t\t<\/div>\n\t\t\t\t<\/div>\n\t\t\t\t\t<\/div>\n\t\t<\/div>\n\t\t\t\t\t<\/div>\n\t\t<\/section>\n\t\t\t\t<section class=\"elementor-section elementor-top-section elementor-element elementor-element-af9fa50 elementor-section-boxed elementor-section-height-default elementor-section-height-default\" data-id=\"af9fa50\" data-element_type=\"section\" data-e-type=\"section\">\n\t\t\t\t\t\t<div class=\"elementor-container elementor-column-gap-no\">\n\t\t\t\t\t<div class=\"elementor-column elementor-col-100 elementor-top-column elementor-element elementor-element-f0d96b9\" data-id=\"f0d96b9\" data-element_type=\"column\" data-e-type=\"column\">\n\t\t\t<div class=\"elementor-widget-wrap elementor-element-populated\">\n\t\t\t\t\t\t<div class=\"elementor-element elementor-element-486dc19 elementor-widget elementor-widget-image\" data-id=\"486dc19\" data-element_type=\"widget\" data-e-type=\"widget\" data-widget_type=\"image.default\">\n\t\t\t\t<div class=\"elementor-widget-container\">\n\t\t\t\t\t\t\t\t\t<div class=\"elementor-image\">\n\t\t\t\t\t\t\t\t\t\t\t\t\t\t\t\t\t\t\t\t\t<img fetchpriority=\"high\" decoding=\"async\" width=\"768\" height=\"768\" src=\"https:\/\/www.dahora.cz\/wp-content\/uploads\/2026\/01\/prijimacky-nanecisto-14-unora-2026-768x768.avif\" class=\"attachment-medium_large size-medium_large wp-image-1005282\" alt=\"P\u0159ij\u00edma\u010dky nane\u010disto na Digital Academy Kutn\u00e1 Hora 14. \u00fanora 2026\" srcset=\"https:\/\/www.dahora.cz\/wp-content\/uploads\/2026\/01\/prijimacky-nanecisto-14-unora-2026-768x768.avif 768w, https:\/\/www.dahora.cz\/wp-content\/uploads\/2026\/01\/prijimacky-nanecisto-14-unora-2026-300x300.avif 300w, https:\/\/www.dahora.cz\/wp-content\/uploads\/2026\/01\/prijimacky-nanecisto-14-unora-2026-1024x1024.avif 1024w, https:\/\/www.dahora.cz\/wp-content\/uploads\/2026\/01\/prijimacky-nanecisto-14-unora-2026-150x150.avif 150w, https:\/\/www.dahora.cz\/wp-content\/uploads\/2026\/01\/prijimacky-nanecisto-14-unora-2026-12x12.avif 12w, https:\/\/www.dahora.cz\/wp-content\/uploads\/2026\/01\/prijimacky-nanecisto-14-unora-2026.avif 1080w\" sizes=\"(max-width: 768px) 100vw, 768px\" \/>\t\t\t\t\t\t\t\t\t\t\t\t\t\t\t\t\t\t\t\t\t\t\t\t<\/div>\n\t\t\t\t\t\t\t\t<\/div>\n\t\t\t\t<\/div>\n\t\t\t\t\t<\/div>\n\t\t<\/div>\n\t\t\t\t\t<\/div>\n\t\t<\/section>\n\t\t\t\t<\/div>","protected":false},"excerpt":{"rendered":"<p>P\u0159ij\u010fte si vyzkou\u0161et p\u0159ij\u00edmac\u00ed zkou\u0161ky na st\u0159edn\u00ed \u0161koly z \u010desk\u00e9ho jazyka a literatury a matematiky NANE\u010cISTO. P\u0159ij\u00edma\u010dky nane\u010disto prob\u00edhaj\u00ed v\u017edy o sobot\u00e1ch. Za\u010d\u00e1tek v 8:30, konec cca 13:00. Term\u00edny: 14. 3. 2026 21. 3. 2026 Od 8:00 umo\u017en\u011bn vstup do budovy \u0161koly. V 8:30 ofici\u00e1ln\u00ed za\u010d\u00e1tek psan\u00ed. V\u00fdsledky budou k dispozici je\u0161t\u011b ten sam\u00fd den&#8230;.<\/p>","protected":false},"author":1,"featured_media":0,"parent":0,"menu_order":0,"comment_status":"closed","ping_status":"closed","template":"","meta":{"footnotes":""},"class_list":["post-16311","page","type-page","status-publish","hentry"],"aioseo_notices":[],"_links":{"self":[{"href":"https:\/\/www.dahora.cz\/en\/wp-json\/wp\/v2\/pages\/16311","targetHints":{"allow":["GET"]}}],"collection":[{"href":"https:\/\/www.dahora.cz\/en\/wp-json\/wp\/v2\/pages"}],"about":[{"href":"https:\/\/www.dahora.cz\/en\/wp-json\/wp\/v2\/types\/page"}],"author":[{"embeddable":true,"href":"https:\/\/www.dahora.cz\/en\/wp-json\/wp\/v2\/users\/1"}],"replies":[{"embeddable":true,"href":"https:\/\/www.dahora.cz\/en\/wp-json\/wp\/v2\/comments?post=16311"}],"version-history":[{"count":0,"href":"https:\/\/www.dahora.cz\/en\/wp-json\/wp\/v2\/pages\/16311\/revisions"}],"wp:attachment":[{"href":"https:\/\/www.dahora.cz\/en\/wp-json\/wp\/v2\/media?parent=16311"}],"curies":[{"name":"wp","href":"https:\/\/api.w.org\/{rel}","templated":true}]}}