{"id":16770,"date":"2021-01-22T11:48:30","date_gmt":"2021-01-22T11:48:30","guid":{"rendered":"https:\/\/estudiar.vamtam.com\/?page_id=16770"},"modified":"2025-03-18T06:44:52","modified_gmt":"2025-03-18T05:44:52","slug":"pripravne-kurzy-k-prijimacim-zkouskam-na-stredni-skoly","status":"publish","type":"page","link":"https:\/\/www.dahora.cz\/en\/pripravne-kurzy-k-prijimacim-zkouskam-na-stredni-skoly\/","title":{"rendered":"Full-day intensive preparatory course"},"content":{"rendered":"<div data-elementor-type=\"wp-page\" data-elementor-id=\"16770\" class=\"elementor elementor-16770\" data-elementor-post-type=\"page\">\n\t\t\t\t\t\t<section class=\"elementor-section elementor-top-section elementor-element elementor-element-705198b7 elementor-section-height-min-height elementor-section-boxed elementor-section-height-default elementor-section-items-middle\" data-id=\"705198b7\" data-element_type=\"section\" data-e-type=\"section\" data-settings=\"{&quot;background_background&quot;:&quot;classic&quot;}\">\n\t\t\t\t\t\t\t<div class=\"elementor-background-overlay\"><\/div>\n\t\t\t\t\t\t\t<div class=\"elementor-container elementor-column-gap-default\">\n\t\t\t\t\t<div class=\"elementor-column elementor-col-100 elementor-top-column elementor-element elementor-element-4b0bf9b1\" data-id=\"4b0bf9b1\" data-element_type=\"column\" data-e-type=\"column\" data-settings=\"{&quot;background_background&quot;:&quot;classic&quot;}\">\n\t\t\t<div class=\"elementor-widget-wrap\">\n\t\t\t\t\t\t\t<\/div>\n\t\t<\/div>\n\t\t\t\t\t<\/div>\n\t\t<\/section>\n\t\t\t\t<section class=\"elementor-section elementor-top-section elementor-element elementor-element-3c32f546 elementor-section-boxed elementor-section-height-default elementor-section-height-default\" data-id=\"3c32f546\" data-element_type=\"section\" data-e-type=\"section\">\n\t\t\t\t\t\t<div class=\"elementor-container elementor-column-gap-no\">\n\t\t\t\t\t<div class=\"elementor-column elementor-col-50 elementor-top-column elementor-element elementor-element-5c6ef694 animated-fast elementor-invisible\" data-id=\"5c6ef694\" data-element_type=\"column\" data-e-type=\"column\" data-settings=\"{&quot;background_background&quot;:&quot;classic&quot;,&quot;animation&quot;:&quot;fadeIn&quot;,&quot;animation_tablet&quot;:&quot;none&quot;,&quot;animation_mobile&quot;:&quot;none&quot;,&quot;animation_delay&quot;:100}\">\n\t\t\t<div class=\"elementor-widget-wrap elementor-element-populated\">\n\t\t\t\t\t\t\t<\/div>\n\t\t<\/div>\n\t\t\t\t<div class=\"elementor-column elementor-col-50 elementor-top-column elementor-element elementor-element-23652f26 elementor-hidden-desktop elementor-hidden-tablet elementor-hidden-phone\" data-id=\"23652f26\" data-element_type=\"column\" data-e-type=\"column\">\n\t\t\t<div class=\"elementor-widget-wrap\">\n\t\t\t\t\t\t\t<\/div>\n\t\t<\/div>\n\t\t\t\t\t<\/div>\n\t\t<\/section>\n\t\t\t\t<section class=\"elementor-section elementor-top-section elementor-element elementor-element-4e67e2a elementor-section-boxed elementor-section-height-default elementor-section-height-default\" data-id=\"4e67e2a\" data-element_type=\"section\" data-e-type=\"section\">\n\t\t\t\t\t\t<div class=\"elementor-container elementor-column-gap-no\">\n\t\t\t\t\t<div class=\"elementor-column elementor-col-100 elementor-top-column elementor-element elementor-element-9efa293\" data-id=\"9efa293\" data-element_type=\"column\" data-e-type=\"column\">\n\t\t\t<div class=\"elementor-widget-wrap elementor-element-populated\">\n\t\t\t\t\t\t<div class=\"elementor-element elementor-element-49a18f3 elementor-widget elementor-widget-text-editor\" data-id=\"49a18f3\" data-element_type=\"widget\" data-e-type=\"widget\" data-widget_type=\"text-editor.default\">\n\t\t\t\t<div class=\"elementor-widget-container\">\n\t\t\t\t\t\t\t\t\t<p>For high school entrance exams in mathematics or Czech language.<\/p>\t\t\t\t\t\t\t\t<\/div>\n\t\t\t\t<\/div>\n\t\t\t\t<div class=\"elementor-element elementor-element-a3770ee elementor-align-left elementor-mobile-align-left elementor-widget elementor-widget-button\" data-id=\"a3770ee\" data-element_type=\"widget\" data-e-type=\"widget\" data-widget_type=\"button.default\">\n\t\t\t\t<div class=\"elementor-widget-container\">\n\t\t\t\t\t\t\t\t\t<div class=\"elementor-button-wrapper\">\n\t\t\t\t\t<a class=\"elementor-button elementor-button-link elementor-size-sm\" href=\"https:\/\/www.dahora.cz\/wp-content\/uploads\/2025\/03\/celodenni-pripravny-kurz-na-prijimacky-2026.pdf\" target=\"_blank\" id=\"button-track-download-kurzy\">\n\t\t\t\t\t\t<span class=\"elementor-button-content-wrapper\">\n\t\t\t\t\t\t\t\t\t<span class=\"elementor-button-text\">DOWNLOAD THE APPLICATION FORM<\/span>\n\t\t\t\t\t<\/span>\n\t\t\t\t\t<\/a>\n\t\t\t\t<\/div>\n\t\t\t\t\t\t\t\t<\/div>\n\t\t\t\t<\/div>\n\t\t\t\t<div class=\"elementor-element elementor-element-e7f7856 elementor-widget elementor-widget-text-editor\" data-id=\"e7f7856\" data-element_type=\"widget\" data-e-type=\"widget\" data-widget_type=\"text-editor.default\">\n\t\t\t\t<div class=\"elementor-widget-container\">\n\t\t\t\t\t\t\t\t\t<p>The preparatory courses are full-day and intensive.\u00a0<\/p><p>Start date: <b>MAT course - Saturday 28 February 2026<\/b><\/p><p>Start date: <b>CJL course\u00a0<span style=\"font-family: Inter, sans-serif; font-size: 18px; font-style: normal; font-variant-ligatures: normal; font-variant-caps: normal;\">-<\/span>\u00a0Saturday 7 March 2026<\/b>\u00a0<\/p><p>1. The course is open to registered students who have paid:<br \/>- \u010cJL - course fee: 990,- CZK<br \/>- MAT - course fee: 990,- CZK<br \/>- \u010cJL + MAT - course fee: 1.790,- CZK<\/p><p>The course fee is payable to the school account No. 2802337034\/2010. Please indicate your birth number as the variable symbol<br \/>or the applicant's date of birth and include the applicant's name in the message to the recipient.<\/p><p>2. The course takes place in the Digital Academy school building, Pod \u0160kolou 167, Kutn\u00e1 Hora - Mal\u00edn\u00a0<span style=\"letter-spacing: var(--vamtam-primary-font-letter-spacing-desktop,normal); text-transform: var(--vamtam-primary-font-transform,none);\">from 08:30 - 15:00 according to the set date.<\/span><\/p><p><span style=\"letter-spacing: var(--vamtam-primary-font-letter-spacing-desktop,normal); text-transform: var(--vamtam-primary-font-transform,none);\">\u00a0<\/span><\/p><p><span style=\"letter-spacing: var(--vamtam-primary-font-letter-spacing-desktop,normal); text-transform: var(--vamtam-primary-font-transform,none);\">3. In case of withdrawal, the course fee is not refundable.<\/span><\/p><p><span style=\"letter-spacing: var(--vamtam-primary-font-letter-spacing-desktop,normal); text-transform: var(--vamtam-primary-font-transform,none);\">\u00a0<\/span><\/p><p><b>In case of purchase of the course \u010cJL + MAT and entrance exams (separate price 450,- CZK)<br \/>the total price is 1.990,- CZK.<\/b><\/p><p><b>\u00a0<\/b><\/p><p>Interested parties can apply by e-mail <a href=\"mailto:michaela.vackova@dahora.cz\" target=\"_blank\" rel=\"noopener\">michaela.vackova@dahora.cz<\/a> or by phone: 737 080 8077<\/p>\t\t\t\t\t\t\t\t<\/div>\n\t\t\t\t<\/div>\n\t\t\t\t\t<\/div>\n\t\t<\/div>\n\t\t\t\t\t<\/div>\n\t\t<\/section>\n\t\t\t\t<section class=\"elementor-section elementor-top-section elementor-element elementor-element-cdbd25b elementor-section-boxed elementor-section-height-default elementor-section-height-default\" data-id=\"cdbd25b\" data-element_type=\"section\" data-e-type=\"section\">\n\t\t\t\t\t\t<div class=\"elementor-container elementor-column-gap-no\">\n\t\t\t\t\t<div class=\"elementor-column elementor-col-100 elementor-top-column elementor-element elementor-element-73fec81\" data-id=\"73fec81\" data-element_type=\"column\" data-e-type=\"column\">\n\t\t\t<div class=\"elementor-widget-wrap elementor-element-populated\">\n\t\t\t\t\t\t\t<\/div>\n\t\t<\/div>\n\t\t\t\t\t<\/div>\n\t\t<\/section>\n\t\t\t\t<\/div>","protected":false},"excerpt":{"rendered":"<p>For high school entrance exams in mathematics or Czech language. DOWNLOAD APPLICATION Preparatory courses are full-day and intensive.  Start date: MAT course - Saturday 28 February 2026 Start date: \u010cJL course - Saturday 7 March 2026 1. The course is open to registered students who have paid:- \u010cJL - course fee: 990,- CZK- MAT - course fee: 990,- CZK-...<\/p>","protected":false},"author":1,"featured_media":0,"parent":0,"menu_order":0,"comment_status":"closed","ping_status":"closed","template":"","meta":{"footnotes":""},"class_list":["post-16770","page","type-page","status-publish","hentry"],"aioseo_notices":[],"_links":{"self":[{"href":"https:\/\/www.dahora.cz\/en\/wp-json\/wp\/v2\/pages\/16770","targetHints":{"allow":["GET"]}}],"collection":[{"href":"https:\/\/www.dahora.cz\/en\/wp-json\/wp\/v2\/pages"}],"about":[{"href":"https:\/\/www.dahora.cz\/en\/wp-json\/wp\/v2\/types\/page"}],"author":[{"embeddable":true,"href":"https:\/\/www.dahora.cz\/en\/wp-json\/wp\/v2\/users\/1"}],"replies":[{"embeddable":true,"href":"https:\/\/www.dahora.cz\/en\/wp-json\/wp\/v2\/comments?post=16770"}],"version-history":[{"count":0,"href":"https:\/\/www.dahora.cz\/en\/wp-json\/wp\/v2\/pages\/16770\/revisions"}],"wp:attachment":[{"href":"https:\/\/www.dahora.cz\/en\/wp-json\/wp\/v2\/media?parent=16770"}],"curies":[{"name":"wp","href":"https:\/\/api.w.org\/{rel}","templated":true}]}}