{"id":993459,"date":"2024-02-24T11:33:47","date_gmt":"2024-02-24T10:33:47","guid":{"rendered":"https:\/\/www.dahora.cz\/?page_id=993459"},"modified":"2025-09-17T08:44:28","modified_gmt":"2025-09-17T06:44:28","slug":"pripravny-kurz-pro-8-a-9-rocniky-zs","status":"publish","type":"page","link":"https:\/\/www.dahora.cz\/en\/pripravny-kurz-pro-8-a-9-rocniky-zs\/","title":{"rendered":"Preparatory course for 8th and 9th graders"},"content":{"rendered":"<div data-elementor-type=\"wp-page\" data-elementor-id=\"993459\" class=\"elementor elementor-993459\" data-elementor-post-type=\"page\">\n\t\t\t\t\t\t<section class=\"elementor-section elementor-top-section elementor-element elementor-element-df1030f elementor-section-height-min-height elementor-section-boxed elementor-section-height-default elementor-section-items-middle\" data-id=\"df1030f\" data-element_type=\"section\" data-e-type=\"section\" data-settings=\"{&quot;background_background&quot;:&quot;classic&quot;}\">\n\t\t\t\t\t\t\t<div class=\"elementor-background-overlay\"><\/div>\n\t\t\t\t\t\t\t<div class=\"elementor-container elementor-column-gap-default\">\n\t\t\t\t\t<div class=\"elementor-column elementor-col-100 elementor-top-column elementor-element elementor-element-860b912\" data-id=\"860b912\" data-element_type=\"column\" data-e-type=\"column\" data-settings=\"{&quot;background_background&quot;:&quot;classic&quot;}\">\n\t\t\t<div class=\"elementor-widget-wrap\">\n\t\t\t\t\t\t\t<\/div>\n\t\t<\/div>\n\t\t\t\t\t<\/div>\n\t\t<\/section>\n\t\t\t\t<section class=\"elementor-section elementor-top-section elementor-element elementor-element-7459892 elementor-section-boxed elementor-section-height-default elementor-section-height-default\" data-id=\"7459892\" data-element_type=\"section\" data-e-type=\"section\">\n\t\t\t\t\t\t<div class=\"elementor-container elementor-column-gap-no\">\n\t\t\t\t\t<div class=\"elementor-column elementor-col-50 elementor-top-column elementor-element elementor-element-85a1ed2 animated-fast elementor-invisible\" data-id=\"85a1ed2\" data-element_type=\"column\" data-e-type=\"column\" data-settings=\"{&quot;background_background&quot;:&quot;classic&quot;,&quot;animation&quot;:&quot;fadeIn&quot;,&quot;animation_tablet&quot;:&quot;none&quot;,&quot;animation_mobile&quot;:&quot;none&quot;,&quot;animation_delay&quot;:100}\">\n\t\t\t<div class=\"elementor-widget-wrap elementor-element-populated\">\n\t\t\t\t\t\t\t<\/div>\n\t\t<\/div>\n\t\t\t\t<div class=\"elementor-column elementor-col-50 elementor-top-column elementor-element elementor-element-0ba44e2 elementor-hidden-desktop elementor-hidden-tablet elementor-hidden-phone\" data-id=\"0ba44e2\" data-element_type=\"column\" data-e-type=\"column\">\n\t\t\t<div class=\"elementor-widget-wrap\">\n\t\t\t\t\t\t\t<\/div>\n\t\t<\/div>\n\t\t\t\t\t<\/div>\n\t\t<\/section>\n\t\t\t\t<section class=\"elementor-section elementor-top-section elementor-element elementor-element-9294590 elementor-section-boxed elementor-section-height-default elementor-section-height-default\" data-id=\"9294590\" data-element_type=\"section\" data-e-type=\"section\">\n\t\t\t\t\t\t<div class=\"elementor-container elementor-column-gap-default\">\n\t\t\t\t\t<div class=\"elementor-column elementor-col-100 elementor-top-column elementor-element elementor-element-0e578d0\" data-id=\"0e578d0\" data-element_type=\"column\" data-e-type=\"column\">\n\t\t\t<div class=\"elementor-widget-wrap elementor-element-populated\">\n\t\t\t\t\t\t<div class=\"elementor-element elementor-element-fed4a8c elementor-widget elementor-widget-text-editor\" data-id=\"fed4a8c\" data-element_type=\"widget\" data-e-type=\"widget\" data-widget_type=\"text-editor.default\">\n\t\t\t\t<div class=\"elementor-widget-container\">\n\t\t\t\t\t\t\t\t\t<ul><li>Preparatory course for secondary school entrance examinations for pupils of 8th and 9th grades of primary schools<\/li><li>Minimum participation of 7 pupils<\/li><\/ul><div>\u00a0<\/div><ol><li>The course is open to registered students who have paid:<\/li><\/ol><ul><li><b>\u010cJL + MAT\u00a0<\/b><span style=\"font-family: Inter, sans-serif; font-size: 18px; font-style: normal; font-variant-ligatures: normal; font-variant-caps: normal; font-weight: 400;\">-\u00a0<\/span>tuition fee: 7.600,- CZK (once a week in the afternoon 1 hour of \u010cJL 1 hour of MAT) - 16 lessons\/ 16 weeks<\/li><li><b>AJ <\/b>- tuition fee: 4.800 CZK (1 hour per week) - 16 lessons \/ 16 weeks<\/li><\/ul><p>(The course fee is payable to the school account no. 2802337034\/2010. Please enter your birth number or date of birth as the variable symbol.)<\/p><ol start=\"2\"><li>The course takes place in the school building <b>Digital Academy - Business Academy, s.r.o., Pod \u0160kolou 167, Kutn\u00e1 Hora - Mal\u00edn\u00a0<\/b><\/li><\/ol><div><b>\u00a0<\/b><\/div><ol start=\"3\"><li>In case of withdrawal, the course fee is not refundable. However, the school will accept a substitute before the student enrolls in the course, who will be sent by the originally enrolled student.<\/li><\/ol><div>\u00a0<\/div><ul><li>Courses <strong>\u010cJL + MAT<\/strong> - take place <strong>every Thursday<\/strong>, the beginning <strong>from 9.10.2025, end 9.4.2026<\/strong><\/li><li>Courses <strong>\u010cJL + MAT<\/strong> - 7th and 8th hour - <strong>14:30 - 16:05<\/strong><\/li><li>Courses <strong>\u010cJL + MAT<\/strong> - Teacher Mgr. Aubrechtov\u00e1 and Ing. Reichel<\/li><li>AJ course - once a week in the afternoon according to the school schedule - <strong>prerequisite Thursday 9th hour <\/strong>(16:10 &#8211; 16:55)<\/li><\/ul><p>\u00a0<\/p>\t\t\t\t\t\t\t\t<\/div>\n\t\t\t\t<\/div>\n\t\t\t\t<div class=\"elementor-element elementor-element-fb17181 elementor-align-left elementor-mobile-align-left elementor-widget elementor-widget-button\" data-id=\"fb17181\" data-element_type=\"widget\" data-e-type=\"widget\" data-widget_type=\"button.default\">\n\t\t\t\t<div class=\"elementor-widget-container\">\n\t\t\t\t\t\t\t\t\t<div class=\"elementor-button-wrapper\">\n\t\t\t\t\t<a class=\"elementor-button elementor-button-link elementor-size-xs\" href=\"https:\/\/shop.hustaskola.cz\/obchod\/produkt\/pripravne-kurzy-k-prijimacim-zkouskam-da\/\" target=\"_blank\">\n\t\t\t\t\t\t<span class=\"elementor-button-content-wrapper\">\n\t\t\t\t\t\t\t\t\t<span class=\"elementor-button-text\">ORDER A COURSE<\/span>\n\t\t\t\t\t<\/span>\n\t\t\t\t\t<\/a>\n\t\t\t\t<\/div>\n\t\t\t\t\t\t\t\t<\/div>\n\t\t\t\t<\/div>\n\t\t\t\t<div class=\"elementor-element elementor-element-4c7a5e4 elementor-align-left elementor-mobile-align-left elementor-widget elementor-widget-button\" data-id=\"4c7a5e4\" data-element_type=\"widget\" data-e-type=\"widget\" data-widget_type=\"button.default\">\n\t\t\t\t<div class=\"elementor-widget-container\">\n\t\t\t\t\t\t\t\t\t<div class=\"elementor-button-wrapper\">\n\t\t\t\t\t<a class=\"elementor-button elementor-button-link elementor-size-xs\" href=\"https:\/\/www.dahora.cz\/en\/kontaktni-formular\/\">\n\t\t\t\t\t\t<span class=\"elementor-button-content-wrapper\">\n\t\t\t\t\t\t\t\t\t<span class=\"elementor-button-text\">ASK US<\/span>\n\t\t\t\t\t<\/span>\n\t\t\t\t\t<\/a>\n\t\t\t\t<\/div>\n\t\t\t\t\t\t\t\t<\/div>\n\t\t\t\t<\/div>\n\t\t\t\t<div class=\"elementor-element elementor-element-b73d605 elementor-widget elementor-widget-image\" data-id=\"b73d605\" data-element_type=\"widget\" data-e-type=\"widget\" data-widget_type=\"image.default\">\n\t\t\t\t<div class=\"elementor-widget-container\">\n\t\t\t\t\t\t\t\t\t<div class=\"elementor-image\">\n\t\t\t\t\t\t\t\t\t\t\t\t\t\t\t\t\t\t\t\t\t<img fetchpriority=\"high\" decoding=\"async\" width=\"768\" height=\"768\" src=\"https:\/\/www.dahora.cz\/wp-content\/uploads\/2025\/09\/pripravne-kurzy-9-rocniky-skolni-rok-2025-2026-768x768.webp\" class=\"attachment-medium_large size-medium_large wp-image-999233\" alt=\"P\u0159\u00edpravn\u00e9 kurzy pro 9. ro\u010dn\u00edky \u010cJL a MAT a AJ\" srcset=\"https:\/\/www.dahora.cz\/wp-content\/uploads\/2025\/09\/pripravne-kurzy-9-rocniky-skolni-rok-2025-2026-768x768.webp 768w, https:\/\/www.dahora.cz\/wp-content\/uploads\/2025\/09\/pripravne-kurzy-9-rocniky-skolni-rok-2025-2026-300x300.webp 300w, https:\/\/www.dahora.cz\/wp-content\/uploads\/2025\/09\/pripravne-kurzy-9-rocniky-skolni-rok-2025-2026-1024x1024.webp 1024w, https:\/\/www.dahora.cz\/wp-content\/uploads\/2025\/09\/pripravne-kurzy-9-rocniky-skolni-rok-2025-2026-150x150.webp 150w, https:\/\/www.dahora.cz\/wp-content\/uploads\/2025\/09\/pripravne-kurzy-9-rocniky-skolni-rok-2025-2026-12x12.webp 12w, https:\/\/www.dahora.cz\/wp-content\/uploads\/2025\/09\/pripravne-kurzy-9-rocniky-skolni-rok-2025-2026.webp 1080w\" sizes=\"(max-width: 768px) 100vw, 768px\" \/>\t\t\t\t\t\t\t\t\t\t\t\t\t\t\t\t\t\t\t\t\t\t\t\t<\/div>\n\t\t\t\t\t\t\t\t<\/div>\n\t\t\t\t<\/div>\n\t\t\t\t\t<\/div>\n\t\t<\/div>\n\t\t\t\t\t<\/div>\n\t\t<\/section>\n\t\t\t\t<\/div>","protected":false},"excerpt":{"rendered":"<p>Preparatory course for secondary school entrance exams for pupils of 8th and 9th grades of primary schools Minimum participation 7 pupils The course can be attended by a registered student who has paid: \u010cJL + MAT - course fee: 7.600,- CZK (1 hour of \u010cJL 1 hour of MAT once a week in the afternoon) - 16 lessons\/ 16 weeks AJ - course fee: 4.800 CZK (1 hour a week) - 16...<\/p>","protected":false},"author":4,"featured_media":0,"parent":0,"menu_order":0,"comment_status":"closed","ping_status":"closed","template":"","meta":{"footnotes":""},"class_list":["post-993459","page","type-page","status-publish","hentry"],"aioseo_notices":[],"_links":{"self":[{"href":"https:\/\/www.dahora.cz\/en\/wp-json\/wp\/v2\/pages\/993459","targetHints":{"allow":["GET"]}}],"collection":[{"href":"https:\/\/www.dahora.cz\/en\/wp-json\/wp\/v2\/pages"}],"about":[{"href":"https:\/\/www.dahora.cz\/en\/wp-json\/wp\/v2\/types\/page"}],"author":[{"embeddable":true,"href":"https:\/\/www.dahora.cz\/en\/wp-json\/wp\/v2\/users\/4"}],"replies":[{"embeddable":true,"href":"https:\/\/www.dahora.cz\/en\/wp-json\/wp\/v2\/comments?post=993459"}],"version-history":[{"count":0,"href":"https:\/\/www.dahora.cz\/en\/wp-json\/wp\/v2\/pages\/993459\/revisions"}],"wp:attachment":[{"href":"https:\/\/www.dahora.cz\/en\/wp-json\/wp\/v2\/media?parent=993459"}],"curies":[{"name":"wp","href":"https:\/\/api.w.org\/{rel}","templated":true}]}}