{"id":1004256,"date":"2025-09-23T08:18:54","date_gmt":"2025-09-23T06:18:54","guid":{"rendered":"https:\/\/www.dahora.cz\/?page_id=1004256"},"modified":"2025-10-20T12:31:18","modified_gmt":"2025-10-20T10:31:18","slug":"operacni-program-jan-amos-komensky-op-jak-2025-2026","status":"publish","type":"page","link":"https:\/\/www.dahora.cz\/ru\/operacni-program-jan-amos-komensky-op-jak-2025-2026\/","title":{"rendered":"\u041e\u043f\u0435\u0440\u0430\u0442\u0438\u0432\u043d\u0430\u044f \u043f\u0440\u043e\u0433\u0440\u0430\u043c\u043c\u0430 \"\u042f\u043d \u0410\u043c\u043e\u0441 \u041a\u043e\u043c\u0435\u043d\u0441\u043a\u0438\u0439\" (\u041e\u041f \u042f\u041a) 2025-2026 \u0433\u0433."},"content":{"rendered":"<div data-elementor-type=\"wp-page\" data-elementor-id=\"1004256\" class=\"elementor elementor-1004256\" data-elementor-post-type=\"page\">\n\t\t\t\t\t\t<section class=\"elementor-section elementor-top-section elementor-element elementor-element-9759993 elementor-section-height-min-height elementor-section-boxed elementor-section-height-default elementor-section-items-middle\" data-id=\"9759993\" data-element_type=\"section\" data-e-type=\"section\" data-settings=\"{&quot;background_background&quot;:&quot;classic&quot;}\">\n\t\t\t\t\t\t\t<div class=\"elementor-background-overlay\"><\/div>\n\t\t\t\t\t\t\t<div class=\"elementor-container elementor-column-gap-default\">\n\t\t\t\t\t<div class=\"elementor-column elementor-col-100 elementor-top-column elementor-element elementor-element-bc079d2\" data-id=\"bc079d2\" data-element_type=\"column\" data-e-type=\"column\" data-settings=\"{&quot;background_background&quot;:&quot;classic&quot;}\">\n\t\t\t<div class=\"elementor-widget-wrap\">\n\t\t\t\t\t\t\t<\/div>\n\t\t<\/div>\n\t\t\t\t\t<\/div>\n\t\t<\/section>\n\t\t\t\t<section class=\"elementor-section elementor-top-section elementor-element elementor-element-a19a697 elementor-section-boxed elementor-section-height-default elementor-section-height-default\" data-id=\"a19a697\" data-element_type=\"section\" data-e-type=\"section\">\n\t\t\t\t\t\t<div class=\"elementor-container elementor-column-gap-no\">\n\t\t\t\t\t<div class=\"elementor-column elementor-col-50 elementor-top-column elementor-element elementor-element-4a7d649 animated-fast elementor-invisible\" data-id=\"4a7d649\" data-element_type=\"column\" data-e-type=\"column\" data-settings=\"{&quot;background_background&quot;:&quot;classic&quot;,&quot;animation&quot;:&quot;fadeIn&quot;,&quot;animation_delay&quot;:100,&quot;animation_tablet&quot;:&quot;none&quot;,&quot;animation_mobile&quot;:&quot;none&quot;}\">\n\t\t\t<div class=\"elementor-widget-wrap elementor-element-populated\">\n\t\t\t\t\t\t<div class=\"elementor-element elementor-element-1642d3f elementor-widget elementor-widget-text-editor\" data-id=\"1642d3f\" data-element_type=\"widget\" data-e-type=\"widget\" data-widget_type=\"text-editor.default\">\n\t\t\t\t<div class=\"elementor-widget-container\">\n\t\t\t\t\t\t\t\t\t<p><strong>V\u00fd\u0161e dotace: 704 000 K\u010d.<\/strong><\/p>\t\t\t\t\t\t\t\t<\/div>\n\t\t\t\t<\/div>\n\t\t\t\t\t<\/div>\n\t\t<\/div>\n\t\t\t\t<div class=\"elementor-column elementor-col-50 elementor-top-column elementor-element elementor-element-13f8554 elementor-hidden-desktop elementor-hidden-tablet elementor-hidden-phone\" data-id=\"13f8554\" data-element_type=\"column\" data-e-type=\"column\">\n\t\t\t<div class=\"elementor-widget-wrap\">\n\t\t\t\t\t\t\t<\/div>\n\t\t<\/div>\n\t\t\t\t\t<\/div>\n\t\t<\/section>\n\t\t\t\t<section class=\"elementor-section elementor-top-section elementor-element elementor-element-9464980 elementor-section-boxed elementor-section-height-default elementor-section-height-default\" data-id=\"9464980\" data-element_type=\"section\" data-e-type=\"section\">\n\t\t\t\t\t\t<div class=\"elementor-container elementor-column-gap-default\">\n\t\t\t\t\t<div class=\"elementor-column elementor-col-100 elementor-top-column elementor-element elementor-element-473d88e\" data-id=\"473d88e\" data-element_type=\"column\" data-e-type=\"column\">\n\t\t\t<div class=\"elementor-widget-wrap elementor-element-populated\">\n\t\t\t\t\t\t<div class=\"elementor-element elementor-element-debb8f2 elementor-widget elementor-widget-text-editor\" data-id=\"debb8f2\" data-element_type=\"widget\" data-e-type=\"widget\" data-widget_type=\"text-editor.default\">\n\t\t\t\t<div class=\"elementor-widget-container\">\n\t\t\t\t\t\t\t\t\t<div style=\"text-align: left;\"><div>PROJEKT<\/div><div>\u0160ablony II DAHORA<\/div><div>\u00a0<\/div><div>je spolufinancov\u00e1n Evropskou uni\u00ed.<\/div><div>\u00a0<\/div><div>Projekt CZ.02.02.04\/00\/24_035\/0011693 je realizov\u00e1n v obdob\u00ed 01.01.2025-31.12.2026<\/div><div>aktivitami \u0160koln\u00ed psycholog, Kari\u00e9rov\u00fd poradce, Dvojjazy\u010dn\u00fd asistent, vzd\u011bl\u00e1v\u00e1n\u00ed pracovn\u00edk\u016f<\/div><div>\u0161koly, dou\u010dov\u00e1n\u00ed \u017e\u00e1k\u016f S\u0160 a rozvoj znalost\u00ed a dovednost\u00ed \u017e\u00e1k\u016f v S\u0160.<\/div><\/div>\t\t\t\t\t\t\t\t<\/div>\n\t\t\t\t<\/div>\n\t\t\t\t\t<\/div>\n\t\t<\/div>\n\t\t\t\t\t<\/div>\n\t\t<\/section>\n\t\t\t\t<section class=\"elementor-section elementor-top-section elementor-element elementor-element-4819886 elementor-section-boxed elementor-section-height-default elementor-section-height-default\" data-id=\"4819886\" data-element_type=\"section\" data-e-type=\"section\">\n\t\t\t\t\t\t<div class=\"elementor-container elementor-column-gap-default\">\n\t\t\t\t\t<div class=\"elementor-column elementor-col-100 elementor-top-column elementor-element elementor-element-b95387f\" data-id=\"b95387f\" data-element_type=\"column\" data-e-type=\"column\">\n\t\t\t<div class=\"elementor-widget-wrap elementor-element-populated\">\n\t\t\t\t\t\t<div class=\"elementor-element elementor-element-832e88b elementor-widget elementor-widget-image\" data-id=\"832e88b\" data-element_type=\"widget\" data-e-type=\"widget\" data-widget_type=\"image.default\">\n\t\t\t\t<div class=\"elementor-widget-container\">\n\t\t\t\t\t\t\t\t\t<div class=\"elementor-image\">\n\t\t\t\t\t\t\t\t\t\t\t\t\t\t\t\t\t\t\t\t\t\t<a href=\"https:\/\/opjak.cz\/\" target=\"_blank\">\n\t\t\t\t\t\t\t\t\t\t\t<img fetchpriority=\"high\" decoding=\"async\" width=\"744\" height=\"106\" src=\"https:\/\/www.dahora.cz\/wp-content\/uploads\/2025\/09\/EUMSMT-Barevne-rgb.avif\" class=\"attachment-large size-large wp-image-1004277\" alt=\"\" srcset=\"https:\/\/www.dahora.cz\/wp-content\/uploads\/2025\/09\/EUMSMT-Barevne-rgb.avif 744w, https:\/\/www.dahora.cz\/wp-content\/uploads\/2025\/09\/EUMSMT-Barevne-rgb-300x43.avif 300w, https:\/\/www.dahora.cz\/wp-content\/uploads\/2025\/09\/EUMSMT-Barevne-rgb-18x3.avif 18w\" sizes=\"(max-width: 744px) 100vw, 744px\" \/>\t\t\t\t\t\t\t\t\t\t\t\t<\/a>\n\t\t\t\t\t\t\t\t\t\t\t\t\t\t\t\t\t\t\t\t\t\t\t\t<\/div>\n\t\t\t\t\t\t\t\t<\/div>\n\t\t\t\t<\/div>\n\t\t\t\t\t<\/div>\n\t\t<\/div>\n\t\t\t\t\t<\/div>\n\t\t<\/section>\n\t\t\t\t<section class=\"elementor-section elementor-top-section elementor-element elementor-element-a6bdbf3 elementor-section-boxed elementor-section-height-default elementor-section-height-default\" data-id=\"a6bdbf3\" data-element_type=\"section\" data-e-type=\"section\">\n\t\t\t\t\t\t<div class=\"elementor-container elementor-column-gap-default\">\n\t\t\t\t\t<div class=\"elementor-column elementor-col-100 elementor-top-column elementor-element elementor-element-5c7f662\" data-id=\"5c7f662\" data-element_type=\"column\" data-e-type=\"column\">\n\t\t\t<div class=\"elementor-widget-wrap elementor-element-populated\">\n\t\t\t\t\t\t<div class=\"elementor-element elementor-element-45f465f elementor-widget elementor-widget-gallery\" data-id=\"45f465f\" data-element_type=\"widget\" data-e-type=\"widget\" data-settings=\"{&quot;lazyload&quot;:&quot;yes&quot;,&quot;gallery_layout&quot;:&quot;grid&quot;,&quot;columns&quot;:4,&quot;columns_tablet&quot;:2,&quot;columns_mobile&quot;:1,&quot;gap&quot;:{&quot;unit&quot;:&quot;px&quot;,&quot;size&quot;:10,&quot;sizes&quot;:[]},&quot;gap_tablet&quot;:{&quot;unit&quot;:&quot;px&quot;,&quot;size&quot;:10,&quot;sizes&quot;:[]},&quot;gap_mobile&quot;:{&quot;unit&quot;:&quot;px&quot;,&quot;size&quot;:10,&quot;sizes&quot;:[]},&quot;link_to&quot;:&quot;file&quot;,&quot;aspect_ratio&quot;:&quot;3:2&quot;,&quot;overlay_background&quot;:&quot;yes&quot;,&quot;content_hover_animation&quot;:&quot;fade-in&quot;}\" data-widget_type=\"gallery.default\">\n\t\t\t\t<div class=\"elementor-widget-container\">\n\t\t\t\t\t\t\t<div class=\"elementor-gallery__container\">\n\t\t\t\t\t\t\t<a class=\"e-gallery-item elementor-gallery-item elementor-animated-content\" href=\"https:\/\/www.dahora.cz\/wp-content\/uploads\/2025\/09\/Obrazek-WhatsApp-2025-09-04-v-13.38.54_9badacaf.avif\" data-elementor-open-lightbox=\"yes\" data-elementor-lightbox-slideshow=\"45f465f\" data-e-action-hash=\"#elementor-action%3Aaction%3Dlightbox%26settings%3DeyJpZCI6MTAwNDI3OSwidXJsIjoiaHR0cHM6XC9cL3d3dy5kYWhvcmEuY3pcL3dwLWNvbnRlbnRcL3VwbG9hZHNcLzIwMjVcLzA5XC9PYnJhemVrLVdoYXRzQXBwLTIwMjUtMDktMDQtdi0xMy4zOC41NF85YmFkYWNhZi5hdmlmIiwic2xpZGVzaG93IjoiNDVmNDY1ZiJ9\">\n\t\t\t\t\t<div class=\"e-gallery-image elementor-gallery-item__image\" data-thumbnail=\"https:\/\/www.dahora.cz\/wp-content\/uploads\/2025\/09\/Obrazek-WhatsApp-2025-09-04-v-13.38.54_9badacaf-300x139.avif\" data-width=\"300\" data-height=\"139\" aria-label=\"\" role=\"img\" ><\/div>\n\t\t\t\t\t\t\t\t\t\t\t<div class=\"elementor-gallery-item__overlay\"><\/div>\n\t\t\t\t\t\t\t\t\t\t\t\t\t\t<\/a>\n\t\t\t\t\t\t\t<a class=\"e-gallery-item elementor-gallery-item elementor-animated-content\" href=\"https:\/\/www.dahora.cz\/wp-content\/uploads\/2025\/09\/Obrazek-WhatsApp-2025-09-03-v-21.20.21_1588269c.avif\" data-elementor-open-lightbox=\"yes\" data-elementor-lightbox-slideshow=\"45f465f\" data-e-action-hash=\"#elementor-action%3Aaction%3Dlightbox%26settings%3DeyJpZCI6MTAwNDI3OCwidXJsIjoiaHR0cHM6XC9cL3d3dy5kYWhvcmEuY3pcL3dwLWNvbnRlbnRcL3VwbG9hZHNcLzIwMjVcLzA5XC9PYnJhemVrLVdoYXRzQXBwLTIwMjUtMDktMDMtdi0yMS4yMC4yMV8xNTg4MjY5Yy5hdmlmIiwic2xpZGVzaG93IjoiNDVmNDY1ZiJ9\">\n\t\t\t\t\t<div class=\"e-gallery-image elementor-gallery-item__image\" data-thumbnail=\"https:\/\/www.dahora.cz\/wp-content\/uploads\/2025\/09\/Obrazek-WhatsApp-2025-09-03-v-21.20.21_1588269c-300x225.avif\" data-width=\"300\" data-height=\"225\" aria-label=\"\" role=\"img\" ><\/div>\n\t\t\t\t\t\t\t\t\t\t\t<div class=\"elementor-gallery-item__overlay\"><\/div>\n\t\t\t\t\t\t\t\t\t\t\t\t\t\t<\/a>\n\t\t\t\t\t<\/div>\n\t\t\t\t\t<\/div>\n\t\t\t\t<\/div>\n\t\t\t\t\t<\/div>\n\t\t<\/div>\n\t\t\t\t\t<\/div>\n\t\t<\/section>\n\t\t\t\t<\/div>","protected":false},"excerpt":{"rendered":"<p>V\u00fd\u0161e dotace: 704 000 K\u010d. PROJEKT\u0160ablony II DAHORA\u00a0je spolufinancov\u00e1n Evropskou uni\u00ed.\u00a0Projekt CZ.02.02.04\/00\/24_035\/0011693 je realizov\u00e1n v obdob\u00ed 01.01.2025-31.12.2026aktivitami \u0160koln\u00ed psycholog, Kari\u00e9rov\u00fd poradce, Dvojjazy\u010dn\u00fd asistent, vzd\u011bl\u00e1v\u00e1n\u00ed pracovn\u00edk\u016f\u0161koly, dou\u010dov\u00e1n\u00ed \u017e\u00e1k\u016f S\u0160 a rozvoj znalost\u00ed a dovednost\u00ed \u017e\u00e1k\u016f v S\u0160.<\/p>","protected":false},"author":4,"featured_media":0,"parent":0,"menu_order":0,"comment_status":"closed","ping_status":"closed","template":"","meta":{"footnotes":""},"class_list":["post-1004256","page","type-page","status-publish","hentry"],"aioseo_notices":[],"_links":{"self":[{"href":"https:\/\/www.dahora.cz\/ru\/wp-json\/wp\/v2\/pages\/1004256","targetHints":{"allow":["GET"]}}],"collection":[{"href":"https:\/\/www.dahora.cz\/ru\/wp-json\/wp\/v2\/pages"}],"about":[{"href":"https:\/\/www.dahora.cz\/ru\/wp-json\/wp\/v2\/types\/page"}],"author":[{"embeddable":true,"href":"https:\/\/www.dahora.cz\/ru\/wp-json\/wp\/v2\/users\/4"}],"replies":[{"embeddable":true,"href":"https:\/\/www.dahora.cz\/ru\/wp-json\/wp\/v2\/comments?post=1004256"}],"version-history":[{"count":0,"href":"https:\/\/www.dahora.cz\/ru\/wp-json\/wp\/v2\/pages\/1004256\/revisions"}],"wp:attachment":[{"href":"https:\/\/www.dahora.cz\/ru\/wp-json\/wp\/v2\/media?parent=1004256"}],"curies":[{"name":"wp","href":"https:\/\/api.w.org\/{rel}","templated":true}]}}