{"id":16770,"date":"2021-01-22T11:48:30","date_gmt":"2021-01-22T11:48:30","guid":{"rendered":"https:\/\/estudiar.vamtam.com\/?page_id=16770"},"modified":"2025-03-18T06:44:52","modified_gmt":"2025-03-18T05:44:52","slug":"pripravne-kurzy-k-prijimacim-zkouskam-na-stredni-skoly","status":"publish","type":"page","link":"https:\/\/www.dahora.cz\/ru\/pripravne-kurzy-k-prijimacim-zkouskam-na-stredni-skoly\/","title":{"rendered":"\u041f\u043e\u043b\u043d\u043e\u0434\u043d\u0435\u0432\u043d\u044b\u0439 \u0438\u043d\u0442\u0435\u043d\u0441\u0438\u0432\u043d\u044b\u0439 \u043f\u043e\u0434\u0433\u043e\u0442\u043e\u0432\u0438\u0442\u0435\u043b\u044c\u043d\u044b\u0439 \u043a\u0443\u0440\u0441"},"content":{"rendered":"<div data-elementor-type=\"wp-page\" data-elementor-id=\"16770\" class=\"elementor elementor-16770\" data-elementor-post-type=\"page\">\n\t\t\t\t\t\t<section class=\"elementor-section elementor-top-section elementor-element elementor-element-705198b7 elementor-section-height-min-height elementor-section-boxed elementor-section-height-default elementor-section-items-middle\" data-id=\"705198b7\" data-element_type=\"section\" data-e-type=\"section\" data-settings=\"{&quot;background_background&quot;:&quot;classic&quot;}\">\n\t\t\t\t\t\t\t<div class=\"elementor-background-overlay\"><\/div>\n\t\t\t\t\t\t\t<div class=\"elementor-container elementor-column-gap-default\">\n\t\t\t\t\t<div class=\"elementor-column elementor-col-100 elementor-top-column elementor-element elementor-element-4b0bf9b1\" data-id=\"4b0bf9b1\" data-element_type=\"column\" data-e-type=\"column\" data-settings=\"{&quot;background_background&quot;:&quot;classic&quot;}\">\n\t\t\t<div class=\"elementor-widget-wrap\">\n\t\t\t\t\t\t\t<\/div>\n\t\t<\/div>\n\t\t\t\t\t<\/div>\n\t\t<\/section>\n\t\t\t\t<section class=\"elementor-section elementor-top-section elementor-element elementor-element-3c32f546 elementor-section-boxed elementor-section-height-default elementor-section-height-default\" data-id=\"3c32f546\" data-element_type=\"section\" data-e-type=\"section\">\n\t\t\t\t\t\t<div class=\"elementor-container elementor-column-gap-no\">\n\t\t\t\t\t<div class=\"elementor-column elementor-col-50 elementor-top-column elementor-element elementor-element-5c6ef694 animated-fast elementor-invisible\" data-id=\"5c6ef694\" data-element_type=\"column\" data-e-type=\"column\" data-settings=\"{&quot;background_background&quot;:&quot;classic&quot;,&quot;animation&quot;:&quot;fadeIn&quot;,&quot;animation_tablet&quot;:&quot;none&quot;,&quot;animation_mobile&quot;:&quot;none&quot;,&quot;animation_delay&quot;:100}\">\n\t\t\t<div class=\"elementor-widget-wrap elementor-element-populated\">\n\t\t\t\t\t\t\t<\/div>\n\t\t<\/div>\n\t\t\t\t<div class=\"elementor-column elementor-col-50 elementor-top-column elementor-element elementor-element-23652f26 elementor-hidden-desktop elementor-hidden-tablet elementor-hidden-phone\" data-id=\"23652f26\" data-element_type=\"column\" data-e-type=\"column\">\n\t\t\t<div class=\"elementor-widget-wrap\">\n\t\t\t\t\t\t\t<\/div>\n\t\t<\/div>\n\t\t\t\t\t<\/div>\n\t\t<\/section>\n\t\t\t\t<section class=\"elementor-section elementor-top-section elementor-element elementor-element-4e67e2a elementor-section-boxed elementor-section-height-default elementor-section-height-default\" data-id=\"4e67e2a\" data-element_type=\"section\" data-e-type=\"section\">\n\t\t\t\t\t\t<div class=\"elementor-container elementor-column-gap-no\">\n\t\t\t\t\t<div class=\"elementor-column elementor-col-100 elementor-top-column elementor-element elementor-element-9efa293\" data-id=\"9efa293\" data-element_type=\"column\" data-e-type=\"column\">\n\t\t\t<div class=\"elementor-widget-wrap elementor-element-populated\">\n\t\t\t\t\t\t<div class=\"elementor-element elementor-element-49a18f3 elementor-widget elementor-widget-text-editor\" data-id=\"49a18f3\" data-element_type=\"widget\" data-e-type=\"widget\" data-widget_type=\"text-editor.default\">\n\t\t\t\t<div class=\"elementor-widget-container\">\n\t\t\t\t\t\t\t\t\t<p>\u0414\u043b\u044f \u0432\u0441\u0442\u0443\u043f\u0438\u0442\u0435\u043b\u044c\u043d\u044b\u0445 \u044d\u043a\u0437\u0430\u043c\u0435\u043d\u043e\u0432 \u0432 \u0441\u0440\u0435\u0434\u043d\u044e\u044e \u0448\u043a\u043e\u043b\u0443 \u043f\u043e \u043c\u0430\u0442\u0435\u043c\u0430\u0442\u0438\u043a\u0435 \u0438\u043b\u0438 \u0447\u0435\u0448\u0441\u043a\u043e\u043c\u0443 \u044f\u0437\u044b\u043a\u0443.<\/p>\t\t\t\t\t\t\t\t<\/div>\n\t\t\t\t<\/div>\n\t\t\t\t<div class=\"elementor-element elementor-element-a3770ee elementor-align-left elementor-mobile-align-left elementor-widget elementor-widget-button\" data-id=\"a3770ee\" data-element_type=\"widget\" data-e-type=\"widget\" data-widget_type=\"button.default\">\n\t\t\t\t<div class=\"elementor-widget-container\">\n\t\t\t\t\t\t\t\t\t<div class=\"elementor-button-wrapper\">\n\t\t\t\t\t<a class=\"elementor-button elementor-button-link elementor-size-sm\" href=\"https:\/\/www.dahora.cz\/wp-content\/uploads\/2025\/03\/celodenni-pripravny-kurz-na-prijimacky-2026.pdf\" target=\"_blank\" id=\"button-track-download-kurzy\">\n\t\t\t\t\t\t<span class=\"elementor-button-content-wrapper\">\n\t\t\t\t\t\t\t\t\t<span class=\"elementor-button-text\">\u0421\u041a\u0410\u0427\u0410\u0422\u042c \u0424\u041e\u0420\u041c\u0423 \u0417\u0410\u042f\u0412\u041b\u0415\u041d\u0418\u042f<\/span>\n\t\t\t\t\t<\/span>\n\t\t\t\t\t<\/a>\n\t\t\t\t<\/div>\n\t\t\t\t\t\t\t\t<\/div>\n\t\t\t\t<\/div>\n\t\t\t\t<div class=\"elementor-element elementor-element-e7f7856 elementor-widget elementor-widget-text-editor\" data-id=\"e7f7856\" data-element_type=\"widget\" data-e-type=\"widget\" data-widget_type=\"text-editor.default\">\n\t\t\t\t<div class=\"elementor-widget-container\">\n\t\t\t\t\t\t\t\t\t<p>\u041f\u043e\u0434\u0433\u043e\u0442\u043e\u0432\u0438\u0442\u0435\u043b\u044c\u043d\u044b\u0435 \u043a\u0443\u0440\u0441\u044b \u043f\u0440\u043e\u0432\u043e\u0434\u044f\u0442\u0441\u044f \u0432 \u0442\u0435\u0447\u0435\u043d\u0438\u0435 \u0432\u0441\u0435\u0433\u043e \u0434\u043d\u044f \u0438 \u044f\u0432\u043b\u044f\u044e\u0442\u0441\u044f \u0438\u043d\u0442\u0435\u043d\u0441\u0438\u0432\u043d\u044b\u043c\u0438.\u00a0<\/p><p>\u0414\u0430\u0442\u0430 \u043d\u0430\u0447\u0430\u043b\u0430: <b>\u041a\u0443\u0440\u0441 \u041c\u0410\u0422 - \u0441\u0443\u0431\u0431\u043e\u0442\u0430 28 \u0444\u0435\u0432\u0440\u0430\u043b\u044f 2026 \u0433\u043e\u0434\u0430<\/b><\/p><p>\u0414\u0430\u0442\u0430 \u043d\u0430\u0447\u0430\u043b\u0430: <b>\u041a\u0443\u0440\u0441 CJL\u00a0<span style=\"font-family: Inter, sans-serif; font-size: 18px; font-style: normal; font-variant-ligatures: normal; font-variant-caps: normal;\">-<\/span>\u00a0\u0421\u0443\u0431\u0431\u043e\u0442\u0430 7 \u043c\u0430\u0440\u0442\u0430 2026 \u0433\u043e\u0434\u0430<\/b>\u00a0<\/p><p>1. \u041a \u0443\u0447\u0430\u0441\u0442\u0438\u044e \u0432 \u043a\u0443\u0440\u0441\u0435 \u0434\u043e\u043f\u0443\u0441\u043a\u0430\u044e\u0442\u0441\u044f \u0437\u0430\u0440\u0435\u0433\u0438\u0441\u0442\u0440\u0438\u0440\u043e\u0432\u0430\u043d\u043d\u044b\u0435 \u0441\u0442\u0443\u0434\u0435\u043d\u0442\u044b, \u043e\u043f\u043b\u0430\u0442\u0438\u0432\u0448\u0438\u0435 \u043e\u0431\u0443\u0447\u0435\u043d\u0438\u0435:<br \/>- \u010cJL - \u0441\u0442\u043e\u0438\u043c\u043e\u0441\u0442\u044c \u043a\u0443\u0440\u0441\u0430: 990,- CZK<br \/>- MAT - \u0441\u0442\u043e\u0438\u043c\u043e\u0441\u0442\u044c \u043a\u0443\u0440\u0441\u0430: 990,- CZK<br \/>- \u010cJL + MAT - \u0441\u0442\u043e\u0438\u043c\u043e\u0441\u0442\u044c \u043a\u0443\u0440\u0441\u0430: 1.790,- CZK<\/p><p>\u041f\u043b\u0430\u0442\u0430 \u0437\u0430 \u043a\u0443\u0440\u0441 \u0432\u043d\u043e\u0441\u0438\u0442\u0441\u044f \u043d\u0430 \u0441\u0447\u0435\u0442 \u0448\u043a\u043e\u043b\u044b \u2116 2802337034\/2010. \u041f\u043e\u0436\u0430\u043b\u0443\u0439\u0441\u0442\u0430, \u0443\u043a\u0430\u0436\u0438\u0442\u0435 \u0441\u0432\u043e\u0439 \u043d\u043e\u043c\u0435\u0440 \u0440\u043e\u0436\u0434\u0435\u043d\u0438\u044f \u0432 \u043a\u0430\u0447\u0435\u0441\u0442\u0432\u0435 \u043f\u0435\u0440\u0435\u043c\u0435\u043d\u043d\u043e\u0433\u043e \u0441\u0438\u043c\u0432\u043e\u043b\u0430<br \/>\u0438\u043b\u0438 \u0434\u0430\u0442\u0443 \u0440\u043e\u0436\u0434\u0435\u043d\u0438\u044f \u0437\u0430\u044f\u0432\u0438\u0442\u0435\u043b\u044f \u0438 \u0432\u043a\u043b\u044e\u0447\u0438\u0442\u044c \u0438\u043c\u044f \u0437\u0430\u044f\u0432\u0438\u0442\u0435\u043b\u044f \u0432 \u0441\u043e\u043e\u0431\u0449\u0435\u043d\u0438\u0435 \u043f\u043e\u043b\u0443\u0447\u0430\u0442\u0435\u043b\u044e.<\/p><p>2. \u043a\u0443\u0440\u0441 \u043f\u0440\u043e\u0432\u043e\u0434\u0438\u0442\u0441\u044f \u0432 \u0437\u0434\u0430\u043d\u0438\u0438 \u0448\u043a\u043e\u043b\u044b Digital Academy \u043f\u043e \u0430\u0434\u0440\u0435\u0441\u0443: Pod \u0160kolou 167, Kutn\u00e1 Hora - Mal\u00edn\u00a0<span style=\"letter-spacing: var(--vamtam-primary-font-letter-spacing-desktop,normal); text-transform: var(--vamtam-primary-font-transform,none);\">\u0441 08:30 \u0434\u043e 15:00 \u0432 \u0441\u043e\u043e\u0442\u0432\u0435\u0442\u0441\u0442\u0432\u0438\u0438 \u0441 \u0443\u0441\u0442\u0430\u043d\u043e\u0432\u043b\u0435\u043d\u043d\u043e\u0439 \u0434\u0430\u0442\u043e\u0439.<\/span><\/p><p><span style=\"letter-spacing: var(--vamtam-primary-font-letter-spacing-desktop,normal); text-transform: var(--vamtam-primary-font-transform,none);\">\u00a0<\/span><\/p><p><span style=\"letter-spacing: var(--vamtam-primary-font-letter-spacing-desktop,normal); text-transform: var(--vamtam-primary-font-transform,none);\">3. \u0412 \u0441\u043b\u0443\u0447\u0430\u0435 \u043e\u0442\u043a\u0430\u0437\u0430 \u043e\u0442 \u043e\u0431\u0443\u0447\u0435\u043d\u0438\u044f \u043f\u043b\u0430\u0442\u0430 \u0437\u0430 \u043a\u0443\u0440\u0441 \u043d\u0435 \u0432\u043e\u0437\u0432\u0440\u0430\u0449\u0430\u0435\u0442\u0441\u044f.<\/span><\/p><p><span style=\"letter-spacing: var(--vamtam-primary-font-letter-spacing-desktop,normal); text-transform: var(--vamtam-primary-font-transform,none);\">\u00a0<\/span><\/p><p><b>\u0412 \u0441\u043b\u0443\u0447\u0430\u0435 \u043f\u0440\u0438\u043e\u0431\u0440\u0435\u0442\u0435\u043d\u0438\u044f \u043a\u0443\u0440\u0441\u0430 \u010cJL + MAT \u0438 \u0432\u0441\u0442\u0443\u043f\u0438\u0442\u0435\u043b\u044c\u043d\u044b\u0445 \u044d\u043a\u0437\u0430\u043c\u0435\u043d\u043e\u0432 (\u043e\u0442\u0434\u0435\u043b\u044c\u043d\u0430\u044f \u0446\u0435\u043d\u0430 450,- CZK)<br \/>\u043e\u0431\u0449\u0430\u044f \u0441\u0442\u043e\u0438\u043c\u043e\u0441\u0442\u044c \u0441\u043e\u0441\u0442\u0430\u0432\u043b\u044f\u0435\u0442 1.990,- CZK.<\/b><\/p><p><b>\u00a0<\/b><\/p><p>\u0417\u0430\u0438\u043d\u0442\u0435\u0440\u0435\u0441\u043e\u0432\u0430\u043d\u043d\u044b\u0435 \u043b\u0438\u0446\u0430 \u043c\u043e\u0433\u0443\u0442 \u043f\u043e\u0434\u0430\u0442\u044c \u0437\u0430\u044f\u0432\u043a\u0443 \u043f\u043e \u044d\u043b\u0435\u043a\u0442\u0440\u043e\u043d\u043d\u043e\u0439 \u043f\u043e\u0447\u0442\u0435 <a href=\"mailto:michaela.vackova@dahora.cz\" target=\"_blank\" rel=\"noopener\">michaela.vackova@dahora.cz<\/a> \u0438\u043b\u0438 \u043f\u043e \u0442\u0435\u043b\u0435\u0444\u043e\u043d\u0443: 737 080 8077<\/p>\t\t\t\t\t\t\t\t<\/div>\n\t\t\t\t<\/div>\n\t\t\t\t\t<\/div>\n\t\t<\/div>\n\t\t\t\t\t<\/div>\n\t\t<\/section>\n\t\t\t\t<section class=\"elementor-section elementor-top-section elementor-element elementor-element-cdbd25b elementor-section-boxed elementor-section-height-default elementor-section-height-default\" data-id=\"cdbd25b\" data-element_type=\"section\" data-e-type=\"section\">\n\t\t\t\t\t\t<div class=\"elementor-container elementor-column-gap-no\">\n\t\t\t\t\t<div class=\"elementor-column elementor-col-100 elementor-top-column elementor-element elementor-element-73fec81\" data-id=\"73fec81\" data-element_type=\"column\" data-e-type=\"column\">\n\t\t\t<div class=\"elementor-widget-wrap elementor-element-populated\">\n\t\t\t\t\t\t\t<\/div>\n\t\t<\/div>\n\t\t\t\t\t<\/div>\n\t\t<\/section>\n\t\t\t\t<\/div>","protected":false},"excerpt":{"rendered":"<p>\u0414\u043b\u044f \u0441\u0434\u0430\u0447\u0438 \u0432\u0441\u0442\u0443\u043f\u0438\u0442\u0435\u043b\u044c\u043d\u044b\u0445 \u044d\u043a\u0437\u0430\u043c\u0435\u043d\u043e\u0432 \u0432 \u0441\u0440\u0435\u0434\u043d\u044e\u044e \u0448\u043a\u043e\u043b\u0443 \u043f\u043e \u043c\u0430\u0442\u0435\u043c\u0430\u0442\u0438\u043a\u0435 \u0438\u043b\u0438 \u0447\u0435\u0448\u0441\u043a\u043e\u043c\u0443 \u044f\u0437\u044b\u043a\u0443. \u0421\u041a\u0410\u0427\u0410\u0422\u042c \u0417\u0410\u042f\u0412\u041a\u0423 \u041f\u043e\u0434\u0433\u043e\u0442\u043e\u0432\u0438\u0442\u0435\u043b\u044c\u043d\u044b\u0435 \u043a\u0443\u0440\u0441\u044b \u043f\u0440\u043e\u0432\u043e\u0434\u044f\u0442\u0441\u044f \u0432 \u0442\u0435\u0447\u0435\u043d\u0438\u0435 \u0432\u0441\u0435\u0433\u043e \u0434\u043d\u044f \u0438 \u044f\u0432\u043b\u044f\u044e\u0442\u0441\u044f \u0438\u043d\u0442\u0435\u043d\u0441\u0438\u0432\u043d\u044b\u043c\u0438.  \u0414\u0430\u0442\u0430 \u043d\u0430\u0447\u0430\u043b\u0430: \u043a\u0443\u0440\u0441 MAT - \u0441\u0443\u0431\u0431\u043e\u0442\u0430 28 \u0444\u0435\u0432\u0440\u0430\u043b\u044f 2026 \u0433. \u0414\u0430\u0442\u0430 \u043d\u0430\u0447\u0430\u043b\u0430: \u043a\u0443\u0440\u0441 \u010cJL - \u0441\u0443\u0431\u0431\u043e\u0442\u0430 7 \u043c\u0430\u0440\u0442\u0430 2026 \u0433. 1. \u041a \u0443\u0447\u0430\u0441\u0442\u0438\u044e \u0432 \u043a\u0443\u0440\u0441\u0435 \u0434\u043e\u043f\u0443\u0441\u043a\u0430\u044e\u0442\u0441\u044f \u0437\u0430\u0440\u0435\u0433\u0438\u0441\u0442\u0440\u0438\u0440\u043e\u0432\u0430\u043d\u043d\u044b\u0435 \u0441\u0442\u0443\u0434\u0435\u043d\u0442\u044b, \u043e\u043f\u043b\u0430\u0442\u0438\u0432\u0448\u0438\u0435:- \u010cJL - \u0441\u0442\u043e\u0438\u043c\u043e\u0441\u0442\u044c \u043a\u0443\u0440\u0441\u0430: 990,- CZK- MAT - \u0441\u0442\u043e\u0438\u043c\u043e\u0441\u0442\u044c \u043a\u0443\u0440\u0441\u0430: 990,- CZK-...<\/p>","protected":false},"author":1,"featured_media":0,"parent":0,"menu_order":0,"comment_status":"closed","ping_status":"closed","template":"","meta":{"footnotes":""},"class_list":["post-16770","page","type-page","status-publish","hentry"],"aioseo_notices":[],"_links":{"self":[{"href":"https:\/\/www.dahora.cz\/ru\/wp-json\/wp\/v2\/pages\/16770","targetHints":{"allow":["GET"]}}],"collection":[{"href":"https:\/\/www.dahora.cz\/ru\/wp-json\/wp\/v2\/pages"}],"about":[{"href":"https:\/\/www.dahora.cz\/ru\/wp-json\/wp\/v2\/types\/page"}],"author":[{"embeddable":true,"href":"https:\/\/www.dahora.cz\/ru\/wp-json\/wp\/v2\/users\/1"}],"replies":[{"embeddable":true,"href":"https:\/\/www.dahora.cz\/ru\/wp-json\/wp\/v2\/comments?post=16770"}],"version-history":[{"count":0,"href":"https:\/\/www.dahora.cz\/ru\/wp-json\/wp\/v2\/pages\/16770\/revisions"}],"wp:attachment":[{"href":"https:\/\/www.dahora.cz\/ru\/wp-json\/wp\/v2\/media?parent=16770"}],"curies":[{"name":"wp","href":"https:\/\/api.w.org\/{rel}","templated":true}]}}