{"id":6283,"date":"2020-11-19T21:56:21","date_gmt":"2020-11-19T20:56:21","guid":{"rendered":"https:\/\/estudiar.vamtam.com\/?page_id=6283"},"modified":"2026-01-22T13:42:22","modified_gmt":"2026-01-22T12:42:22","slug":"fotogalerie","status":"publish","type":"page","link":"https:\/\/www.dahora.cz\/ru\/fotogalerie\/","title":{"rendered":"\u0424\u043e\u0442\u043e\u0433\u0430\u043b\u0435\u0440\u0435\u044f"},"content":{"rendered":"\t\t<div data-elementor-type=\"wp-page\" data-elementor-id=\"6283\" class=\"elementor elementor-6283\" data-elementor-post-type=\"page\">\n\t\t\t\t\t\t<section class=\"elementor-section elementor-top-section elementor-element elementor-element-58d23ae elementor-section-height-min-height elementor-section-boxed elementor-section-height-default elementor-section-items-middle\" data-id=\"58d23ae\" data-element_type=\"section\" data-e-type=\"section\" data-settings=\"{&quot;background_background&quot;:&quot;classic&quot;}\">\n\t\t\t\t\t\t\t<div class=\"elementor-background-overlay\"><\/div>\n\t\t\t\t\t\t\t<div class=\"elementor-container elementor-column-gap-default\">\n\t\t\t\t\t<div class=\"elementor-column elementor-col-100 elementor-top-column elementor-element elementor-element-bfb6604\" data-id=\"bfb6604\" data-element_type=\"column\" data-e-type=\"column\" data-settings=\"{&quot;background_background&quot;:&quot;classic&quot;}\">\n\t\t\t<div class=\"elementor-widget-wrap\">\n\t\t\t\t\t\t\t<\/div>\n\t\t<\/div>\n\t\t\t\t\t<\/div>\n\t\t<\/section>\n\t\t\t\t<section class=\"elementor-section elementor-top-section elementor-element elementor-element-61612f1 elementor-section-boxed elementor-section-height-default elementor-section-height-default\" data-id=\"61612f1\" data-element_type=\"section\" data-e-type=\"section\" data-settings=\"{&quot;motion_fx_motion_fx_scrolling&quot;:&quot;yes&quot;,&quot;motion_fx_translateY_effect&quot;:&quot;yes&quot;,&quot;motion_fx_translateY_direction&quot;:&quot;negative&quot;,&quot;motion_fx_translateY_speed&quot;:{&quot;unit&quot;:&quot;px&quot;,&quot;size&quot;:2,&quot;sizes&quot;:[]},&quot;motion_fx_translateY_affectedRange&quot;:{&quot;unit&quot;:&quot;%&quot;,&quot;size&quot;:&quot;&quot;,&quot;sizes&quot;:{&quot;start&quot;:32,&quot;end&quot;:100}},&quot;motion_fx_devices&quot;:[&quot;desktop&quot;]}\">\n\t\t\t\t\t\t<div class=\"elementor-container elementor-column-gap-no\">\n\t\t\t\t\t<div class=\"elementor-column elementor-col-50 elementor-top-column elementor-element elementor-element-e15910e animated-fast elementor-invisible\" data-id=\"e15910e\" data-element_type=\"column\" data-e-type=\"column\" data-settings=\"{&quot;background_background&quot;:&quot;classic&quot;,&quot;animation&quot;:&quot;fadeIn&quot;,&quot;animation_delay&quot;:100,&quot;animation_tablet&quot;:&quot;none&quot;,&quot;animation_mobile&quot;:&quot;none&quot;}\">\n\t\t\t<div class=\"elementor-widget-wrap elementor-element-populated\">\n\t\t\t\t\t\t<div class=\"elementor-element elementor-element-00afba9 elementor-widget elementor-widget-text-editor\" data-id=\"00afba9\" data-element_type=\"widget\" data-e-type=\"widget\" data-settings=\"{&quot;_animation&quot;:&quot;none&quot;}\" data-widget_type=\"text-editor.default\">\n\t\t\t\t<div class=\"elementor-widget-container\">\n\t\t\t\t\t\t\t\t\t<p>Na\u0161e \u0161kola \u017eije bohat\u00fdm spole\u010densk\u00fdm, kulturn\u00edm a sportovn\u00edm \u017eivotem. Pro lep\u0161\u00ed p\u0159edstavu si m\u016f\u017eete prohl\u00e9dnout fotogalerii z vybran\u00fdch \u0161koln\u00edch akc\u00ed jako nap\u0159. slavnostn\u00ed otev\u0159en\u00ed \u0161koly, adapta\u010dn\u00ed v\u00fdlet, dny otev\u0159en\u00fdch dve\u0159\u00ed, veletrhy a v\u00fdstavy, zahrani\u010dn\u00ed n\u00e1v\u0161t\u011bvy nebo maturitn\u00ed a imatrikula\u010dn\u00ed ples.<\/p>\t\t\t\t\t\t\t\t<\/div>\n\t\t\t\t<\/div>\n\t\t\t\t\t<\/div>\n\t\t<\/div>\n\t\t\t\t<div class=\"elementor-column elementor-col-50 elementor-top-column elementor-element elementor-element-e261e89 elementor-hidden-desktop elementor-hidden-tablet elementor-hidden-phone\" data-id=\"e261e89\" data-element_type=\"column\" data-e-type=\"column\">\n\t\t\t<div class=\"elementor-widget-wrap\">\n\t\t\t\t\t\t\t<\/div>\n\t\t<\/div>\n\t\t\t\t\t<\/div>\n\t\t<\/section>\n\t\t\t\t<section class=\"elementor-section elementor-top-section elementor-element elementor-element-6f7150c elementor-section-full_width fotogalerie-2 elementor-section-height-default elementor-section-height-default\" data-id=\"6f7150c\" data-element_type=\"section\" data-e-type=\"section\">\n\t\t\t\t\t\t<div class=\"elementor-container elementor-column-gap-default\">\n\t\t\t\t\t<div class=\"elementor-column elementor-col-100 elementor-top-column elementor-element elementor-element-bfb6ad4\" data-id=\"bfb6ad4\" data-element_type=\"column\" data-e-type=\"column\">\n\t\t\t<div class=\"elementor-widget-wrap elementor-element-populated\">\n\t\t\t\t\t\t<section class=\"elementor-section elementor-inner-section elementor-element elementor-element-d49ae80 elementor-section-boxed elementor-section-height-default elementor-section-height-default\" data-id=\"d49ae80\" data-element_type=\"section\" data-e-type=\"section\">\n\t\t\t\t\t\t<div class=\"elementor-container elementor-column-gap-default\">\n\t\t\t\t\t<div class=\"elementor-column elementor-col-33 elementor-inner-column elementor-element elementor-element-f2d9c13\" data-id=\"f2d9c13\" data-element_type=\"column\" data-e-type=\"column\">\n\t\t\t<div class=\"elementor-widget-wrap elementor-element-populated\">\n\t\t\t\t\t\t<div class=\"elementor-element elementor-element-e4d3c78 vamtam-has-box-is-link elementor-position-top elementor-widget elementor-widget-image-box\" data-id=\"e4d3c78\" data-element_type=\"widget\" data-e-type=\"widget\" data-widget_type=\"image-box.default\">\n\t\t\t\t<div class=\"elementor-widget-container\">\n\t\t\t\t\t<a href=\"https:\/\/www.dahora.cz\/skolni-rok-2025-2026-fotogalerie\/\" class=\"elementor-image-box-wrapper vamtam-is-link\"><figure class=\"elementor-image-box-img\"><img fetchpriority=\"high\" decoding=\"async\" width=\"1120\" height=\"840\" src=\"https:\/\/www.dahora.cz\/wp-content\/uploads\/2026\/01\/manchester-2025-15.webp\" class=\"attachment-full size-full wp-image-1005151\" alt=\"Manchester 13.10.2025, Dahora Kutn\u00e1 Hora\" srcset=\"https:\/\/www.dahora.cz\/wp-content\/uploads\/2026\/01\/manchester-2025-15.webp 1120w, https:\/\/www.dahora.cz\/wp-content\/uploads\/2026\/01\/manchester-2025-15-300x225.webp 300w, https:\/\/www.dahora.cz\/wp-content\/uploads\/2026\/01\/manchester-2025-15-1024x768.webp 1024w, https:\/\/www.dahora.cz\/wp-content\/uploads\/2026\/01\/manchester-2025-15-768x576.webp 768w, https:\/\/www.dahora.cz\/wp-content\/uploads\/2026\/01\/manchester-2025-15-16x12.webp 16w\" sizes=\"(max-width: 1120px) 100vw, 1120px\" \/><\/figure><div class=\"elementor-image-box-content\"><h2 class=\"elementor-image-box-title\">\u0160koln\u00ed rok <br>2025 - 2026<\/h2><\/div><\/a>\t\t\t\t<\/div>\n\t\t\t\t<\/div>\n\t\t\t\t\t<\/div>\n\t\t<\/div>\n\t\t\t\t<div class=\"elementor-column elementor-col-33 elementor-inner-column elementor-element elementor-element-fd16030\" data-id=\"fd16030\" data-element_type=\"column\" data-e-type=\"column\">\n\t\t\t<div class=\"elementor-widget-wrap elementor-element-populated\">\n\t\t\t\t\t\t<div class=\"elementor-element elementor-element-4b3e616 vamtam-has-box-is-link elementor-position-top elementor-widget elementor-widget-image-box\" data-id=\"4b3e616\" data-element_type=\"widget\" data-e-type=\"widget\" data-widget_type=\"image-box.default\">\n\t\t\t\t<div class=\"elementor-widget-container\">\n\t\t\t\t\t<a href=\"https:\/\/www.dahora.cz\/skolni-rok-2024-2025-fotogalerie\/\" class=\"elementor-image-box-wrapper vamtam-is-link\"><figure class=\"elementor-image-box-img\"><img decoding=\"async\" width=\"1080\" height=\"807\" src=\"https:\/\/www.dahora.cz\/wp-content\/uploads\/2025\/02\/Skolni-rok-2024-\u2013-2025-\u2013-Fotogalerie-Dahora.webp\" class=\"attachment-full size-full wp-image-997565\" alt=\"\u0160koln\u00ed rok 2024 \u2013 2025 \u2013 Fotogalerie\" srcset=\"https:\/\/www.dahora.cz\/wp-content\/uploads\/2025\/02\/Skolni-rok-2024-\u2013-2025-\u2013-Fotogalerie-Dahora.webp 1080w, https:\/\/www.dahora.cz\/wp-content\/uploads\/2025\/02\/Skolni-rok-2024-\u2013-2025-\u2013-Fotogalerie-Dahora-300x224.webp 300w, https:\/\/www.dahora.cz\/wp-content\/uploads\/2025\/02\/Skolni-rok-2024-\u2013-2025-\u2013-Fotogalerie-Dahora-1024x765.webp 1024w, https:\/\/www.dahora.cz\/wp-content\/uploads\/2025\/02\/Skolni-rok-2024-\u2013-2025-\u2013-Fotogalerie-Dahora-768x574.webp 768w, https:\/\/www.dahora.cz\/wp-content\/uploads\/2025\/02\/Skolni-rok-2024-\u2013-2025-\u2013-Fotogalerie-Dahora-16x12.webp 16w\" sizes=\"(max-width: 1080px) 100vw, 1080px\" \/><\/figure><div class=\"elementor-image-box-content\"><h2 class=\"elementor-image-box-title\">\u0160koln\u00ed rok <br>2024 - 2025<\/h2><\/div><\/a>\t\t\t\t<\/div>\n\t\t\t\t<\/div>\n\t\t\t\t\t<\/div>\n\t\t<\/div>\n\t\t\t\t<div class=\"elementor-column elementor-col-33 elementor-inner-column elementor-element elementor-element-c8ea9bb\" data-id=\"c8ea9bb\" data-element_type=\"column\" data-e-type=\"column\">\n\t\t\t<div class=\"elementor-widget-wrap elementor-element-populated\">\n\t\t\t\t\t\t<div class=\"elementor-element elementor-element-9904f76 vamtam-has-box-is-link elementor-position-top elementor-widget elementor-widget-image-box\" data-id=\"9904f76\" data-element_type=\"widget\" data-e-type=\"widget\" data-widget_type=\"image-box.default\">\n\t\t\t\t<div class=\"elementor-widget-container\">\n\t\t\t\t\t<a href=\"https:\/\/www.dahora.cz\/skolni-rok-2023-2024-fotogalerie\/\" class=\"elementor-image-box-wrapper vamtam-is-link\"><figure class=\"elementor-image-box-img\"><img decoding=\"async\" width=\"1080\" height=\"807\" src=\"https:\/\/www.dahora.cz\/wp-content\/uploads\/2023\/10\/vylet-do-rakouskeho-lince-01.jpg\" class=\"attachment-full size-full wp-image-992491\" alt=\"\" srcset=\"https:\/\/www.dahora.cz\/wp-content\/uploads\/2023\/10\/vylet-do-rakouskeho-lince-01.jpg 1080w, https:\/\/www.dahora.cz\/wp-content\/uploads\/2023\/10\/vylet-do-rakouskeho-lince-01-300x224.jpg 300w, https:\/\/www.dahora.cz\/wp-content\/uploads\/2023\/10\/vylet-do-rakouskeho-lince-01-1024x765.jpg 1024w, https:\/\/www.dahora.cz\/wp-content\/uploads\/2023\/10\/vylet-do-rakouskeho-lince-01-768x574.jpg 768w, https:\/\/www.dahora.cz\/wp-content\/uploads\/2023\/10\/vylet-do-rakouskeho-lince-01-16x12.jpg 16w\" sizes=\"(max-width: 1080px) 100vw, 1080px\" \/><\/figure><div class=\"elementor-image-box-content\"><h2 class=\"elementor-image-box-title\">\u0160koln\u00ed rok <br>2023 - 2024<\/h2><\/div><\/a>\t\t\t\t<\/div>\n\t\t\t\t<\/div>\n\t\t\t\t\t<\/div>\n\t\t<\/div>\n\t\t\t\t\t<\/div>\n\t\t<\/section>\n\t\t\t\t<section class=\"elementor-section elementor-inner-section elementor-element elementor-element-03aab42 elementor-section-boxed elementor-section-height-default elementor-section-height-default\" data-id=\"03aab42\" data-element_type=\"section\" data-e-type=\"section\">\n\t\t\t\t\t\t<div class=\"elementor-container elementor-column-gap-default\">\n\t\t\t\t\t<div class=\"elementor-column elementor-col-33 elementor-inner-column elementor-element elementor-element-5a96b01\" data-id=\"5a96b01\" data-element_type=\"column\" data-e-type=\"column\">\n\t\t\t<div class=\"elementor-widget-wrap elementor-element-populated\">\n\t\t\t\t\t\t<div class=\"elementor-element elementor-element-42f8910 vamtam-has-box-is-link elementor-position-top elementor-widget elementor-widget-image-box\" data-id=\"42f8910\" data-element_type=\"widget\" data-e-type=\"widget\" data-widget_type=\"image-box.default\">\n\t\t\t\t<div class=\"elementor-widget-container\">\n\t\t\t\t\t<a href=\"https:\/\/www.dahora.cz\/skolni-rok-2022-2023-fotogalerie\/\" class=\"elementor-image-box-wrapper vamtam-is-link\"><figure class=\"elementor-image-box-img\"><img loading=\"lazy\" decoding=\"async\" width=\"1080\" height=\"810\" src=\"https:\/\/www.dahora.cz\/wp-content\/uploads\/2024\/06\/Tydenni-vylet-do-mezinarodni-vesnicky-v-Chorvatsku.webp\" class=\"attachment-full size-full wp-image-994868\" alt=\"\" srcset=\"https:\/\/www.dahora.cz\/wp-content\/uploads\/2024\/06\/Tydenni-vylet-do-mezinarodni-vesnicky-v-Chorvatsku.webp 1080w, https:\/\/www.dahora.cz\/wp-content\/uploads\/2024\/06\/Tydenni-vylet-do-mezinarodni-vesnicky-v-Chorvatsku-300x225.webp 300w, https:\/\/www.dahora.cz\/wp-content\/uploads\/2024\/06\/Tydenni-vylet-do-mezinarodni-vesnicky-v-Chorvatsku-1024x768.webp 1024w, https:\/\/www.dahora.cz\/wp-content\/uploads\/2024\/06\/Tydenni-vylet-do-mezinarodni-vesnicky-v-Chorvatsku-768x576.webp 768w, https:\/\/www.dahora.cz\/wp-content\/uploads\/2024\/06\/Tydenni-vylet-do-mezinarodni-vesnicky-v-Chorvatsku-16x12.webp 16w\" sizes=\"(max-width: 1080px) 100vw, 1080px\" \/><\/figure><div class=\"elementor-image-box-content\"><h2 class=\"elementor-image-box-title\">\u0160koln\u00ed rok <br>2022 - 2023<\/h2><\/div><\/a>\t\t\t\t<\/div>\n\t\t\t\t<\/div>\n\t\t\t\t\t<\/div>\n\t\t<\/div>\n\t\t\t\t<div class=\"elementor-column elementor-col-33 elementor-inner-column elementor-element elementor-element-89da387\" data-id=\"89da387\" data-element_type=\"column\" data-e-type=\"column\">\n\t\t\t<div class=\"elementor-widget-wrap\">\n\t\t\t\t\t\t\t<\/div>\n\t\t<\/div>\n\t\t\t\t<div class=\"elementor-column elementor-col-33 elementor-inner-column elementor-element elementor-element-b50a23a\" data-id=\"b50a23a\" data-element_type=\"column\" data-e-type=\"column\">\n\t\t\t<div class=\"elementor-widget-wrap\">\n\t\t\t\t\t\t\t<\/div>\n\t\t<\/div>\n\t\t\t\t\t<\/div>\n\t\t<\/section>\n\t\t\t\t\t<\/div>\n\t\t<\/div>\n\t\t\t\t\t<\/div>\n\t\t<\/section>\n\t\t\t\t<\/div>\n\t\t","protected":false},"excerpt":{"rendered":"<p>Na\u0161e \u0161kola \u017eije bohat\u00fdm spole\u010densk\u00fdm, kulturn\u00edm a sportovn\u00edm \u017eivotem. Pro lep\u0161\u00ed p\u0159edstavu si m\u016f\u017eete prohl\u00e9dnout fotogalerii z vybran\u00fdch \u0161koln\u00edch akc\u00ed jako nap\u0159. slavnostn\u00ed otev\u0159en\u00ed \u0161koly, adapta\u010dn\u00ed v\u00fdlet, dny otev\u0159en\u00fdch dve\u0159\u00ed, veletrhy a v\u00fdstavy, zahrani\u010dn\u00ed n\u00e1v\u0161t\u011bvy nebo maturitn\u00ed a imatrikula\u010dn\u00ed ples. \u0160koln\u00ed rok 2025 &#8211; 2026 \u0160koln\u00ed rok 2024 &#8211; 2025 \u0160koln\u00ed rok 2023 &#8211; 2024&#8230;<\/p>","protected":false},"author":4,"featured_media":0,"parent":0,"menu_order":0,"comment_status":"closed","ping_status":"closed","template":"elementor_header_footer","meta":{"footnotes":""},"class_list":["post-6283","page","type-page","status-publish","hentry"],"aioseo_notices":[],"_links":{"self":[{"href":"https:\/\/www.dahora.cz\/ru\/wp-json\/wp\/v2\/pages\/6283","targetHints":{"allow":["GET"]}}],"collection":[{"href":"https:\/\/www.dahora.cz\/ru\/wp-json\/wp\/v2\/pages"}],"about":[{"href":"https:\/\/www.dahora.cz\/ru\/wp-json\/wp\/v2\/types\/page"}],"author":[{"embeddable":true,"href":"https:\/\/www.dahora.cz\/ru\/wp-json\/wp\/v2\/users\/4"}],"replies":[{"embeddable":true,"href":"https:\/\/www.dahora.cz\/ru\/wp-json\/wp\/v2\/comments?post=6283"}],"version-history":[{"count":0,"href":"https:\/\/www.dahora.cz\/ru\/wp-json\/wp\/v2\/pages\/6283\/revisions"}],"wp:attachment":[{"href":"https:\/\/www.dahora.cz\/ru\/wp-json\/wp\/v2\/media?parent=6283"}],"curies":[{"name":"wp","href":"https:\/\/api.w.org\/{rel}","templated":true}]}}