{"id":6417,"date":"2020-11-21T09:57:26","date_gmt":"2020-11-21T09:57:26","guid":{"rendered":"https:\/\/estudiar.vamtam.com\/?page_id=6417"},"modified":"2026-04-13T08:31:54","modified_gmt":"2026-04-13T06:31:54","slug":"studovat-v-anglictine-je-proste-cool","status":"publish","type":"page","link":"https:\/\/www.dahora.cz\/ru\/studovat-v-anglictine-je-proste-cool\/","title":{"rendered":"\u0423\u0447\u0438\u0442\u044c\u0441\u044f \u043d\u0430 \u0430\u043d\u0433\u043b\u0438\u0439\u0441\u043a\u043e\u043c - \u044d\u0442\u043e \u043f\u0440\u043e\u0441\u0442\u043e \u043a\u0440\u0443\u0442\u043e"},"content":{"rendered":"<div data-elementor-type=\"wp-page\" data-elementor-id=\"6417\" class=\"elementor elementor-6417\" data-elementor-post-type=\"page\">\n\t\t\t\t\t\t<section class=\"elementor-section elementor-top-section elementor-element elementor-element-67a76e6 elementor-section-height-min-height elementor-section-boxed elementor-section-height-default elementor-section-items-middle\" data-id=\"67a76e6\" data-element_type=\"section\" data-e-type=\"section\" data-settings=\"{&quot;background_background&quot;:&quot;classic&quot;}\">\n\t\t\t\t\t\t\t<div class=\"elementor-background-overlay\"><\/div>\n\t\t\t\t\t\t\t<div class=\"elementor-container elementor-column-gap-default\">\n\t\t\t\t\t<div class=\"elementor-column elementor-col-100 elementor-top-column elementor-element elementor-element-15f10e8\" data-id=\"15f10e8\" data-element_type=\"column\" data-e-type=\"column\" data-settings=\"{&quot;background_background&quot;:&quot;classic&quot;}\">\n\t\t\t<div class=\"elementor-widget-wrap\">\n\t\t\t\t\t\t\t<\/div>\n\t\t<\/div>\n\t\t\t\t\t<\/div>\n\t\t<\/section>\n\t\t\t\t<section class=\"elementor-section elementor-top-section elementor-element elementor-element-8fd2d5c elementor-section-boxed elementor-section-height-default elementor-section-height-default\" data-id=\"8fd2d5c\" data-element_type=\"section\" data-e-type=\"section\">\n\t\t\t\t\t\t<div class=\"elementor-container elementor-column-gap-no\">\n\t\t\t\t\t<div class=\"elementor-column elementor-col-50 elementor-top-column elementor-element elementor-element-b8dc449 animated-fast elementor-invisible\" data-id=\"b8dc449\" data-element_type=\"column\" data-e-type=\"column\" data-settings=\"{&quot;background_background&quot;:&quot;classic&quot;,&quot;animation&quot;:&quot;fadeIn&quot;,&quot;animation_delay&quot;:100}\">\n\t\t\t<div class=\"elementor-widget-wrap elementor-element-populated\">\n\t\t\t\t\t\t<div class=\"elementor-element elementor-element-636bbf5 elementor-widget elementor-widget-heading\" data-id=\"636bbf5\" data-element_type=\"widget\" data-e-type=\"widget\" data-widget_type=\"heading.default\">\n\t\t\t\t<div class=\"elementor-widget-container\">\n\t\t\t\t\t<h3 class=\"elementor-heading-title elementor-size-default\">Studium v anglick\u00e9m jazyce zakon\u010den\u00e9 mezin\u00e1rodn\u00ed anglickou maturitou.<\/h3>\t\t\t\t<\/div>\n\t\t\t\t<\/div>\n\t\t\t\t\t<\/div>\n\t\t<\/div>\n\t\t\t\t<div class=\"elementor-column elementor-col-50 elementor-top-column elementor-element elementor-element-f771697 elementor-hidden-desktop elementor-hidden-tablet elementor-hidden-phone\" data-id=\"f771697\" data-element_type=\"column\" data-e-type=\"column\">\n\t\t\t<div class=\"elementor-widget-wrap\">\n\t\t\t\t\t\t\t<\/div>\n\t\t<\/div>\n\t\t\t\t\t<\/div>\n\t\t<\/section>\n\t\t\t\t<section class=\"elementor-section elementor-top-section elementor-element elementor-element-7850f07 elementor-section-boxed elementor-section-height-default elementor-section-height-default\" data-id=\"7850f07\" data-element_type=\"section\" data-e-type=\"section\">\n\t\t\t\t\t\t<div class=\"elementor-container elementor-column-gap-default\">\n\t\t\t\t\t<div class=\"elementor-column elementor-col-100 elementor-top-column elementor-element elementor-element-5004776\" data-id=\"5004776\" data-element_type=\"column\" data-e-type=\"column\">\n\t\t\t<div class=\"elementor-widget-wrap elementor-element-populated\">\n\t\t\t\t\t\t<div class=\"elementor-element elementor-element-562e3fb elementor-widget__width-initial elementor-widget elementor-widget-heading\" data-id=\"562e3fb\" data-element_type=\"widget\" data-e-type=\"widget\" data-widget_type=\"heading.default\">\n\t\t\t\t<div class=\"elementor-widget-container\">\n\t\t\t\t\t<h2 class=\"elementor-heading-title elementor-size-default\">\u041c\u044b \u043f\u0440\u0438\u043d\u0438\u043c\u0430\u0435\u043c \u0437\u0430\u044f\u0432\u043b\u0435\u043d\u0438\u044f \u043d\u0430 2-\u0439 \u0442\u0443\u0440 \u043f\u0440\u043e\u0446\u0435\u0434\u0443\u0440\u044b \u0437\u0430\u0447\u0438\u0441\u043b\u0435\u043d\u0438\u044f<\/h2>\t\t\t\t<\/div>\n\t\t\t\t<\/div>\n\t\t\t\t\t<\/div>\n\t\t<\/div>\n\t\t\t\t\t<\/div>\n\t\t<\/section>\n\t\t\t\t<section class=\"elementor-section elementor-top-section elementor-element elementor-element-5867e60 elementor-section-boxed elementor-section-height-default elementor-section-height-default\" data-id=\"5867e60\" data-element_type=\"section\" data-e-type=\"section\">\n\t\t\t\t\t\t<div class=\"elementor-container elementor-column-gap-no\">\n\t\t\t\t\t<div class=\"elementor-column elementor-col-100 elementor-top-column elementor-element elementor-element-51890e0\" data-id=\"51890e0\" data-element_type=\"column\" data-e-type=\"column\">\n\t\t\t<div class=\"elementor-widget-wrap elementor-element-populated\">\n\t\t\t\t\t\t<section class=\"elementor-section elementor-inner-section elementor-element elementor-element-aff0c14 elementor-section-boxed elementor-section-height-default elementor-section-height-default\" data-id=\"aff0c14\" data-element_type=\"section\" data-e-type=\"section\" data-settings=\"{&quot;animation&quot;:&quot;none&quot;,&quot;animation_tablet&quot;:&quot;none&quot;,&quot;animation_delay&quot;:200}\">\n\t\t\t\t\t\t<div class=\"elementor-container elementor-column-gap-default\">\n\t\t\t\t\t<div class=\"elementor-column elementor-col-50 elementor-inner-column elementor-element elementor-element-6b1f132\" data-id=\"6b1f132\" data-element_type=\"column\" data-e-type=\"column\">\n\t\t\t<div class=\"elementor-widget-wrap elementor-element-populated\">\n\t\t\t\t\t\t<div class=\"elementor-element elementor-element-e4221e4 elementor-widget elementor-widget-heading\" data-id=\"e4221e4\" data-element_type=\"widget\" data-e-type=\"widget\" data-widget_type=\"heading.default\">\n\t\t\t\t<div class=\"elementor-widget-container\">\n\t\t\t\t\t<h4 class=\"elementor-heading-title elementor-size-default\">Kde?<\/h4>\t\t\t\t<\/div>\n\t\t\t\t<\/div>\n\t\t\t\t\t<\/div>\n\t\t<\/div>\n\t\t\t\t<div class=\"elementor-column elementor-col-50 elementor-inner-column elementor-element elementor-element-34f0cdb\" data-id=\"34f0cdb\" data-element_type=\"column\" data-e-type=\"column\">\n\t\t\t<div class=\"elementor-widget-wrap elementor-element-populated\">\n\t\t\t\t\t\t<div class=\"elementor-element elementor-element-e3fd681 elementor-widget elementor-widget-heading\" data-id=\"e3fd681\" data-element_type=\"widget\" data-e-type=\"widget\" data-widget_type=\"heading.default\">\n\t\t\t\t<div class=\"elementor-widget-container\">\n\t\t\t\t\t<h4 class=\"elementor-heading-title elementor-size-default\">\u0426\u0438\u0444\u0440\u043e\u0432\u0430\u044f \u0430\u043a\u0430\u0434\u0435\u043c\u0438\u044f \u041a\u0443\u0442\u043d\u0430 \u0413\u043e\u0440\u0430<\/h4>\t\t\t\t<\/div>\n\t\t\t\t<\/div>\n\t\t\t\t<div class=\"elementor-element elementor-element-42c94d2 elementor-widget elementor-widget-text-editor\" data-id=\"42c94d2\" data-element_type=\"widget\" data-e-type=\"widget\" data-widget_type=\"text-editor.default\">\n\t\t\t\t<div class=\"elementor-widget-container\">\n\t\t\t\t\t\t\t\t\t<p>Jsme nov\u011b otev\u0159en\u00e1 \u0161kola s modern\u00edm p\u0159\u00edstupem v Kutn\u00e9 Ho\u0159e \u2013 Mal\u00edn\u011b, kter\u00e1 jde s dobou a sv\u00e9 studenty se sna\u017e\u00ed vzd\u011bl\u00e1vat v tom, co se jim v \u017eivot\u011b bude hodit.<\/p>\t\t\t\t\t\t\t\t<\/div>\n\t\t\t\t<\/div>\n\t\t\t\t\t<\/div>\n\t\t<\/div>\n\t\t\t\t\t<\/div>\n\t\t<\/section>\n\t\t\t\t<section class=\"elementor-section elementor-inner-section elementor-element elementor-element-651227f elementor-section-boxed elementor-section-height-default elementor-section-height-default\" data-id=\"651227f\" data-element_type=\"section\" data-e-type=\"section\">\n\t\t\t\t\t\t<div class=\"elementor-container elementor-column-gap-default\">\n\t\t\t\t\t<div class=\"elementor-column elementor-col-50 elementor-inner-column elementor-element elementor-element-3cecfac\" data-id=\"3cecfac\" data-element_type=\"column\" data-e-type=\"column\">\n\t\t\t<div class=\"elementor-widget-wrap elementor-element-populated\">\n\t\t\t\t\t\t<div class=\"elementor-element elementor-element-d63f731 elementor-widget elementor-widget-heading\" data-id=\"d63f731\" data-element_type=\"widget\" data-e-type=\"widget\" data-widget_type=\"heading.default\">\n\t\t\t\t<div class=\"elementor-widget-container\">\n\t\t\t\t\t<h4 class=\"elementor-heading-title elementor-size-default\">Co?<\/h4>\t\t\t\t<\/div>\n\t\t\t\t<\/div>\n\t\t\t\t\t<\/div>\n\t\t<\/div>\n\t\t\t\t<div class=\"elementor-column elementor-col-50 elementor-inner-column elementor-element elementor-element-7b28a52\" data-id=\"7b28a52\" data-element_type=\"column\" data-e-type=\"column\">\n\t\t\t<div class=\"elementor-widget-wrap elementor-element-populated\">\n\t\t\t\t\t\t<div class=\"elementor-element elementor-element-3ce5652 elementor-widget elementor-widget-heading\" data-id=\"3ce5652\" data-element_type=\"widget\" data-e-type=\"widget\" data-widget_type=\"heading.default\">\n\t\t\t\t<div class=\"elementor-widget-container\">\n\t\t\t\t\t<h4 class=\"elementor-heading-title elementor-size-default\">Obor Business \/ Podnik\u00e1n\u00ed<\/h4>\t\t\t\t<\/div>\n\t\t\t\t<\/div>\n\t\t\t\t<div class=\"elementor-element elementor-element-c9c0891 elementor-widget elementor-widget-text-editor\" data-id=\"c9c0891\" data-element_type=\"widget\" data-e-type=\"widget\" data-widget_type=\"text-editor.default\">\n\t\t\t\t<div class=\"elementor-widget-container\">\n\t\t\t\t\t\t\t\t\t<p>Nab\u00edz\u00edme vzd\u011bl\u00e1n\u00ed z ekonomick\u00fdch p\u0159edm\u011bt\u016f a prohlouben\u00ed znalosti anglick\u00e9ho jazyka formou denn\u00edho studia zakon\u010den\u00e9ho anglickou mezin\u00e1rodn\u00ed maturitou. \u017d\u00e1ci z\u00edsk\u00e1vaj\u00ed po absolvov\u00e1n\u00ed studia mezin\u00e1rodn\u011b platn\u00fd certifik\u00e1t, kter\u00fd je oprav\u0148uje k p\u0159ijet\u00ed na zahrani\u010dn\u00ed vysok\u00e9 \u0161koly bez p\u0159ij\u00edmac\u00edch zkou\u0161ek. Cel\u00e1 v\u00fduka nen\u00ed jen v\u00fdukou teoretick\u00fdch znalost\u00ed, ale tak\u00e9 prob\u00edh\u00e1 praktickou formou, tj. vypracov\u00e1v\u00e1n\u00edm p\u0159\u00edpadov\u00fdch studi\u00ed tzv. assignment\u016f.<\/p>\t\t\t\t\t\t\t\t<\/div>\n\t\t\t\t<\/div>\n\t\t\t\t\t<\/div>\n\t\t<\/div>\n\t\t\t\t\t<\/div>\n\t\t<\/section>\n\t\t\t\t<section class=\"elementor-section elementor-inner-section elementor-element elementor-element-faa6e29 elementor-section-boxed elementor-section-height-default elementor-section-height-default\" data-id=\"faa6e29\" data-element_type=\"section\" data-e-type=\"section\">\n\t\t\t\t\t\t<div class=\"elementor-container elementor-column-gap-default\">\n\t\t\t\t\t<div class=\"elementor-column elementor-col-50 elementor-inner-column elementor-element elementor-element-5fbb01b\" data-id=\"5fbb01b\" data-element_type=\"column\" data-e-type=\"column\">\n\t\t\t<div class=\"elementor-widget-wrap elementor-element-populated\">\n\t\t\t\t\t\t<div class=\"elementor-element elementor-element-42c4edc elementor-widget elementor-widget-heading\" data-id=\"42c4edc\" data-element_type=\"widget\" data-e-type=\"widget\" data-widget_type=\"heading.default\">\n\t\t\t\t<div class=\"elementor-widget-container\">\n\t\t\t\t\t<h4 class=\"elementor-heading-title elementor-size-default\">Kdy?<\/h4>\t\t\t\t<\/div>\n\t\t\t\t<\/div>\n\t\t\t\t\t<\/div>\n\t\t<\/div>\n\t\t\t\t<div class=\"elementor-column elementor-col-50 elementor-inner-column elementor-element elementor-element-654e18f\" data-id=\"654e18f\" data-element_type=\"column\" data-e-type=\"column\">\n\t\t\t<div class=\"elementor-widget-wrap elementor-element-populated\">\n\t\t\t\t\t\t<div class=\"elementor-element elementor-element-8b4a7b5 elementor-widget elementor-widget-heading\" data-id=\"8b4a7b5\" data-element_type=\"widget\" data-e-type=\"widget\" data-widget_type=\"heading.default\">\n\t\t\t\t<div class=\"elementor-widget-container\">\n\t\t\t\t\t<h4 class=\"elementor-heading-title elementor-size-default\">\u0160koln\u00ed rok 2026\/2027<\/h4>\t\t\t\t<\/div>\n\t\t\t\t<\/div>\n\t\t\t\t<div class=\"elementor-element elementor-element-f44b1e3 elementor-widget elementor-widget-text-editor\" data-id=\"f44b1e3\" data-element_type=\"widget\" data-e-type=\"widget\" data-widget_type=\"text-editor.default\">\n\t\t\t\t<div class=\"elementor-widget-container\">\n\t\t\t\t\t\t\t\t\t<p>Je\u0161t\u011b m\u00e1me voln\u00e1 m\u00edsta ke studiu od 1. z\u00e1\u0159i 2026. Neusp\u011bli jste v prvn\u00edm kole p\u0159ij\u00edmac\u00edho \u0159\u00edzen\u00ed na st\u0159edn\u00ed \u0161kolu? Zkuste to u n\u00e1s!<\/p>\t\t\t\t\t\t\t\t<\/div>\n\t\t\t\t<\/div>\n\t\t\t\t\t<\/div>\n\t\t<\/div>\n\t\t\t\t\t<\/div>\n\t\t<\/section>\n\t\t\t\t<section class=\"elementor-section elementor-inner-section elementor-element elementor-element-041fcf3 elementor-section-boxed elementor-section-height-default elementor-section-height-default\" data-id=\"041fcf3\" data-element_type=\"section\" data-e-type=\"section\">\n\t\t\t\t\t\t<div class=\"elementor-container elementor-column-gap-default\">\n\t\t\t\t\t<div class=\"elementor-column elementor-col-50 elementor-inner-column elementor-element elementor-element-7bdee20\" data-id=\"7bdee20\" data-element_type=\"column\" data-e-type=\"column\">\n\t\t\t<div class=\"elementor-widget-wrap elementor-element-populated\">\n\t\t\t\t\t\t<div class=\"elementor-element elementor-element-136c24b elementor-widget elementor-widget-heading\" data-id=\"136c24b\" data-element_type=\"widget\" data-e-type=\"widget\" data-widget_type=\"heading.default\">\n\t\t\t\t<div class=\"elementor-widget-container\">\n\t\t\t\t\t<h4 class=\"elementor-heading-title elementor-size-default\">Co je <br>t\u0159eba?<\/h4>\t\t\t\t<\/div>\n\t\t\t\t<\/div>\n\t\t\t\t\t<\/div>\n\t\t<\/div>\n\t\t\t\t<div class=\"elementor-column elementor-col-50 elementor-inner-column elementor-element elementor-element-572b817\" data-id=\"572b817\" data-element_type=\"column\" data-e-type=\"column\">\n\t\t\t<div class=\"elementor-widget-wrap elementor-element-populated\">\n\t\t\t\t\t\t<div class=\"elementor-element elementor-element-ccc22c1 elementor-widget elementor-widget-heading\" data-id=\"ccc22c1\" data-element_type=\"widget\" data-e-type=\"widget\" data-widget_type=\"heading.default\">\n\t\t\t\t<div class=\"elementor-widget-container\">\n\t\t\t\t\t<h4 class=\"elementor-heading-title elementor-size-default\">\u0423\u0441\u043b\u043e\u0432\u0438\u044f \u043f\u0440\u0438\u0435\u043c\u0430<\/h4>\t\t\t\t<\/div>\n\t\t\t\t<\/div>\n\t\t\t\t<div class=\"elementor-element elementor-element-50ea87b elementor-widget elementor-widget-text-editor\" data-id=\"50ea87b\" data-element_type=\"widget\" data-e-type=\"widget\" data-widget_type=\"text-editor.default\">\n\t\t\t\t<div class=\"elementor-widget-container\">\n\t\t\t\t\t\t\t\t\t<ul><li>p\u0159ihl\u00e1\u0161ky je mo\u017en\u00e9 pod\u00e1vat ji\u017e nyn\u00ed a\u017e do zapln\u011bn\u00ed kapacit<\/li><li>p\u0159\u00edlohy k\u00a0p\u0159ihl\u00e1\u0161ce\u00a0v kopi\u00edch<\/li><li>\u043f\u043e\u0434\u0442\u0432\u0435\u0440\u0436\u0434\u0435\u043d\u0438\u0435 \u0440\u0435\u0437\u0443\u043b\u044c\u0442\u0430\u0442\u043e\u0432 \u043f\u0440\u0435\u0434\u044b\u0434\u0443\u0449\u0438\u0445 \u0438\u0441\u0441\u043b\u0435\u0434\u043e\u0432\u0430\u043d\u0438\u0439 (\u0442\u0430\u0431\u0435\u043b\u044c \u0443\u0441\u043f\u0435\u0432\u0430\u0435\u043c\u043e\u0441\u0442\u0438)<\/li><li><strong>BEZ jednotn\u00fdch p\u0159ij\u00edmac\u00edch zkou\u0161ek \u010cJ + MAT<\/strong><\/li><li>\u0438\u043d\u0442\u0435\u0440\u0432\u044c\u044e \u043d\u0430 \u0430\u043d\u0433\u043b\u0438\u0439\u0441\u043a\u043e\u043c \u044f\u0437\u044b\u043a\u0435<\/li><\/ul>\t\t\t\t\t\t\t\t<\/div>\n\t\t\t\t<\/div>\n\t\t\t\t\t<\/div>\n\t\t<\/div>\n\t\t\t\t\t<\/div>\n\t\t<\/section>\n\t\t\t\t<section class=\"elementor-section elementor-inner-section elementor-element elementor-element-ca97593 elementor-section-boxed elementor-section-height-default elementor-section-height-default\" data-id=\"ca97593\" data-element_type=\"section\" data-e-type=\"section\">\n\t\t\t\t\t\t<div class=\"elementor-container elementor-column-gap-default\">\n\t\t\t\t\t<div class=\"elementor-column elementor-col-50 elementor-inner-column elementor-element elementor-element-38b2a66\" data-id=\"38b2a66\" data-element_type=\"column\" data-e-type=\"column\">\n\t\t\t<div class=\"elementor-widget-wrap elementor-element-populated\">\n\t\t\t\t\t\t<div class=\"elementor-element elementor-element-a2302b8 elementor-widget elementor-widget-heading\" data-id=\"a2302b8\" data-element_type=\"widget\" data-e-type=\"widget\" data-widget_type=\"heading.default\">\n\t\t\t\t<div class=\"elementor-widget-container\">\n\t\t\t\t\t<h4 class=\"elementor-heading-title elementor-size-default\">Zp\u016fsob?<\/h4>\t\t\t\t<\/div>\n\t\t\t\t<\/div>\n\t\t\t\t\t<\/div>\n\t\t<\/div>\n\t\t\t\t<div class=\"elementor-column elementor-col-50 elementor-inner-column elementor-element elementor-element-58ac6f9\" data-id=\"58ac6f9\" data-element_type=\"column\" data-e-type=\"column\">\n\t\t\t<div class=\"elementor-widget-wrap elementor-element-populated\">\n\t\t\t\t\t\t<div class=\"elementor-element elementor-element-0c01302 elementor-widget elementor-widget-heading\" data-id=\"0c01302\" data-element_type=\"widget\" data-e-type=\"widget\" data-widget_type=\"heading.default\">\n\t\t\t\t<div class=\"elementor-widget-container\">\n\t\t\t\t\t<h4 class=\"elementor-heading-title elementor-size-default\">\u0424\u043e\u0440\u043c\u044b \u043e\u0431\u0443\u0447\u0435\u043d\u0438\u044f<\/h4>\t\t\t\t<\/div>\n\t\t\t\t<\/div>\n\t\t\t\t<div class=\"elementor-element elementor-element-8d33926 elementor-widget elementor-widget-text-editor\" data-id=\"8d33926\" data-element_type=\"widget\" data-e-type=\"widget\" data-widget_type=\"text-editor.default\">\n\t\t\t\t<div class=\"elementor-widget-container\">\n\t\t\t\t\t\t\t\t\t<ul><li>Kombinovan\u00e9 anglicko-\u010desk\u00e9 studium: 4let\u00e9 studium \u010desk\u00e9ho oboru Obchodn\u00ed akademie v kombinaci s anglick\u00fdm Business, ukon\u010den\u00e9 \u010deskou i anglickou mezin\u00e1rodn\u00ed maturitou, 4let\u00e9 denn\u00ed, 5let\u00e9 d\u00e1lkov\u00e9 (2x m\u011bs\u00ed\u010dn\u011b o sobot\u00e1ch)<\/li><\/ul><ul><li>Anglick\u00e9 studium Business s mezin\u00e1rodn\u00edm anglick\u00fdm certifik\u00e1tem (CZLC9 Business Pearson BTEC), 3 let\u00e9 denn\u00ed (20 hodin t\u00fddn\u011b)\/d\u00e1lkov\u00e9\/distan\u010dn\u00ed online<\/li><\/ul><ul><li>Distan\u010dn\u00ed studium: 3let\u00e9 studium formou online v\u00fduky, vyu\u010duje se ka\u017ed\u00fd se den v t\u00fddnu 2 vyu\u010dovac\u00ed hodiny a 1x m\u011bs\u00ed\u010dn\u011b v sobotu prob\u00edhaj\u00ed shrnuj\u00edc\u00ed konzultace<\/li><\/ul>\t\t\t\t\t\t\t\t<\/div>\n\t\t\t\t<\/div>\n\t\t\t\t\t<\/div>\n\t\t<\/div>\n\t\t\t\t\t<\/div>\n\t\t<\/section>\n\t\t\t\t<section class=\"elementor-section elementor-inner-section elementor-element elementor-element-d62d268 elementor-section-boxed elementor-section-height-default elementor-section-height-default\" data-id=\"d62d268\" data-element_type=\"section\" data-e-type=\"section\">\n\t\t\t\t\t\t<div class=\"elementor-container elementor-column-gap-default\">\n\t\t\t\t\t<div class=\"elementor-column elementor-col-50 elementor-inner-column elementor-element elementor-element-2af5b13\" data-id=\"2af5b13\" data-element_type=\"column\" data-e-type=\"column\">\n\t\t\t<div class=\"elementor-widget-wrap elementor-element-populated\">\n\t\t\t\t\t\t<div class=\"elementor-element elementor-element-7e3c970 elementor-widget elementor-widget-heading\" data-id=\"7e3c970\" data-element_type=\"widget\" data-e-type=\"widget\" data-widget_type=\"heading.default\">\n\t\t\t\t<div class=\"elementor-widget-container\">\n\t\t\t\t\t<h4 class=\"elementor-heading-title elementor-size-default\">Za kolik?<\/h4>\t\t\t\t<\/div>\n\t\t\t\t<\/div>\n\t\t\t\t\t<\/div>\n\t\t<\/div>\n\t\t\t\t<div class=\"elementor-column elementor-col-50 elementor-inner-column elementor-element elementor-element-d63aa70\" data-id=\"d63aa70\" data-element_type=\"column\" data-e-type=\"column\">\n\t\t\t<div class=\"elementor-widget-wrap elementor-element-populated\">\n\t\t\t\t\t\t<div class=\"elementor-element elementor-element-dce5a8e elementor-widget elementor-widget-heading\" data-id=\"dce5a8e\" data-element_type=\"widget\" data-e-type=\"widget\" data-widget_type=\"heading.default\">\n\t\t\t\t<div class=\"elementor-widget-container\">\n\t\t\t\t\t<h4 class=\"elementor-heading-title elementor-size-default\">Z\u00e1kladn\u00ed a roz\u0161\u00ed\u0159en\u00e9 \u0161koln\u00e9<\/h4>\t\t\t\t<\/div>\n\t\t\t\t<\/div>\n\t\t\t\t<div class=\"elementor-element elementor-element-8091b51 elementor-widget elementor-widget-text-editor\" data-id=\"8091b51\" data-element_type=\"widget\" data-e-type=\"widget\" data-widget_type=\"text-editor.default\">\n\t\t\t\t<div class=\"elementor-widget-container\">\n\t\t\t\t\t\t\t\t\t<p>U n\u00e1s si m\u016f\u017eete vybrat mezi z\u00e1kladn\u00edm \u0161koln\u00fdm a roz\u0161\u00ed\u0159en\u00fdm \u0161koln\u00fdm s VIP bal\u00ed\u010dkem, kter\u00e9 obsahuje mnoho v\u00fdhod pro va\u0161e studium. <a href=\"https:\/\/www.dahora.cz\/ru\/skolne\/\" target=\"_blank\" rel=\"noopener\">\u041f\u043e\u043b\u043d\u0430\u044f \u0438\u043d\u0444\u043e\u0440\u043c\u0430\u0446\u0438\u044f \u043e \u0441\u0442\u043e\u0438\u043c\u043e\u0441\u0442\u0438 \u043e\u0431\u0443\u0447\u0435\u043d\u0438\u044f.<\/a><\/p>\t\t\t\t\t\t\t\t<\/div>\n\t\t\t\t<\/div>\n\t\t\t\t\t<\/div>\n\t\t<\/div>\n\t\t\t\t\t<\/div>\n\t\t<\/section>\n\t\t\t\t<section class=\"elementor-section elementor-inner-section elementor-element elementor-element-79baa11 elementor-section-boxed elementor-section-height-default elementor-section-height-default\" data-id=\"79baa11\" data-element_type=\"section\" data-e-type=\"section\">\n\t\t\t\t\t\t<div class=\"elementor-container elementor-column-gap-default\">\n\t\t\t\t\t<div class=\"elementor-column elementor-col-50 elementor-inner-column elementor-element elementor-element-c9bca29\" data-id=\"c9bca29\" data-element_type=\"column\" data-e-type=\"column\">\n\t\t\t<div class=\"elementor-widget-wrap elementor-element-populated\">\n\t\t\t\t\t\t<div class=\"elementor-element elementor-element-1f78515 elementor-widget elementor-widget-heading\" data-id=\"1f78515\" data-element_type=\"widget\" data-e-type=\"widget\" data-widget_type=\"heading.default\">\n\t\t\t\t<div class=\"elementor-widget-container\">\n\t\t\t\t\t<h4 class=\"elementor-heading-title elementor-size-default\">Jak?<\/h4>\t\t\t\t<\/div>\n\t\t\t\t<\/div>\n\t\t\t\t\t<\/div>\n\t\t<\/div>\n\t\t\t\t<div class=\"elementor-column elementor-col-50 elementor-inner-column elementor-element elementor-element-55afdd0\" data-id=\"55afdd0\" data-element_type=\"column\" data-e-type=\"column\">\n\t\t\t<div class=\"elementor-widget-wrap elementor-element-populated\">\n\t\t\t\t\t\t<div class=\"elementor-element elementor-element-7a61546 elementor-widget elementor-widget-heading\" data-id=\"7a61546\" data-element_type=\"widget\" data-e-type=\"widget\" data-widget_type=\"heading.default\">\n\t\t\t\t<div class=\"elementor-widget-container\">\n\t\t\t\t\t<h4 class=\"elementor-heading-title elementor-size-default\">\u0417\u0430\u044f\u0432\u043b\u0435\u043d\u0438\u0435 \u043d\u0430 \u043e\u0431\u0443\u0447\u0435\u043d\u0438\u0435<\/h4>\t\t\t\t<\/div>\n\t\t\t\t<\/div>\n\t\t\t\t<div class=\"elementor-element elementor-element-9de92b6 elementor-widget elementor-widget-text-editor\" data-id=\"9de92b6\" data-element_type=\"widget\" data-e-type=\"widget\" data-widget_type=\"text-editor.default\">\n\t\t\t\t<div class=\"elementor-widget-container\">\n\t\t\t\t\t\t\t\t\t<p>Chcete u n\u00e1s studovat? Je to jednoduch\u00e9. St\u00e1hn\u011bte si p\u0159ihl\u00e1\u0161ku, vypl\u0148te ji a po\u0161lete na <a href=\"mailto:info@dahora.cz\">info@dahora.cz<\/a> \u0438\u043b\u0438 \u043f\u043e \u0430\u0434\u0440\u0435\u0441\u0443: Digital Academy Kutn\u00e1 Hora, Pod \u0160kolou 167, 284 01 Kutn\u00e1 Hora - Mal\u00edn. <a href=\"https:\/\/www.dahora.cz\/ru\/prihlaska-ke-studiu\/\" target=\"_blank\" rel=\"noopener\">\u0421\u043a\u0430\u0447\u0430\u0439\u0442\u0435 \u0431\u043b\u0430\u043d\u043a \u0437\u0430\u044f\u0432\u043b\u0435\u043d\u0438\u044f.<\/a><\/p>\t\t\t\t\t\t\t\t<\/div>\n\t\t\t\t<\/div>\n\t\t\t\t\t<\/div>\n\t\t<\/div>\n\t\t\t\t\t<\/div>\n\t\t<\/section>\n\t\t\t\t\t<\/div>\n\t\t<\/div>\n\t\t\t\t\t<\/div>\n\t\t<\/section>\n\t\t\t\t<\/div>","protected":false},"excerpt":{"rendered":"<p>Studium v anglick\u00e9m jazyce zakon\u010den\u00e9 mezin\u00e1rodn\u00ed anglickou maturitou. P\u0159ij\u00edm\u00e1me p\u0159ihl\u00e1\u0161ky do 2. kola p\u0159ij\u00edmac\u00edho \u0159\u00edzen\u00ed Kde? Digital Academy Kutn\u00e1 Hora Jsme nov\u011b otev\u0159en\u00e1 \u0161kola s modern\u00edm p\u0159\u00edstupem v Kutn\u00e9 Ho\u0159e \u2013 Mal\u00edn\u011b, kter\u00e1 jde s dobou a sv\u00e9 studenty se sna\u017e\u00ed vzd\u011bl\u00e1vat v tom, co se jim v \u017eivot\u011b bude hodit. Co? Obor Business \/&#8230;<\/p>","protected":false},"author":1,"featured_media":0,"parent":0,"menu_order":0,"comment_status":"closed","ping_status":"closed","template":"","meta":{"footnotes":""},"class_list":["post-6417","page","type-page","status-publish","hentry"],"aioseo_notices":[],"_links":{"self":[{"href":"https:\/\/www.dahora.cz\/ru\/wp-json\/wp\/v2\/pages\/6417","targetHints":{"allow":["GET"]}}],"collection":[{"href":"https:\/\/www.dahora.cz\/ru\/wp-json\/wp\/v2\/pages"}],"about":[{"href":"https:\/\/www.dahora.cz\/ru\/wp-json\/wp\/v2\/types\/page"}],"author":[{"embeddable":true,"href":"https:\/\/www.dahora.cz\/ru\/wp-json\/wp\/v2\/users\/1"}],"replies":[{"embeddable":true,"href":"https:\/\/www.dahora.cz\/ru\/wp-json\/wp\/v2\/comments?post=6417"}],"version-history":[{"count":3,"href":"https:\/\/www.dahora.cz\/ru\/wp-json\/wp\/v2\/pages\/6417\/revisions"}],"predecessor-version":[{"id":1005794,"href":"https:\/\/www.dahora.cz\/ru\/wp-json\/wp\/v2\/pages\/6417\/revisions\/1005794"}],"wp:attachment":[{"href":"https:\/\/www.dahora.cz\/ru\/wp-json\/wp\/v2\/media?parent=6417"}],"curies":[{"name":"wp","href":"https:\/\/api.w.org\/{rel}","templated":true}]}}