{"id":6425,"date":"2020-11-21T10:00:11","date_gmt":"2020-11-21T09:00:11","guid":{"rendered":"https:\/\/estudiar.vamtam.com\/?page_id=6425"},"modified":"2026-01-13T14:21:55","modified_gmt":"2026-01-13T13:21:55","slug":"cestina-pro-cizince","status":"publish","type":"page","link":"https:\/\/www.dahora.cz\/ru\/cestina-pro-cizince\/","title":{"rendered":"\u0427\u0435\u0448\u0441\u043a\u0438\u0439 \u044f\u0437\u044b\u043a \u0434\u043b\u044f \u0438\u043d\u043e\u0441\u0442\u0440\u0430\u043d\u0446\u0435\u0432"},"content":{"rendered":"<div data-elementor-type=\"wp-page\" data-elementor-id=\"6425\" class=\"elementor elementor-6425\" data-elementor-post-type=\"page\">\n\t\t\t\t\t\t<section class=\"elementor-section elementor-top-section elementor-element elementor-element-b7a6036 elementor-section-height-min-height elementor-section-boxed elementor-section-height-default elementor-section-items-middle\" data-id=\"b7a6036\" data-element_type=\"section\" data-e-type=\"section\" data-settings=\"{&quot;background_background&quot;:&quot;classic&quot;}\">\n\t\t\t\t\t\t\t<div class=\"elementor-background-overlay\"><\/div>\n\t\t\t\t\t\t\t<div class=\"elementor-container elementor-column-gap-default\">\n\t\t\t\t\t<div class=\"elementor-column elementor-col-100 elementor-top-column elementor-element elementor-element-2c4c3a6\" data-id=\"2c4c3a6\" data-element_type=\"column\" data-e-type=\"column\" data-settings=\"{&quot;background_background&quot;:&quot;classic&quot;}\">\n\t\t\t<div class=\"elementor-widget-wrap\">\n\t\t\t\t\t\t\t<\/div>\n\t\t<\/div>\n\t\t\t\t\t<\/div>\n\t\t<\/section>\n\t\t\t\t<section class=\"elementor-section elementor-top-section elementor-element elementor-element-e7904e3 elementor-section-boxed elementor-section-height-default elementor-section-height-default\" data-id=\"e7904e3\" data-element_type=\"section\" data-e-type=\"section\">\n\t\t\t\t\t\t<div class=\"elementor-container elementor-column-gap-no\">\n\t\t\t\t\t<div class=\"elementor-column elementor-col-50 elementor-top-column elementor-element elementor-element-a8e0513 animated-fast elementor-invisible\" data-id=\"a8e0513\" data-element_type=\"column\" data-e-type=\"column\" data-settings=\"{&quot;background_background&quot;:&quot;classic&quot;,&quot;animation&quot;:&quot;fadeIn&quot;,&quot;animation_tablet&quot;:&quot;none&quot;,&quot;animation_mobile&quot;:&quot;none&quot;,&quot;animation_delay&quot;:100}\">\n\t\t\t<div class=\"elementor-widget-wrap elementor-element-populated\">\n\t\t\t\t\t\t\t<\/div>\n\t\t<\/div>\n\t\t\t\t<div class=\"elementor-column elementor-col-50 elementor-top-column elementor-element elementor-element-a2905a5 elementor-hidden-desktop elementor-hidden-tablet elementor-hidden-phone\" data-id=\"a2905a5\" data-element_type=\"column\" data-e-type=\"column\">\n\t\t\t<div class=\"elementor-widget-wrap\">\n\t\t\t\t\t\t\t<\/div>\n\t\t<\/div>\n\t\t\t\t\t<\/div>\n\t\t<\/section>\n\t\t\t\t<section class=\"elementor-section elementor-top-section elementor-element elementor-element-2c6189f elementor-section-boxed elementor-section-height-default elementor-section-height-default\" data-id=\"2c6189f\" data-element_type=\"section\" data-e-type=\"section\">\n\t\t\t\t\t\t<div class=\"elementor-container elementor-column-gap-default\">\n\t\t\t\t\t<div class=\"elementor-column elementor-col-100 elementor-top-column elementor-element elementor-element-1de4981\" data-id=\"1de4981\" data-element_type=\"column\" data-e-type=\"column\">\n\t\t\t<div class=\"elementor-widget-wrap elementor-element-populated\">\n\t\t\t\t\t\t<div class=\"elementor-element elementor-element-a9be81c elementor-widget elementor-widget-heading\" data-id=\"a9be81c\" data-element_type=\"widget\" data-e-type=\"widget\" data-widget_type=\"heading.default\">\n\t\t\t\t<div class=\"elementor-widget-container\">\n\t\t\t\t\t<h2 class=\"elementor-heading-title elementor-size-default\">Nov\u00e9 term\u00edny kurz\u016f budou brzy up\u0159esn\u011bny<\/h2>\t\t\t\t<\/div>\n\t\t\t\t<\/div>\n\t\t\t\t<div class=\"elementor-element elementor-element-aa1a8d3 elementor-widget elementor-widget-text-editor\" data-id=\"aa1a8d3\" data-element_type=\"widget\" data-e-type=\"widget\" data-widget_type=\"text-editor.default\">\n\t\t\t\t<div class=\"elementor-widget-container\">\n\t\t\t\t\t\t\t\t\t<p>\u041a\u0443\u0440\u0441\u044b \u0431\u0443\u0434\u0443\u0442 \u043f\u0440\u043e\u0445\u043e\u0434\u0438\u0442\u044c \u0441 \u043c\u0430\u044f, \u043e\u043f\u043b\u0430\u0442\u0430 \u0437\u0430 \u043a\u0443\u0440\u0441\u044b \u0447\u0435\u0440\u0435\u0437 \u0444\u043e\u043d\u0434\u044b \u0438 \u0446\u0435\u043d\u0442\u0440\u044b \u0437\u0430\u043d\u044f\u0442\u043e\u0441\u0442\u0438. \u0417\u0430\u043d\u044f\u0442\u0438\u044f \u043f\u0440\u043e\u0432\u043e\u0434\u044f\u0442\u0441\u044f \u0432 \u043f\u043e\u043c\u0435\u0449\u0435\u043d\u0438\u0438 \u0448\u043a\u043e\u043b\u044b \u0432 \u041a\u0443\u0442\u043d\u043e\u0439 \u0413\u043e\u0440\u0435 \u0438\u043b\u0438 \u0432 \u0434\u0440\u0443\u0433\u0438\u0445 \u043f\u043e\u043c\u0435\u0449\u0435\u043d\u0438\u044f\u0445 \u043f\u043e \u0436\u0435\u043b\u0430\u043d\u0438\u044e \u0432 \u0433\u0440\u0443\u043f\u043f\u0430\u0445 \u043c\u0430\u043a\u0441\u0438\u043c\u0443\u043c \u043f\u043e 15 \u0447\u0435\u043b\u043e\u0432\u0435\u043a. \u0412\u043c\u0435\u0441\u0442\u0438\u043c\u043e\u0441\u0442\u044c \u043f\u043e \u043f\u0440\u0435\u0434\u0432\u0430\u0440\u0438\u0442\u0435\u043b\u044c\u043d\u043e\u0439 \u0434\u043e\u0433\u043e\u0432\u043e\u0440\u0435\u043d\u043d\u043e\u0441\u0442\u0438. \u0412\u043e\u0437\u043c\u043e\u0436\u043d\u043e\u0441\u0442\u044c \u043e\u0440\u0433\u0430\u043d\u0438\u0437\u0430\u0446\u0438\u0438 \u043f\u0440\u0438\u0441\u043c\u043e\u0442\u0440\u0430 \u0437\u0430 \u0434\u0435\u0442\u044c\u043c\u0438.<\/p><ul><li>\u0411\u0435\u0441\u043f\u043b\u0430\u0442\u043d\u043e \u0447\u0435\u0440\u0435\u0437 \u043f\u0440\u043e\u043a\u0443\u0440\u0430\u0442\u0443\u0440\u0443 \u0438\u043b\u0438 \u043a\u0430\u043a \u0441\u0430\u043c\u043e\u0441\u0442\u043e\u044f\u0442\u0435\u043b\u044c\u043d\u044b\u0439 \u043f\u043b\u0430\u0442\u0435\u043b\u044c\u0449\u0438\u043a<\/li><li>\u041c\u0438\u043d\u0438\u043c\u0430\u043b\u044c\u043d\u043e\u0435 \u0443\u0447\u0430\u0441\u0442\u0438\u0435 6 \u0447\u0435\u043b\u043e\u0432\u0435\u043a<\/li><\/ul><div>\u00a0<\/div><ol><li><strong>\u041c\u043e\u0434\u0443\u043b\u044c \u0431\u0430\u0437\u043e\u0432\u043e\u0433\u043e \u043a\u0443\u0440\u0441\u0430 \u041c1 (60 \u0447\u0430\u0441\u043e\u0432)<\/strong><ul><li>3 \u0440\u0430\u0437\u0430 \u0432 \u043d\u0435\u0434\u0435\u043b\u044e (\u0432\u0442\u043e\u0440\u043d\u0438\u043a, \u0447\u0435\u0442\u0432\u0435\u0440\u0433, \u0441\u0443\u0431\u0431\u043e\u0442\u0430), \u0441 16:00<\/li><li>\u0426\u0435\u043d\u0430: 7.900,- CZK \u0438\u043b\u0438 \u0431\u0435\u0441\u043f\u043b\u0430\u0442\u043d\u043e \u0447\u0435\u0440\u0435\u0437 \u00daP<\/li><\/ul><\/li><\/ol><div>\u00a0<\/div><ol start=\"2\"><li><strong>\u043c\u043e\u0434\u0443\u043b\u044c \u043f\u043e\u0441\u043b\u0435\u0434\u0443\u044e\u0449\u0435\u0433\u043e \u043a\u0443\u0440\u0441\u0430 \u041c2 (120 \u0447\u0430\u0441\u043e\u0432)<\/strong><ul><li>3 \u0440\u0430\u0437\u0430 \u0432 \u043d\u0435\u0434\u0435\u043b\u044e (\u0432\u0442\u043e\u0440\u043d\u0438\u043a, \u0447\u0435\u0442\u0432\u0435\u0440\u0433, \u0441\u0443\u0431\u0431\u043e\u0442\u0430), \u0441 16:00<\/li><li>\u0426\u0435\u043d\u0430: 15.500,- CZK \u0438\u043b\u0438 \u0431\u0435\u0441\u043f\u043b\u0430\u0442\u043d\u043e \u0447\u0435\u0440\u0435\u0437 \u00daP<\/li><\/ul><\/li><\/ol><div>\u00a0<\/div><p><a href=\"https:\/\/www.dahora.cz\/wp-content\/uploads\/2024\/07\/prihlaska-kurz-cestina-pro-cizince.pdf\" target=\"_blank\" rel=\"noopener\"><strong>\u0411\u041b\u0410\u041d\u041a \u0417\u0410\u042f\u0412\u041b\u0415\u041d\u0418\u042f \u041c\u041e\u0416\u041d\u041e \u0421\u041a\u0410\u0427\u0410\u0422\u042c \u0417\u0414\u0415\u0421\u042c<\/strong><\/a><\/p>\t\t\t\t\t\t\t\t<\/div>\n\t\t\t\t<\/div>\n\t\t\t\t<div class=\"elementor-element elementor-element-139a1f4 elementor-align-left elementor-mobile-align-left elementor-widget elementor-widget-button\" data-id=\"139a1f4\" data-element_type=\"widget\" data-e-type=\"widget\" data-widget_type=\"button.default\">\n\t\t\t\t<div class=\"elementor-widget-container\">\n\t\t\t\t\t\t\t\t\t<div class=\"elementor-button-wrapper\">\n\t\t\t\t\t<a class=\"elementor-button elementor-button-link elementor-size-xs\" href=\"https:\/\/www.dahora.cz\/ru\/kontaktni-formular\/\">\n\t\t\t\t\t\t<span class=\"elementor-button-content-wrapper\">\n\t\t\t\t\t\t\t\t\t<span class=\"elementor-button-text\">\u041e\u0422\u041f\u0420\u0410\u0412\u0418\u0422\u042c \u041d\u0410\u041c \u0417\u0410\u041f\u0420\u041e\u0421<\/span>\n\t\t\t\t\t<\/span>\n\t\t\t\t\t<\/a>\n\t\t\t\t<\/div>\n\t\t\t\t\t\t\t\t<\/div>\n\t\t\t\t<\/div>\n\t\t\t\t\t<\/div>\n\t\t<\/div>\n\t\t\t\t\t<\/div>\n\t\t<\/section>\n\t\t\t\t<\/div>","protected":false},"excerpt":{"rendered":"<p>Nov\u00e9 term\u00edny kurz\u016f budou brzy up\u0159esn\u011bny Kurzy budou prob\u00edhat od kv\u011btna, platba kurz\u016f p\u0159es nadace a \u00fa\u0159ady pr\u00e1ce. V\u00fduka prob\u00edh\u00e1 v prostor\u00e1ch \u0161koly v Kutn\u00e9 Ho\u0159e nebo v jin\u00fdch prostor\u00e1ch dle po\u017eadavku ve skupink\u00e1ch po maxim\u00e1ln\u011b 15ti studentech. Kapacity dle dohody p\u0159edem. Mo\u017enost zaji\u0161t\u011bn\u00ed hl\u00edd\u00e1n\u00ed d\u011bt\u00ed. Zdarma p\u0159es \u00daP nebo jako samopl\u00e1tce Minim\u00e1ln\u00ed \u00fa\u010dast 6&#8230;<\/p>","protected":false},"author":4,"featured_media":0,"parent":0,"menu_order":0,"comment_status":"closed","ping_status":"closed","template":"","meta":{"footnotes":""},"class_list":["post-6425","page","type-page","status-publish","hentry"],"aioseo_notices":[],"_links":{"self":[{"href":"https:\/\/www.dahora.cz\/ru\/wp-json\/wp\/v2\/pages\/6425","targetHints":{"allow":["GET"]}}],"collection":[{"href":"https:\/\/www.dahora.cz\/ru\/wp-json\/wp\/v2\/pages"}],"about":[{"href":"https:\/\/www.dahora.cz\/ru\/wp-json\/wp\/v2\/types\/page"}],"author":[{"embeddable":true,"href":"https:\/\/www.dahora.cz\/ru\/wp-json\/wp\/v2\/users\/4"}],"replies":[{"embeddable":true,"href":"https:\/\/www.dahora.cz\/ru\/wp-json\/wp\/v2\/comments?post=6425"}],"version-history":[{"count":0,"href":"https:\/\/www.dahora.cz\/ru\/wp-json\/wp\/v2\/pages\/6425\/revisions"}],"wp:attachment":[{"href":"https:\/\/www.dahora.cz\/ru\/wp-json\/wp\/v2\/media?parent=6425"}],"curies":[{"name":"wp","href":"https:\/\/api.w.org\/{rel}","templated":true}]}}