{"id":993474,"date":"2024-02-24T11:48:58","date_gmt":"2024-02-24T10:48:58","guid":{"rendered":"https:\/\/www.dahora.cz\/?page_id=993474"},"modified":"2025-09-05T12:02:50","modified_gmt":"2025-09-05T10:02:50","slug":"pripravny-kurz-pro-5-rocniky-zs","status":"publish","type":"page","link":"https:\/\/www.dahora.cz\/ru\/pripravny-kurz-pro-5-rocniky-zs\/","title":{"rendered":"\u041f\u043e\u0434\u0433\u043e\u0442\u043e\u0432\u0438\u0442\u0435\u043b\u044c\u043d\u044b\u0439 \u043a\u0443\u0440\u0441 \u0434\u043b\u044f \u0443\u0447\u0430\u0449\u0438\u0445\u0441\u044f 5-\u0445 \u043a\u043b\u0430\u0441\u0441\u043e\u0432"},"content":{"rendered":"<div data-elementor-type=\"wp-page\" data-elementor-id=\"993474\" class=\"elementor elementor-993474\" data-elementor-post-type=\"page\">\n\t\t\t\t\t\t<section class=\"elementor-section elementor-top-section elementor-element elementor-element-a6e5c7d elementor-section-height-min-height elementor-section-boxed elementor-section-height-default elementor-section-items-middle\" data-id=\"a6e5c7d\" data-element_type=\"section\" data-e-type=\"section\" data-settings=\"{&quot;background_background&quot;:&quot;classic&quot;}\">\n\t\t\t\t\t\t\t<div class=\"elementor-background-overlay\"><\/div>\n\t\t\t\t\t\t\t<div class=\"elementor-container elementor-column-gap-default\">\n\t\t\t\t\t<div class=\"elementor-column elementor-col-100 elementor-top-column elementor-element elementor-element-37d502a\" data-id=\"37d502a\" data-element_type=\"column\" data-e-type=\"column\" data-settings=\"{&quot;background_background&quot;:&quot;classic&quot;}\">\n\t\t\t<div class=\"elementor-widget-wrap\">\n\t\t\t\t\t\t\t<\/div>\n\t\t<\/div>\n\t\t\t\t\t<\/div>\n\t\t<\/section>\n\t\t\t\t<section class=\"elementor-section elementor-top-section elementor-element elementor-element-6771ddd elementor-section-boxed elementor-section-height-default elementor-section-height-default\" data-id=\"6771ddd\" data-element_type=\"section\" data-e-type=\"section\">\n\t\t\t\t\t\t<div class=\"elementor-container elementor-column-gap-no\">\n\t\t\t\t\t<div class=\"elementor-column elementor-col-50 elementor-top-column elementor-element elementor-element-ba2062c animated-fast elementor-invisible\" data-id=\"ba2062c\" data-element_type=\"column\" data-e-type=\"column\" data-settings=\"{&quot;background_background&quot;:&quot;classic&quot;,&quot;animation&quot;:&quot;fadeIn&quot;,&quot;animation_tablet&quot;:&quot;none&quot;,&quot;animation_mobile&quot;:&quot;none&quot;,&quot;animation_delay&quot;:100}\">\n\t\t\t<div class=\"elementor-widget-wrap elementor-element-populated\">\n\t\t\t\t\t\t\t<\/div>\n\t\t<\/div>\n\t\t\t\t<div class=\"elementor-column elementor-col-50 elementor-top-column elementor-element elementor-element-ec8f4db elementor-hidden-desktop elementor-hidden-tablet elementor-hidden-phone\" data-id=\"ec8f4db\" data-element_type=\"column\" data-e-type=\"column\">\n\t\t\t<div class=\"elementor-widget-wrap\">\n\t\t\t\t\t\t\t<\/div>\n\t\t<\/div>\n\t\t\t\t\t<\/div>\n\t\t<\/section>\n\t\t\t\t<section class=\"elementor-section elementor-top-section elementor-element elementor-element-3448b55 elementor-section-boxed elementor-section-height-default elementor-section-height-default\" data-id=\"3448b55\" data-element_type=\"section\" data-e-type=\"section\">\n\t\t\t\t\t\t<div class=\"elementor-container elementor-column-gap-default\">\n\t\t\t\t\t<div class=\"elementor-column elementor-col-100 elementor-top-column elementor-element elementor-element-7681902\" data-id=\"7681902\" data-element_type=\"column\" data-e-type=\"column\">\n\t\t\t<div class=\"elementor-widget-wrap elementor-element-populated\">\n\t\t\t\t\t\t<div class=\"elementor-element elementor-element-2cf71cd elementor-widget elementor-widget-text-editor\" data-id=\"2cf71cd\" data-element_type=\"widget\" data-e-type=\"widget\" data-widget_type=\"text-editor.default\">\n\t\t\t\t<div class=\"elementor-widget-container\">\n\t\t\t\t\t\t\t\t\t<ul><li>\u041f\u043e\u0434\u0433\u043e\u0442\u043e\u0432\u0438\u0442\u0435\u043b\u044c\u043d\u044b\u0439 \u043a\u0443\u0440\u0441 \u043a \u0432\u0441\u0442\u0443\u043f\u0438\u0442\u0435\u043b\u044c\u043d\u044b\u043c \u044d\u043a\u0437\u0430\u043c\u0435\u043d\u0430\u043c \u0432 \u043c\u043d\u043e\u0433\u043e\u043b\u0435\u0442\u043d\u0438\u0435 \u0433\u0438\u043c\u043d\u0430\u0437\u0438\u0438 \u0434\u043b\u044f \u0443\u0447\u0430\u0449\u0438\u0445\u0441\u044f 5-\u0433\u043e \u043a\u043b\u0430\u0441\u0441\u0430 \u043d\u0430\u0447\u0430\u043b\u044c\u043d\u043e\u0439 \u0448\u043a\u043e\u043b\u044b<\/li><li>\u041c\u0438\u043d\u0438\u043c\u0430\u043b\u044c\u043d\u043e\u0435 \u0443\u0447\u0430\u0441\u0442\u0438\u0435 7 \u0443\u0447\u0430\u0449\u0438\u0445\u0441\u044f<\/li><\/ul><div>\u00a0<\/div><ol><li>\u041a\u0443\u0440\u0441 \u043e\u0442\u043a\u0440\u044b\u0442 \u0434\u043b\u044f \u0437\u0430\u0440\u0435\u0433\u0438\u0441\u0442\u0440\u0438\u0440\u043e\u0432\u0430\u043d\u043d\u044b\u0445 \u0438 \u043e\u043f\u043b\u0430\u0442\u0438\u0432\u0448\u0438\u0445 \u043e\u0431\u0443\u0447\u0435\u043d\u0438\u0435 \u0441\u0442\u0443\u0434\u0435\u043d\u0442\u043e\u0432:<\/li><\/ol><ul><li><b>\u010cJL + MAT<\/b> \u0421\u0442\u043e\u0438\u043c\u043e\u0441\u0442\u044c \u043e\u0431\u0443\u0447\u0435\u043d\u0438\u044f: 7. 600,- CZK (\u043e\u0434\u0438\u043d \u0440\u0430\u0437 \u0432 \u043d\u0435\u0434\u0435\u043b\u044e \u0432\u043e \u0432\u0442\u043e\u0440\u043e\u0439 \u043f\u043e\u043b\u043e\u0432\u0438\u043d\u0435 \u0434\u043d\u044f 1 \u0447\u0430\u0441 \u010cJL 1 \u0447\u0430\u0441 MAT)<\/li><li><b>AJ<\/b> - \u0421\u0442\u043e\u0438\u043c\u043e\u0441\u0442\u044c \u043e\u0431\u0443\u0447\u0435\u043d\u0438\u044f: 4.800 CZK (1 \u0447\u0430\u0441 \u0432 \u043d\u0435\u0434\u0435\u043b\u044e)<\/li><\/ul><p>\u041e\u043f\u043b\u0430\u0442\u0430 \u0437\u0430 \u043a\u0443\u0440\u0441 \u043f\u0440\u043e\u0438\u0437\u0432\u043e\u0434\u0438\u0442\u0441\u044f \u043d\u0430 \u0441\u0447\u0435\u0442 \u0448\u043a\u043e\u043b\u044b \u2116 2802337034\/2010. \u0412 \u043a\u0430\u0447\u0435\u0441\u0442\u0432\u0435 \u043f\u0435\u0440\u0435\u043c\u0435\u043d\u043d\u043e\u0433\u043e \u0441\u0438\u043c\u0432\u043e\u043b\u0430 \u0432\u0432\u0435\u0434\u0438\u0442\u0435 \u043d\u043e\u043c\u0435\u0440 \u0440\u043e\u0436\u0434\u0435\u043d\u0438\u044f \u0438\u043b\u0438 \u0434\u0430\u0442\u0443 \u0440\u043e\u0436\u0434\u0435\u043d\u0438\u044f.<\/p><ol start=\"2\"><li>\u041a\u0443\u0440\u0441 \u043f\u0440\u043e\u0432\u043e\u0434\u0438\u0442\u0441\u044f \u0432 \u0437\u0434\u0430\u043d\u0438\u0438 \u0448\u043a\u043e\u043b\u044b <b>\u0426\u0438\u0444\u0440\u043e\u0432\u0430\u044f \u0430\u043a\u0430\u0434\u0435\u043c\u0438\u044f - \u0410\u043a\u0430\u0434\u0435\u043c\u0438\u044f \u0431\u0438\u0437\u043d\u0435\u0441\u0430, \u041e\u041e\u041e, \u041f\u043e\u0434 \u0428\u043a\u043e\u043b\u043e\u0439 167, \u041a\u0443\u0442\u043d\u0430 \u0413\u043e\u0440\u0430 - \u041c\u0430\u043b\u0438\u043d\u00a0<\/b><\/li><\/ol><div><b>\u00a0<\/b><\/div><ol start=\"3\"><li>\u0412 \u0441\u043b\u0443\u0447\u0430\u0435 \u043e\u0442\u0447\u0438\u0441\u043b\u0435\u043d\u0438\u044f \u0441\u0442\u043e\u0438\u043c\u043e\u0441\u0442\u044c \u043a\u0443\u0440\u0441\u0430 \u043d\u0435 \u0432\u043e\u0437\u0432\u0440\u0430\u0449\u0430\u0435\u0442\u0441\u044f. \u041e\u0434\u043d\u0430\u043a\u043e \u0448\u043a\u043e\u043b\u0430 \u043f\u0440\u0438\u043c\u0435\u0442 \u0437\u0430\u043c\u0435\u043d\u0443, \u043a\u043e\u0442\u043e\u0440\u0443\u044e \u0434\u043e\u043b\u0436\u0435\u043d \u043f\u0440\u0438\u0441\u043b\u0430\u0442\u044c \u043f\u0435\u0440\u0432\u043e\u043d\u0430\u0447\u0430\u043b\u044c\u043d\u043e \u0437\u0430\u0447\u0438\u0441\u043b\u0435\u043d\u043d\u044b\u0439 \u0441\u0442\u0443\u0434\u0435\u043d\u0442 \u0434\u043e \u043d\u0430\u0447\u0430\u043b\u0430 \u043a\u0443\u0440\u0441\u0430.<\/li><\/ol><div>\u00a0<\/div><ul><li>\u041a\u0443\u0440\u0441\u044b <strong>\u010cJL + MAT<\/strong> - \u043f\u0440\u043e\u0438\u0441\u0445\u043e\u0434\u0438\u0442\u044c <strong>\u043a\u0430\u0436\u0434\u044b\u0439 \u0432\u0442\u043e\u0440\u043d\u0438\u043a, \u043d\u0430\u0447\u0430\u043b\u043e 7.10.2025, \u043a\u043e\u043d\u0435\u0446 7.4.2026<\/strong><\/li><li>\u041a\u0443\u0440\u0441\u044b <strong>\u010cJL + MAT<\/strong> - 6-\u0439 \u0438 7-\u0439 \u0447\u0430\u0441 - <strong>13:40 - 15:15<\/strong><\/li><li>\u041a\u0443\u0440\u0441\u044b <strong>\u010cJL + MAT<\/strong> - \u041f\u0440\u0435\u043f\u043e\u0434\u0430\u0432\u0430\u0442\u0435\u043b\u044c \u043c\u0430\u0433\u0438\u0441\u0442\u0440 \u0410. \u041e\u0431\u0440\u0435\u0445\u0442\u043e\u0432\u0430 \u0438 \u043c\u0430\u0433\u0438\u0441\u0442\u0440. \u0415\u0440\u043c\u0430\u043a\u043e\u0432\u0430<\/li><li>\u041a\u0443\u0440\u0441 AJ - 1 \u0440\u0430\u0437 \u0432 \u043d\u0435\u0434\u0435\u043b\u044e \u0432\u043e \u0432\u0442\u043e\u0440\u043e\u0439 \u043f\u043e\u043b\u043e\u0432\u0438\u043d\u0435 \u0434\u043d\u044f - \u043f\u043e\u043d\u0435\u0434\u0435\u043b\u044c\u043d\u0438\u043a \u044f\u0432\u043b\u044f\u0435\u0442\u0441\u044f \u043e\u0431\u044f\u0437\u0430\u0442\u0435\u043b\u044c\u043d\u044b\u043c \u0443\u0441\u043b\u043e\u0432\u0438\u0435\u043c <strong>7-8-\u0439 \u0447\u0430\u0441<\/strong><\/li><\/ul><div>\u00a0<\/div><p><a href=\"https:\/\/www.dahora.cz\/wp-content\/uploads\/2025\/08\/Pripravne-kurzy-pro-prijimacky-na-SS.docx.pdf\" target=\"_blank\" rel=\"noopener\"><strong>\u0411\u041b\u0410\u041d\u041a \u0417\u0410\u042f\u0412\u041b\u0415\u041d\u0418\u042f \u041c\u041e\u0416\u041d\u041e \u0421\u041a\u0410\u0427\u0410\u0422\u042c \u0417\u0414\u0415\u0421\u042c<\/strong><\/a><\/p>\t\t\t\t\t\t\t\t<\/div>\n\t\t\t\t<\/div>\n\t\t\t\t<div class=\"elementor-element elementor-element-4ae5902 elementor-align-left elementor-mobile-align-left elementor-widget elementor-widget-button\" data-id=\"4ae5902\" data-element_type=\"widget\" data-e-type=\"widget\" data-widget_type=\"button.default\">\n\t\t\t\t<div class=\"elementor-widget-container\">\n\t\t\t\t\t\t\t\t\t<div class=\"elementor-button-wrapper\">\n\t\t\t\t\t<a class=\"elementor-button elementor-button-link elementor-size-xs\" href=\"https:\/\/www.dahora.cz\/ru\/kontaktni-formular\/\">\n\t\t\t\t\t\t<span class=\"elementor-button-content-wrapper\">\n\t\t\t\t\t\t\t\t\t<span class=\"elementor-button-text\">CONTACT US<\/span>\n\t\t\t\t\t<\/span>\n\t\t\t\t\t<\/a>\n\t\t\t\t<\/div>\n\t\t\t\t\t\t\t\t<\/div>\n\t\t\t\t<\/div>\n\t\t\t\t<div class=\"elementor-element elementor-element-57403a0 elementor-widget elementor-widget-image\" data-id=\"57403a0\" data-element_type=\"widget\" data-e-type=\"widget\" data-widget_type=\"image.default\">\n\t\t\t\t<div class=\"elementor-widget-container\">\n\t\t\t\t\t\t\t\t\t<div class=\"elementor-image\">\n\t\t\t\t\t\t\t\t\t\t\t\t\t\t\t\t\t\t\t\t\t<img fetchpriority=\"high\" decoding=\"async\" width=\"768\" height=\"768\" src=\"https:\/\/www.dahora.cz\/wp-content\/uploads\/2025\/09\/pripravne-kurzy-5-rocniky-skolni-rok-2025-2026-768x768.webp\" class=\"attachment-medium_large size-medium_large wp-image-999229\" alt=\"P\u0159\u00edpravn\u00e9 kurzy pro Pro 5. ro\u010dn\u00edky \u010cJL a MAT a AJ\" srcset=\"https:\/\/www.dahora.cz\/wp-content\/uploads\/2025\/09\/pripravne-kurzy-5-rocniky-skolni-rok-2025-2026-768x768.webp 768w, https:\/\/www.dahora.cz\/wp-content\/uploads\/2025\/09\/pripravne-kurzy-5-rocniky-skolni-rok-2025-2026-300x300.webp 300w, https:\/\/www.dahora.cz\/wp-content\/uploads\/2025\/09\/pripravne-kurzy-5-rocniky-skolni-rok-2025-2026-1024x1024.webp 1024w, https:\/\/www.dahora.cz\/wp-content\/uploads\/2025\/09\/pripravne-kurzy-5-rocniky-skolni-rok-2025-2026-150x150.webp 150w, https:\/\/www.dahora.cz\/wp-content\/uploads\/2025\/09\/pripravne-kurzy-5-rocniky-skolni-rok-2025-2026-12x12.webp 12w, https:\/\/www.dahora.cz\/wp-content\/uploads\/2025\/09\/pripravne-kurzy-5-rocniky-skolni-rok-2025-2026.webp 1080w\" sizes=\"(max-width: 768px) 100vw, 768px\" \/>\t\t\t\t\t\t\t\t\t\t\t\t\t\t\t\t\t\t\t\t\t\t\t\t<\/div>\n\t\t\t\t\t\t\t\t<\/div>\n\t\t\t\t<\/div>\n\t\t\t\t\t<\/div>\n\t\t<\/div>\n\t\t\t\t\t<\/div>\n\t\t<\/section>\n\t\t\t\t<\/div>","protected":false},"excerpt":{"rendered":"<p>\u041f\u043e\u0434\u0433\u043e\u0442\u043e\u0432\u0438\u0442\u0435\u043b\u044c\u043d\u044b\u0439 \u043a\u0443\u0440\u0441 \u043a \u0432\u0441\u0442\u0443\u043f\u0438\u0442\u0435\u043b\u044c\u043d\u044b\u043c \u044d\u043a\u0437\u0430\u043c\u0435\u043d\u0430\u043c \u0432 \u043c\u043d\u043e\u0433\u043e\u043b\u0435\u0442\u043d\u0438\u0435 \u0433\u0438\u043c\u043d\u0430\u0437\u0438\u0438 \u0434\u043b\u044f \u0443\u0447\u0435\u043d\u0438\u043a\u043e\u0432 5-\u0433\u043e \u043a\u043b\u0430\u0441\u0441\u0430 \u043d\u0430\u0447\u0430\u043b\u044c\u043d\u043e\u0439 \u0448\u043a\u043e\u043b\u044b \u041c\u0438\u043d\u0438\u043c\u0430\u043b\u044c\u043d\u043e\u0435 \u0443\u0447\u0430\u0441\u0442\u0438\u0435 7 \u0443\u0447\u0435\u043d\u0438\u043a\u043e\u0432 \u041a\u0443\u0440\u0441 \u043c\u043e\u0433\u0443\u0442 \u043f\u043e\u0441\u0435\u0449\u0430\u0442\u044c \u0437\u0430\u0440\u0435\u0433\u0438\u0441\u0442\u0440\u0438\u0440\u043e\u0432\u0430\u043d\u043d\u044b\u0435 \u0441\u0442\u0443\u0434\u0435\u043d\u0442\u044b, \u043e\u043f\u043b\u0430\u0442\u0438\u0432\u0448\u0438\u0435: \u010cJL + MAT \u0441\u0442\u043e\u0438\u043c\u043e\u0441\u0442\u044c \u043a\u0443\u0440\u0441\u0430: 7.600,- CZK (1 \u0447\u0430\u0441 \u010cJL 1 \u0447\u0430\u0441 MAT \u0440\u0430\u0437 \u0432 \u043d\u0435\u0434\u0435\u043b\u044e \u0432\u043e \u0432\u0442\u043e\u0440\u043e\u0439 \u043f\u043e\u043b\u043e\u0432\u0438\u043d\u0435 \u0434\u043d\u044f) AJ - \u0441\u0442\u043e\u0438\u043c\u043e\u0441\u0442\u044c \u043a\u0443\u0440\u0441\u0430: 4.800 CZK (1 \u0447\u0430\u0441 \u0432 \u043d\u0435\u0434\u0435\u043b\u044e) \u0421\u0442\u043e\u0438\u043c\u043e\u0441\u0442\u044c \u043a\u0443\u0440\u0441\u0430 \u043e\u043f\u043b\u0430\u0447\u0438\u0432\u0430\u0435\u0442\u0441\u044f \u043f\u043e \u0441\u0447\u0435\u0442\u0443...<\/p>","protected":false},"author":4,"featured_media":0,"parent":0,"menu_order":0,"comment_status":"closed","ping_status":"closed","template":"","meta":{"footnotes":""},"class_list":["post-993474","page","type-page","status-publish","hentry"],"aioseo_notices":[],"_links":{"self":[{"href":"https:\/\/www.dahora.cz\/ru\/wp-json\/wp\/v2\/pages\/993474","targetHints":{"allow":["GET"]}}],"collection":[{"href":"https:\/\/www.dahora.cz\/ru\/wp-json\/wp\/v2\/pages"}],"about":[{"href":"https:\/\/www.dahora.cz\/ru\/wp-json\/wp\/v2\/types\/page"}],"author":[{"embeddable":true,"href":"https:\/\/www.dahora.cz\/ru\/wp-json\/wp\/v2\/users\/4"}],"replies":[{"embeddable":true,"href":"https:\/\/www.dahora.cz\/ru\/wp-json\/wp\/v2\/comments?post=993474"}],"version-history":[{"count":0,"href":"https:\/\/www.dahora.cz\/ru\/wp-json\/wp\/v2\/pages\/993474\/revisions"}],"wp:attachment":[{"href":"https:\/\/www.dahora.cz\/ru\/wp-json\/wp\/v2\/media?parent=993474"}],"curies":[{"name":"wp","href":"https:\/\/api.w.org\/{rel}","templated":true}]}}