{"id":993493,"date":"2024-02-24T12:04:57","date_gmt":"2024-02-24T11:04:57","guid":{"rendered":"https:\/\/www.dahora.cz\/?page_id=993493"},"modified":"2026-01-13T14:19:01","modified_gmt":"2026-01-13T13:19:01","slug":"kurz-anglictiny-pro-zacatecniky","status":"publish","type":"page","link":"https:\/\/www.dahora.cz\/ru\/kurz-anglictiny-pro-zacatecniky\/","title":{"rendered":"\u041a\u0443\u0440\u0441 \u0430\u043d\u0433\u043b\u0438\u0439\u0441\u043a\u043e\u0433\u043e \u044f\u0437\u044b\u043a\u0430 \u0434\u043b\u044f \u043d\u0430\u0447\u0438\u043d\u0430\u044e\u0449\u0438\u0445"},"content":{"rendered":"<div data-elementor-type=\"wp-page\" data-elementor-id=\"993493\" class=\"elementor elementor-993493\" data-elementor-post-type=\"page\">\n\t\t\t\t\t\t<section class=\"elementor-section elementor-top-section elementor-element elementor-element-a16b589 elementor-section-height-min-height elementor-section-boxed elementor-section-height-default elementor-section-items-middle\" data-id=\"a16b589\" data-element_type=\"section\" data-e-type=\"section\" data-settings=\"{&quot;background_background&quot;:&quot;classic&quot;}\">\n\t\t\t\t\t\t\t<div class=\"elementor-background-overlay\"><\/div>\n\t\t\t\t\t\t\t<div class=\"elementor-container elementor-column-gap-default\">\n\t\t\t\t\t<div class=\"elementor-column elementor-col-100 elementor-top-column elementor-element elementor-element-edb6b2d\" data-id=\"edb6b2d\" data-element_type=\"column\" data-e-type=\"column\" data-settings=\"{&quot;background_background&quot;:&quot;classic&quot;}\">\n\t\t\t<div class=\"elementor-widget-wrap\">\n\t\t\t\t\t\t\t<\/div>\n\t\t<\/div>\n\t\t\t\t\t<\/div>\n\t\t<\/section>\n\t\t\t\t<section class=\"elementor-section elementor-top-section elementor-element elementor-element-1d82ccc elementor-section-boxed elementor-section-height-default elementor-section-height-default\" data-id=\"1d82ccc\" data-element_type=\"section\" data-e-type=\"section\">\n\t\t\t\t\t\t<div class=\"elementor-container elementor-column-gap-no\">\n\t\t\t\t\t<div class=\"elementor-column elementor-col-50 elementor-top-column elementor-element elementor-element-e6251ad animated-fast elementor-invisible\" data-id=\"e6251ad\" data-element_type=\"column\" data-e-type=\"column\" data-settings=\"{&quot;background_background&quot;:&quot;classic&quot;,&quot;animation&quot;:&quot;fadeIn&quot;,&quot;animation_tablet&quot;:&quot;none&quot;,&quot;animation_mobile&quot;:&quot;none&quot;,&quot;animation_delay&quot;:100}\">\n\t\t\t<div class=\"elementor-widget-wrap elementor-element-populated\">\n\t\t\t\t\t\t\t<\/div>\n\t\t<\/div>\n\t\t\t\t<div class=\"elementor-column elementor-col-50 elementor-top-column elementor-element elementor-element-5b04894 elementor-hidden-desktop elementor-hidden-tablet elementor-hidden-phone\" data-id=\"5b04894\" data-element_type=\"column\" data-e-type=\"column\">\n\t\t\t<div class=\"elementor-widget-wrap\">\n\t\t\t\t\t\t\t<\/div>\n\t\t<\/div>\n\t\t\t\t\t<\/div>\n\t\t<\/section>\n\t\t\t\t<section class=\"elementor-section elementor-top-section elementor-element elementor-element-1d4236f elementor-section-boxed elementor-section-height-default elementor-section-height-default\" data-id=\"1d4236f\" data-element_type=\"section\" data-e-type=\"section\">\n\t\t\t\t\t\t<div class=\"elementor-container elementor-column-gap-default\">\n\t\t\t\t\t<div class=\"elementor-column elementor-col-100 elementor-top-column elementor-element elementor-element-b26d8d7\" data-id=\"b26d8d7\" data-element_type=\"column\" data-e-type=\"column\">\n\t\t\t<div class=\"elementor-widget-wrap elementor-element-populated\">\n\t\t\t\t\t\t<div class=\"elementor-element elementor-element-15e0177 elementor-widget elementor-widget-text-editor\" data-id=\"15e0177\" data-element_type=\"widget\" data-e-type=\"widget\" data-widget_type=\"text-editor.default\">\n\t\t\t\t<div class=\"elementor-widget-container\">\n\t\t\t\t\t\t\t\t\t<ul><li>\u041a\u0440\u0443\u0433\u043b\u043e\u0433\u043e\u0434\u0438\u0447\u043d\u044b\u0439 \u0443\u0440\u043e\u0432\u0435\u043d\u044c \u043a\u0443\u0440\u0441\u0430 \u0430\u043d\u0433\u043b\u0438\u0439\u0441\u043a\u043e\u0433\u043e \u044f\u0437\u044b\u043a\u0430<strong> \u043d\u0430\u0447\u0438\u043d\u0430\u044e\u0449\u0438\u0435<\/strong> (16 \u0443\u0440\u043e\u043a\u043e\u0432)<\/li><li><span style=\"letter-spacing: var(--vamtam-primary-font-letter-spacing-desktop,normal); text-transform: var(--vamtam-primary-font-transform,none);\">\u0415\u0441\u043b\u0438 \u0432\u044b \u043d\u0435 \u0443\u0432\u0435\u0440\u0435\u043d\u044b, \u043a\u0430\u043a\u043e\u0439 \u043f\u0440\u0435\u0434\u043c\u0435\u0442 \u0432\u044b\u0431\u0440\u0430\u0442\u044c \u0432 \u043d\u0430\u0447\u0430\u043b\u0435, \u0432\u044b \u043c\u043e\u0436\u0435\u0442\u0435 \u043f\u0440\u043e\u0439\u0442\u0438 \u0432\u0441\u0442\u0443\u043f\u0438\u0442\u0435\u043b\u044c\u043d\u044b\u0439 \u0442\u0435\u0441\u0442<\/span><\/li><li><span style=\"letter-spacing: var(--vamtam-primary-font-letter-spacing-desktop,normal); text-transform: var(--vamtam-primary-font-transform,none);\">\u041c\u0438\u043d\u0438\u043c\u0430\u043b\u044c\u043d\u043e\u0435 \u043a\u043e\u043b\u0438\u0447\u0435\u0441\u0442\u0432\u043e \u0443\u0447\u0430\u0441\u0442\u043d\u0438\u043a\u043e\u0432 4 \u0447\u0435\u043b\u043e\u0432\u0435\u043a\u0430<\/span><\/li><li><strong>\u041d\u0430\u0447\u0430\u043b\u043e \u043a\u0443\u0440\u0441\u0430: 18 \u0444\u0435\u0432\u0440\u0430\u043b\u044f 2026 \u0433\u043e\u0434\u0430<\/strong><\/li><li><span style=\"letter-spacing: var(--vamtam-primary-font-letter-spacing-desktop,normal); text-transform: var(--vamtam-primary-font-transform,none);\">\u041f\u0440\u043e\u0432\u043e\u0434\u0438\u0442\u0441\u044f \u043a\u0443\u0440\u0441 \u0430\u043d\u0433\u043b\u0438\u0439\u0441\u043a\u043e\u0433\u043e \u044f\u0437\u044b\u043a\u0430 \u0434\u043b\u044f \u043d\u0430\u0447\u0438\u043d\u0430\u044e\u0449\u0438\u0445 <b>\u043a\u0430\u0436\u0434\u0443\u044e \u0441\u0440\u0435\u0434\u0443 \u0441 17:00 \u0434\u043e 17:45<\/b><\/span><\/li><\/ul><p><strong style=\"letter-spacing: var(--vamtam-primary-font-letter-spacing-desktop,normal); text-transform: var(--vamtam-primary-font-transform,none);\">\u00a0<\/strong><\/p><ol><li><span style=\"text-indent: -14.2pt; letter-spacing: var(--vamtam-primary-font-letter-spacing-desktop,normal); text-transform: var(--vamtam-primary-font-transform,none);\">\u041a\u0443\u0440\u0441 \u043e\u0442\u043a\u0440\u044b\u0442 \u0434\u043b\u044f \u0437\u0430\u0440\u0435\u0433\u0438\u0441\u0442\u0440\u0438\u0440\u043e\u0432\u0430\u043d\u043d\u044b\u0445 \u0438 \u043e\u043f\u043b\u0430\u0442\u0438\u0432\u0448\u0438\u0445 \u043e\u0431\u0443\u0447\u0435\u043d\u0438\u0435 \u0441\u0442\u0443\u0434\u0435\u043d\u0442\u043e\u0432:<br \/><\/span><\/li><\/ol><div style=\"text-indent: -18.9333px;\"><ul><li><span style=\"letter-spacing: var(--vamtam-primary-font-letter-spacing-desktop,normal); text-transform: var(--vamtam-primary-font-transform,none); text-indent: -18pt; font-family: Symbol;\"><span style=\"font: 7.0pt 'Times New Roman';\">\u00a0 \u00a0 \u00a0 \u00a0 \u00a0 \u00a0<\/span><\/span><span style=\"letter-spacing: var(--vamtam-primary-font-letter-spacing-desktop,normal); text-transform: var(--vamtam-primary-font-transform,none); text-indent: -18pt;\">\u0441\u0442\u043e\u0438\u043c\u043e\u0441\u0442\u044c \u043a\u0443\u0440\u0441\u0430: 3.800,- CZK<br \/><\/span><\/li><\/ul><p><span style=\"letter-spacing: var(--vamtam-primary-font-letter-spacing-desktop,normal); text-transform: var(--vamtam-primary-font-transform,none); text-indent: -18pt;\"><i>(k<\/i><\/span><i><span style=\"text-indent: -18.9333px; letter-spacing: var(--vamtam-primary-font-letter-spacing-desktop,normal); text-transform: var(--vamtam-primary-font-transform,none);\">\u0412\u0437\u043d\u043e\u0441 \u043e\u043f\u043b\u0430\u0447\u0438\u0432\u0430\u0435\u0442\u0441\u044f \u043d\u0430 \u0441\u0447\u0435\u0442 \u0448\u043a\u043e\u043b\u044b \u2116. <\/span><a style=\"font-family: inherit; font-size: inherit; font-variant-ligatures: inherit; font-variant-caps: inherit; font-weight: inherit; text-indent: -18.9333px; letter-spacing: var(--vamtam-primary-font-letter-spacing-desktop,normal); text-transform: var(--vamtam-primary-font-transform,none);\" href=\"https:\/\/ib.fio.cz\/ib\/wicket\/bookmarkable\/cz.fio.ib2.prehledy.web.dashboard.DashboardVsechnyUctyPage?5-1.ILinkListener-widgets-widgets-0-widget-table-body-rows-5-row-cells-0-cell-link\"><span style=\"color: windowtext;\">2802337034<\/span><\/a><span style=\"text-indent: -18.9333px; letter-spacing: var(--vamtam-primary-font-letter-spacing-desktop,normal); text-transform: var(--vamtam-primary-font-transform,none);\">\/2010. \u041f\u043e\u0436\u0430\u043b\u0443\u0439\u0441\u0442\u0430, \u0432\u0432\u0435\u0434\u0438\u0442\u0435 \u043d\u043e\u043c\u0435\u0440 \u0440\u043e\u0436\u0434\u0435\u043d\u0438\u044f \u0438\u043b\u0438 \u0434\u0430\u0442\u0443 \u0440\u043e\u0436\u0434\u0435\u043d\u0438\u044f \u0432 \u0432\u0438\u0434\u0435 \u043f\u0435\u0440\u0435\u043c\u0435\u043d\u043d\u043e\u0433\u043e \u0441\u0438\u043c\u0432\u043e\u043b\u0430.<\/span><\/i><\/p><\/div><div>\u00a0<\/div><div style=\"text-indent: -18.9333px;\"><span style=\"letter-spacing: var(--vamtam-primary-font-letter-spacing-desktop,normal); text-transform: var(--vamtam-primary-font-transform,none); text-indent: -14.15pt;\">\u00a0 \u00a0 \u00a02. \u043a\u0443\u0440\u0441 \u043f\u0440\u043e\u0432\u043e\u0434\u0438\u0442\u0441\u044f \u0432 \u0437\u0434\u0430\u043d\u0438\u0438 \u0448\u043a\u043e\u043b\u044b <\/span><b style=\"letter-spacing: var(--vamtam-primary-font-letter-spacing-desktop,normal); text-transform: var(--vamtam-primary-font-transform,none); text-indent: -14.15pt;\">\u0426\u0438\u0444\u0440\u043e\u0432\u0430\u044f \u0430\u043a\u0430\u0434\u0435\u043c\u0438\u044f - \u0410\u043a\u0430\u0434\u0435\u043c\u0438\u044f \u0431\u0438\u0437\u043d\u0435\u0441\u0430, \u041e\u041e\u041e, \u041f\u043e\u0434 \u0428\u043a\u043e\u043b\u043e\u0439 167, \u041a\u0443\u0442\u043d\u0430 \u0413\u043e\u0440\u0430 - \u041c\u0430\u043b\u0438\u043d<\/b><span style=\"letter-spacing: var(--vamtam-primary-font-letter-spacing-desktop,normal); text-transform: var(--vamtam-primary-font-transform,none); text-indent: -14.15pt;\">.<\/span><\/div><div>\u00a0<\/div><div style=\"text-indent: -18.9333px;\"><span style=\"text-indent: -14.15pt; letter-spacing: var(--vamtam-primary-font-letter-spacing-desktop,normal); text-transform: var(--vamtam-primary-font-transform,none);\">\u00a0 \u00a0 \u00a03. \u0412 \u0441\u043b\u0443\u0447\u0430\u0435 \u043e\u0442\u043a\u0430\u0437\u0430 \u043e\u0442 \u043e\u0431\u0443\u0447\u0435\u043d\u0438\u044f \u043f\u043b\u0430\u0442\u0430 \u0437\u0430 \u043a\u0443\u0440\u0441 \u043d\u0435 \u0432\u043e\u0437\u0432\u0440\u0430\u0449\u0430\u0435\u0442\u0441\u044f. \u041e\u0434\u043d\u0430\u043a\u043e \u0448\u043a\u043e\u043b\u0430 \u043f\u0440\u0438\u043c\u0435\u0442 \u0437\u0430\u043c\u0435\u043d\u0443 \u0434\u043e \u0437\u0430\u0447\u0438\u0441\u043b\u0435\u043d\u0438\u044f \u0441\u0442\u0443\u0434\u0435\u043d\u0442\u0430 \u043d\u0430 \u043a\u0443\u0440\u0441, \u043a\u043e\u0442\u043e\u0440\u0430\u044f \u0431\u0443\u0434\u0435\u0442 \u043d\u0430\u043f\u0440\u0430\u0432\u043b\u0435\u043d\u0430 \u043f\u0435\u0440\u0432\u043e\u043d\u0430\u0447\u0430\u043b\u044c\u043d\u043e \u0437\u0430\u0447\u0438\u0441\u043b\u0435\u043d\u043d\u044b\u043c \u0441\u0442\u0443\u0434\u0435\u043d\u0442\u043e\u043c.<\/span><\/div><div>\u00a0<\/div><div><a href=\"https:\/\/www.dahora.cz\/wp-content\/uploads\/2026\/01\/celorocni-jazykove-kurzy-2026.pdf\" target=\"_blank\" rel=\"noopener\"><strong>\u0411\u041b\u0410\u041d\u041a \u0417\u0410\u042f\u0412\u041b\u0415\u041d\u0418\u042f \u041c\u041e\u0416\u041d\u041e \u0421\u041a\u0410\u0427\u0410\u0422\u042c \u0417\u0414\u0415\u0421\u042c<\/strong><\/a><\/div>\t\t\t\t\t\t\t\t<\/div>\n\t\t\t\t<\/div>\n\t\t\t\t<div class=\"elementor-element elementor-element-fe18e4b elementor-align-left elementor-mobile-align-left elementor-widget elementor-widget-button\" data-id=\"fe18e4b\" data-element_type=\"widget\" data-e-type=\"widget\" data-widget_type=\"button.default\">\n\t\t\t\t<div class=\"elementor-widget-container\">\n\t\t\t\t\t\t\t\t\t<div class=\"elementor-button-wrapper\">\n\t\t\t\t\t<a class=\"elementor-button elementor-button-link elementor-size-xs\" href=\"https:\/\/www.dahora.cz\/ru\/kontaktni-formular\/\">\n\t\t\t\t\t\t<span class=\"elementor-button-content-wrapper\">\n\t\t\t\t\t\t\t\t\t<span class=\"elementor-button-text\">\u041e\u0422\u041f\u0420\u0410\u0412\u0418\u0422\u042c \u041d\u0410\u041c \u0417\u0410\u041f\u0420\u041e\u0421<\/span>\n\t\t\t\t\t<\/span>\n\t\t\t\t\t<\/a>\n\t\t\t\t<\/div>\n\t\t\t\t\t\t\t\t<\/div>\n\t\t\t\t<\/div>\n\t\t\t\t\t<\/div>\n\t\t<\/div>\n\t\t\t\t\t<\/div>\n\t\t<\/section>\n\t\t\t\t<\/div>","protected":false},"excerpt":{"rendered":"<p>Celoro\u010dn\u00ed kurz anglick\u00e9ho jazyka \u00farove\u0148 za\u010d\u00e1te\u010dn\u00edci (16 lekc\u00ed) Pokud si nejste jisti, kter\u00fd kurz pokro\u010dilosti vybrat na za\u010d\u00e1tku m\u016f\u017eete absolvovat roz\u0159azovac\u00ed test Minim\u00e1ln\u00ed \u00fa\u010dast 4 osoby Za\u010d\u00e1tek kurzu: 18. \u00fanora 2026 Kurz angli\u010dtiny pro za\u010d\u00e1te\u010dn\u00edky se kon\u00e1 ka\u017edou st\u0159edu od 17:00 do 17:45 \u00a0 Kurzu se m\u016f\u017ee \u00fa\u010dastnit p\u0159ihl\u00e1\u0161en\u00fd poslucha\u010d, kter\u00fd zaplatil: \u00a0 \u00a0 \u00a0&#8230;<\/p>","protected":false},"author":4,"featured_media":0,"parent":0,"menu_order":0,"comment_status":"closed","ping_status":"closed","template":"","meta":{"footnotes":""},"class_list":["post-993493","page","type-page","status-publish","hentry"],"aioseo_notices":[],"_links":{"self":[{"href":"https:\/\/www.dahora.cz\/ru\/wp-json\/wp\/v2\/pages\/993493","targetHints":{"allow":["GET"]}}],"collection":[{"href":"https:\/\/www.dahora.cz\/ru\/wp-json\/wp\/v2\/pages"}],"about":[{"href":"https:\/\/www.dahora.cz\/ru\/wp-json\/wp\/v2\/types\/page"}],"author":[{"embeddable":true,"href":"https:\/\/www.dahora.cz\/ru\/wp-json\/wp\/v2\/users\/4"}],"replies":[{"embeddable":true,"href":"https:\/\/www.dahora.cz\/ru\/wp-json\/wp\/v2\/comments?post=993493"}],"version-history":[{"count":0,"href":"https:\/\/www.dahora.cz\/ru\/wp-json\/wp\/v2\/pages\/993493\/revisions"}],"wp:attachment":[{"href":"https:\/\/www.dahora.cz\/ru\/wp-json\/wp\/v2\/media?parent=993493"}],"curies":[{"name":"wp","href":"https:\/\/api.w.org\/{rel}","templated":true}]}}