{"id":993631,"date":"2024-02-24T14:10:08","date_gmt":"2024-02-24T13:10:08","guid":{"rendered":"https:\/\/www.dahora.cz\/?page_id=993631"},"modified":"2025-10-06T06:48:12","modified_gmt":"2025-10-06T04:48:12","slug":"rocenky","status":"publish","type":"page","link":"https:\/\/www.dahora.cz\/ru\/rocenky\/","title":{"rendered":"\u0415\u0436\u0435\u0433\u043e\u0434\u043d\u0438\u043a\u0438"},"content":{"rendered":"<div data-elementor-type=\"wp-page\" data-elementor-id=\"993631\" class=\"elementor elementor-993631\" data-elementor-post-type=\"page\">\n\t\t\t\t\t\t<section class=\"elementor-section elementor-top-section elementor-element elementor-element-c293866 elementor-section-height-min-height elementor-section-boxed elementor-section-height-default elementor-section-items-middle\" data-id=\"c293866\" data-element_type=\"section\" data-e-type=\"section\" data-settings=\"{&quot;background_background&quot;:&quot;classic&quot;}\">\n\t\t\t\t\t\t\t<div class=\"elementor-background-overlay\"><\/div>\n\t\t\t\t\t\t\t<div class=\"elementor-container elementor-column-gap-default\">\n\t\t\t\t\t<div class=\"elementor-column elementor-col-100 elementor-top-column elementor-element elementor-element-52bd9bc\" data-id=\"52bd9bc\" data-element_type=\"column\" data-e-type=\"column\" data-settings=\"{&quot;background_background&quot;:&quot;classic&quot;}\">\n\t\t\t<div class=\"elementor-widget-wrap\">\n\t\t\t\t\t\t\t<\/div>\n\t\t<\/div>\n\t\t\t\t\t<\/div>\n\t\t<\/section>\n\t\t\t\t<section class=\"elementor-section elementor-top-section elementor-element elementor-element-83bb777 elementor-section-boxed elementor-section-height-default elementor-section-height-default\" data-id=\"83bb777\" data-element_type=\"section\" data-e-type=\"section\">\n\t\t\t\t\t\t<div class=\"elementor-container elementor-column-gap-no\">\n\t\t\t\t\t<div class=\"elementor-column elementor-col-50 elementor-top-column elementor-element elementor-element-dfe7a86 animated-fast elementor-invisible\" data-id=\"dfe7a86\" data-element_type=\"column\" data-e-type=\"column\" data-settings=\"{&quot;background_background&quot;:&quot;classic&quot;,&quot;animation&quot;:&quot;fadeIn&quot;,&quot;animation_tablet&quot;:&quot;none&quot;,&quot;animation_mobile&quot;:&quot;none&quot;,&quot;animation_delay&quot;:100}\">\n\t\t\t<div class=\"elementor-widget-wrap elementor-element-populated\">\n\t\t\t\t\t\t\t<\/div>\n\t\t<\/div>\n\t\t\t\t<div class=\"elementor-column elementor-col-50 elementor-top-column elementor-element elementor-element-326802b elementor-hidden-desktop elementor-hidden-tablet elementor-hidden-phone\" data-id=\"326802b\" data-element_type=\"column\" data-e-type=\"column\">\n\t\t\t<div class=\"elementor-widget-wrap\">\n\t\t\t\t\t\t\t<\/div>\n\t\t<\/div>\n\t\t\t\t\t<\/div>\n\t\t<\/section>\n\t\t\t\t<section class=\"elementor-section elementor-top-section elementor-element elementor-element-e9a15e5 elementor-section-boxed elementor-section-height-default elementor-section-height-default\" data-id=\"e9a15e5\" data-element_type=\"section\" data-e-type=\"section\">\n\t\t\t\t\t\t<div class=\"elementor-container elementor-column-gap-default\">\n\t\t\t\t\t<div class=\"elementor-column elementor-col-100 elementor-top-column elementor-element elementor-element-3ddf073\" data-id=\"3ddf073\" data-element_type=\"column\" data-e-type=\"column\">\n\t\t\t<div class=\"elementor-widget-wrap elementor-element-populated\">\n\t\t\t\t\t\t<div class=\"elementor-element elementor-element-31b5a9c elementor-widget elementor-widget-text-editor\" data-id=\"31b5a9c\" data-element_type=\"widget\" data-e-type=\"widget\" data-widget_type=\"text-editor.default\">\n\t\t\t\t<div class=\"elementor-widget-container\">\n\t\t\t\t\t\t\t\t\t<p>\u0417\u0434\u0435\u0441\u044c \u0432\u044b \u043c\u043e\u0436\u0435\u0442\u0435 \u0443\u0432\u0438\u0434\u0435\u0442\u044c \u0448\u043a\u043e\u043b\u044c\u043d\u044b\u0435 \u0430\u043b\u044c\u0431\u043e\u043c\u044b.<\/p>\n<p><a href=\"https:\/\/www.dahora.cz\/wp-content\/uploads\/2025\/10\/rocenka-dahora-2025-2026-web.pdf\" target=\"_blank\" rel=\"noopener\"><b>\u0415\u0436\u0435\u0433\u043e\u0434\u043d\u0438\u043a \u043d\u0430 2025\/2026 \u0443\u0447\u0435\u0431\u043d\u044b\u0439 \u0433\u043e\u0434<\/b><\/a><\/p>\n<p><a href=\"https:\/\/www.dahora.cz\/wp-content\/uploads\/2025\/01\/rocenka-digital-academy-2024-2025-web-new.pdf\" target=\"_blank\" rel=\"noopener\"><strong>\u0415\u0436\u0435\u0433\u043e\u0434\u043d\u0438\u043a \u043d\u0430 2024\/2025 \u0443\u0447\u0435\u0431\u043d\u044b\u0439 \u0433\u043e\u0434<\/strong><\/a><\/p>\n<p><strong><a href=\"https:\/\/www.dahora.cz\/wp-content\/uploads\/2024\/03\/rocenka-2023-2024.pdf\">\u0415\u0436\u0435\u0433\u043e\u0434\u043d\u0438\u043a \u043d\u0430 2023\/2024 \u0443\u0447\u0435\u0431\u043d\u044b\u0439 \u0433\u043e\u0434<\/a><\/strong><\/p>\n<p><strong><a href=\"https:\/\/www.dahora.cz\/wp-content\/uploads\/2024\/03\/rocenka-2022-2023.pdf\" target=\"_blank\" rel=\"noopener\">\u0415\u0436\u0435\u0433\u043e\u0434\u043d\u0438\u043a \u043d\u0430 2022\/2023 \u0443\u0447\u0435\u0431\u043d\u044b\u0439 \u0433\u043e\u0434<\/a><\/strong><\/p>\t\t\t\t\t\t\t\t<\/div>\n\t\t\t\t<\/div>\n\t\t\t\t\t<\/div>\n\t\t<\/div>\n\t\t\t\t\t<\/div>\n\t\t<\/section>\n\t\t\t\t<\/div>","protected":false},"excerpt":{"rendered":"<p>Zde si m\u016f\u017eete prohl\u00e9dnout \u0161koln\u00ed ro\u010denky. Ro\u010denka pro \u0161koln\u00ed rok 2025\/2026 Ro\u010denka pro \u0161koln\u00ed rok 2024\/2025 Ro\u010denka pro \u0161koln\u00ed rok 2023\/2024 Ro\u010denka pro \u0161koln\u00ed rok 2022\/2023<\/p>","protected":false},"author":4,"featured_media":0,"parent":0,"menu_order":0,"comment_status":"closed","ping_status":"closed","template":"","meta":{"footnotes":""},"class_list":["post-993631","page","type-page","status-publish","hentry"],"aioseo_notices":[],"_links":{"self":[{"href":"https:\/\/www.dahora.cz\/ru\/wp-json\/wp\/v2\/pages\/993631","targetHints":{"allow":["GET"]}}],"collection":[{"href":"https:\/\/www.dahora.cz\/ru\/wp-json\/wp\/v2\/pages"}],"about":[{"href":"https:\/\/www.dahora.cz\/ru\/wp-json\/wp\/v2\/types\/page"}],"author":[{"embeddable":true,"href":"https:\/\/www.dahora.cz\/ru\/wp-json\/wp\/v2\/users\/4"}],"replies":[{"embeddable":true,"href":"https:\/\/www.dahora.cz\/ru\/wp-json\/wp\/v2\/comments?post=993631"}],"version-history":[{"count":0,"href":"https:\/\/www.dahora.cz\/ru\/wp-json\/wp\/v2\/pages\/993631\/revisions"}],"wp:attachment":[{"href":"https:\/\/www.dahora.cz\/ru\/wp-json\/wp\/v2\/media?parent=993631"}],"curies":[{"name":"wp","href":"https:\/\/api.w.org\/{rel}","templated":true}]}}