{"id":996769,"date":"2025-02-03T10:35:48","date_gmt":"2025-02-03T09:35:48","guid":{"rendered":"https:\/\/www.dahora.cz\/?page_id=996769"},"modified":"2025-11-17T08:54:36","modified_gmt":"2025-11-17T07:54:36","slug":"prijimacky-nanecisto-prosinec-2025","status":"publish","type":"page","link":"https:\/\/www.dahora.cz\/ru\/prijimacky-nanecisto-prosinec-2025\/","title":{"rendered":"P\u0159ij\u00edma\u010dky nane\u010disto prosinec 2025"},"content":{"rendered":"<div data-elementor-type=\"wp-page\" data-elementor-id=\"996769\" class=\"elementor elementor-996769\" data-elementor-post-type=\"page\">\n\t\t\t\t\t\t<section class=\"elementor-section elementor-top-section elementor-element elementor-element-4ce7797 elementor-section-height-min-height elementor-section-boxed elementor-section-height-default elementor-section-items-middle\" data-id=\"4ce7797\" data-element_type=\"section\" data-e-type=\"section\" data-settings=\"{&quot;background_background&quot;:&quot;classic&quot;}\">\n\t\t\t\t\t\t\t<div class=\"elementor-background-overlay\"><\/div>\n\t\t\t\t\t\t\t<div class=\"elementor-container elementor-column-gap-default\">\n\t\t\t\t\t<div class=\"elementor-column elementor-col-100 elementor-top-column elementor-element elementor-element-b1f0df8\" data-id=\"b1f0df8\" data-element_type=\"column\" data-e-type=\"column\" data-settings=\"{&quot;background_background&quot;:&quot;classic&quot;}\">\n\t\t\t<div class=\"elementor-widget-wrap\">\n\t\t\t\t\t\t\t<\/div>\n\t\t<\/div>\n\t\t\t\t\t<\/div>\n\t\t<\/section>\n\t\t\t\t<section class=\"elementor-section elementor-top-section elementor-element elementor-element-88faece elementor-section-boxed elementor-section-height-default elementor-section-height-default\" data-id=\"88faece\" data-element_type=\"section\" data-e-type=\"section\">\n\t\t\t\t\t\t<div class=\"elementor-container elementor-column-gap-no\">\n\t\t\t\t\t<div class=\"elementor-column elementor-col-50 elementor-top-column elementor-element elementor-element-b312f4e animated-fast elementor-invisible\" data-id=\"b312f4e\" data-element_type=\"column\" data-e-type=\"column\" data-settings=\"{&quot;background_background&quot;:&quot;classic&quot;,&quot;animation&quot;:&quot;fadeIn&quot;,&quot;animation_tablet&quot;:&quot;none&quot;,&quot;animation_mobile&quot;:&quot;none&quot;,&quot;animation_delay&quot;:100}\">\n\t\t\t<div class=\"elementor-widget-wrap elementor-element-populated\">\n\t\t\t\t\t\t\t<\/div>\n\t\t<\/div>\n\t\t\t\t<div class=\"elementor-column elementor-col-50 elementor-top-column elementor-element elementor-element-c6bb1b4 elementor-hidden-desktop elementor-hidden-tablet elementor-hidden-phone\" data-id=\"c6bb1b4\" data-element_type=\"column\" data-e-type=\"column\">\n\t\t\t<div class=\"elementor-widget-wrap\">\n\t\t\t\t\t\t\t<\/div>\n\t\t<\/div>\n\t\t\t\t\t<\/div>\n\t\t<\/section>\n\t\t\t\t<section class=\"elementor-section elementor-top-section elementor-element elementor-element-b562f7e elementor-section-boxed elementor-section-height-default elementor-section-height-default\" data-id=\"b562f7e\" data-element_type=\"section\" data-e-type=\"section\">\n\t\t\t\t\t\t<div class=\"elementor-container elementor-column-gap-default\">\n\t\t\t\t\t<div class=\"elementor-column elementor-col-100 elementor-top-column elementor-element elementor-element-bb70d55\" data-id=\"bb70d55\" data-element_type=\"column\" data-e-type=\"column\">\n\t\t\t<div class=\"elementor-widget-wrap elementor-element-populated\">\n\t\t\t\t\t\t<div class=\"elementor-element elementor-element-9951f22 elementor-widget elementor-widget-heading\" data-id=\"9951f22\" data-element_type=\"widget\" data-e-type=\"widget\" data-widget_type=\"heading.default\">\n\t\t\t\t<div class=\"elementor-widget-container\">\n\t\t\t\t\t<h2 class=\"elementor-heading-title elementor-size-default\">\u041f\u0440\u0438\u0445\u043e\u0434\u0438\u0442\u0435 \u0438 \u043f\u043e\u043f\u0440\u043e\u0431\u0443\u0439\u0442\u0435 \u0441\u0434\u0430\u0442\u044c \u0432\u0441\u0442\u0443\u043f\u0438\u0442\u0435\u043b\u044c\u043d\u044b\u0435 \u044d\u043a\u0437\u0430\u043c\u0435\u043d\u044b \u0432 \u0441\u0440\u0435\u0434\u043d\u044e\u044e \u0448\u043a\u043e\u043b\u0443 NANE\u010cISTO \u043f\u043e \u0447\u0435\u0448\u0441\u043a\u043e\u043c\u0443 \u044f\u0437\u044b\u043a\u0443 \u0438 \u043b\u0438\u0442\u0435\u0440\u0430\u0442\u0443\u0440\u0435 \u0438 \u043c\u0430\u0442\u0435\u043c\u0430\u0442\u0438\u043a\u0435.<\/h2>\t\t\t\t<\/div>\n\t\t\t\t<\/div>\n\t\t\t\t\t<\/div>\n\t\t<\/div>\n\t\t\t\t\t<\/div>\n\t\t<\/section>\n\t\t\t\t<section class=\"elementor-section elementor-top-section elementor-element elementor-element-4bbf10e elementor-section-boxed elementor-section-height-default elementor-section-height-default\" data-id=\"4bbf10e\" data-element_type=\"section\" data-e-type=\"section\">\n\t\t\t\t\t\t<div class=\"elementor-container elementor-column-gap-no\">\n\t\t\t\t\t<div class=\"elementor-column elementor-col-100 elementor-top-column elementor-element elementor-element-501309c\" data-id=\"501309c\" data-element_type=\"column\" data-e-type=\"column\">\n\t\t\t<div class=\"elementor-widget-wrap elementor-element-populated\">\n\t\t\t\t\t\t<div class=\"elementor-element elementor-element-0ab59a2 elementor-widget elementor-widget-text-editor\" data-id=\"0ab59a2\" data-element_type=\"widget\" data-e-type=\"widget\" data-widget_type=\"text-editor.default\">\n\t\t\t\t<div class=\"elementor-widget-container\">\n\t\t\t\t\t\t\t\t\t<p style=\"font-style: normal; font-variant-ligatures: normal; font-variant-caps: normal; font-weight: 400; font-size: 18px; font-family: Inter, sans-serif;\">\u0412\u0441\u0442\u0443\u043f\u0438\u0442\u0435\u043b\u044c\u043d\u044b\u0435 \u044d\u043a\u0437\u0430\u043c\u0435\u043d\u044b \u0432\u0441\u0435\u0433\u0434\u0430 \u043f\u0440\u043e\u0432\u043e\u0434\u044f\u0442\u0441\u044f \u043f\u043e \u0441\u0443\u0431\u0431\u043e\u0442\u0430\u043c.<\/p><p><span style=\"font-family: Inter, sans-serif; font-size: 18px; font-style: normal; font-variant-ligatures: normal; font-variant-caps: normal; font-weight: 400;\">Za\u010d\u00e1tek v 8:30, konec cca ve 13:00.<\/span><\/p>\t\t\t\t\t\t\t\t<\/div>\n\t\t\t\t<\/div>\n\t\t\t\t\t<\/div>\n\t\t<\/div>\n\t\t\t\t\t<\/div>\n\t\t<\/section>\n\t\t\t\t<section class=\"elementor-section elementor-top-section elementor-element elementor-element-c689f15 elementor-section-boxed elementor-section-height-default elementor-section-height-default\" data-id=\"c689f15\" data-element_type=\"section\" data-e-type=\"section\">\n\t\t\t\t\t\t<div class=\"elementor-container elementor-column-gap-default\">\n\t\t\t\t\t<div class=\"elementor-column elementor-col-100 elementor-top-column elementor-element elementor-element-ebba9a4\" data-id=\"ebba9a4\" data-element_type=\"column\" data-e-type=\"column\">\n\t\t\t<div class=\"elementor-widget-wrap elementor-element-populated\">\n\t\t\t\t\t\t<div class=\"elementor-element elementor-element-f98d4fa elementor-widget elementor-widget-heading\" data-id=\"f98d4fa\" data-element_type=\"widget\" data-e-type=\"widget\" data-widget_type=\"heading.default\">\n\t\t\t\t<div class=\"elementor-widget-container\">\n\t\t\t\t\t<h3 class=\"elementor-heading-title elementor-size-default\">\u0414\u0430\u0442\u044b:<\/h3>\t\t\t\t<\/div>\n\t\t\t\t<\/div>\n\t\t\t\t\t<\/div>\n\t\t<\/div>\n\t\t\t\t\t<\/div>\n\t\t<\/section>\n\t\t\t\t<section class=\"elementor-section elementor-top-section elementor-element elementor-element-5b69000 elementor-section-boxed elementor-section-height-default elementor-section-height-default\" data-id=\"5b69000\" data-element_type=\"section\" data-e-type=\"section\">\n\t\t\t\t\t\t<div class=\"elementor-container elementor-column-gap-no\">\n\t\t\t\t\t<div class=\"elementor-column elementor-col-100 elementor-top-column elementor-element elementor-element-8244262\" data-id=\"8244262\" data-element_type=\"column\" data-e-type=\"column\">\n\t\t\t<div class=\"elementor-widget-wrap elementor-element-populated\">\n\t\t\t\t\t\t<div class=\"elementor-element elementor-element-dd6b920 elementor-widget elementor-widget-text-editor\" data-id=\"dd6b920\" data-element_type=\"widget\" data-e-type=\"widget\" data-widget_type=\"text-editor.default\">\n\t\t\t\t<div class=\"elementor-widget-container\">\n\t\t\t\t\t\t\t\t\t<p>\u041f\u0435\u0440\u0432\u044b\u0439 \u0441\u0440\u043e\u043a: <b>13 \u0434\u0435\u043a\u0430\u0431\u0440\u044f 2025 \u0433.<\/b><\/p><p>\u0412\u0442\u043e\u0440\u043e\u0439 \u0441\u0440\u043e\u043a: <b>17. ledna 2026 <\/b>a<b> 24. ledna 2026<\/b><\/p><p>\u0422\u0440\u0435\u0442\u0438\u0439 \u0441\u0440\u043e\u043a: <b>14. \u00fanora 2026<\/b>\u00a0a <b>21. \u00fanora 2026<\/b><\/p><p>\u0427\u0435\u0442\u0432\u0435\u0440\u0442\u044b\u0439 \u0441\u0440\u043e\u043a: <b>14. b\u0159ezna 2026<\/b>\u00a0a <b>21. b\u0159ezna 2026<\/b><\/p><p><b>\u00a0<\/b><\/p><p>\u0412\u0445\u043e\u0434 \u0432 \u0437\u0434\u0430\u043d\u0438\u0435 \u0448\u043a\u043e\u043b\u044b \u0441 8:00. \u0412 8:30 - \u043e\u0444\u0438\u0446\u0438\u0430\u043b\u044c\u043d\u043e\u0435 \u043d\u0430\u0447\u0430\u043b\u043e \u0441\u043e\u0447\u0438\u043d\u0435\u043d\u0438\u044f. \u0420\u0435\u0437\u0443\u043b\u044c\u0442\u0430\u0442\u044b \u0431\u0443\u0434\u0443\u0442 \u0438\u0437\u0432\u0435\u0441\u0442\u043d\u044b \u0432 \u0442\u043e\u0442 \u0436\u0435 \u0434\u0435\u043d\u044c. \u041f\u043e\u0441\u043b\u0435 \u044d\u0442\u043e\u0433\u043e \u0432\u043e\u0437\u043c\u043e\u0436\u043d\u0430 \u043a\u043e\u043d\u0441\u0443\u043b\u044c\u0442\u0430\u0446\u0438\u044f \u0441 \u0443\u0447\u0438\u0442\u0435\u043b\u0435\u043c \u043f\u043e \u043f\u043e\u0432\u043e\u0434\u0443 \u043d\u0430\u0438\u0431\u043e\u043b\u0435\u0435 \u0440\u0430\u0441\u043f\u0440\u043e\u0441\u0442\u0440\u0430\u043d\u0435\u043d\u043d\u044b\u0445 \u043e\u0448\u0438\u0431\u043e\u043a.<\/p><p>\u0417\u0430\u0438\u043d\u0442\u0435\u0440\u0435\u0441\u043e\u0432\u0430\u043d\u043d\u044b\u0435 \u043b\u0438\u0446\u0430 \u043c\u043e\u0433\u0443\u0442 \u043f\u043e\u0434\u0430\u0442\u044c \u0437\u0430\u044f\u0432\u043a\u0443 \u043f\u043e \u044d\u043b\u0435\u043a\u0442\u0440\u043e\u043d\u043d\u043e\u0439 \u043f\u043e\u0447\u0442\u0435 <a href=\"mailto:michaela.vackova@dahora.cz\" target=\"_blank\" rel=\"noopener\">michaela.vackova@dahora.cz<\/a> \u0438\u043b\u0438 \u043f\u043e\u0437\u0432\u043e\u043d\u0438\u0442\u0435 \u043f\u043e \u0442\u0435\u043b\u0435\u0444\u043e\u043d\u0443 737 080 807.<\/p>\t\t\t\t\t\t\t\t<\/div>\n\t\t\t\t<\/div>\n\t\t\t\t<div class=\"elementor-element elementor-element-8ebb8ba elementor-align-left elementor-mobile-align-left elementor-widget elementor-widget-button\" data-id=\"8ebb8ba\" data-element_type=\"widget\" data-e-type=\"widget\" data-widget_type=\"button.default\">\n\t\t\t\t<div class=\"elementor-widget-container\">\n\t\t\t\t\t\t\t\t\t<div class=\"elementor-button-wrapper\">\n\t\t\t\t\t<a class=\"elementor-button elementor-button-link elementor-size-sm\" href=\"https:\/\/shop.hustaskola.cz\/obchod\/produkt\/prijimaci-zkousky-nanecisto-da\/\" target=\"_blank\" id=\"button-track-download-application\">\n\t\t\t\t\t\t<span class=\"elementor-button-content-wrapper\">\n\t\t\t\t\t\t\t\t\t<span class=\"elementor-button-text\">OBJEDNAT P\u0158IJ\u00cdMA\u010cKY NANE\u010cISTO<\/span>\n\t\t\t\t\t<\/span>\n\t\t\t\t\t<\/a>\n\t\t\t\t<\/div>\n\t\t\t\t\t\t\t\t<\/div>\n\t\t\t\t<\/div>\n\t\t\t\t\t<\/div>\n\t\t<\/div>\n\t\t\t\t\t<\/div>\n\t\t<\/section>\n\t\t\t\t<section class=\"elementor-section elementor-top-section elementor-element elementor-element-25ad2d5 elementor-section-boxed elementor-section-height-default elementor-section-height-default\" data-id=\"25ad2d5\" data-element_type=\"section\" data-e-type=\"section\">\n\t\t\t\t\t\t<div class=\"elementor-container elementor-column-gap-no\">\n\t\t\t\t\t<div class=\"elementor-column elementor-col-100 elementor-top-column elementor-element elementor-element-004da6c\" data-id=\"004da6c\" data-element_type=\"column\" data-e-type=\"column\">\n\t\t\t<div class=\"elementor-widget-wrap elementor-element-populated\">\n\t\t\t\t\t\t<div class=\"elementor-element elementor-element-54d5ba4 elementor-widget elementor-widget-image\" data-id=\"54d5ba4\" data-element_type=\"widget\" data-e-type=\"widget\" data-widget_type=\"image.default\">\n\t\t\t\t<div class=\"elementor-widget-container\">\n\t\t\t\t\t\t\t\t\t<div class=\"elementor-image\">\n\t\t\t\t\t\t\t\t\t\t\t\t\t\t\t\t\t\t\t\t\t<img fetchpriority=\"high\" decoding=\"async\" width=\"768\" height=\"768\" src=\"https:\/\/www.dahora.cz\/wp-content\/uploads\/2025\/11\/prijimacky-nanecisto-13-prosince-2025-768x768.avif\" class=\"attachment-medium_large size-medium_large wp-image-1004425\" alt=\"\" srcset=\"https:\/\/www.dahora.cz\/wp-content\/uploads\/2025\/11\/prijimacky-nanecisto-13-prosince-2025-768x768.avif 768w, https:\/\/www.dahora.cz\/wp-content\/uploads\/2025\/11\/prijimacky-nanecisto-13-prosince-2025-300x300.avif 300w, https:\/\/www.dahora.cz\/wp-content\/uploads\/2025\/11\/prijimacky-nanecisto-13-prosince-2025-1024x1024.avif 1024w, https:\/\/www.dahora.cz\/wp-content\/uploads\/2025\/11\/prijimacky-nanecisto-13-prosince-2025-150x150.avif 150w, https:\/\/www.dahora.cz\/wp-content\/uploads\/2025\/11\/prijimacky-nanecisto-13-prosince-2025-12x12.avif 12w, https:\/\/www.dahora.cz\/wp-content\/uploads\/2025\/11\/prijimacky-nanecisto-13-prosince-2025.avif 1080w\" sizes=\"(max-width: 768px) 100vw, 768px\" \/>\t\t\t\t\t\t\t\t\t\t\t\t\t\t\t\t\t\t\t\t\t\t\t\t<\/div>\n\t\t\t\t\t\t\t\t<\/div>\n\t\t\t\t<\/div>\n\t\t\t\t\t<\/div>\n\t\t<\/div>\n\t\t\t\t\t<\/div>\n\t\t<\/section>\n\t\t\t\t<section class=\"elementor-section elementor-top-section elementor-element elementor-element-ca43692 elementor-section-boxed elementor-section-height-default elementor-section-height-default\" data-id=\"ca43692\" data-element_type=\"section\" data-e-type=\"section\">\n\t\t\t\t\t\t<div class=\"elementor-container elementor-column-gap-default\">\n\t\t\t\t\t<div class=\"elementor-column elementor-col-100 elementor-top-column elementor-element elementor-element-82e5308\" data-id=\"82e5308\" data-element_type=\"column\" data-e-type=\"column\">\n\t\t\t<div class=\"elementor-widget-wrap\">\n\t\t\t\t\t\t\t<\/div>\n\t\t<\/div>\n\t\t\t\t\t<\/div>\n\t\t<\/section>\n\t\t\t\t<section class=\"elementor-section elementor-top-section elementor-element elementor-element-337da97 elementor-section-boxed elementor-section-height-default elementor-section-height-default\" data-id=\"337da97\" data-element_type=\"section\" data-e-type=\"section\">\n\t\t\t\t\t\t<div class=\"elementor-container elementor-column-gap-default\">\n\t\t\t\t\t<div class=\"elementor-column elementor-col-100 elementor-top-column elementor-element elementor-element-653cb6a\" data-id=\"653cb6a\" data-element_type=\"column\" data-e-type=\"column\">\n\t\t\t<div class=\"elementor-widget-wrap elementor-element-populated\">\n\t\t\t\t\t\t<div class=\"elementor-element elementor-element-9534098 elementor-widget elementor-widget-gallery\" data-id=\"9534098\" data-element_type=\"widget\" data-e-type=\"widget\" data-settings=\"{&quot;gallery_layout&quot;:&quot;justified&quot;,&quot;lazyload&quot;:&quot;yes&quot;,&quot;ideal_row_height&quot;:{&quot;unit&quot;:&quot;px&quot;,&quot;size&quot;:200,&quot;sizes&quot;:[]},&quot;ideal_row_height_tablet&quot;:{&quot;unit&quot;:&quot;px&quot;,&quot;size&quot;:150,&quot;sizes&quot;:[]},&quot;ideal_row_height_mobile&quot;:{&quot;unit&quot;:&quot;px&quot;,&quot;size&quot;:150,&quot;sizes&quot;:[]},&quot;gap&quot;:{&quot;unit&quot;:&quot;px&quot;,&quot;size&quot;:10,&quot;sizes&quot;:[]},&quot;gap_tablet&quot;:{&quot;unit&quot;:&quot;px&quot;,&quot;size&quot;:10,&quot;sizes&quot;:[]},&quot;gap_mobile&quot;:{&quot;unit&quot;:&quot;px&quot;,&quot;size&quot;:10,&quot;sizes&quot;:[]},&quot;link_to&quot;:&quot;file&quot;,&quot;overlay_background&quot;:&quot;yes&quot;,&quot;content_hover_animation&quot;:&quot;fade-in&quot;}\" data-widget_type=\"gallery.default\">\n\t\t\t\t<div class=\"elementor-widget-container\">\n\t\t\t\t\t\t\t<div class=\"elementor-gallery__container\">\n\t\t\t\t\t\t\t<a class=\"e-gallery-item elementor-gallery-item elementor-animated-content\" href=\"https:\/\/www.dahora.cz\/wp-content\/uploads\/2025\/11\/prijimacky-nanecisto-google-1200x1200px.avif\" data-elementor-open-lightbox=\"yes\" data-elementor-lightbox-slideshow=\"9534098\" data-e-action-hash=\"#elementor-action%3Aaction%3Dlightbox%26settings%3DeyJpZCI6MTAwNDQzNSwidXJsIjoiaHR0cHM6XC9cL3d3dy5kYWhvcmEuY3pcL3dwLWNvbnRlbnRcL3VwbG9hZHNcLzIwMjVcLzExXC9wcmlqaW1hY2t5LW5hbmVjaXN0by1nb29nbGUtMTIwMHgxMjAwcHguYXZpZiIsInNsaWRlc2hvdyI6Ijk1MzQwOTgifQ%3D%3D\">\n\t\t\t\t\t<div class=\"e-gallery-image elementor-gallery-item__image\" data-thumbnail=\"https:\/\/www.dahora.cz\/wp-content\/uploads\/2025\/11\/prijimacky-nanecisto-google-1200x1200px-300x300.avif\" data-width=\"300\" data-height=\"300\" aria-label=\"\" role=\"img\" ><\/div>\n\t\t\t\t\t\t\t\t\t\t\t<div class=\"elementor-gallery-item__overlay\"><\/div>\n\t\t\t\t\t\t\t\t\t\t\t\t\t\t<\/a>\n\t\t\t\t\t\t\t<a class=\"e-gallery-item elementor-gallery-item elementor-animated-content\" href=\"https:\/\/www.dahora.cz\/wp-content\/uploads\/2025\/11\/prijimacky-nanecisto-google-1200x1200px-obrazek-01.avif\" data-elementor-open-lightbox=\"yes\" data-elementor-lightbox-slideshow=\"9534098\" data-e-action-hash=\"#elementor-action%3Aaction%3Dlightbox%26settings%3DeyJpZCI6MTAwNDQzNiwidXJsIjoiaHR0cHM6XC9cL3d3dy5kYWhvcmEuY3pcL3dwLWNvbnRlbnRcL3VwbG9hZHNcLzIwMjVcLzExXC9wcmlqaW1hY2t5LW5hbmVjaXN0by1nb29nbGUtMTIwMHgxMjAwcHgtb2JyYXplay0wMS5hdmlmIiwic2xpZGVzaG93IjoiOTUzNDA5OCJ9\">\n\t\t\t\t\t<div class=\"e-gallery-image elementor-gallery-item__image\" data-thumbnail=\"https:\/\/www.dahora.cz\/wp-content\/uploads\/2025\/11\/prijimacky-nanecisto-google-1200x1200px-obrazek-01-300x300.avif\" data-width=\"300\" data-height=\"300\" aria-label=\"\" role=\"img\" ><\/div>\n\t\t\t\t\t\t\t\t\t\t\t<div class=\"elementor-gallery-item__overlay\"><\/div>\n\t\t\t\t\t\t\t\t\t\t\t\t\t\t<\/a>\n\t\t\t\t\t\t\t<a class=\"e-gallery-item elementor-gallery-item elementor-animated-content\" href=\"https:\/\/www.dahora.cz\/wp-content\/uploads\/2025\/11\/prijimacky-nanecisto-google-1200x1200px-obrazek-02.avif\" data-elementor-open-lightbox=\"yes\" data-elementor-lightbox-slideshow=\"9534098\" data-e-action-hash=\"#elementor-action%3Aaction%3Dlightbox%26settings%3DeyJpZCI6MTAwNDQzNywidXJsIjoiaHR0cHM6XC9cL3d3dy5kYWhvcmEuY3pcL3dwLWNvbnRlbnRcL3VwbG9hZHNcLzIwMjVcLzExXC9wcmlqaW1hY2t5LW5hbmVjaXN0by1nb29nbGUtMTIwMHgxMjAwcHgtb2JyYXplay0wMi5hdmlmIiwic2xpZGVzaG93IjoiOTUzNDA5OCJ9\">\n\t\t\t\t\t<div class=\"e-gallery-image elementor-gallery-item__image\" data-thumbnail=\"https:\/\/www.dahora.cz\/wp-content\/uploads\/2025\/11\/prijimacky-nanecisto-google-1200x1200px-obrazek-02-300x300.avif\" data-width=\"300\" data-height=\"300\" aria-label=\"\" role=\"img\" ><\/div>\n\t\t\t\t\t\t\t\t\t\t\t<div class=\"elementor-gallery-item__overlay\"><\/div>\n\t\t\t\t\t\t\t\t\t\t\t\t\t\t<\/a>\n\t\t\t\t\t\t\t<a class=\"e-gallery-item elementor-gallery-item elementor-animated-content\" href=\"https:\/\/www.dahora.cz\/wp-content\/uploads\/2025\/11\/prijimacky-nanecisto-google-1200x1200px-obrazek-03.avif\" data-elementor-open-lightbox=\"yes\" data-elementor-lightbox-slideshow=\"9534098\" data-e-action-hash=\"#elementor-action%3Aaction%3Dlightbox%26settings%3DeyJpZCI6MTAwNDQzOCwidXJsIjoiaHR0cHM6XC9cL3d3dy5kYWhvcmEuY3pcL3dwLWNvbnRlbnRcL3VwbG9hZHNcLzIwMjVcLzExXC9wcmlqaW1hY2t5LW5hbmVjaXN0by1nb29nbGUtMTIwMHgxMjAwcHgtb2JyYXplay0wMy5hdmlmIiwic2xpZGVzaG93IjoiOTUzNDA5OCJ9\">\n\t\t\t\t\t<div class=\"e-gallery-image elementor-gallery-item__image\" data-thumbnail=\"https:\/\/www.dahora.cz\/wp-content\/uploads\/2025\/11\/prijimacky-nanecisto-google-1200x1200px-obrazek-03-300x300.avif\" data-width=\"300\" data-height=\"300\" aria-label=\"\" role=\"img\" ><\/div>\n\t\t\t\t\t\t\t\t\t\t\t<div class=\"elementor-gallery-item__overlay\"><\/div>\n\t\t\t\t\t\t\t\t\t\t\t\t\t\t<\/a>\n\t\t\t\t\t<\/div>\n\t\t\t\t\t<\/div>\n\t\t\t\t<\/div>\n\t\t\t\t\t<\/div>\n\t\t<\/div>\n\t\t\t\t\t<\/div>\n\t\t<\/section>\n\t\t\t\t<\/div>","protected":false},"excerpt":{"rendered":"<p>P\u0159ij\u010fte si vyzkou\u0161et p\u0159ij\u00edmac\u00ed zkou\u0161ky na st\u0159edn\u00ed \u0161koly z \u010desk\u00e9ho jazyka a literatury a matematiky NANE\u010cISTO. P\u0159ij\u00edma\u010dky nane\u010disto prob\u00edhaj\u00ed v\u017edy o sobot\u00e1ch. Za\u010d\u00e1tek v 8:30, konec cca ve 13:00. Term\u00edny: Prvn\u00ed term\u00edn: 13. prosince 2025 Druh\u00fd term\u00edn: 17. ledna 2026 a 24. ledna 2026 T\u0159et\u00ed term\u00edn: 14. \u00fanora 2026\u00a0a 21. \u00fanora 2026 \u010ctvrt\u00fd term\u00edn: 14&#8230;.<\/p>","protected":false},"author":4,"featured_media":0,"parent":0,"menu_order":0,"comment_status":"closed","ping_status":"closed","template":"","meta":{"footnotes":""},"class_list":["post-996769","page","type-page","status-publish","hentry"],"aioseo_notices":[],"_links":{"self":[{"href":"https:\/\/www.dahora.cz\/ru\/wp-json\/wp\/v2\/pages\/996769","targetHints":{"allow":["GET"]}}],"collection":[{"href":"https:\/\/www.dahora.cz\/ru\/wp-json\/wp\/v2\/pages"}],"about":[{"href":"https:\/\/www.dahora.cz\/ru\/wp-json\/wp\/v2\/types\/page"}],"author":[{"embeddable":true,"href":"https:\/\/www.dahora.cz\/ru\/wp-json\/wp\/v2\/users\/4"}],"replies":[{"embeddable":true,"href":"https:\/\/www.dahora.cz\/ru\/wp-json\/wp\/v2\/comments?post=996769"}],"version-history":[{"count":0,"href":"https:\/\/www.dahora.cz\/ru\/wp-json\/wp\/v2\/pages\/996769\/revisions"}],"wp:attachment":[{"href":"https:\/\/www.dahora.cz\/ru\/wp-json\/wp\/v2\/media?parent=996769"}],"curies":[{"name":"wp","href":"https:\/\/api.w.org\/{rel}","templated":true}]}}