{"id":997681,"date":"2025-03-15T16:45:48","date_gmt":"2025-03-15T15:45:48","guid":{"rendered":"https:\/\/www.dahora.cz\/?page_id=997681"},"modified":"2026-01-19T19:45:08","modified_gmt":"2026-01-19T18:45:08","slug":"intenzivni-kurz-nemeckeho-jazyka","status":"publish","type":"page","link":"https:\/\/www.dahora.cz\/ru\/intenzivni-kurz-nemeckeho-jazyka\/","title":{"rendered":"\u0418\u043d\u0442\u0435\u043d\u0441\u0438\u0432\u043d\u044b\u0439 \u043a\u0443\u0440\u0441 \u043d\u0435\u043c\u0435\u0446\u043a\u043e\u0433\u043e \u044f\u0437\u044b\u043a\u0430"},"content":{"rendered":"<div data-elementor-type=\"wp-page\" data-elementor-id=\"997681\" class=\"elementor elementor-997681\" data-elementor-post-type=\"page\">\n\t\t\t\t\t\t<section class=\"elementor-section elementor-top-section elementor-element elementor-element-30e2d5b elementor-section-height-min-height elementor-section-boxed elementor-section-height-default elementor-section-items-middle\" data-id=\"30e2d5b\" data-element_type=\"section\" data-e-type=\"section\" data-settings=\"{&quot;background_background&quot;:&quot;classic&quot;}\">\n\t\t\t\t\t\t\t<div class=\"elementor-background-overlay\"><\/div>\n\t\t\t\t\t\t\t<div class=\"elementor-container elementor-column-gap-default\">\n\t\t\t\t\t<div class=\"elementor-column elementor-col-100 elementor-top-column elementor-element elementor-element-7c75faf\" data-id=\"7c75faf\" data-element_type=\"column\" data-e-type=\"column\" data-settings=\"{&quot;background_background&quot;:&quot;classic&quot;}\">\n\t\t\t<div class=\"elementor-widget-wrap\">\n\t\t\t\t\t\t\t<\/div>\n\t\t<\/div>\n\t\t\t\t\t<\/div>\n\t\t<\/section>\n\t\t\t\t<section class=\"elementor-section elementor-top-section elementor-element elementor-element-4e274e2 elementor-section-boxed elementor-section-height-default elementor-section-height-default\" data-id=\"4e274e2\" data-element_type=\"section\" data-e-type=\"section\">\n\t\t\t\t\t\t<div class=\"elementor-container elementor-column-gap-no\">\n\t\t\t\t\t<div class=\"elementor-column elementor-col-50 elementor-top-column elementor-element elementor-element-4787ac5 animated-fast elementor-invisible\" data-id=\"4787ac5\" data-element_type=\"column\" data-e-type=\"column\" data-settings=\"{&quot;background_background&quot;:&quot;classic&quot;,&quot;animation&quot;:&quot;fadeIn&quot;,&quot;animation_tablet&quot;:&quot;none&quot;,&quot;animation_mobile&quot;:&quot;none&quot;,&quot;animation_delay&quot;:100}\">\n\t\t\t<div class=\"elementor-widget-wrap elementor-element-populated\">\n\t\t\t\t\t\t\t<\/div>\n\t\t<\/div>\n\t\t\t\t<div class=\"elementor-column elementor-col-50 elementor-top-column elementor-element elementor-element-bb0bb0d elementor-hidden-desktop elementor-hidden-tablet elementor-hidden-phone\" data-id=\"bb0bb0d\" data-element_type=\"column\" data-e-type=\"column\">\n\t\t\t<div class=\"elementor-widget-wrap\">\n\t\t\t\t\t\t\t<\/div>\n\t\t<\/div>\n\t\t\t\t\t<\/div>\n\t\t<\/section>\n\t\t\t\t<section class=\"elementor-section elementor-top-section elementor-element elementor-element-25aa697 elementor-section-boxed elementor-section-height-default elementor-section-height-default\" data-id=\"25aa697\" data-element_type=\"section\" data-e-type=\"section\">\n\t\t\t\t\t\t<div class=\"elementor-container elementor-column-gap-no\">\n\t\t\t\t\t<div class=\"elementor-column elementor-col-100 elementor-top-column elementor-element elementor-element-ffcd69f\" data-id=\"ffcd69f\" data-element_type=\"column\" data-e-type=\"column\">\n\t\t\t<div class=\"elementor-widget-wrap elementor-element-populated\">\n\t\t\t\t\t\t<div class=\"elementor-element elementor-element-06eab7b elementor-widget elementor-widget-text-editor\" data-id=\"06eab7b\" data-element_type=\"widget\" data-e-type=\"widget\" data-widget_type=\"text-editor.default\">\n\t\t\t\t<div class=\"elementor-widget-container\">\n\t\t\t\t\t\t\t\t\t<p>\u041f\u043e\u0434\u0433\u043e\u0442\u043e\u0432\u0438\u0442\u0435\u043b\u044c\u043d\u044b\u0435 \u043a\u0443\u0440\u0441\u044b \u043f\u0440\u043e\u0432\u043e\u0434\u044f\u0442\u0441\u044f \u0435\u0436\u0435\u043d\u0435\u0434\u0435\u043b\u044c\u043d\u043e, \u043e\u043d\u0438 \u0438\u043d\u0442\u0435\u043d\u0441\u0438\u0432\u043d\u044b \u0438 \u043f\u0440\u0435\u0434\u043d\u0430\u0437\u043d\u0430\u0447\u0435\u043d\u044b \u043a\u0430\u043a \u0434\u043b\u044f \u043f\u043e\u0441\u0442\u0443\u043f\u0430\u044e\u0449\u0438\u0445 \u0441\u0442\u0443\u0434\u0435\u043d\u0442\u043e\u0432, \u0442\u0430\u043a \u0438 \u0434\u043b\u044f \u0448\u0438\u0440\u043e\u043a\u043e\u0439 \u043f\u0443\u0431\u043b\u0438\u043a\u0438.<\/p>\n<p><br><\/p>\n<p>\u0414\u0430\u0442\u0430 \u043f\u0440\u043e\u0432\u0435\u0434\u0435\u043d\u0438\u044f \u043a\u0443\u0440\u0441\u0430: <b>24. &#8211; 28. srpna 2026<\/b><\/p>\n<p>\u0417\u0430\u043d\u044f\u0442\u0438\u044f \u043f\u0440\u043e\u0445\u043e\u0434\u044f\u0442 \u043a\u0430\u0436\u0434\u044b\u0439 \u0434\u0435\u043d\u044c: <b>\u0441 9:15 \u0434\u043e 14:25.<\/b>&nbsp;<\/p><p><br><\/p>\n<p>\u041a\u0443\u0440\u0441 \u043e\u0442\u043a\u0440\u044b\u0442 \u0434\u043b\u044f \u0441\u0442\u0443\u0434\u0435\u043d\u0442\u043e\u0432 \u043d\u0430\u0447\u0430\u043b\u044c\u043d\u043e\u0433\u043e \u0438 \u0441\u0440\u0435\u0434\u043d\u0435\u0433\u043e \u0443\u0440\u043e\u0432\u043d\u044f. \u0423\u0447\u0430\u0449\u0438\u0435\u0441\u044f \u0441\u0440\u0435\u0434\u043d\u0435\u0433\u043e \u0443\u0440\u043e\u0432\u043d\u044f \u0434\u043e\u0431\u044c\u044e\u0442\u0441\u044f \u043d\u0430\u0438\u0431\u043e\u043b\u044c\u0448\u0435\u0433\u043e \u043f\u0440\u043e\u0433\u0440\u0435\u0441\u0441\u0430, \u0443\u043b\u0443\u0447\u0448\u0438\u0432 \u0441\u0432\u043e\u044e \u043a\u043e\u043c\u043c\u0443\u043d\u0438\u043a\u0430\u0446\u0438\u044e, \u0440\u0430\u0441\u0448\u0438\u0440\u0438\u0432 \u0441\u043b\u043e\u0432\u0430\u0440\u043d\u044b\u0439 \u0437\u0430\u043f\u0430\u0441 \u0438 \u0442.\u0434. \u041a\u0443\u0440\u0441 \u043f\u0440\u0435\u0434\u043d\u0430\u0437\u043d\u0430\u0447\u0435\u043d \u043a\u0430\u043a \u0434\u043b\u044f \u0441\u0442\u0430\u0440\u0448\u0435\u043a\u043b\u0430\u0441\u0441\u043d\u0438\u043a\u043e\u0432 (\u0438\u043b\u0438 \u0443\u0447\u0430\u0449\u0438\u0445\u0441\u044f 8-9 \u043a\u043b\u0430\u0441\u0441\u043e\u0432 \u043e\u0441\u043d\u043e\u0432\u043d\u043e\u0439 \u0448\u043a\u043e\u043b\u044b), \u0442\u0430\u043a \u0438 \u0434\u043b\u044f \u0432\u0437\u0440\u043e\u0441\u043b\u044b\u0445. \u0412 \u043d\u0430\u0447\u0430\u043b\u0435 \u0438 \u0432 \u043a\u043e\u043d\u0446\u0435 \u043a\u0443\u0440\u0441\u0430 \u0441\u0442\u0443\u0434\u0435\u043d\u0442\u044b \u043f\u0440\u043e\u0439\u0434\u0443\u0442 \u043d\u0435\u0431\u043e\u043b\u044c\u0448\u043e\u0439 \u0442\u0435\u0441\u0442, \u0447\u0442\u043e\u0431\u044b \u043e\u0446\u0435\u043d\u0438\u0442\u044c \u0441\u0432\u043e\u0439 \u043f\u0440\u043e\u0433\u0440\u0435\u0441\u0441 \u0437\u0430 \u0432\u0440\u0435\u043c\u044f \u043e\u0431\u0443\u0447\u0435\u043d\u0438\u044f.&nbsp;<\/p><p><br><\/p>\n<p>1. \u041a \u0443\u0447\u0430\u0441\u0442\u0438\u044e \u0432 \u043a\u0443\u0440\u0441\u0435 \u0434\u043e\u043f\u0443\u0441\u043a\u0430\u044e\u0442\u0441\u044f \u0437\u0430\u0440\u0435\u0433\u0438\u0441\u0442\u0440\u0438\u0440\u043e\u0432\u0430\u043d\u043d\u044b\u0435 \u0441\u0442\u0443\u0434\u0435\u043d\u0442\u044b, \u043e\u043f\u043b\u0430\u0442\u0438\u0432\u0448\u0438\u0435 \u043e\u0431\u0443\u0447\u0435\u043d\u0438\u0435:<br>7.900,- CZK<\/p>\n<p>\u041f\u043b\u0430\u0442\u0430 \u0437\u0430 \u043a\u0443\u0440\u0441 \u0432\u043d\u043e\u0441\u0438\u0442\u0441\u044f \u043d\u0430 \u0441\u0447\u0435\u0442 \u0448\u043a\u043e\u043b\u044b \u2116 2802337034\/2010. \u041f\u043e\u0436\u0430\u043b\u0443\u0439\u0441\u0442\u0430, \u0443\u043a\u0430\u0436\u0438\u0442\u0435 \u0441\u0432\u043e\u0439 \u043d\u043e\u043c\u0435\u0440 \u0440\u043e\u0436\u0434\u0435\u043d\u0438\u044f \u0432 \u043a\u0430\u0447\u0435\u0441\u0442\u0432\u0435 \u043f\u0435\u0440\u0435\u043c\u0435\u043d\u043d\u043e\u0433\u043e \u0441\u0438\u043c\u0432\u043e\u043b\u0430<br>\u0438\u043b\u0438 \u0434\u0430\u0442\u0443 \u0440\u043e\u0436\u0434\u0435\u043d\u0438\u044f \u0437\u0430\u044f\u0432\u0438\u0442\u0435\u043b\u044f \u0438 \u0432\u043a\u043b\u044e\u0447\u0438\u0442\u044c \u0438\u043c\u044f \u0437\u0430\u044f\u0432\u0438\u0442\u0435\u043b\u044f \u0432 \u0441\u043e\u043e\u0431\u0449\u0435\u043d\u0438\u0435 \u043f\u043e\u043b\u0443\u0447\u0430\u0442\u0435\u043b\u044e.<\/p><p><br><\/p>\n<p>2. \u043a\u0443\u0440\u0441 \u043f\u0440\u043e\u0432\u043e\u0434\u0438\u0442\u0441\u044f \u0432 \u0437\u0434\u0430\u043d\u0438\u0438 \u0448\u043a\u043e\u043b\u044b Digital Academy \u043f\u043e \u0430\u0434\u0440\u0435\u0441\u0443: Pod \u0160kolou 167, Kutn\u00e1 Hora - Mal\u00edn<span style=\"letter-spacing: var(--vamtam-primary-font-letter-spacing-desktop,normal); text-transform: var(--vamtam-primary-font-transform,none);\">.<\/span><\/p>\n<p><span style=\"letter-spacing: var(--vamtam-primary-font-letter-spacing-desktop,normal); text-transform: var(--vamtam-primary-font-transform,none);\">&nbsp;<\/span><\/p>\n<p><span style=\"letter-spacing: var(--vamtam-primary-font-letter-spacing-desktop,normal); text-transform: var(--vamtam-primary-font-transform,none);\">3.&nbsp;<\/span><span style=\"font-family: Inter, sans-serif; font-size: 18px; font-style: normal; font-variant-ligatures: normal; font-variant-caps: normal; font-weight: 400; letter-spacing: var(--vamtam-primary-font-letter-spacing-desktop,normal); text-transform: var(--vamtam-primary-font-transform,none);\">\u041c\u0438\u043d\u0438\u043c\u0430\u043b\u044c\u043d\u043e\u0435 \u043a\u043e\u043b\u0438\u0447\u0435\u0441\u0442\u0432\u043e \u0443\u0447\u0430\u0441\u0442\u043d\u0438\u043a\u043e\u0432 \u043a\u0443\u0440\u0441\u0430: 6<\/span><\/p>\n<p><span style=\"letter-spacing: var(--vamtam-primary-font-letter-spacing-desktop,normal); text-transform: var(--vamtam-primary-font-transform,none);\">&nbsp;<\/span><\/p>\n<p><span style=\"letter-spacing: var(--vamtam-primary-font-letter-spacing-desktop,normal); text-transform: var(--vamtam-primary-font-transform,none);\">4.&nbsp;<\/span><span style=\"font-family: Inter, sans-serif; font-size: 18px; font-style: normal; font-variant-ligatures: normal; font-variant-caps: normal; font-weight: 400; letter-spacing: var(--vamtam-primary-font-letter-spacing-desktop,normal); text-transform: var(--vamtam-primary-font-transform,none);\">\u0412 \u0441\u043b\u0443\u0447\u0430\u0435 \u043e\u0442\u043a\u0430\u0437\u0430 \u043e\u0442 \u043e\u0431\u0443\u0447\u0435\u043d\u0438\u044f \u043f\u043b\u0430\u0442\u0430 \u0437\u0430 \u043a\u0443\u0440\u0441 \u043d\u0435 \u0432\u043e\u0437\u0432\u0440\u0430\u0449\u0430\u0435\u0442\u0441\u044f.<\/span><\/p><p><span style=\"font-family: Inter, sans-serif; font-size: 18px; font-style: normal; font-variant-ligatures: normal; font-variant-caps: normal; font-weight: 400; letter-spacing: var(--vamtam-primary-font-letter-spacing-desktop,normal); text-transform: var(--vamtam-primary-font-transform,none);\"><br><\/span><\/p>\n<p>\u0417\u0430\u0438\u043d\u0442\u0435\u0440\u0435\u0441\u043e\u0432\u0430\u043d\u043d\u044b\u0435 \u043b\u0438\u0446\u0430 \u043c\u043e\u0433\u0443\u0442 \u043f\u043e\u0434\u0430\u0442\u044c \u0437\u0430\u044f\u0432\u043a\u0443 \u043f\u043e \u044d\u043b\u0435\u043a\u0442\u0440\u043e\u043d\u043d\u043e\u0439 \u043f\u043e\u0447\u0442\u0435 <a href=\"mailto:michaela.vackova@dahora.cz\" target=\"_blank\" rel=\"noopener\">michaela.vackova@dahora.cz<\/a> \u0438\u043b\u0438 \u043f\u043e \u0442\u0435\u043b\u0435\u0444\u043e\u043d\u0443: +420 737 080 807<\/p>\t\t\t\t\t\t\t\t<\/div>\n\t\t\t\t<\/div>\n\t\t\t\t<div class=\"elementor-element elementor-element-23a229b elementor-align-left elementor-mobile-align-left elementor-widget elementor-widget-button\" data-id=\"23a229b\" data-element_type=\"widget\" data-e-type=\"widget\" data-widget_type=\"button.default\">\n\t\t\t\t<div class=\"elementor-widget-container\">\n\t\t\t\t\t\t\t\t\t<div class=\"elementor-button-wrapper\">\n\t\t\t\t\t<a class=\"elementor-button elementor-button-link elementor-size-sm\" href=\"https:\/\/www.dahora.cz\/wp-content\/uploads\/2026\/01\/prihlaska-letni-vzdelavaci-kurzy-2026-1.pdf\" target=\"_blank\" id=\"button-track-download-kurzy\">\n\t\t\t\t\t\t<span class=\"elementor-button-content-wrapper\">\n\t\t\t\t\t\t\t\t\t<span class=\"elementor-button-text\">\u0421\u041a\u0410\u0427\u0410\u0422\u042c \u0424\u041e\u0420\u041c\u0423 \u0417\u0410\u042f\u0412\u041b\u0415\u041d\u0418\u042f<\/span>\n\t\t\t\t\t<\/span>\n\t\t\t\t\t<\/a>\n\t\t\t\t<\/div>\n\t\t\t\t\t\t\t\t<\/div>\n\t\t\t\t<\/div>\n\t\t\t\t\t<\/div>\n\t\t<\/div>\n\t\t\t\t\t<\/div>\n\t\t<\/section>\n\t\t\t\t<section class=\"elementor-section elementor-top-section elementor-element elementor-element-3204108 elementor-section-boxed elementor-section-height-default elementor-section-height-default\" data-id=\"3204108\" data-element_type=\"section\" data-e-type=\"section\">\n\t\t\t\t\t\t<div class=\"elementor-container elementor-column-gap-default\">\n\t\t\t\t\t<div class=\"elementor-column elementor-col-100 elementor-top-column elementor-element elementor-element-caea415\" data-id=\"caea415\" data-element_type=\"column\" data-e-type=\"column\">\n\t\t\t<div class=\"elementor-widget-wrap elementor-element-populated\">\n\t\t\t\t\t\t<div class=\"elementor-element elementor-element-d464e05 elementor-widget elementor-widget-text-editor\" data-id=\"d464e05\" data-element_type=\"widget\" data-e-type=\"widget\" data-widget_type=\"text-editor.default\">\n\t\t\t\t<div class=\"elementor-widget-container\">\n\t\t\t\t\t\t\t\t\t<p><a href=\"https:\/\/www.dahora.cz\/ru\/prohlaseni-o-ochrane-osobnich-udaju-eu\/\" target=\"_blank\" rel=\"noopener\">\u041f\u043e\u043b\u043e\u0436\u0435\u043d\u0438\u0435 \u043e \u043a\u043e\u043d\u0444\u0438\u0434\u0435\u043d\u0446\u0438\u0430\u043b\u044c\u043d\u043e\u0441\u0442\u0438 \u0426\u0438\u0444\u0440\u043e\u0432\u0430\u044f \u0430\u043a\u0430\u0434\u0435\u043c\u0438\u044f \u041a\u0443\u0442\u043d\u0430 \u0413\u043e\u0440\u0430<\/a>.<\/p>\t\t\t\t\t\t\t\t<\/div>\n\t\t\t\t<\/div>\n\t\t\t\t\t<\/div>\n\t\t<\/div>\n\t\t\t\t\t<\/div>\n\t\t<\/section>\n\t\t\t\t<\/div>","protected":false},"excerpt":{"rendered":"<p>P\u0159\u00edpravn\u00e9 kurzy jsou t\u00fddenn\u00ed, intenzivn\u00ed a jsou ur\u010den\u00e9 jak pro nastupuj\u00edc\u00ed \u017e\u00e1ky, tak pro \u0161irokou ve\u0159ejnost. Datum kon\u00e1n\u00ed kurzu: 24. &#8211; 28. srpna 2026 Kurz prob\u00edh\u00e1 ka\u017ed\u00fd den: od 9:15 do 14:25 hod.&nbsp; Do kurzu se mohou zapojit jak za\u010d\u00e1te\u010dn\u00edci, tak i m\u00edrn\u011b pokro\u010dil\u00ed. Nejv\u011bt\u0161\u00ed pokrok dos\u00e1hnou pr\u00e1v\u011b m\u00edrn\u011b pokro\u010dil\u00ed, kte\u0159\u00ed si zlep\u0161\u00ed komunika\u010dn\u00ed str\u00e1nku,&#8230;<\/p>","protected":false},"author":4,"featured_media":0,"parent":0,"menu_order":0,"comment_status":"closed","ping_status":"closed","template":"","meta":{"footnotes":""},"class_list":["post-997681","page","type-page","status-publish","hentry"],"aioseo_notices":[],"_links":{"self":[{"href":"https:\/\/www.dahora.cz\/ru\/wp-json\/wp\/v2\/pages\/997681","targetHints":{"allow":["GET"]}}],"collection":[{"href":"https:\/\/www.dahora.cz\/ru\/wp-json\/wp\/v2\/pages"}],"about":[{"href":"https:\/\/www.dahora.cz\/ru\/wp-json\/wp\/v2\/types\/page"}],"author":[{"embeddable":true,"href":"https:\/\/www.dahora.cz\/ru\/wp-json\/wp\/v2\/users\/4"}],"replies":[{"embeddable":true,"href":"https:\/\/www.dahora.cz\/ru\/wp-json\/wp\/v2\/comments?post=997681"}],"version-history":[{"count":0,"href":"https:\/\/www.dahora.cz\/ru\/wp-json\/wp\/v2\/pages\/997681\/revisions"}],"wp:attachment":[{"href":"https:\/\/www.dahora.cz\/ru\/wp-json\/wp\/v2\/media?parent=997681"}],"curies":[{"name":"wp","href":"https:\/\/api.w.org\/{rel}","templated":true}]}}