{"id":998069,"date":"2025-05-16T10:05:03","date_gmt":"2025-05-16T08:05:03","guid":{"rendered":"https:\/\/www.dahora.cz\/?page_id=998069"},"modified":"2025-05-16T10:33:54","modified_gmt":"2025-05-16T08:33:54","slug":"zahranicni-staze-a-vymenne-pobyty","status":"publish","type":"page","link":"https:\/\/www.dahora.cz\/ru\/zahranicni-staze-a-vymenne-pobyty\/","title":{"rendered":"\u0417\u0430\u0440\u0443\u0431\u0435\u0436\u043d\u044b\u0435 \u0441\u0442\u0430\u0436\u0438\u0440\u043e\u0432\u043a\u0438 \u0438 \u043e\u0431\u043c\u0435\u043d\u044b"},"content":{"rendered":"<div data-elementor-type=\"wp-page\" data-elementor-id=\"998069\" class=\"elementor elementor-998069\" data-elementor-post-type=\"page\">\n\t\t\t\t\t\t<section class=\"elementor-section elementor-top-section elementor-element elementor-element-8abfc9b elementor-section-height-min-height elementor-section-boxed elementor-section-height-default elementor-section-items-middle\" data-id=\"8abfc9b\" data-element_type=\"section\" data-e-type=\"section\" data-settings=\"{&quot;background_background&quot;:&quot;classic&quot;}\">\n\t\t\t\t\t\t\t<div class=\"elementor-background-overlay\"><\/div>\n\t\t\t\t\t\t\t<div class=\"elementor-container elementor-column-gap-default\">\n\t\t\t\t\t<div class=\"elementor-column elementor-col-100 elementor-top-column elementor-element elementor-element-9f7ed2c\" data-id=\"9f7ed2c\" data-element_type=\"column\" data-e-type=\"column\" data-settings=\"{&quot;background_background&quot;:&quot;classic&quot;}\">\n\t\t\t<div class=\"elementor-widget-wrap\">\n\t\t\t\t\t\t\t<\/div>\n\t\t<\/div>\n\t\t\t\t\t<\/div>\n\t\t<\/section>\n\t\t\t\t<section class=\"elementor-section elementor-top-section elementor-element elementor-element-769b1f9 elementor-section-boxed elementor-section-height-default elementor-section-height-default\" data-id=\"769b1f9\" data-element_type=\"section\" data-e-type=\"section\">\n\t\t\t\t\t\t<div class=\"elementor-container elementor-column-gap-no\">\n\t\t\t\t\t<div class=\"elementor-column elementor-col-50 elementor-top-column elementor-element elementor-element-65eed66 animated-fast elementor-invisible\" data-id=\"65eed66\" data-element_type=\"column\" data-e-type=\"column\" data-settings=\"{&quot;background_background&quot;:&quot;classic&quot;,&quot;animation&quot;:&quot;fadeIn&quot;,&quot;animation_tablet&quot;:&quot;none&quot;,&quot;animation_mobile&quot;:&quot;none&quot;,&quot;animation_delay&quot;:100}\">\n\t\t\t<div class=\"elementor-widget-wrap elementor-element-populated\">\n\t\t\t\t\t\t\t<\/div>\n\t\t<\/div>\n\t\t\t\t<div class=\"elementor-column elementor-col-50 elementor-top-column elementor-element elementor-element-9d98c4a elementor-hidden-desktop elementor-hidden-tablet elementor-hidden-phone\" data-id=\"9d98c4a\" data-element_type=\"column\" data-e-type=\"column\">\n\t\t\t<div class=\"elementor-widget-wrap\">\n\t\t\t\t\t\t\t<\/div>\n\t\t<\/div>\n\t\t\t\t\t<\/div>\n\t\t<\/section>\n\t\t\t\t<section class=\"elementor-section elementor-top-section elementor-element elementor-element-de6d921 elementor-section-boxed elementor-section-height-default elementor-section-height-default\" data-id=\"de6d921\" data-element_type=\"section\" data-e-type=\"section\">\n\t\t\t\t\t\t<div class=\"elementor-container elementor-column-gap-default\">\n\t\t\t\t\t<div class=\"elementor-column elementor-col-100 elementor-top-column elementor-element elementor-element-d649688\" data-id=\"d649688\" data-element_type=\"column\" data-e-type=\"column\">\n\t\t\t<div class=\"elementor-widget-wrap elementor-element-populated\">\n\t\t\t\t\t\t<div class=\"elementor-element elementor-element-f364581 elementor-widget elementor-widget-heading\" data-id=\"f364581\" data-element_type=\"widget\" data-e-type=\"widget\" data-widget_type=\"heading.default\">\n\t\t\t\t<div class=\"elementor-widget-container\">\n\t\t\t\t\t<h2 class=\"elementor-heading-title elementor-size-default\">\u0417\u0410\u0420\u0423\u0411\u0415\u0416\u041d\u042b\u0415 \u0421\u0422\u0410\u0416\u0418\u0420\u041e\u0412\u041a\u0418 \u0418 \u041e\u0411\u041c\u0415\u041d\u042b, \u0424\u0418\u041d\u0410\u041d\u0421\u0418\u0420\u0423\u0415\u041c\u042b\u0415 \u0418\u0417 \u0424\u041e\u041d\u0414\u041e\u0412 \u0415\u0421<\/h2>\t\t\t\t<\/div>\n\t\t\t\t<\/div>\n\t\t\t\t<div class=\"elementor-element elementor-element-66c06f7 elementor-widget elementor-widget-text-editor\" data-id=\"66c06f7\" data-element_type=\"widget\" data-e-type=\"widget\" data-widget_type=\"text-editor.default\">\n\t\t\t\t<div class=\"elementor-widget-container\">\n\t\t\t\t\t\t\t\t\t<p><strong>\u041f\u0430\u0440\u0442\u043d\u0435\u0440\u0441\u043a\u0438\u0435 \u0441\u0430\u0439\u0442\u044b:<\/strong> \u0418\u0440\u043b\u0430\u043d\u0434\u0438\u044f, \u0410\u043d\u0433\u043b\u0438\u044f, \u041c\u0430\u043b\u044c\u0442\u0430, \u0418\u0442\u0430\u043b\u0438\u044f, \u0413\u0435\u0440\u043c\u0430\u043d\u0438\u044f, \u0418\u0441\u043f\u0430\u043d\u0438\u044f, \u0410\u0432\u0441\u0442\u0440\u0430\u043b\u0438\u044f, \u041d\u0438\u0434\u0435\u0440\u043b\u0430\u043d\u0434\u044b<\/p><p><strong>\u041f\u0440\u043e\u0434\u043e\u043b\u0436\u0438\u0442\u0435\u043b\u044c\u043d\u043e\u0441\u0442\u044c \u0441\u0442\u0430\u0436\u0438\u0440\u043e\u0432\u043a\u0438\/\u043f\u0440\u0435\u0431\u044b\u0432\u0430\u043d\u0438\u044f:<\/strong> \u0421\u0442\u0430\u0436\u0438\u0440\u043e\u0432\u043a\u0438 \u0438 \u0443\u0447\u0435\u0431\u043d\u044b\u0435 \u043f\u043e\u0435\u0437\u0434\u043a\u0438 - \u0435\u0436\u0435\u043c\u0435\u0441\u044f\u0447\u043d\u043e, \u043f\u043e\u0435\u0437\u0434\u043a\u0438 \u043f\u043e \u043e\u0431\u043c\u0435\u043d\u0443 - \u0435\u0436\u0435\u043d\u0435\u0434\u0435\u043b\u044c\u043d\u043e.<\/p><p><strong>\u041f\u0440\u043e\u0433\u0440\u0430\u043c\u043c\u0430 \u0441\u0442\u0430\u0436\u0438\u0440\u043e\u0432\u043a\u0438:<\/strong> \u0421\u0442\u0443\u0434\u0435\u043d\u0442\u044b \u043f\u0440\u043e\u0445\u043e\u0434\u044f\u0442 \u0441\u0442\u0430\u0436\u0438\u0440\u043e\u0432\u043a\u0438 (\u0442.\u0435. \u043e\u043f\u044b\u0442 \u0440\u0430\u0431\u043e\u0442\u044b \u0432 \u043a\u043e\u043c\u043f\u0430\u043d\u0438\u044f\u0445 \u043f\u043e \u0441\u043f\u0435\u0446\u0438\u0430\u043b\u044c\u043d\u043e\u0441\u0442\u0438, \u0432\u044b\u0431\u0440\u0430\u043d\u043d\u043e\u0439 \u0441\u0442\u0443\u0434\u0435\u043d\u0442\u0430\u043c\u0438 \u0437\u0430\u0440\u0430\u043d\u0435\u0435),<br \/>\u043e\u0431\u0443\u0447\u0435\u043d\u0438\u0435 \u0438 \u043e\u0431\u043c\u0435\u043d \u0432 \u0410\u043d\u0433\u043b\u0438\u0438, \u0418\u0440\u043b\u0430\u043d\u0434\u0438\u0438, \u0413\u0435\u0440\u043c\u0430\u043d\u0438\u0438 \u0438 \u0418\u0442\u0430\u043b\u0438\u0438. \u041f\u0435\u0440\u0435\u0434 \u043e\u0442\u044a\u0435\u0437\u0434\u043e\u043c \u043e\u043d\u0438 \u043f\u0440\u043e\u0445\u043e\u0434\u044f\u0442 \u043f\u043e\u0434\u0433\u043e\u0442\u043e\u0432\u0438\u0442\u0435\u043b\u044c\u043d\u044b\u0439 \u044f\u0437\u044b\u043a\u043e\u0432\u043e\u0439 \u043a\u0443\u0440\u0441 \u0438 \u043a\u0443\u0440\u0441 \u044d\u043b\u0435\u043a\u0442\u0440\u043e\u043d\u043d\u043e\u0433\u043e \u043e\u0431\u0443\u0447\u0435\u043d\u0438\u044f. \u0412\u043e \u0432\u0440\u0435\u043c\u044f \u0443\u0447\u0435\u0431\u044b \u0438\u043b\u0438 \u043e\u0431\u043c\u0435\u043d\u0430 \u043e\u043d\u0438 \u0443\u0447\u0430\u0441\u0442\u0432\u0443\u044e\u0442 \u0432 \u0443\u0447\u0435\u0431\u043d\u043e\u0439 \u043f\u0440\u043e\u0433\u0440\u0430\u043c\u043c\u0435 \u0432 \u0448\u043a\u043e\u043b\u0435-\u043f\u0430\u0440\u0442\u043d\u0435\u0440\u0435.<\/p><p><strong>\u041f\u0440\u043e\u0436\u0438\u0432\u0430\u043d\u0438\u0435 \u0438 \u0442\u0440\u0430\u043d\u0441\u043f\u043e\u0440\u0442:<\/strong> \u041f\u0440\u043e\u0436\u0438\u0432\u0430\u043d\u0438\u0435 \u0441 \u043f\u043e\u043b\u043d\u044b\u043c \u043f\u0430\u043d\u0441\u0438\u043e\u043d\u043e\u043c \u043f\u0440\u0435\u0434\u043e\u0441\u0442\u0430\u0432\u043b\u044f\u0435\u0442\u0441\u044f \u0432 \u0434\u043e\u043c\u0430\u0448\u043d\u0438\u0445 \u0443\u0441\u043b\u043e\u0432\u0438\u044f\u0445 \u0438 \u043e\u043f\u043b\u0430\u0447\u0438\u0432\u0430\u0435\u0442\u0441\u044f, \u0432\u043a\u043b\u044e\u0447\u0430\u044f \u0430\u0432\u0438\u0430\u043f\u0435\u0440\u0435\u043b\u0435\u0442 \u0438 \u043a\u0430\u0440\u043c\u0430\u043d\u043d\u044b\u0435 \u0434\u0435\u043d\u044c\u0433\u0438<br \/>\u043d\u0430 \u0441\u0440\u0435\u0434\u0441\u0442\u0432\u0430 \u0433\u0440\u0430\u043d\u0442\u0430 \u0415\u0421.<\/p>\t\t\t\t\t\t\t\t<\/div>\n\t\t\t\t<\/div>\n\t\t\t\t<div class=\"elementor-element elementor-element-6109cfb elementor-widget elementor-widget-image\" data-id=\"6109cfb\" data-element_type=\"widget\" data-e-type=\"widget\" data-widget_type=\"image.default\">\n\t\t\t\t<div class=\"elementor-widget-container\">\n\t\t\t\t\t\t\t\t\t<div class=\"elementor-image\">\n\t\t\t\t\t\t\t\t\t\t\t\t\t\t\t\t\t\t\t\t\t\t<a href=\"https:\/\/www.dahora.cz\/wp-content\/uploads\/2025\/05\/zahranicni-a-vymenne-pobyty-1.webp\" data-elementor-open-lightbox=\"yes\" data-e-action-hash=\"#elementor-action%3Aaction%3Dlightbox%26settings%3DeyJpZCI6OTk4MDkzLCJ1cmwiOiJodHRwczpcL1wvd3d3LmRhaG9yYS5jelwvd3AtY29udGVudFwvdXBsb2Fkc1wvMjAyNVwvMDVcL3phaHJhbmljbmktYS12eW1lbm5lLXBvYnl0eS0xLndlYnAifQ%3D%3D\">\n\t\t\t\t\t\t\t\t\t\t\t<img decoding=\"async\" src=\"https:\/\/www.dahora.cz\/wp-content\/uploads\/2025\/05\/zahranicni-a-vymenne-pobyty-1.webp\" title=\"\" alt=\"Zahrani\u010dn\u00ed st\u00e1\u017ee a v\u00fdm\u011bnn\u00e9 pobyty\" loading=\"lazy\" \/>\t\t\t\t\t\t\t\t\t\t\t\t<\/a>\n\t\t\t\t\t\t\t\t\t\t\t\t\t\t\t\t\t\t\t\t\t\t\t\t<\/div>\n\t\t\t\t\t\t\t\t<\/div>\n\t\t\t\t<\/div>\n\t\t\t\t<div class=\"elementor-element elementor-element-85e31dc elementor-widget elementor-widget-image\" data-id=\"85e31dc\" data-element_type=\"widget\" data-e-type=\"widget\" data-widget_type=\"image.default\">\n\t\t\t\t<div class=\"elementor-widget-container\">\n\t\t\t\t\t\t\t\t\t<div class=\"elementor-image\">\n\t\t\t\t\t\t\t\t\t\t\t\t\t\t\t\t\t\t\t\t\t\t<a href=\"https:\/\/www.dahora.cz\/wp-content\/uploads\/2025\/05\/zahranicni-a-vymenne-pobyty-02.webp\" data-elementor-open-lightbox=\"yes\" data-e-action-hash=\"#elementor-action%3Aaction%3Dlightbox%26settings%3DeyJpZCI6OTk4MDg4LCJ1cmwiOiJodHRwczpcL1wvd3d3LmRhaG9yYS5jelwvd3AtY29udGVudFwvdXBsb2Fkc1wvMjAyNVwvMDVcL3phaHJhbmljbmktYS12eW1lbm5lLXBvYnl0eS0wMi53ZWJwIn0%3D\">\n\t\t\t\t\t\t\t\t\t\t\t<img decoding=\"async\" src=\"https:\/\/www.dahora.cz\/wp-content\/uploads\/2025\/05\/zahranicni-a-vymenne-pobyty-02.webp\" title=\"\" alt=\"Zahrani\u010dn\u00ed st\u00e1\u017ee a v\u00fdm\u011bnn\u00e9 pobyty\" loading=\"lazy\" \/>\t\t\t\t\t\t\t\t\t\t\t\t<\/a>\n\t\t\t\t\t\t\t\t\t\t\t\t\t\t\t\t\t\t\t\t\t\t\t\t<\/div>\n\t\t\t\t\t\t\t\t<\/div>\n\t\t\t\t<\/div>\n\t\t\t\t<div class=\"elementor-element elementor-element-8c4c594 elementor-widget elementor-widget-image\" data-id=\"8c4c594\" data-element_type=\"widget\" data-e-type=\"widget\" data-widget_type=\"image.default\">\n\t\t\t\t<div class=\"elementor-widget-container\">\n\t\t\t\t\t\t\t\t\t<div class=\"elementor-image\">\n\t\t\t\t\t\t\t\t\t\t\t\t\t\t\t\t\t\t\t\t\t\t<a href=\"https:\/\/www.dahora.cz\/wp-content\/uploads\/2025\/05\/zahranicni-a-vymenne-pobyty-03.webp\" data-elementor-open-lightbox=\"yes\" data-e-action-hash=\"#elementor-action%3Aaction%3Dlightbox%26settings%3DeyJpZCI6OTk4MDg5LCJ1cmwiOiJodHRwczpcL1wvd3d3LmRhaG9yYS5jelwvd3AtY29udGVudFwvdXBsb2Fkc1wvMjAyNVwvMDVcL3phaHJhbmljbmktYS12eW1lbm5lLXBvYnl0eS0wMy53ZWJwIn0%3D\">\n\t\t\t\t\t\t\t\t\t\t\t<img decoding=\"async\" src=\"https:\/\/www.dahora.cz\/wp-content\/uploads\/2025\/05\/zahranicni-a-vymenne-pobyty-03.webp\" title=\"\" alt=\"Zahrani\u010dn\u00ed st\u00e1\u017ee a v\u00fdm\u011bnn\u00e9 pobyty\" loading=\"lazy\" \/>\t\t\t\t\t\t\t\t\t\t\t\t<\/a>\n\t\t\t\t\t\t\t\t\t\t\t\t\t\t\t\t\t\t\t\t\t\t\t\t<\/div>\n\t\t\t\t\t\t\t\t<\/div>\n\t\t\t\t<\/div>\n\t\t\t\t\t<\/div>\n\t\t<\/div>\n\t\t\t\t\t<\/div>\n\t\t<\/section>\n\t\t\t\t<\/div>","protected":false},"excerpt":{"rendered":"<p>\u0417\u0430\u0440\u0443\u0431\u0435\u0436\u043d\u044b\u0435 \u0441\u0442\u0430\u0436\u0438\u0440\u043e\u0432\u043a\u0438 \u0438 \u043e\u0431\u043c\u0435\u043d\u043d\u044b\u0435 \u043f\u0440\u043e\u0433\u0440\u0430\u043c\u043c\u044b, \u0444\u0438\u043d\u0430\u043d\u0441\u0438\u0440\u0443\u0435\u043c\u044b\u0435 \u0438\u0437 \u0444\u043e\u043d\u0434\u043e\u0432 \u0415\u0421 \u041f\u0430\u0440\u0442\u043d\u0435\u0440\u0441\u043a\u0438\u0435 \u0441\u0442\u0440\u0430\u043d\u044b: \u0418\u0440\u043b\u0430\u043d\u0434\u0438\u044f, \u0410\u043d\u0433\u043b\u0438\u044f, \u041c\u0430\u043b\u044c\u0442\u0430, \u0418\u0442\u0430\u043b\u0438\u044f, \u0413\u0435\u0440\u043c\u0430\u043d\u0438\u044f, \u0418\u0441\u043f\u0430\u043d\u0438\u044f, \u0410\u0432\u0441\u0442\u0440\u0430\u043b\u0438\u044f, \u041d\u0438\u0434\u0435\u0440\u043b\u0430\u043d\u0434\u044b \u041f\u0440\u043e\u0434\u043e\u043b\u0436\u0438\u0442\u0435\u043b\u044c\u043d\u043e\u0441\u0442\u044c \u0441\u0442\u0430\u0436\u0438\u0440\u043e\u0432\u043a\u0438\/\u043f\u0440\u0435\u0431\u044b\u0432\u0430\u043d\u0438\u044f: \u0441\u0442\u0430\u0436\u0438\u0440\u043e\u0432\u043a\u0438 \u0438 \u0443\u0447\u0435\u0431\u043d\u044b\u0435 \u043f\u043e\u0435\u0437\u0434\u043a\u0438 - \u0435\u0436\u0435\u043c\u0435\u0441\u044f\u0447\u043d\u043e, \u043e\u0431\u043c\u0435\u043d\u043d\u044b\u0435 \u043f\u043e\u0435\u0437\u0434\u043a\u0438 - \u0435\u0436\u0435\u043d\u0435\u0434\u0435\u043b\u044c\u043d\u043e. \u041f\u0440\u043e\u0433\u0440\u0430\u043c\u043c\u0430 \u0441\u0442\u0430\u0436\u0438\u0440\u043e\u0432\u043a\u0438.<\/p>","protected":false},"author":4,"featured_media":0,"parent":0,"menu_order":0,"comment_status":"closed","ping_status":"closed","template":"elementor_header_footer","meta":{"footnotes":""},"class_list":["post-998069","page","type-page","status-publish","hentry"],"aioseo_notices":[],"_links":{"self":[{"href":"https:\/\/www.dahora.cz\/ru\/wp-json\/wp\/v2\/pages\/998069","targetHints":{"allow":["GET"]}}],"collection":[{"href":"https:\/\/www.dahora.cz\/ru\/wp-json\/wp\/v2\/pages"}],"about":[{"href":"https:\/\/www.dahora.cz\/ru\/wp-json\/wp\/v2\/types\/page"}],"author":[{"embeddable":true,"href":"https:\/\/www.dahora.cz\/ru\/wp-json\/wp\/v2\/users\/4"}],"replies":[{"embeddable":true,"href":"https:\/\/www.dahora.cz\/ru\/wp-json\/wp\/v2\/comments?post=998069"}],"version-history":[{"count":0,"href":"https:\/\/www.dahora.cz\/ru\/wp-json\/wp\/v2\/pages\/998069\/revisions"}],"wp:attachment":[{"href":"https:\/\/www.dahora.cz\/ru\/wp-json\/wp\/v2\/media?parent=998069"}],"curies":[{"name":"wp","href":"https:\/\/api.w.org\/{rel}","templated":true}]}}