{"id":998366,"date":"2025-06-22T13:32:51","date_gmt":"2025-06-22T11:32:51","guid":{"rendered":"https:\/\/www.dahora.cz\/?page_id=998366"},"modified":"2026-03-14T09:47:35","modified_gmt":"2026-03-14T08:47:35","slug":"digitka-cafe","status":"publish","type":"page","link":"https:\/\/www.dahora.cz\/ru\/digitka-cafe\/","title":{"rendered":"\u041a\u0430\u0444\u0435 \"\u0414\u0438\u0433\u0438\u0442\u043a\u0430"},"content":{"rendered":"<div data-elementor-type=\"wp-page\" data-elementor-id=\"998366\" class=\"elementor elementor-998366\" data-elementor-post-type=\"page\">\n\t\t\t\t\t\t<section class=\"elementor-section elementor-top-section elementor-element elementor-element-180aa1d elementor-section-height-min-height elementor-section-boxed elementor-section-height-default elementor-section-items-middle\" data-id=\"180aa1d\" data-element_type=\"section\" data-e-type=\"section\" data-settings=\"{&quot;background_background&quot;:&quot;classic&quot;}\">\n\t\t\t\t\t\t\t<div class=\"elementor-background-overlay\"><\/div>\n\t\t\t\t\t\t\t<div class=\"elementor-container elementor-column-gap-default\">\n\t\t\t\t\t<div class=\"elementor-column elementor-col-100 elementor-top-column elementor-element elementor-element-ae1fa67\" data-id=\"ae1fa67\" data-element_type=\"column\" data-e-type=\"column\" data-settings=\"{&quot;background_background&quot;:&quot;classic&quot;}\">\n\t\t\t<div class=\"elementor-widget-wrap\">\n\t\t\t\t\t\t\t<\/div>\n\t\t<\/div>\n\t\t\t\t\t<\/div>\n\t\t<\/section>\n\t\t\t\t<section class=\"elementor-section elementor-top-section elementor-element elementor-element-e474c2b elementor-section-boxed elementor-section-height-default elementor-section-height-default\" data-id=\"e474c2b\" data-element_type=\"section\" data-e-type=\"section\">\n\t\t\t\t\t\t<div class=\"elementor-container elementor-column-gap-no\">\n\t\t\t\t\t<div class=\"elementor-column elementor-col-50 elementor-top-column elementor-element elementor-element-b5c3068 animated-fast elementor-invisible\" data-id=\"b5c3068\" data-element_type=\"column\" data-e-type=\"column\" data-settings=\"{&quot;background_background&quot;:&quot;classic&quot;,&quot;animation&quot;:&quot;fadeIn&quot;,&quot;animation_tablet&quot;:&quot;none&quot;,&quot;animation_mobile&quot;:&quot;none&quot;,&quot;animation_delay&quot;:100}\">\n\t\t\t<div class=\"elementor-widget-wrap elementor-element-populated\">\n\t\t\t\t\t\t<div class=\"elementor-element elementor-element-c4ac467 elementor-widget elementor-widget-text-editor\" data-id=\"c4ac467\" data-element_type=\"widget\" data-e-type=\"widget\" data-widget_type=\"text-editor.default\">\n\t\t\t\t<div class=\"elementor-widget-container\">\n\t\t\t\t\t\t\t\t\t<p><strong>\u0412\u0430\u0448\u0430 \u043d\u043e\u0432\u0430\u044f \u043e\u0441\u0442\u0430\u043d\u043e\u0432\u043a\u0430, \u0433\u0434\u0435 \u043c\u043e\u0436\u043d\u043e \u0432\u044b\u043f\u0438\u0442\u044c \u043e\u0442\u043b\u0438\u0447\u043d\u044b\u0439 \u043a\u043e\u0444\u0435 \u0438 \u0440\u0430\u0441\u0441\u043b\u0430\u0431\u0438\u0442\u044c\u0441\u044f.<\/strong><\/p>\t\t\t\t\t\t\t\t<\/div>\n\t\t\t\t<\/div>\n\t\t\t\t\t<\/div>\n\t\t<\/div>\n\t\t\t\t<div class=\"elementor-column elementor-col-50 elementor-top-column elementor-element elementor-element-d30ecc2\" data-id=\"d30ecc2\" data-element_type=\"column\" data-e-type=\"column\" data-settings=\"{&quot;background_background&quot;:&quot;classic&quot;}\">\n\t\t\t<div class=\"elementor-widget-wrap elementor-element-populated\">\n\t\t\t\t\t\t<div class=\"elementor-element elementor-element-040067e elementor-widget elementor-widget-image\" data-id=\"040067e\" data-element_type=\"widget\" data-e-type=\"widget\" data-widget_type=\"image.default\">\n\t\t\t\t<div class=\"elementor-widget-container\">\n\t\t\t\t\t\t\t\t\t<div class=\"elementor-image\">\n\t\t\t\t\t\t\t\t\t\t\t\t\t\t\t\t\t\t\t\t\t<img decoding=\"async\" src=\"https:\/\/www.dahora.cz\/wp-content\/uploads\/elementor\/thumbs\/logo-digitka-cafe-horizontal-scaled-rlbaxbvee2ktxfm440n8cbs4wyw8azoem52hypznii.avif\" title=\"\u043b\u043e\u0433\u043e\u0442\u0438\u043f-\u0446\u0438\u0444\u0440\u0430-\u043a\u0430\u0444\u0435-\u0433\u043e\u0440\u0438\u0437\u043e\u043d\u0442\u0430\u043b\u044c\" alt=\"logo kav\u00e1rna digitka caf\u00e9\" loading=\"lazy\" \/>\t\t\t\t\t\t\t\t\t\t\t\t\t\t\t\t\t\t\t\t\t\t\t\t<\/div>\n\t\t\t\t\t\t\t\t<\/div>\n\t\t\t\t<\/div>\n\t\t\t\t\t<\/div>\n\t\t<\/div>\n\t\t\t\t\t<\/div>\n\t\t<\/section>\n\t\t\t\t<section class=\"elementor-section elementor-top-section elementor-element elementor-element-eb615f1 elementor-section-boxed elementor-section-height-default elementor-section-height-default\" data-id=\"eb615f1\" data-element_type=\"section\" data-e-type=\"section\">\n\t\t\t\t\t\t<div class=\"elementor-container elementor-column-gap-default\">\n\t\t\t\t\t<div class=\"elementor-column elementor-col-100 elementor-top-column elementor-element elementor-element-df9a89f\" data-id=\"df9a89f\" data-element_type=\"column\" data-e-type=\"column\">\n\t\t\t<div class=\"elementor-widget-wrap elementor-element-populated\">\n\t\t\t\t\t\t<div class=\"elementor-element elementor-element-d28a802 elementor-widget elementor-widget-text-editor\" data-id=\"d28a802\" data-element_type=\"widget\" data-e-type=\"widget\" data-widget_type=\"text-editor.default\">\n\t\t\t\t<div class=\"elementor-widget-container\">\n\t\t\t\t\t\t\t\t\t<p>M\u016f\u017eete se t\u011b\u0161it na skv\u011bl\u00e9 vafle, dort\u00edky, dom\u00e1c\u00ed kol\u00e1\u010de, dom\u00e1c\u00ed limon\u00e1dy, zmrzlinu a mnoho dal\u0161\u00edho.<\/p><p>\u041d\u0435 \u0437\u0430\u0431\u044b\u043b\u0438 \u043c\u044b \u0438 \u043e \u043c\u0430\u043b\u0435\u043d\u044c\u043a\u0438\u0445 \u043f\u043e\u0441\u0435\u0442\u0438\u0442\u0435\u043b\u044f\u0445, \u0434\u043b\u044f \u043a\u043e\u0442\u043e\u0440\u044b\u0445 \u0432 \u0442\u0435\u0447\u0435\u043d\u0438\u0435 \u0432\u0441\u0435\u0433\u043e \u043f\u0440\u0430\u0437\u0434\u043d\u0438\u0447\u043d\u043e\u0433\u043e \u0441\u0435\u0437\u043e\u043d\u0430 \u0431\u0443\u0434\u0443\u0442 \u0433\u043e\u0442\u043e\u0432\u044b \u043d\u0430\u0434\u0443\u0432\u043d\u043e\u0439 \u0437\u0430\u043c\u043e\u043a, \u0438\u0433\u0440\u043e\u0432\u0430\u044f \u043f\u043b\u043e\u0449\u0430\u0434\u043a\u0430 \u0441 \u043c\u044f\u0447\u0430\u043c\u0438 \u0438 \u043c\u043d\u043e\u0433\u043e\u0435 \u0434\u0440\u0443\u0433\u043e\u0435.<\/p>\t\t\t\t\t\t\t\t<\/div>\n\t\t\t\t<\/div>\n\t\t\t\t\t<\/div>\n\t\t<\/div>\n\t\t\t\t\t<\/div>\n\t\t<\/section>\n\t\t\t\t<section class=\"elementor-section elementor-top-section elementor-element elementor-element-04bed62 elementor-section-boxed elementor-section-height-default elementor-section-height-default\" data-id=\"04bed62\" data-element_type=\"section\" data-e-type=\"section\">\n\t\t\t\t\t\t<div class=\"elementor-container elementor-column-gap-default\">\n\t\t\t\t\t<div class=\"elementor-column elementor-col-100 elementor-top-column elementor-element elementor-element-b432156\" data-id=\"b432156\" data-element_type=\"column\" data-e-type=\"column\">\n\t\t\t<div class=\"elementor-widget-wrap elementor-element-populated\">\n\t\t\t\t\t\t<div class=\"elementor-element elementor-element-a498b93 elementor-widget elementor-widget-heading\" data-id=\"a498b93\" data-element_type=\"widget\" data-e-type=\"widget\" data-widget_type=\"heading.default\">\n\t\t\t\t<div class=\"elementor-widget-container\">\n\t\t\t\t\t<h2 class=\"elementor-heading-title elementor-size-default\">\u041f\u0440\u0438\u0445\u043e\u0434\u0438\u0442\u0435 \u0438 \u043f\u043e\u043f\u0440\u043e\u0431\u0443\u0439\u0442\u0435 \u043a\u043e\u0444\u0435, \u0434\u043e\u043c\u0430\u0448\u043d\u0438\u0435 \u0434\u0435\u0441\u0435\u0440\u0442\u044b\n\u0438 \u0432\u043a\u0443\u0441\u043d\u0435\u0439\u0448\u0435\u0435 \u043c\u043e\u0440\u043e\u0436\u0435\u043d\u043e\u0435 \u0432 \u043f\u0440\u0438\u044f\u0442\u043d\u043e\u0439 \u0430\u0442\u043c\u043e\u0441\u0444\u0435\u0440\u0435 \u043d\u0430\u0448\u0435\u0433\u043e \u043a\u0430\u0444\u0435.<\/h2>\t\t\t\t<\/div>\n\t\t\t\t<\/div>\n\t\t\t\t\t<\/div>\n\t\t<\/div>\n\t\t\t\t\t<\/div>\n\t\t<\/section>\n\t\t\t\t<section class=\"elementor-section elementor-top-section elementor-element elementor-element-a60c388 elementor-section-boxed elementor-section-height-default elementor-section-height-default\" data-id=\"a60c388\" data-element_type=\"section\" data-e-type=\"section\">\n\t\t\t\t\t\t<div class=\"elementor-container elementor-column-gap-default\">\n\t\t\t\t\t<div class=\"elementor-column elementor-col-100 elementor-top-column elementor-element elementor-element-d0dcddc\" data-id=\"d0dcddc\" data-element_type=\"column\" data-e-type=\"column\">\n\t\t\t<div class=\"elementor-widget-wrap elementor-element-populated\">\n\t\t\t\t\t\t<div class=\"elementor-element elementor-element-1874b8d elementor-widget elementor-widget-text-editor\" data-id=\"1874b8d\" data-element_type=\"widget\" data-e-type=\"widget\" data-widget_type=\"text-editor.default\">\n\t\t\t\t<div class=\"elementor-widget-container\">\n\t\t\t\t\t\t\t\t\t<ul><li>\u0412\u043a\u0443\u0441\u043d\u044b\u0435 \u043f\u0438\u0440\u043e\u0436\u043d\u044b\u0435 \u0438 \u0441\u043e\u043b\u0435\u043d\u044b\u0435 \u0437\u0430\u043a\u0443\u0441\u043a\u0438<br \/><br \/><\/li><li>\u041a\u043e\u0444\u0435, \u043f\u0440\u0438\u0433\u043e\u0442\u043e\u0432\u043b\u0435\u043d\u043d\u044b\u0439 \u0441 \u043b\u044e\u0431\u043e\u0432\u044c\u044e: \u044d\u0441\u043f\u0440\u0435\u0441\u0441\u043e, \u043a\u0430\u043f\u0443\u0447\u0438\u043d\u043e \u0438 \u0445\u043e\u043b\u043e\u0434\u043d\u044b\u0439 \u043a\u043e\u0444\u0435 \u0441 \u043c\u043d\u043e\u0436\u0435\u0441\u0442\u0432\u043e\u043c \u0432\u043a\u0443\u0441\u043e\u0432<br \/><br \/><\/li><li>\u0421\u043f\u043e\u043a\u043e\u0439\u043d\u044b\u0435 \u043c\u0435\u0441\u0442\u0430 \u0432\u043d\u0443\u0442\u0440\u0438 \u043a\u0430\u0444\u0435 \u0438\u043b\u0438 \u043d\u0430 \u0442\u0435\u0440\u0440\u0430\u0441\u0435<br \/><br \/><\/li><li>\u041c\u044b \u0442\u0430\u043a\u0436\u0435 \u0433\u043e\u0442\u043e\u0432\u044b \u043f\u0440\u0438\u043d\u044f\u0442\u044c \u043c\u0430\u043b\u0435\u043d\u044c\u043a\u0438\u0445 \u043f\u043e\u0441\u0435\u0442\u0438\u0442\u0435\u043b\u0435\u0439<br \/><br \/><\/li><li>\u0412\u0445\u043e\u0434 \u0441 \u0441\u043e\u0431\u0430\u043a\u043e\u0439 \u043f\u0440\u0438\u0432\u0435\u0442\u0441\u0442\u0432\u0443\u0435\u0442\u0441\u044f<\/li><\/ul>\t\t\t\t\t\t\t\t<\/div>\n\t\t\t\t<\/div>\n\t\t\t\t\t<\/div>\n\t\t<\/div>\n\t\t\t\t\t<\/div>\n\t\t<\/section>\n\t\t\t\t<section class=\"elementor-section elementor-top-section elementor-element elementor-element-bfb00d4 elementor-section-boxed elementor-section-height-default elementor-section-height-default\" data-id=\"bfb00d4\" data-element_type=\"section\" data-e-type=\"section\">\n\t\t\t\t\t\t<div class=\"elementor-container elementor-column-gap-default\">\n\t\t\t\t\t<div class=\"elementor-column elementor-col-100 elementor-top-column elementor-element elementor-element-133c390\" data-id=\"133c390\" data-element_type=\"column\" data-e-type=\"column\">\n\t\t\t<div class=\"elementor-widget-wrap elementor-element-populated\">\n\t\t\t\t\t\t<div class=\"elementor-element elementor-element-28bd470 elementor-widget elementor-widget-heading\" data-id=\"28bd470\" data-element_type=\"widget\" data-e-type=\"widget\" data-widget_type=\"heading.default\">\n\t\t\t\t<div class=\"elementor-widget-container\">\n\t\t\t\t\t<h3 class=\"elementor-heading-title elementor-size-default\">\u0427\u0430\u0441\u044b \u0440\u0430\u0431\u043e\u0442\u044b \u0434\u043b\u044f \u043f\u043e\u0441\u0435\u0442\u0438\u0442\u0435\u043b\u0435\u0439:<\/h3>\t\t\t\t<\/div>\n\t\t\t\t<\/div>\n\t\t\t\t\t<\/div>\n\t\t<\/div>\n\t\t\t\t\t<\/div>\n\t\t<\/section>\n\t\t\t\t<section class=\"elementor-section elementor-top-section elementor-element elementor-element-8eca15e elementor-section-boxed elementor-section-height-default elementor-section-height-default\" data-id=\"8eca15e\" data-element_type=\"section\" data-e-type=\"section\">\n\t\t\t\t\t\t<div class=\"elementor-container elementor-column-gap-default\">\n\t\t\t\t\t<div class=\"elementor-column elementor-col-100 elementor-top-column elementor-element elementor-element-5f1239e\" data-id=\"5f1239e\" data-element_type=\"column\" data-e-type=\"column\">\n\t\t\t<div class=\"elementor-widget-wrap elementor-element-populated\">\n\t\t\t\t\t\t<div class=\"elementor-element elementor-element-eacfa47 elementor-widget elementor-widget-text-editor\" data-id=\"eacfa47\" data-element_type=\"widget\" data-e-type=\"widget\" data-widget_type=\"text-editor.default\">\n\t\t\t\t<div class=\"elementor-widget-container\">\n\t\t\t\t\t\t\t\t\t<p>Pond\u011bl\u00ed \u2013 Sobota: 9:00 \u2013 17:00 hod.<\/p>\t\t\t\t\t\t\t\t<\/div>\n\t\t\t\t<\/div>\n\t\t\t\t\t<\/div>\n\t\t<\/div>\n\t\t\t\t\t<\/div>\n\t\t<\/section>\n\t\t\t\t<section class=\"elementor-section elementor-top-section elementor-element elementor-element-c5ab4d4 elementor-section-boxed elementor-section-height-default elementor-section-height-default\" data-id=\"c5ab4d4\" data-element_type=\"section\" data-e-type=\"section\">\n\t\t\t\t\t\t<div class=\"elementor-container elementor-column-gap-default\">\n\t\t\t\t\t<div class=\"elementor-column elementor-col-100 elementor-top-column elementor-element elementor-element-28a5007\" data-id=\"28a5007\" data-element_type=\"column\" data-e-type=\"column\">\n\t\t\t<div class=\"elementor-widget-wrap elementor-element-populated\">\n\t\t\t\t\t\t<div class=\"elementor-element elementor-element-214fc0f elementor-widget elementor-widget-heading\" data-id=\"214fc0f\" data-element_type=\"widget\" data-e-type=\"widget\" data-widget_type=\"heading.default\">\n\t\t\t\t<div class=\"elementor-widget-container\">\n\t\t\t\t\t<h3 class=\"elementor-heading-title elementor-size-default\">\u0410\u0434\u0440\u0435\u0441:<\/h3>\t\t\t\t<\/div>\n\t\t\t\t<\/div>\n\t\t\t\t\t<\/div>\n\t\t<\/div>\n\t\t\t\t\t<\/div>\n\t\t<\/section>\n\t\t\t\t<section class=\"elementor-section elementor-top-section elementor-element elementor-element-73e30ba elementor-section-boxed elementor-section-height-default elementor-section-height-default\" data-id=\"73e30ba\" data-element_type=\"section\" data-e-type=\"section\">\n\t\t\t\t\t\t<div class=\"elementor-container elementor-column-gap-default\">\n\t\t\t\t\t<div class=\"elementor-column elementor-col-100 elementor-top-column elementor-element elementor-element-c91e9b4\" data-id=\"c91e9b4\" data-element_type=\"column\" data-e-type=\"column\">\n\t\t\t<div class=\"elementor-widget-wrap elementor-element-populated\">\n\t\t\t\t\t\t<div class=\"elementor-element elementor-element-50b7efd elementor-widget elementor-widget-text-editor\" data-id=\"50b7efd\" data-element_type=\"widget\" data-e-type=\"widget\" data-widget_type=\"text-editor.default\">\n\t\t\t\t<div class=\"elementor-widget-container\">\n\t\t\t\t\t\t\t\t\t<p><strong>Pod \u0160kolou 167, 284 01 \u041a\u0443\u0442\u043d\u0430 \u0413\u043e\u0440\u0430 - \u041c\u0430\u043b\u0438\u043d<br><\/strong>Na zahrad\u0115 a v budov\u0115 Digital Academy (vchod p\u0159es zahradu).<\/p>\t\t\t\t\t\t\t\t<\/div>\n\t\t\t\t<\/div>\n\t\t\t\t\t<\/div>\n\t\t<\/div>\n\t\t\t\t\t<\/div>\n\t\t<\/section>\n\t\t\t\t<section class=\"elementor-section elementor-top-section elementor-element elementor-element-1581208 elementor-section-boxed elementor-section-height-default elementor-section-height-default\" data-id=\"1581208\" data-element_type=\"section\" data-e-type=\"section\">\n\t\t\t\t\t\t<div class=\"elementor-container elementor-column-gap-default\">\n\t\t\t\t\t<div class=\"elementor-column elementor-col-100 elementor-top-column elementor-element elementor-element-93cebc5\" data-id=\"93cebc5\" data-element_type=\"column\" data-e-type=\"column\">\n\t\t\t<div class=\"elementor-widget-wrap elementor-element-populated\">\n\t\t\t\t\t\t<div class=\"elementor-element elementor-element-32848f6 elementor-widget elementor-widget-heading\" data-id=\"32848f6\" data-element_type=\"widget\" data-e-type=\"widget\" data-widget_type=\"heading.default\">\n\t\t\t\t<div class=\"elementor-widget-container\">\n\t\t\t\t\t<h3 class=\"elementor-heading-title elementor-size-default\">\u0421\u043b\u0435\u0434\u0438\u0442\u0435 \u0437\u0430 \u043d\u0430\u043c\u0438 \u0432 \u0441\u043e\u0446\u0438\u0430\u043b\u044c\u043d\u044b\u0445 \u0441\u0435\u0442\u044f\u0445:<\/h3>\t\t\t\t<\/div>\n\t\t\t\t<\/div>\n\t\t\t\t\t<\/div>\n\t\t<\/div>\n\t\t\t\t\t<\/div>\n\t\t<\/section>\n\t\t\t\t<section class=\"elementor-section elementor-top-section elementor-element elementor-element-d405b3c elementor-section-boxed elementor-section-height-default elementor-section-height-default\" data-id=\"d405b3c\" data-element_type=\"section\" data-e-type=\"section\">\n\t\t\t\t\t\t<div class=\"elementor-container elementor-column-gap-default\">\n\t\t\t\t\t<div class=\"elementor-column elementor-col-100 elementor-top-column elementor-element elementor-element-7c9e889\" data-id=\"7c9e889\" data-element_type=\"column\" data-e-type=\"column\">\n\t\t\t<div class=\"elementor-widget-wrap elementor-element-populated\">\n\t\t\t\t\t\t<div class=\"elementor-element elementor-element-37e1713 elementor-widget elementor-widget-text-editor\" data-id=\"37e1713\" data-element_type=\"widget\" data-e-type=\"widget\" data-widget_type=\"text-editor.default\">\n\t\t\t\t<div class=\"elementor-widget-container\">\n\t\t\t\t\t\t\t\t\t<p><a href=\"https:\/\/www.facebook.com\/digitkacafe\" target=\"_blank\" rel=\"noopener\">Facebook<\/a><\/p><p><a href=\"https:\/\/www.instagram.com\/digitkacafe\/\" target=\"_blank\" rel=\"noopener\">Instagram<\/a><\/p>\t\t\t\t\t\t\t\t<\/div>\n\t\t\t\t<\/div>\n\t\t\t\t\t<\/div>\n\t\t<\/div>\n\t\t\t\t\t<\/div>\n\t\t<\/section>\n\t\t\t\t<section class=\"elementor-section elementor-top-section elementor-element elementor-element-1f92bdb elementor-section-boxed elementor-section-height-default elementor-section-height-default\" data-id=\"1f92bdb\" data-element_type=\"section\" data-e-type=\"section\">\n\t\t\t\t\t\t<div class=\"elementor-container elementor-column-gap-default\">\n\t\t\t\t\t<div class=\"elementor-column elementor-col-100 elementor-top-column elementor-element elementor-element-1fcc44b\" data-id=\"1fcc44b\" data-element_type=\"column\" data-e-type=\"column\">\n\t\t\t<div class=\"elementor-widget-wrap elementor-element-populated\">\n\t\t\t\t\t\t<div class=\"elementor-element elementor-element-d15599a elementor-widget elementor-widget-heading\" data-id=\"d15599a\" data-element_type=\"widget\" data-e-type=\"widget\" data-widget_type=\"heading.default\">\n\t\t\t\t<div class=\"elementor-widget-container\">\n\t\t\t\t\t<h4 class=\"elementor-heading-title elementor-size-default\">\u0420\u0435\u043a\u043b\u0430\u043c\u043d\u0430\u044f \u043b\u0438\u0441\u0442\u043e\u0432\u043a\u0430:<\/h4>\t\t\t\t<\/div>\n\t\t\t\t<\/div>\n\t\t\t\t\t<\/div>\n\t\t<\/div>\n\t\t\t\t\t<\/div>\n\t\t<\/section>\n\t\t\t\t<section class=\"elementor-section elementor-top-section elementor-element elementor-element-483d479 elementor-section-boxed elementor-section-height-default elementor-section-height-default\" data-id=\"483d479\" data-element_type=\"section\" data-e-type=\"section\">\n\t\t\t\t\t\t<div class=\"elementor-container elementor-column-gap-default\">\n\t\t\t\t\t<div class=\"elementor-column elementor-col-50 elementor-top-column elementor-element elementor-element-deb5360\" data-id=\"deb5360\" data-element_type=\"column\" data-e-type=\"column\">\n\t\t\t<div class=\"elementor-widget-wrap elementor-element-populated\">\n\t\t\t\t\t\t<div class=\"elementor-element elementor-element-80a2858 elementor-widget elementor-widget-image\" data-id=\"80a2858\" data-element_type=\"widget\" data-e-type=\"widget\" data-widget_type=\"image.default\">\n\t\t\t\t<div class=\"elementor-widget-container\">\n\t\t\t\t\t\t\t\t\t<div class=\"elementor-image\">\n\t\t\t\t\t\t\t\t\t\t\t\t\t\t\t\t\t\t\t\t\t<img fetchpriority=\"high\" decoding=\"async\" width=\"722\" height=\"1024\" src=\"https:\/\/www.dahora.cz\/wp-content\/uploads\/2026\/01\/letak-a5-digitka-cafe-new-01-722x1024.avif\" class=\"attachment-large size-large wp-image-1004790\" alt=\"Let\u00e1k Digitka Caf\u00e9 p\u0159edn\u00ed strana\" srcset=\"https:\/\/www.dahora.cz\/wp-content\/uploads\/2026\/01\/letak-a5-digitka-cafe-new-01-722x1024.avif 722w, https:\/\/www.dahora.cz\/wp-content\/uploads\/2026\/01\/letak-a5-digitka-cafe-new-01-211x300.avif 211w, https:\/\/www.dahora.cz\/wp-content\/uploads\/2026\/01\/letak-a5-digitka-cafe-new-01-768x1090.avif 768w, https:\/\/www.dahora.cz\/wp-content\/uploads\/2026\/01\/letak-a5-digitka-cafe-new-01-1083x1536.avif 1083w, https:\/\/www.dahora.cz\/wp-content\/uploads\/2026\/01\/letak-a5-digitka-cafe-new-01-1444x2048.avif 1444w, https:\/\/www.dahora.cz\/wp-content\/uploads\/2026\/01\/letak-a5-digitka-cafe-new-01-8x12.avif 8w, https:\/\/www.dahora.cz\/wp-content\/uploads\/2026\/01\/letak-a5-digitka-cafe-new-01.avif 1748w\" sizes=\"(max-width: 722px) 100vw, 722px\" \/>\t\t\t\t\t\t\t\t\t\t\t\t\t\t\t\t\t\t\t\t\t\t\t\t<\/div>\n\t\t\t\t\t\t\t\t<\/div>\n\t\t\t\t<\/div>\n\t\t\t\t\t<\/div>\n\t\t<\/div>\n\t\t\t\t<div class=\"elementor-column elementor-col-50 elementor-top-column elementor-element elementor-element-c262d8f\" data-id=\"c262d8f\" data-element_type=\"column\" data-e-type=\"column\">\n\t\t\t<div class=\"elementor-widget-wrap elementor-element-populated\">\n\t\t\t\t\t\t<div class=\"elementor-element elementor-element-9b5e565 elementor-widget elementor-widget-image\" data-id=\"9b5e565\" data-element_type=\"widget\" data-e-type=\"widget\" data-widget_type=\"image.default\">\n\t\t\t\t<div class=\"elementor-widget-container\">\n\t\t\t\t\t\t\t\t\t<div class=\"elementor-image\">\n\t\t\t\t\t\t\t\t\t\t\t\t\t\t\t\t\t\t\t\t\t<img decoding=\"async\" width=\"722\" height=\"1024\" src=\"https:\/\/www.dahora.cz\/wp-content\/uploads\/2026\/03\/letak-a5-digitka-cafe-new-03-722x1024.avif\" class=\"attachment-large size-large wp-image-1005606\" alt=\"\" srcset=\"https:\/\/www.dahora.cz\/wp-content\/uploads\/2026\/03\/letak-a5-digitka-cafe-new-03-722x1024.avif 722w, https:\/\/www.dahora.cz\/wp-content\/uploads\/2026\/03\/letak-a5-digitka-cafe-new-03-211x300.avif 211w, https:\/\/www.dahora.cz\/wp-content\/uploads\/2026\/03\/letak-a5-digitka-cafe-new-03-768x1090.avif 768w, https:\/\/www.dahora.cz\/wp-content\/uploads\/2026\/03\/letak-a5-digitka-cafe-new-03-1083x1536.avif 1083w, https:\/\/www.dahora.cz\/wp-content\/uploads\/2026\/03\/letak-a5-digitka-cafe-new-03-1444x2048.avif 1444w, https:\/\/www.dahora.cz\/wp-content\/uploads\/2026\/03\/letak-a5-digitka-cafe-new-03-8x12.avif 8w, https:\/\/www.dahora.cz\/wp-content\/uploads\/2026\/03\/letak-a5-digitka-cafe-new-03.avif 1748w\" sizes=\"(max-width: 722px) 100vw, 722px\" \/>\t\t\t\t\t\t\t\t\t\t\t\t\t\t\t\t\t\t\t\t\t\t\t\t<\/div>\n\t\t\t\t\t\t\t\t<\/div>\n\t\t\t\t<\/div>\n\t\t\t\t\t<\/div>\n\t\t<\/div>\n\t\t\t\t\t<\/div>\n\t\t<\/section>\n\t\t\t\t<\/div>","protected":false},"excerpt":{"rendered":"<p>Va\u0161e nov\u00e1 zast\u00e1vka na skv\u011blou k\u00e1vu a chvilku odpo\u010dinku. M\u016f\u017eete se t\u011b\u0161it na skv\u011bl\u00e9 vafle, dort\u00edky, dom\u00e1c\u00ed kol\u00e1\u010de, dom\u00e1c\u00ed limon\u00e1dy, zmrzlinu a mnoho dal\u0161\u00edho. Nezapomn\u011bli jsme ani na mal\u00e9 n\u00e1v\u0161t\u011bvn\u00edky, pro kter\u00e9 bude po celou dobu pr\u00e1zdninov\u00e9ho provozu p\u0159ipraven sk\u00e1kac\u00ed hrad, d\u011btsk\u00e9 h\u0159i\u0161t\u011b s m\u00ed\u010dky a spousta dal\u0161\u00edho. P\u0159ij\u010fte ochutnat v\u00fdb\u011brovou k\u00e1vu, dom\u00e1c\u00ed dezerty a&#8230;<\/p>","protected":false},"author":4,"featured_media":0,"parent":0,"menu_order":0,"comment_status":"closed","ping_status":"closed","template":"","meta":{"footnotes":""},"class_list":["post-998366","page","type-page","status-publish","hentry"],"aioseo_notices":[],"_links":{"self":[{"href":"https:\/\/www.dahora.cz\/ru\/wp-json\/wp\/v2\/pages\/998366","targetHints":{"allow":["GET"]}}],"collection":[{"href":"https:\/\/www.dahora.cz\/ru\/wp-json\/wp\/v2\/pages"}],"about":[{"href":"https:\/\/www.dahora.cz\/ru\/wp-json\/wp\/v2\/types\/page"}],"author":[{"embeddable":true,"href":"https:\/\/www.dahora.cz\/ru\/wp-json\/wp\/v2\/users\/4"}],"replies":[{"embeddable":true,"href":"https:\/\/www.dahora.cz\/ru\/wp-json\/wp\/v2\/comments?post=998366"}],"version-history":[{"count":0,"href":"https:\/\/www.dahora.cz\/ru\/wp-json\/wp\/v2\/pages\/998366\/revisions"}],"wp:attachment":[{"href":"https:\/\/www.dahora.cz\/ru\/wp-json\/wp\/v2\/media?parent=998366"}],"curies":[{"name":"wp","href":"https:\/\/api.w.org\/{rel}","templated":true}]}}